{"id":35924,"date":"2025-11-26T18:17:38","date_gmt":"2025-11-26T17:17:38","guid":{"rendered":"https:\/\/refugelechaudron-champery.ch\/?page_id=35924"},"modified":"2025-11-26T18:17:39","modified_gmt":"2025-11-26T17:17:39","slug":"autumn-offer-gourmet-and-alpine-weekend-2","status":"publish","type":"page","link":"https:\/\/refugelechaudron-champery.ch\/en\/autumn-offer-gourmet-and-alpine-weekend-2\/","title":{"rendered":"Autumn Offer &#8211; Gourmet and Alpine Weekend"},"content":{"rendered":"<div class=\"wpb-content-wrapper\"><p>[vc_row][vc_column]\n\t\t\t\t<p class=\"rs-p-wp-fix\"><\/p>\n\t\t\t\t<sr7-module data-alias=\"ete-24-fr-1\" data-id=\"30\" id=\"SR7_30_1\" class=\"rs-ov-hidden\" data-version=\"6.7.37\">\n\t\t\t\t\t<sr7-adjuster><\/sr7-adjuster>\n\t\t\t\t\t<sr7-content>\n\t\t\t\t\t\t<sr7-slide id=\"SR7_30_1-295\" data-key=\"295\">\n\t\t\t\t\t\t\t<sr7-bg id=\"SR7_30_1-295-6\" class=\"sr7-layer\"><noscript><img decoding=\"async\" src=\"https:\/\/refugelechaudron-champery.ch\/wp-content\/uploads\/2016\/10\/Ete_4_1920_600-1.jpg\" alt=\"\" title=\"Ete_4_1920_600\"><\/noscript><\/sr7-bg>\n\t\t\t\t\t\t\t<sr7-txt id=\"SR7_30_1-295-0\" class=\"sr7-layer\">Une r\u00e9gion tellement diff\u00e9rente l'\u00e9t\u00e9, \u00e0 d\u00e9couvrir...<\/sr7-txt>\n\t\t\t\t\t\t\t<a id=\"SR7_30_1-295-5\" class=\"sr7-layer\" href=\"https:\/\/refugelechaudron-champery.ch\/?saison=hiver\" target=\"_self\">Hiver<\/a>\n\t\t\t\t\t\t<\/sr7-slide>\n\t\t\t\t\t\t<sr7-slide id=\"SR7_30_1-294\" data-key=\"294\">\n\t\t\t\t\t\t\t<sr7-bg id=\"SR7_30_1-294-5\" class=\"sr7-layer\"><noscript><img decoding=\"async\" src=\"https:\/\/refugelechaudron-champery.ch\/wp-content\/uploads\/2016\/10\/Ete_1_1920_600.jpg\" alt=\"\" title=\"Screenshot\"><\/noscript><\/sr7-bg>\n\t\t\t\t\t\t\t<sr7-txt id=\"SR7_30_1-294-0\" class=\"sr7-layer\">Le Chaudron at 2,000 meters in the heart of the Portes du Soleil<\/sr7-txt>\n\t\t\t\t\t\t\t<a id=\"SR7_30_1-294-1\" class=\"sr7-layer\" href=\"https:\/\/refugelechaudron-champery.ch\/?saison=hiver\" target=\"_self\">Hiver<\/a>\n\t\t\t\t\t\t\t<sr7-txt id=\"SR7_30_1-294-2\" class=\"sr7-layer\">One meal, one night, one week\u2014come and discover<\/sr7-txt>\n\t\t\t\t\t\t<\/sr7-slide>\n\t\t\t\t\t\t<sr7-slide id=\"SR7_30_1-300\" data-key=\"300\">\n\t\t\t\t\t\t\t<sr7-bg id=\"SR7_30_1-300-13\" class=\"sr7-layer\"><noscript><img decoding=\"async\" src=\"https:\/\/refugelechaudron-champery.ch\/wp-content\/uploads\/2016\/10\/Ete_7_1920_600-2.png\" alt=\"\" title=\"Ete_7_1920_600\"><\/noscript><\/sr7-bg>\n\t\t\t\t\t\t\t<sr7-txt id=\"SR7_30_1-300-0\" class=\"sr7-layer\">Our terrace with an exceptional view awaits you.<\/sr7-txt>\n\t\t\t\t\t\t\t<a id=\"SR7_30_1-300-12\" class=\"sr7-layer\" href=\"https:\/\/refugelechaudron-champery.ch\/?saison=hiver\" target=\"_self\">Hiver<\/a>\n\t\t\t\t\t\t<\/sr7-slide>\n\t\t\t\t\t\t<sr7-slide id=\"SR7_30_1-304\" data-key=\"304\">\n\t\t\t\t\t\t\t<sr7-bg id=\"SR7_30_1-304-13\" class=\"sr7-layer\"><noscript><img decoding=\"async\" src=\"https:\/\/refugelechaudron-champery.ch\/wp-content\/uploads\/2016\/10\/Ete_7_1920_600-2.png\" alt=\"\" title=\"Ete_7_1920_600\"><\/noscript><\/sr7-bg>\n\t\t\t\t\t\t\t<sr7-txt id=\"SR7_30_1-304-0\" class=\"sr7-layer\">Notre terrasse ave une vue exceptionelle vous attend<\/sr7-txt>\n\t\t\t\t\t\t\t<a id=\"SR7_30_1-304-12\" class=\"sr7-layer\" href=\"https:\/\/refugelechaudron-champery.ch\/?saison=hiver\" target=\"_self\">Hiver<\/a>\n\t\t\t\t\t\t<\/sr7-slide>\n\t\t\t\t\t\t<sr7-slide id=\"SR7_30_1-296\" data-key=\"296\">\n\t\t\t\t\t\t\t<sr7-bg id=\"SR7_30_1-296-7\" class=\"sr7-layer\"><noscript><img decoding=\"async\" src=\"https:\/\/refugelechaudron-champery.ch\/wp-content\/uploads\/2016\/10\/Ete_4_1920_600.jpg\" alt=\"\" title=\"Ete_4_1920_600\"><\/noscript><\/sr7-bg>\n\t\t\t\t\t\t\t<sr7-txt id=\"SR7_30_1-296-0\" class=\"sr7-layer\">Toute nos chambres avec vue sur la Montagne<\/sr7-txt>\n\t\t\t\t\t\t\t<a id=\"SR7_30_1-296-6\" class=\"sr7-layer\" href=\"https:\/\/chaletmontriond.ch\/?saison=hiver\" target=\"_self\">Hiver<\/a>\n\t\t\t\t\t\t<\/sr7-slide>\n\t\t\t\t\t\t<sr7-slide id=\"SR7_30_1-297\" data-key=\"297\">\n\t\t\t\t\t\t\t<sr7-bg id=\"SR7_30_1-297-10\" class=\"sr7-layer\"><noscript><img decoding=\"async\" src=\"https:\/\/refugelechaudron-champery.ch\/wp-content\/uploads\/revslider\/ete-24\/Rando3_1920_600.png\" alt=\"\" title=\"Rando3_1920_600.png\"><\/noscript><\/sr7-bg>\n\t\t\t\t\t\t\t<sr7-txt id=\"SR7_30_1-297-0\" class=\"sr7-layer\">Profitez des installations pour rejoindre gratuitement avec le Multipass les sommets<\/sr7-txt>\n\t\t\t\t\t\t\t<a id=\"SR7_30_1-297-9\" class=\"sr7-layer\" href=\"https:\/\/refugelechaudron-champery.ch\/?saison=hiver\" target=\"_self\">Hiver<\/a>\n\t\t\t\t\t\t<\/sr7-slide>\n\t\t\t\t\t\t<sr7-slide id=\"SR7_30_1-298\" data-key=\"298\">\n\t\t\t\t\t\t\t<sr7-bg id=\"SR7_30_1-298-11\" class=\"sr7-layer\"><noscript><img decoding=\"async\" src=\"https:\/\/refugelechaudron-champery.ch\/wp-content\/uploads\/revslider\/ete-24\/VTT_3_1920_600.png\" alt=\"\" title=\"VTT_3_1920_600.png\"><\/noscript><\/sr7-bg>\n\t\t\t\t\t\t\t<sr7-txt id=\"SR7_30_1-298-0\" class=\"sr7-layer\">Plus de 650 km de VTT ou VTTAE (bleue, rouge ou noir) entre la Suisse et la France accessible depuis le Chaudron<\/sr7-txt>\n\t\t\t\t\t\t\t<a id=\"SR7_30_1-298-10\" class=\"sr7-layer\" href=\"https:\/\/refugelechaudron-champery.ch\/?saison=hiver\" target=\"_self\">Hiver<\/a>\n\t\t\t\t\t\t<\/sr7-slide>\n\t\t\t\t\t\t<sr7-slide id=\"SR7_30_1-299\" data-key=\"299\">\n\t\t\t\t\t\t\t<sr7-bg id=\"SR7_30_1-299-12\" class=\"sr7-layer\"><noscript><img decoding=\"async\" src=\"https:\/\/refugelechaudron-champery.ch\/wp-content\/uploads\/revslider\/ete-24\/Rhodo_1920_600.jpg\" alt=\"\" title=\"Rhodo_1920_600.jpg\"><\/noscript><\/sr7-bg>\n\t\t\t\t\t\t\t<sr7-txt id=\"SR7_30_1-299-0\" class=\"sr7-layer\">D\u00e9couvrez la flore alpine et peut-\u00eatre encore un peu de neige<\/sr7-txt>\n\t\t\t\t\t\t\t<a id=\"SR7_30_1-299-11\" class=\"sr7-layer\" href=\"https:\/\/refugelechaudron-champery.ch\/?saison=hiver\" target=\"_self\">Hiver<\/a>\n\t\t\t\t\t\t<\/sr7-slide>\n\t\t\t\t\t\t<sr7-slide id=\"SR7_30_1-301\" data-key=\"301\">\n\t\t\t\t\t\t\t<sr7-bg id=\"SR7_30_1-301-5\" class=\"sr7-layer\"><noscript><img decoding=\"async\" src=\"https:\/\/refugelechaudron-champery.ch\/wp-content\/uploads\/revslider\/ete-24\/Vache_1920_600.jpg\" alt=\"\" title=\"Vache_1920_600.jpg\"><\/noscript><\/sr7-bg>\n\t\t\t\t\t\t\t<sr7-txt id=\"SR7_30_1-301-0\" class=\"sr7-layer\">D\u00e9couvrez nos stars locales pr\u00e8s du Chaudron<\/sr7-txt>\n\t\t\t\t\t\t\t<a id=\"SR7_30_1-301-3\" class=\"sr7-layer\" href=\"https:\/\/refugelechaudron-champery.ch\/?saison=hiver\" target=\"_self\">Hiver<\/a>\n\t\t\t\t\t\t<\/sr7-slide>\n\t\t\t\t\t\t<sr7-slide id=\"SR7_30_1-302\" data-key=\"302\">\n\t\t\t\t\t\t\t<sr7-bg id=\"SR7_30_1-302-8\" class=\"sr7-layer\"><noscript><img decoding=\"async\" src=\"https:\/\/refugelechaudron-champery.ch\/wp-content\/uploads\/revslider\/ete-24\/VTT_4_1920_600.png\" alt=\"\" title=\"VTT_4_1920_600.png\"><\/noscript><\/sr7-bg>\n\t\t\t\t\t\t\t<sr7-txt id=\"SR7_30_1-302-0\" class=\"sr7-layer\">For Downhill enthusiasts, 4 sectors await you<\/sr7-txt>\n\t\t\t\t\t\t\t<a id=\"SR7_30_1-302-7\" class=\"sr7-layer\" href=\"https:\/\/refugelechaudron-champery.ch\/?saison=hiver\" target=\"_self\">Hiver<\/a>\n\t\t\t\t\t\t<\/sr7-slide>\n\t\t\t\t\t\t<sr7-slide id=\"SR7_30_1-303\" data-key=\"303\">\n\t\t\t\t\t\t\t<sr7-bg id=\"SR7_30_1-303-5\" class=\"sr7-layer\"><noscript><img decoding=\"async\" src=\"https:\/\/refugelechaudron-champery.ch\/wp-content\/uploads\/revslider\/ete-24\/Rando1_1920_600.png\" alt=\"\" title=\"Rando1_1920_600.png\"><\/noscript><\/sr7-bg>\n\t\t\t\t\t\t\t<sr7-txt id=\"SR7_30_1-303-0\" class=\"sr7-layer\">Toute l'\u00e9quipe du Chalet Montriond se r\u00e9jouit de vous recevoir.<\/sr7-txt>\n\t\t\t\t\t\t\t<sr7-txt id=\"SR7_30_1-303-2\" class=\"sr7-layer\">Nature, sport et s\u00e9r\u00e9nit\u00e9 au coeur des Alpes<\/sr7-txt>\n\t\t\t\t\t\t<\/sr7-slide>\n\t\t\t\t\t\t<sr7-slide id=\"SR7_30_1-305\" data-key=\"305\">\n\t\t\t\t\t\t<\/sr7-slide>\n\t\t\t\t\t<\/sr7-content>\n\t\t\t\t\t<image_lists style=\"display:none\">\n\t\t\t\t\t\t<img data-src=\"\/\/refugelechaudron-champery.ch\/wp-content\/uploads\/revslider\/ete-24\/Flag_of_Switzerland_Pantone.svg_-300x300.png\" data-libid=\"32789\" data-lib=\"medialibrary\" title=\"Flag_of_Switzerland_Pantone.svg_-300&#215;300.png\" width=\"0\" height=\"0\" data-dbsrc=\"Ly9yZWZ1Z2VsZWNoYXVkcm9uLWNoYW1wZXJ5LmNoL3dwLWNvbnRlbnQvdXBsb2Fkcy9yZXZzbGlkZXIvZXRlLTI0L0ZsYWdfb2ZfU3dpdHplcmxhbmRfUGFudG9uZS5zdmdfLTMwMHgzMDAucG5n\"\/>\n\t\t\t\t\t\t<img data-src=\"\/\/refugelechaudron-champery.ch\/wp-content\/uploads\/2016\/10\/Ete_1_1920_600.jpg\" data-libid=\"34936\" data-lib=\"medialibrary\" title=\"Screenshot\" width=\"0\" height=\"0\" data-dbsrc=\"Ly9yZWZ1Z2VsZWNoYXVkcm9uLWNoYW1wZXJ5LmNoL3dwLWNvbnRlbnQvdXBsb2Fkcy8yMDE2LzEwL0V0ZV8xXzE5MjBfNjAwLmpwZw==\"\/>\n\t\t\t\t\t\t<img data-src=\"\/\/refugelechaudron-champery.ch\/wp-content\/uploads\/2016\/10\/Ete_4_1920_600-1.jpg\" data-libid=\"34969\" data-lib=\"medialibrary\" title=\"Ete_4_1920_600\" width=\"0\" height=\"0\" data-dbsrc=\"Ly9yZWZ1Z2VsZWNoYXVkcm9uLWNoYW1wZXJ5LmNoL3dwLWNvbnRlbnQvdXBsb2Fkcy8yMDE2LzEwL0V0ZV80XzE5MjBfNjAwLTEuanBn\"\/>\n\t\t\t\t\t\t<img data-src=\"\/\/refugelechaudron-champery.ch\/wp-content\/uploads\/2016\/10\/Ete_4_1920_600.jpg\" data-libid=\"34948\" data-lib=\"medialibrary\" title=\"Ete_4_1920_600\" width=\"0\" height=\"0\" data-dbsrc=\"Ly9yZWZ1Z2VsZWNoYXVkcm9uLWNoYW1wZXJ5LmNoL3dwLWNvbnRlbnQvdXBsb2Fkcy8yMDE2LzEwL0V0ZV80XzE5MjBfNjAwLmpwZw==\"\/>\n\t\t\t\t\t\t<img data-src=\"\/\/refugelechaudron-champery.ch\/wp-content\/uploads\/revslider\/ete-24\/Rando3_1920_600.png\" data-libid=\"32804\" data-lib=\"medialibrary\" title=\"Rando3_1920_600.png\" width=\"0\" height=\"0\" data-dbsrc=\"Ly9yZWZ1Z2VsZWNoYXVkcm9uLWNoYW1wZXJ5LmNoL3dwLWNvbnRlbnQvdXBsb2Fkcy9yZXZzbGlkZXIvZXRlLTI0L1JhbmRvM18xOTIwXzYwMC5wbmc=\"\/>\n\t\t\t\t\t\t<img data-src=\"\/\/refugelechaudron-champery.ch\/wp-content\/uploads\/revslider\/ete-24\/VTT_3_1920_600.png\" data-libid=\"32807\" data-lib=\"medialibrary\" title=\"VTT_3_1920_600.png\" width=\"0\" height=\"0\" data-dbsrc=\"Ly9yZWZ1Z2VsZWNoYXVkcm9uLWNoYW1wZXJ5LmNoL3dwLWNvbnRlbnQvdXBsb2Fkcy9yZXZzbGlkZXIvZXRlLTI0L1ZUVF8zXzE5MjBfNjAwLnBuZw==\"\/>\n\t\t\t\t\t\t<img data-src=\"\/\/refugelechaudron-champery.ch\/wp-content\/uploads\/revslider\/ete-24\/Rhodo_1920_600.jpg\" data-libid=\"32810\" data-lib=\"medialibrary\" title=\"Rhodo_1920_600.jpg\" width=\"0\" height=\"0\" data-dbsrc=\"Ly9yZWZ1Z2VsZWNoYXVkcm9uLWNoYW1wZXJ5LmNoL3dwLWNvbnRlbnQvdXBsb2Fkcy9yZXZzbGlkZXIvZXRlLTI0L1Job2RvXzE5MjBfNjAwLmpwZw==\"\/>\n\t\t\t\t\t\t<img data-src=\"\/\/refugelechaudron-champery.ch\/wp-content\/uploads\/2016\/10\/Ete_7_1920_600-2.png\" data-libid=\"34984\" data-lib=\"medialibrary\" title=\"Ete_7_1920_600\" width=\"0\" height=\"0\" data-dbsrc=\"Ly9yZWZ1Z2VsZWNoYXVkcm9uLWNoYW1wZXJ5LmNoL3dwLWNvbnRlbnQvdXBsb2Fkcy8yMDE2LzEwL0V0ZV83XzE5MjBfNjAwLTIucG5n\"\/>\n\t\t\t\t\t\t<img data-src=\"\/\/refugelechaudron-champery.ch\/wp-content\/uploads\/revslider\/ete-24\/Vache_1920_600.jpg\" data-libid=\"32819\" data-lib=\"medialibrary\" title=\"Vache_1920_600.jpg\" width=\"0\" height=\"0\" data-dbsrc=\"Ly9yZWZ1Z2VsZWNoYXVkcm9uLWNoYW1wZXJ5LmNoL3dwLWNvbnRlbnQvdXBsb2Fkcy9yZXZzbGlkZXIvZXRlLTI0L1ZhY2hlXzE5MjBfNjAwLmpwZw==\"\/>\n\t\t\t\t\t\t<img data-src=\"\/\/refugelechaudron-champery.ch\/wp-content\/uploads\/revslider\/ete-24\/VTT_4_1920_600.png\" data-libid=\"32822\" data-lib=\"medialibrary\" title=\"VTT_4_1920_600.png\" width=\"0\" height=\"0\" data-dbsrc=\"Ly9yZWZ1Z2VsZWNoYXVkcm9uLWNoYW1wZXJ5LmNoL3dwLWNvbnRlbnQvdXBsb2Fkcy9yZXZzbGlkZXIvZXRlLTI0L1ZUVF80XzE5MjBfNjAwLnBuZw==\"\/>\n\t\t\t\t\t\t<img data-src=\"\/\/refugelechaudron-champery.ch\/wp-content\/uploads\/revslider\/ete-24\/Rando1_1920_600.png\" data-libid=\"32828\" data-lib=\"medialibrary\" title=\"Rando1_1920_600.png\" width=\"0\" height=\"0\" data-dbsrc=\"Ly9yZWZ1Z2VsZWNoYXVkcm9uLWNoYW1wZXJ5LmNoL3dwLWNvbnRlbnQvdXBsb2Fkcy9yZXZzbGlkZXIvZXRlLTI0L1JhbmRvMV8xOTIwXzYwMC5wbmc=\"\/>\n\t\t\t\t\t<\/image_lists>\n\t\t\t\t<\/sr7-module>\n\t\t\t\t<script>\n\t\t\t\t\tSR7.PMH ??={}; SR7.PMH[\"SR7_30_1\"] = {cn:100,state:false,fn: function() { if (_tpt!==undefined && _tpt.prepareModuleHeight !== undefined) {  _tpt.prepareModuleHeight({id:\"SR7_30_1\",el:[600,600,768,960,500],type:'standard',shdw:'0',gh:[600,600,768,960,500],gw:[1920,1920,1024,778,480],vpt:['-200px&#039;,&#039;-200px&#039;,&#039;-200px&#039;,&#039;-200px&#039;,&#039;-200px'],size:{fullWidth:true, fullHeight:false},mh:'0',onh:0,onw:0,bg:{color:'{\"orig\":\"transparent\",\"type\":\"solid\",\"string\":\"transparent\"}'}});   SR7.PMH[\"SR7_30_1\"].state=true;} else if(SR7.PMH[\"SR7_30_1\"].cn-->0)\tsetTimeout( SR7.PMH[\"SR7_30_1\"].fn,19);}};SR7.PMH[\"SR7_30_1\" ].fn();\n\t\t\t\t<\/script>\n[vc_empty_space]<div class=\"thim-widget-heading template-default\"><div class=\"thim-sc-heading\" >\n\t\t<div class=\"article_heading \">\n\t\t\t\n\t\t\t<p class=\"heading_primary\"  >Vivez l'exp\u00e9rience des Portes du Soleil<\/p>\n\t\t\t\n\t\t\t\n\t\t<\/div>\n\t<\/div><\/div>[\/vc_column][\/vc_row][vc_row][vc_column width=&#8221;1\/2&#8243;][vc_empty_space][vc_column_text css=&#8221;.vc_custom_1756547441442{margin-top: 32px !important;}&#8221;]<\/p>\n<h3>D\u00e9couvrez l&#8217;Automne aux Portes du Soleil ! \ud83c\udf1e<\/h3>\n<p>Bienvenue aux Portes du Soleil, le paradis estival pour les amateurs de nature, de sports et de d\u00e9tente ! Situ\u00e9 dans un cadre enchanteur entre la France et la Suisse, notre domaine vous offre une exp\u00e9rience inoubliable avec des paysages \u00e0 couper le souffle et une multitude d&#8217;activit\u00e9s pour toute la famille.<\/p>\n<h4>\ud83c\udf32 Explorez des Sentiers Magnifiques<\/h4>\n<p>Avec <strong>400 km de sentiers balis\u00e9s<\/strong>, profitez de randonn\u00e9es exceptionnelles au c\u0153ur de la nature. Que vous soyez d\u00e9butant ou randonneur exp\u00e9riment\u00e9, nos parcours vous promettent des vues spectaculaires et des moments de tranquillit\u00e9 absolue.<\/p>\n<h4>\ud83d\udeb5\u200d\u2642\ufe0f Aventure en VTT<\/h4>\n<p>Pour les passionn\u00e9s de v\u00e9lo, d\u00e9couvrez <strong>650 km de chemins VTT<\/strong>. De la descente adrenaline aux balades plus tranquilles, il y en a pour tous les go\u00fbts. Et pour rendre l&#8217;exp\u00e9rience encore plus sp\u00e9ciale, essayez le<strong> VTT \u00e9lectrique<\/strong> !<\/p>\n<h4>\ud83c\udfe1 Offre Sp\u00e9ciale<\/h4>\n<h4>2 Nuits : week-end gourmand<\/h4>\n<ul>\n<li><strong>2 nuits (petit-d\u00e9jeuner,\u00a0 repas du soir)<\/strong><\/li>\n<li>1er soir Raclette, 2\u00e8me soir <a href=\"https:\/\/refugelechaudron-champery.ch\/menu_chasse\/\"><strong>notre menu Chasse<\/strong><\/a><\/li>\n<li><strong>Multipass gratuit<\/strong> pour acc\u00e9der \u00e0 70 activit\u00e9s et tous les transports<\/li>\n<li><strong>location de VTT \u00e9lectrique seulement 50 CHF\/jour<\/strong><\/li>\n<\/ul>\n<h4>1 Nuit : S\u00e9jour Chasse<\/h4>\n<ul>\n<li><strong>1 nuits (petit-d\u00e9jeuner,\u00a0 repas du soir)<\/strong><\/li>\n<li><a href=\"https:\/\/refugelechaudron-champery.ch\/menu_chasse\/\"><strong>notre menu Chasse<\/strong><\/a><\/li>\n<li><strong>Multipass gratuit<\/strong> pour acc\u00e9der \u00e0 70 activit\u00e9s et tous les transports<\/li>\n<li><strong>location de VTT \u00e9lectrique seulement 50 CHF\/jour<\/strong><\/li>\n<\/ul>\n<p>L&#8217;offre est valable jusqu&#8217;au 19 octobre, alors n&#8217;attendez plus pour r\u00e9server votre s\u00e9jour et vivre une aventure gourmande et m\u00e9morable aux Portes du Soleil.[\/vc_column_text][vc_btn title=&#8221;R\u00e9server votre s\u00e9jour&#8221; color=&#8221;warning&#8221; align=&#8221;center&#8221; css=&#8221;&#8221; link=&#8221;url:https%3A%2F%2Fibe.sabeeapp.com%2Fspecial-offers%2FLe-Chaudron-r%25C3%25A9servation%2F%3Fp%3DbSp917cdf02379e0ff3%26checkin%3D2025-08-30%26checkout%3D2025-08-31%26l%3Dfr|target:_blank|&#8221;][\/vc_column][vc_column width=&#8221;1\/2&#8243;][vc_empty_space][vc_images_carousel images=&#8221;35347,35350,35356,35359,35362,35365&#8243; img_size=&#8221;full&#8221; onclick=&#8221;custom_link&#8221; speed=&#8221;3000&#8243; autoplay=&#8221;yes&#8221; hide_prev_next_buttons=&#8221;yes&#8221; wrap=&#8221;yes&#8221; css=&#8221;&#8221; custom_links=&#8221;#E-8_aHR0cHMlM0ElMkYlMkZpYmUuc2FiZWVhcHAuY29tJTJGcHJvcGVydGllcyUyRkNoYWxldC1Nb250cmlvbmQtciUyNUMzJTI1QTlzZXJ2YXRpb24lMkYlM0ZwJTNEYlNwNmI5MzM0YWVlYWM2YzQyZSUzRDE1LTA4LTIwMjQlM0QxNy0wOC0yMDI0JTNEZnI=&#8221;][vc_empty_space][vc_btn title=&#8221;R\u00e9server votre s\u00e9jour&#8221; color=&#8221;warning&#8221; align=&#8221;center&#8221; css=&#8221;&#8221; link=&#8221;url:https%3A%2F%2Fibe.sabeeapp.com%2Fspecial-offers%2FLe-Chaudron-r%25C3%25A9servation%2F%3Fp%3DbSp917cdf02379e0ff3%26checkin%3D2025-08-30%26checkout%3D2025-08-31%26l%3Dfr|target:_blank|&#8221;][vc_empty_space][\/vc_column][\/vc_row][vc_row][vc_column]<div class=\"thim-widget-heading template-default\"><div class=\"thim-sc-heading\" >\n\t\t<div class=\"article_heading \">\n\t\t\t\n\t\t\t<p class=\"heading_primary\"  >Vos avantages<\/p>\n\t\t\t\n\t\t\t\n\t\t<\/div>\n\t<\/div><\/div>[vc_empty_space][\/vc_column][\/vc_row][vc_row][vc_column width=&#8221;1\/3&#8243;][vc_icon icon_fontawesome=&#8221;fas fa-tram&#8221; color=&#8221;peacoc&#8221; align=&#8221;center&#8221; css=&#8221;&#8221;][vc_column_text]<\/p>\n<p style=\"text-align: center;\">Wifi gratuit dans tout l&#8217;\u00e9tablissement<\/p>\n<p>[\/vc_column_text][vc_empty_space][\/vc_column][vc_column width=&#8221;1\/3&#8243;][vc_icon type=&#8221;material&#8221; icon_material=&#8221;vc-material vc-material-ac_unit&#8221; color=&#8221;peacoc&#8221; align=&#8221;center&#8221;][vc_column_text css=&#8221;&#8221;]<\/p>\n<p style=\"text-align: center;\">Au milieu des Portes du Soleil( un des plus grands domaine alpins d&#8217;Europe)<\/p>\n<p>[\/vc_column_text][vc_empty_space][\/vc_column][vc_column width=&#8221;1\/3&#8243;][vc_icon type=&#8221;material&#8221; icon_material=&#8221;vc-material vc-material-restaurant_menu&#8221; color=&#8221;peacoc&#8221; align=&#8221;center&#8221;][vc_column_text]<\/p>\n<p style=\"text-align: center;\">Restauration sur place<\/p>\n<p>[\/vc_column_text][vc_empty_space][\/vc_column][\/vc_row][vc_row][vc_column width=&#8221;1\/3&#8243;][vc_icon type=&#8221;typicons&#8221; icon_typicons=&#8221;typcn typcn-thermometer&#8221; color=&#8221;peacoc&#8221; align=&#8221;center&#8221;][vc_column_text]<\/p>\n<p style=\"text-align: center;\">Vue<\/p>\n<p>[\/vc_column_text][\/vc_column][vc_column width=&#8221;1\/3&#8243;][vc_icon icon_fontawesome=&#8221;fa fa-tree&#8221; color=&#8221;peacoc&#8221; align=&#8221;center&#8221;][vc_column_text]<\/p>\n<p style=\"text-align: center;\">au coeur de la nature<\/p>\n<p>[\/vc_column_text][\/vc_column][vc_column width=&#8221;1\/3&#8243;][vc_icon type=&#8221;material&#8221; icon_material=&#8221;vc-material vc-material-time_to_leave&#8221; color=&#8221;peacoc&#8221; align=&#8221;center&#8221;][vc_column_text]<\/p>\n<p style=\"text-align: center;\">Parking<\/p>\n<p>[\/vc_column_text][\/vc_column][\/vc_row]<\/p>\n<\/div>","protected":false},"excerpt":{"rendered":"<p>[vc_row][vc_column][vc_empty_space][\/vc_column][\/vc_row][vc_row][vc_column width=&#8221;1\/2&#8243;][vc_empty_space][vc_column_text css=&#8221;.vc_custom_1756547441442{margin-top: 32px !important;}&#8221;] D\u00e9couvrez l&#8217;Automne aux Portes du Soleil ! \ud83c\udf1e Bienvenue aux Portes du Soleil, le paradis estival pour les amateurs de nature, de sports et de d\u00e9tente ! Situ\u00e9 dans un cadre enchanteur entre la France et la Suisse, notre domaine vous offre une exp\u00e9rience inoubliable&#8230;<\/p>\n","protected":false},"author":7,"featured_media":0,"parent":0,"menu_order":0,"comment_status":"closed","ping_status":"closed","template":"templates\/home-page.php","meta":{"footnotes":""},"class_list":["post-35924","page","type-page","status-publish","hentry"],"yoast_head":"<!-- This site is optimized with the Yoast SEO plugin v26.0 - https:\/\/yoast.com\/wordpress\/plugins\/seo\/ -->\n<title>Autumn Offer - Gourmet and Alpine Weekend - Refuge le Chaudron<\/title>\n<meta name=\"robots\" content=\"index, follow, max-snippet:-1, max-image-preview:large, max-video-preview:-1\" \/>\n<link rel=\"canonical\" href=\"https:\/\/refugelechaudron-champery.ch\/en\/autumn-offer-gourmet-and-alpine-weekend-2\/\" \/>\n<meta property=\"og:locale\" content=\"en_US\" \/>\n<meta property=\"og:type\" content=\"article\" \/>\n<meta property=\"og:title\" content=\"Autumn Offer - Gourmet and Alpine Weekend - Refuge le Chaudron\" \/>\n<meta property=\"og:description\" content=\"[vc_row][vc_column][vc_empty_space][\/vc_column][\/vc_row][vc_row][vc_column width=&#8221;1\/2&#8243;][vc_empty_space][vc_column_text css=&#8221;.vc_custom_1756547441442{margin-top: 32px !important;}&#8221;] D\u00e9couvrez l&#8217;Automne aux Portes du Soleil ! \ud83c\udf1e Bienvenue aux Portes du Soleil, le paradis estival pour les amateurs de nature, de sports et de d\u00e9tente ! Situ\u00e9 dans un cadre enchanteur entre la France et la Suisse, notre domaine vous offre une exp\u00e9rience inoubliable...\" \/>\n<meta property=\"og:url\" content=\"https:\/\/refugelechaudron-champery.ch\/en\/autumn-offer-gourmet-and-alpine-weekend-2\/\" \/>\n<meta property=\"og:site_name\" content=\"Refuge le Chaudron\" \/>\n<meta property=\"article:modified_time\" content=\"2025-11-26T17:17:39+00:00\" \/>\n<meta name=\"twitter:card\" content=\"summary_large_image\" \/>\n<meta name=\"twitter:label1\" content=\"Est. reading time\" \/>\n\t<meta name=\"twitter:data1\" content=\"3 minutes\" \/>\n<script type=\"application\/ld+json\" class=\"yoast-schema-graph\">{\"@context\":\"https:\/\/schema.org\",\"@graph\":[{\"@type\":\"WebPage\",\"@id\":\"https:\/\/refugelechaudron-champery.ch\/en\/autumn-offer-gourmet-and-alpine-weekend-2\/\",\"url\":\"https:\/\/refugelechaudron-champery.ch\/en\/autumn-offer-gourmet-and-alpine-weekend-2\/\",\"name\":\"Autumn Offer - Gourmet and Alpine Weekend - Refuge le Chaudron\",\"isPartOf\":{\"@id\":\"https:\/\/refugelechaudron-champery.ch\/en\/#website\"},\"datePublished\":\"2025-11-26T17:17:38+00:00\",\"dateModified\":\"2025-11-26T17:17:39+00:00\",\"breadcrumb\":{\"@id\":\"https:\/\/refugelechaudron-champery.ch\/en\/autumn-offer-gourmet-and-alpine-weekend-2\/#breadcrumb\"},\"inLanguage\":\"en-US\",\"potentialAction\":[{\"@type\":\"ReadAction\",\"target\":[\"https:\/\/refugelechaudron-champery.ch\/en\/autumn-offer-gourmet-and-alpine-weekend-2\/\"]}]},{\"@type\":\"BreadcrumbList\",\"@id\":\"https:\/\/refugelechaudron-champery.ch\/en\/autumn-offer-gourmet-and-alpine-weekend-2\/#breadcrumb\",\"itemListElement\":[{\"@type\":\"ListItem\",\"position\":1,\"name\":\"Home\",\"item\":\"https:\/\/refugelechaudron-champery.ch\/en\/\"},{\"@type\":\"ListItem\",\"position\":2,\"name\":\"Autumn Offer &#8211; Gourmet and Alpine Weekend\"}]},{\"@type\":\"WebSite\",\"@id\":\"https:\/\/refugelechaudron-champery.ch\/en\/#website\",\"url\":\"https:\/\/refugelechaudron-champery.ch\/en\/\",\"name\":\"Refuge le Chaudron\",\"description\":\"Au coeur des Portes du Soleil\",\"potentialAction\":[{\"@type\":\"SearchAction\",\"target\":{\"@type\":\"EntryPoint\",\"urlTemplate\":\"https:\/\/refugelechaudron-champery.ch\/en\/?s={search_term_string}\"},\"query-input\":{\"@type\":\"PropertyValueSpecification\",\"valueRequired\":true,\"valueName\":\"search_term_string\"}}],\"inLanguage\":\"en-US\"}]}<\/script>\n<!-- \/ Yoast SEO plugin. -->","yoast_head_json":{"title":"Autumn Offer - Gourmet and Alpine Weekend - Refuge le Chaudron","robots":{"index":"index","follow":"follow","max-snippet":"max-snippet:-1","max-image-preview":"max-image-preview:large","max-video-preview":"max-video-preview:-1"},"canonical":"https:\/\/refugelechaudron-champery.ch\/en\/autumn-offer-gourmet-and-alpine-weekend-2\/","og_locale":"en_US","og_type":"article","og_title":"Autumn Offer - Gourmet and Alpine Weekend - Refuge le Chaudron","og_description":"[vc_row][vc_column][vc_empty_space][\/vc_column][\/vc_row][vc_row][vc_column width=&#8221;1\/2&#8243;][vc_empty_space][vc_column_text css=&#8221;.vc_custom_1756547441442{margin-top: 32px !important;}&#8221;] D\u00e9couvrez l&#8217;Automne aux Portes du Soleil ! \ud83c\udf1e Bienvenue aux Portes du Soleil, le paradis estival pour les amateurs de nature, de sports et de d\u00e9tente ! Situ\u00e9 dans un cadre enchanteur entre la France et la Suisse, notre domaine vous offre une exp\u00e9rience inoubliable...","og_url":"https:\/\/refugelechaudron-champery.ch\/en\/autumn-offer-gourmet-and-alpine-weekend-2\/","og_site_name":"Refuge le Chaudron","article_modified_time":"2025-11-26T17:17:39+00:00","twitter_card":"summary_large_image","twitter_misc":{"Est. reading time":"3 minutes"},"schema":{"@context":"https:\/\/schema.org","@graph":[{"@type":"WebPage","@id":"https:\/\/refugelechaudron-champery.ch\/en\/autumn-offer-gourmet-and-alpine-weekend-2\/","url":"https:\/\/refugelechaudron-champery.ch\/en\/autumn-offer-gourmet-and-alpine-weekend-2\/","name":"Autumn Offer - Gourmet and Alpine Weekend - Refuge le Chaudron","isPartOf":{"@id":"https:\/\/refugelechaudron-champery.ch\/en\/#website"},"datePublished":"2025-11-26T17:17:38+00:00","dateModified":"2025-11-26T17:17:39+00:00","breadcrumb":{"@id":"https:\/\/refugelechaudron-champery.ch\/en\/autumn-offer-gourmet-and-alpine-weekend-2\/#breadcrumb"},"inLanguage":"en-US","potentialAction":[{"@type":"ReadAction","target":["https:\/\/refugelechaudron-champery.ch\/en\/autumn-offer-gourmet-and-alpine-weekend-2\/"]}]},{"@type":"BreadcrumbList","@id":"https:\/\/refugelechaudron-champery.ch\/en\/autumn-offer-gourmet-and-alpine-weekend-2\/#breadcrumb","itemListElement":[{"@type":"ListItem","position":1,"name":"Home","item":"https:\/\/refugelechaudron-champery.ch\/en\/"},{"@type":"ListItem","position":2,"name":"Autumn Offer &#8211; Gourmet and Alpine Weekend"}]},{"@type":"WebSite","@id":"https:\/\/refugelechaudron-champery.ch\/en\/#website","url":"https:\/\/refugelechaudron-champery.ch\/en\/","name":"Refuge le Chaudron","description":"Au coeur des Portes du Soleil","potentialAction":[{"@type":"SearchAction","target":{"@type":"EntryPoint","urlTemplate":"https:\/\/refugelechaudron-champery.ch\/en\/?s={search_term_string}"},"query-input":{"@type":"PropertyValueSpecification","valueRequired":true,"valueName":"search_term_string"}}],"inLanguage":"en-US"}]}},"_links":{"self":[{"href":"https:\/\/refugelechaudron-champery.ch\/en\/wp-json\/wp\/v2\/pages\/35924","targetHints":{"allow":["GET"]}}],"collection":[{"href":"https:\/\/refugelechaudron-champery.ch\/en\/wp-json\/wp\/v2\/pages"}],"about":[{"href":"https:\/\/refugelechaudron-champery.ch\/en\/wp-json\/wp\/v2\/types\/page"}],"author":[{"embeddable":true,"href":"https:\/\/refugelechaudron-champery.ch\/en\/wp-json\/wp\/v2\/users\/7"}],"replies":[{"embeddable":true,"href":"https:\/\/refugelechaudron-champery.ch\/en\/wp-json\/wp\/v2\/comments?post=35924"}],"version-history":[{"count":2,"href":"https:\/\/refugelechaudron-champery.ch\/en\/wp-json\/wp\/v2\/pages\/35924\/revisions"}],"predecessor-version":[{"id":35927,"href":"https:\/\/refugelechaudron-champery.ch\/en\/wp-json\/wp\/v2\/pages\/35924\/revisions\/35927"}],"wp:attachment":[{"href":"https:\/\/refugelechaudron-champery.ch\/en\/wp-json\/wp\/v2\/media?parent=35924"}],"curies":[{"name":"wp","href":"https:\/\/api.w.org\/{rel}","templated":true}]}}