{"id":35882,"date":"2025-11-25T05:00:17","date_gmt":"2025-11-25T04:00:17","guid":{"rendered":"https:\/\/refugelechaudron-champery.ch\/?page_id=35882"},"modified":"2025-11-25T05:00:18","modified_gmt":"2025-11-25T04:00:18","slug":"restaurant-and-bar-2","status":"publish","type":"page","link":"https:\/\/refugelechaudron-champery.ch\/en\/restaurant-and-bar-2\/","title":{"rendered":"Restaurant and bar"},"content":{"rendered":"<div class=\"wpb-content-wrapper\"><p>[vc_row][vc_column]\n\t\t\t\t<p class=\"rs-p-wp-fix\"><\/p>\n\t\t\t\t<sr7-module data-alias=\"rando-6-jours-1\" data-id=\"23\" id=\"SR7_23_1\" class=\"rs-ov-hidden\" data-version=\"6.7.37\">\n\t\t\t\t\t<sr7-adjuster><\/sr7-adjuster>\n\t\t\t\t\t<sr7-content>\n\t\t\t\t\t\t<sr7-slide id=\"SR7_23_1-229\" data-key=\"229\">\n\t\t\t\t\t\t\t<sr7-bg id=\"SR7_23_1-229-1\" class=\"sr7-layer\"><noscript><img decoding=\"async\" src=\"https:\/\/refugelechaudron-champery.ch\/wp-content\/uploads\/2016\/10\/Hiver_6_1920_600.png\" alt=\"\" title=\"Hiver_6_1920_600\"><\/noscript><\/sr7-bg>\n\t\t\t\t\t\t<\/sr7-slide>\n\t\t\t\t\t\t<sr7-slide id=\"SR7_23_1-232\" data-key=\"232\">\n\t\t\t\t\t\t\t<sr7-bg id=\"SR7_23_1-232-1\" class=\"sr7-layer\"><noscript><img decoding=\"async\" src=\"https:\/\/refugelechaudron-champery.ch\/wp-content\/uploads\/2016\/10\/Resto_6_1920_600.png\" alt=\"\" title=\"Resto_6_1920_600\"><\/noscript><\/sr7-bg>\n\t\t\t\t\t\t<\/sr7-slide>\n\t\t\t\t\t\t<sr7-slide id=\"SR7_23_1-241\" data-key=\"241\">\n\t\t\t\t\t\t\t<sr7-bg id=\"SR7_23_1-241-1\" class=\"sr7-layer\"><noscript><img decoding=\"async\" src=\"https:\/\/refugelechaudron-champery.ch\/wp-content\/uploads\/2016\/10\/Resto_1_1920_600.png\" alt=\"\" title=\"Resto_1_1920_600\"><\/noscript><\/sr7-bg>\n\t\t\t\t\t\t<\/sr7-slide>\n\t\t\t\t\t\t<sr7-slide id=\"SR7_23_1-231\" data-key=\"231\">\n\t\t\t\t\t\t\t<sr7-bg id=\"SR7_23_1-231-1\" class=\"sr7-layer\"><noscript><img decoding=\"async\" src=\"https:\/\/refugelechaudron-champery.ch\/wp-content\/uploads\/2016\/10\/Ete_7_1920_600-2.png\" alt=\"\" title=\"Ete_7_1920_600\"><\/noscript><\/sr7-bg>\n\t\t\t\t\t\t<\/sr7-slide>\n\t\t\t\t\t\t<sr7-slide id=\"SR7_23_1-230\" data-key=\"230\">\n\t\t\t\t\t\t\t<sr7-bg id=\"SR7_23_1-230-1\" class=\"sr7-layer\"><noscript><img decoding=\"async\" src=\"https:\/\/refugelechaudron-champery.ch\/wp-content\/uploads\/2016\/10\/Resto_8_1920_600.png\" alt=\"\" title=\"Resto_8_1920_600\"><\/noscript><\/sr7-bg>\n\t\t\t\t\t\t<\/sr7-slide>\n\t\t\t\t\t\t<sr7-slide id=\"SR7_23_1-233\" data-key=\"233\">\n\t\t\t\t\t\t\t<sr7-bg id=\"SR7_23_1-233-1\" class=\"sr7-layer\"><noscript><img decoding=\"async\" src=\"https:\/\/refugelechaudron-champery.ch\/wp-content\/uploads\/2016\/10\/Resto_4_1920_600.png\" alt=\"\" title=\"Resto_4_1920_600\"><\/noscript><\/sr7-bg>\n\t\t\t\t\t\t<\/sr7-slide>\n\t\t\t\t\t\t<sr7-slide id=\"SR7_23_1-240\" data-key=\"240\">\n\t\t\t\t\t\t\t<sr7-bg id=\"SR7_23_1-240-1\" class=\"sr7-layer\"><noscript><img decoding=\"async\" src=\"https:\/\/refugelechaudron-champery.ch\/wp-content\/uploads\/2016\/10\/Resto_9_1920_600.png\" alt=\"\" title=\"Resto_9_1920_600\"><\/noscript><\/sr7-bg>\n\t\t\t\t\t\t<\/sr7-slide>\n\t\t\t\t\t\t<sr7-slide id=\"SR7_23_1-238\" data-key=\"238\">\n\t\t\t\t\t\t<\/sr7-slide>\n\t\t\t\t\t<\/sr7-content>\n\t\t\t\t\t<image_lists style=\"display:none\">\n\t\t\t\t\t\t<img data-src=\"\/\/refugelechaudron-champery.ch\/wp-content\/uploads\/2016\/10\/Hiver_6_1920_600.png\" data-libid=\"35002\" data-lib=\"medialibrary\" title=\"Hiver_6_1920_600\" width=\"0\" height=\"0\" data-dbsrc=\"Ly9yZWZ1Z2VsZWNoYXVkcm9uLWNoYW1wZXJ5LmNoL3dwLWNvbnRlbnQvdXBsb2Fkcy8yMDE2LzEwL0hpdmVyXzZfMTkyMF82MDAucG5n\"\/>\n\t\t\t\t\t\t<img data-src=\"\/\/refugelechaudron-champery.ch\/wp-content\/uploads\/2016\/10\/Resto_8_1920_600.png\" data-libid=\"35051\" data-lib=\"medialibrary\" title=\"Resto_8_1920_600\" width=\"0\" height=\"0\" data-dbsrc=\"Ly9yZWZ1Z2VsZWNoYXVkcm9uLWNoYW1wZXJ5LmNoL3dwLWNvbnRlbnQvdXBsb2Fkcy8yMDE2LzEwL1Jlc3RvXzhfMTkyMF82MDAucG5n\"\/>\n\t\t\t\t\t\t<img data-src=\"\/\/refugelechaudron-champery.ch\/wp-content\/uploads\/2016\/10\/Ete_7_1920_600-2.png\" data-libid=\"34984\" data-lib=\"medialibrary\" title=\"Ete_7_1920_600\" width=\"0\" height=\"0\" data-dbsrc=\"Ly9yZWZ1Z2VsZWNoYXVkcm9uLWNoYW1wZXJ5LmNoL3dwLWNvbnRlbnQvdXBsb2Fkcy8yMDE2LzEwL0V0ZV83XzE5MjBfNjAwLTIucG5n\"\/>\n\t\t\t\t\t\t<img data-src=\"\/\/refugelechaudron-champery.ch\/wp-content\/uploads\/2016\/10\/Resto_6_1920_600.png\" data-libid=\"35054\" data-lib=\"medialibrary\" title=\"Resto_6_1920_600\" width=\"0\" height=\"0\" data-dbsrc=\"Ly9yZWZ1Z2VsZWNoYXVkcm9uLWNoYW1wZXJ5LmNoL3dwLWNvbnRlbnQvdXBsb2Fkcy8yMDE2LzEwL1Jlc3RvXzZfMTkyMF82MDAucG5n\"\/>\n\t\t\t\t\t\t<img data-src=\"\/\/refugelechaudron-champery.ch\/wp-content\/uploads\/2016\/10\/Resto_4_1920_600.png\" data-libid=\"35057\" data-lib=\"medialibrary\" title=\"Resto_4_1920_600\" width=\"0\" height=\"0\" data-dbsrc=\"Ly9yZWZ1Z2VsZWNoYXVkcm9uLWNoYW1wZXJ5LmNoL3dwLWNvbnRlbnQvdXBsb2Fkcy8yMDE2LzEwL1Jlc3RvXzRfMTkyMF82MDAucG5n\"\/>\n\t\t\t\t\t\t<img data-src=\"\/\/refugelechaudron-champery.ch\/wp-content\/uploads\/2016\/10\/Resto_9_1920_600.png\" data-libid=\"35068\" data-lib=\"medialibrary\" title=\"Resto_9_1920_600\" width=\"0\" height=\"0\" data-dbsrc=\"Ly9yZWZ1Z2VsZWNoYXVkcm9uLWNoYW1wZXJ5LmNoL3dwLWNvbnRlbnQvdXBsb2Fkcy8yMDE2LzEwL1Jlc3RvXzlfMTkyMF82MDAucG5n\"\/>\n\t\t\t\t\t\t<img data-src=\"\/\/refugelechaudron-champery.ch\/wp-content\/uploads\/2016\/10\/Resto_1_1920_600.png\" data-libid=\"35048\" data-lib=\"medialibrary\" title=\"Resto_1_1920_600\" width=\"0\" height=\"0\" data-dbsrc=\"Ly9yZWZ1Z2VsZWNoYXVkcm9uLWNoYW1wZXJ5LmNoL3dwLWNvbnRlbnQvdXBsb2Fkcy8yMDE2LzEwL1Jlc3RvXzFfMTkyMF82MDAucG5n\"\/>\n\t\t\t\t\t<\/image_lists>\n\t\t\t\t<\/sr7-module>\n\t\t\t\t<script>\n\t\t\t\t\tSR7.PMH ??={}; SR7.PMH[\"SR7_23_1\"] = {cn:100,state:false,fn: function() { if (_tpt!==undefined && _tpt.prepareModuleHeight !== undefined) {  _tpt.prepareModuleHeight({id:\"SR7_23_1\",el:[600,600,768,960,500],type:'standard',shdw:'0',gh:[600,600,768,960,500],gw:[1920,1920,1024,778,480],vpt:['-200px&#039;,&#039;-200px&#039;,&#039;-200px&#039;,&#039;-200px&#039;,&#039;-200px'],size:{fullWidth:true, fullHeight:false},mh:'0',onh:0,onw:0,bg:{color:'{\"orig\":\"transparent\",\"type\":\"solid\",\"string\":\"transparent\"}'}});   SR7.PMH[\"SR7_23_1\"].state=true;} else if(SR7.PMH[\"SR7_23_1\"].cn-->0)\tsetTimeout( SR7.PMH[\"SR7_23_1\"].fn,19);}};SR7.PMH[\"SR7_23_1\" ].fn();\n\t\t\t\t<\/script>\n[vc_empty_space][vc_empty_space][\/vc_column][\/vc_row][vc_row][vc_column width=&#8221;1\/2&#8243;]<div class=\"thim-widget-heading template-default\"><div class=\"thim-sc-heading\" >\n\t\t<div class=\"article_heading \">\n\t\t\t\n\t\t\t<p class=\"heading_primary\"  >Notre restaurant<\/p>\n\t\t\t\n\t\t\t\n\t\t<\/div>\n\t<\/div><\/div>[vc_column_text css=&#8221;.vc_custom_1752315653753{margin-top: 32px !important;}&#8221;]<\/p>\n<p class=\"p1\">Bienvenue dans notre \u00e9crin alpin, nich\u00e9 \u00e0 Champ\u00e9ry, paradis suisse des sports d\u2019altitudes. Vivez l\u2019authenticit\u00e9 de notre cuisine traditionnelle et des exp\u00e9riences palpitantes en montagne. Nous suivons la devise \u00ab Tradition et produits du terroir \u00bb.<\/p>\n<p class=\"p1\">Chaque instant \u00e9veille vos sens pour une \u00e9vasion m\u00e9morable, fusionnant passion culinaire et adr\u00e9naline des cimes. Pr\u00e9parez-vous \u00e0 des moments inoubliables, dans notre havre de montagne o\u00f9 vous vous sentirez chez vous, loin de chez vous.<\/p>\n<p class=\"p1\">Prenez place \u00e0 notre terrasse panoramique, o\u00f9 vous pourrez profiter d\u2019un moment agr\u00e9able en contemplant un panorama \u00e0 couper le souffle.<\/p>\n<p class=\"p1\">Notre Chef vous propose une cuisine savoureuse, m\u00ealant les d\u00e9lices des alpages et les plaisirs de la brasserie. Nous utilisons si possible, principalement des produits locaux pour vous offrir une exp\u00e9rience culinaire authentique et de qualit\u00e9.<\/p>\n<p>[\/vc_column_text]<div class=\"thim-widget-heading template-default\"><div class=\"thim-sc-heading\" >\n\t\t<div class=\"article_heading \">\n\t\t\t\n\t\t\t<p class=\"heading_primary\"  >Ouvertures<\/p>\n\t\t\t<div class=\"heading-des\">Tous les jours 10h00-17h00<br \/>\nMercredi soir 17h00-21h00<br \/>\nSamedi soir 17h00-22h00<\/p>\n<p>et sur r\u00e9servation<\/div>\n\t\t\t<div class=\"heading-button \"><a href=\"https:\/\/webshop.fulleapps.io\/tr\/le-chaudron\/mjazmtgyx2y5zgq\"><i class=\"icomoon icon-up\"><\/i>R\u00e9server votre table<\/a><\/div>\n\t\t<\/div>\n\t<\/div><\/div>[vc_empty_space][\/vc_column][vc_column width=&#8221;1\/2&#8243;]<div class=\"thim-widget-heading template-default\"><div class=\"thim-sc-heading\" >\n\t\t<div class=\"article_heading \">\n\t\t\t\n\t\t\t<p class=\"heading_primary\"  >Notre carte<\/p>\n\t\t\t\n\t\t\t\n\t\t<\/div>\n\t<\/div><\/div>[vc_gallery type=&#8221;flexslider_slide&#8221; interval=&#8221;3&#8243; images=&#8221;35887&#8243; img_size=&#8221;full&#8221; css=&#8221;&#8221;][vc_empty_space][vc_gallery type=&#8221;flexslider_slide&#8221; interval=&#8221;3&#8243; images=&#8221;35173&#8243; img_size=&#8221;full&#8221; css=&#8221;&#8221;][\/vc_column][\/vc_row][vc_row][vc_column]<div class=\"thim-widget-heading template-default\"><div class=\"thim-sc-heading\" >\n\t\t<div class=\"article_heading \">\n\t\t\t\n\t\t\t<p class=\"heading_primary\"  >Notre Bar et Terrasse<\/p>\n\t\t\t\n\t\t\t\n\t\t<\/div>\n\t<\/div><\/div>[\/vc_column][\/vc_row][vc_row][vc_column width=&#8221;1\/2&#8243;][vc_empty_space][vc_column_text css=&#8221;.vc_custom_1752315679074{margin-top: 32px !important;}&#8221;]<\/p>\n<p class=\"p1\">Profitez d&#8217;une multitude de boissons alcoolis\u00e9es et non alcoolis\u00e9es dans notre bar tous les jours d&#8217;ouvertur ede 10h \u00e0 18h. Notre recommandation personnelle est de prendre un verre ou une bouteille de vin et de le d\u00e9guster sur la terrasse tout en admirant le panorama.<\/p>\n<p>[\/vc_column_text][vc_empty_space][\/vc_column][vc_column width=&#8221;1\/2&#8243;][\/vc_column][\/vc_row][vc_row][vc_column][vc_empty_space][\/vc_column][\/vc_row][vc_row][vc_column]<div class=\"thim-widget-heading template-default\"><div class=\"thim-sc-heading\" >\n\t\t<div class=\"article_heading \">\n\t\t\t\n\t\t\t\n\t\t\t\n\t\t\t\n\t\t<\/div>\n\t<\/div><\/div>[\/vc_column][\/vc_row]<\/p>\n<\/div>","protected":false},"excerpt":{"rendered":"<p>[vc_row][vc_column][vc_empty_space][vc_empty_space][\/vc_column][\/vc_row][vc_row][vc_column width=&#8221;1\/2&#8243;][vc_column_text css=&#8221;.vc_custom_1752315653753{margin-top: 32px !important;}&#8221;] Bienvenue dans notre \u00e9crin alpin, nich\u00e9 \u00e0 Champ\u00e9ry, paradis suisse des sports d\u2019altitudes. Vivez l\u2019authenticit\u00e9 de notre cuisine traditionnelle et des exp\u00e9riences palpitantes en montagne. Nous suivons la devise \u00ab Tradition et produits du terroir \u00bb. Chaque instant \u00e9veille vos sens pour une \u00e9vasion m\u00e9morable,&#8230;<\/p>\n","protected":false},"author":7,"featured_media":0,"parent":0,"menu_order":0,"comment_status":"closed","ping_status":"closed","template":"templates\/home-page.php","meta":{"footnotes":""},"class_list":["post-35882","page","type-page","status-publish","hentry"],"yoast_head":"<!-- This site is optimized with the Yoast SEO plugin v26.0 - https:\/\/yoast.com\/wordpress\/plugins\/seo\/ -->\n<title>Restaurant and bar - Refuge le Chaudron<\/title>\n<meta name=\"robots\" content=\"index, follow, max-snippet:-1, max-image-preview:large, max-video-preview:-1\" \/>\n<link rel=\"canonical\" href=\"https:\/\/refugelechaudron-champery.ch\/en\/restaurant-and-bar-2\/\" \/>\n<meta property=\"og:locale\" content=\"en_US\" \/>\n<meta property=\"og:type\" content=\"article\" \/>\n<meta property=\"og:title\" content=\"Restaurant and bar - Refuge le Chaudron\" \/>\n<meta property=\"og:description\" content=\"[vc_row][vc_column][vc_empty_space][vc_empty_space][\/vc_column][\/vc_row][vc_row][vc_column width=&#8221;1\/2&#8243;][vc_column_text css=&#8221;.vc_custom_1752315653753{margin-top: 32px !important;}&#8221;] Bienvenue dans notre \u00e9crin alpin, nich\u00e9 \u00e0 Champ\u00e9ry, paradis suisse des sports d\u2019altitudes. Vivez l\u2019authenticit\u00e9 de notre cuisine traditionnelle et des exp\u00e9riences palpitantes en montagne. Nous suivons la devise \u00ab Tradition et produits du terroir \u00bb. Chaque instant \u00e9veille vos sens pour une \u00e9vasion m\u00e9morable,...\" \/>\n<meta property=\"og:url\" content=\"https:\/\/refugelechaudron-champery.ch\/en\/restaurant-and-bar-2\/\" \/>\n<meta property=\"og:site_name\" content=\"Refuge le Chaudron\" \/>\n<meta property=\"article:modified_time\" content=\"2025-11-25T04:00:18+00:00\" \/>\n<meta name=\"twitter:card\" content=\"summary_large_image\" \/>\n<meta name=\"twitter:label1\" content=\"Est. reading time\" \/>\n\t<meta name=\"twitter:data1\" content=\"2 minutes\" \/>\n<script type=\"application\/ld+json\" class=\"yoast-schema-graph\">{\"@context\":\"https:\/\/schema.org\",\"@graph\":[{\"@type\":\"WebPage\",\"@id\":\"https:\/\/refugelechaudron-champery.ch\/en\/restaurant-and-bar-2\/\",\"url\":\"https:\/\/refugelechaudron-champery.ch\/en\/restaurant-and-bar-2\/\",\"name\":\"Restaurant and bar - Refuge le Chaudron\",\"isPartOf\":{\"@id\":\"https:\/\/refugelechaudron-champery.ch\/en\/#website\"},\"datePublished\":\"2025-11-25T04:00:17+00:00\",\"dateModified\":\"2025-11-25T04:00:18+00:00\",\"breadcrumb\":{\"@id\":\"https:\/\/refugelechaudron-champery.ch\/en\/restaurant-and-bar-2\/#breadcrumb\"},\"inLanguage\":\"en-US\",\"potentialAction\":[{\"@type\":\"ReadAction\",\"target\":[\"https:\/\/refugelechaudron-champery.ch\/en\/restaurant-and-bar-2\/\"]}]},{\"@type\":\"BreadcrumbList\",\"@id\":\"https:\/\/refugelechaudron-champery.ch\/en\/restaurant-and-bar-2\/#breadcrumb\",\"itemListElement\":[{\"@type\":\"ListItem\",\"position\":1,\"name\":\"Home\",\"item\":\"https:\/\/refugelechaudron-champery.ch\/en\/\"},{\"@type\":\"ListItem\",\"position\":2,\"name\":\"Restaurant and bar\"}]},{\"@type\":\"WebSite\",\"@id\":\"https:\/\/refugelechaudron-champery.ch\/en\/#website\",\"url\":\"https:\/\/refugelechaudron-champery.ch\/en\/\",\"name\":\"Refuge le Chaudron\",\"description\":\"Au coeur des Portes du Soleil\",\"potentialAction\":[{\"@type\":\"SearchAction\",\"target\":{\"@type\":\"EntryPoint\",\"urlTemplate\":\"https:\/\/refugelechaudron-champery.ch\/en\/?s={search_term_string}\"},\"query-input\":{\"@type\":\"PropertyValueSpecification\",\"valueRequired\":true,\"valueName\":\"search_term_string\"}}],\"inLanguage\":\"en-US\"}]}<\/script>\n<!-- \/ Yoast SEO plugin. -->","yoast_head_json":{"title":"Restaurant and bar - Refuge le Chaudron","robots":{"index":"index","follow":"follow","max-snippet":"max-snippet:-1","max-image-preview":"max-image-preview:large","max-video-preview":"max-video-preview:-1"},"canonical":"https:\/\/refugelechaudron-champery.ch\/en\/restaurant-and-bar-2\/","og_locale":"en_US","og_type":"article","og_title":"Restaurant and bar - Refuge le Chaudron","og_description":"[vc_row][vc_column][vc_empty_space][vc_empty_space][\/vc_column][\/vc_row][vc_row][vc_column width=&#8221;1\/2&#8243;][vc_column_text css=&#8221;.vc_custom_1752315653753{margin-top: 32px !important;}&#8221;] Bienvenue dans notre \u00e9crin alpin, nich\u00e9 \u00e0 Champ\u00e9ry, paradis suisse des sports d\u2019altitudes. Vivez l\u2019authenticit\u00e9 de notre cuisine traditionnelle et des exp\u00e9riences palpitantes en montagne. Nous suivons la devise \u00ab Tradition et produits du terroir \u00bb. Chaque instant \u00e9veille vos sens pour une \u00e9vasion m\u00e9morable,...","og_url":"https:\/\/refugelechaudron-champery.ch\/en\/restaurant-and-bar-2\/","og_site_name":"Refuge le Chaudron","article_modified_time":"2025-11-25T04:00:18+00:00","twitter_card":"summary_large_image","twitter_misc":{"Est. reading time":"2 minutes"},"schema":{"@context":"https:\/\/schema.org","@graph":[{"@type":"WebPage","@id":"https:\/\/refugelechaudron-champery.ch\/en\/restaurant-and-bar-2\/","url":"https:\/\/refugelechaudron-champery.ch\/en\/restaurant-and-bar-2\/","name":"Restaurant and bar - Refuge le Chaudron","isPartOf":{"@id":"https:\/\/refugelechaudron-champery.ch\/en\/#website"},"datePublished":"2025-11-25T04:00:17+00:00","dateModified":"2025-11-25T04:00:18+00:00","breadcrumb":{"@id":"https:\/\/refugelechaudron-champery.ch\/en\/restaurant-and-bar-2\/#breadcrumb"},"inLanguage":"en-US","potentialAction":[{"@type":"ReadAction","target":["https:\/\/refugelechaudron-champery.ch\/en\/restaurant-and-bar-2\/"]}]},{"@type":"BreadcrumbList","@id":"https:\/\/refugelechaudron-champery.ch\/en\/restaurant-and-bar-2\/#breadcrumb","itemListElement":[{"@type":"ListItem","position":1,"name":"Home","item":"https:\/\/refugelechaudron-champery.ch\/en\/"},{"@type":"ListItem","position":2,"name":"Restaurant and bar"}]},{"@type":"WebSite","@id":"https:\/\/refugelechaudron-champery.ch\/en\/#website","url":"https:\/\/refugelechaudron-champery.ch\/en\/","name":"Refuge le Chaudron","description":"Au coeur des Portes du Soleil","potentialAction":[{"@type":"SearchAction","target":{"@type":"EntryPoint","urlTemplate":"https:\/\/refugelechaudron-champery.ch\/en\/?s={search_term_string}"},"query-input":{"@type":"PropertyValueSpecification","valueRequired":true,"valueName":"search_term_string"}}],"inLanguage":"en-US"}]}},"_links":{"self":[{"href":"https:\/\/refugelechaudron-champery.ch\/en\/wp-json\/wp\/v2\/pages\/35882","targetHints":{"allow":["GET"]}}],"collection":[{"href":"https:\/\/refugelechaudron-champery.ch\/en\/wp-json\/wp\/v2\/pages"}],"about":[{"href":"https:\/\/refugelechaudron-champery.ch\/en\/wp-json\/wp\/v2\/types\/page"}],"author":[{"embeddable":true,"href":"https:\/\/refugelechaudron-champery.ch\/en\/wp-json\/wp\/v2\/users\/7"}],"replies":[{"embeddable":true,"href":"https:\/\/refugelechaudron-champery.ch\/en\/wp-json\/wp\/v2\/comments?post=35882"}],"version-history":[{"count":3,"href":"https:\/\/refugelechaudron-champery.ch\/en\/wp-json\/wp\/v2\/pages\/35882\/revisions"}],"predecessor-version":[{"id":35890,"href":"https:\/\/refugelechaudron-champery.ch\/en\/wp-json\/wp\/v2\/pages\/35882\/revisions\/35890"}],"wp:attachment":[{"href":"https:\/\/refugelechaudron-champery.ch\/en\/wp-json\/wp\/v2\/media?parent=35882"}],"curies":[{"name":"wp","href":"https:\/\/api.w.org\/{rel}","templated":true}]}}