{"id":34112,"date":"2024-05-28T18:36:27","date_gmt":"2024-05-28T16:36:27","guid":{"rendered":"https:\/\/chaletmontriond.ch\/?page_id=34112"},"modified":"2024-07-20T09:57:35","modified_gmt":"2024-07-20T07:57:35","slug":"dh-camp-at-portes-du-soleil","status":"publish","type":"page","link":"https:\/\/refugelechaudron-champery.ch\/en\/dh-camp-at-portes-du-soleil\/","title":{"rendered":"DH Camp at Portes du Soleil"},"content":{"rendered":"<div class=\"wpb-content-wrapper\"><p>[vc_row][vc_column]\n\t\t\t\t<p class=\"rs-p-wp-fix\"><\/p>\n\t\t\t\t<sr7-module data-alias=\"Camp-VTT-DH\" data-id=\"9\" id=\"SR7_9_1\" class=\"rs-ov-hidden\" data-version=\"6.7.37\">\n\t\t\t\t\t<sr7-adjuster><\/sr7-adjuster>\n\t\t\t\t\t<sr7-content>\n\t\t\t\t\t\t<sr7-slide id=\"SR7_9_1-89\" data-key=\"89\">\n\t\t\t\t\t\t\t<sr7-bg id=\"SR7_9_1-89-2\" class=\"sr7-layer\"><noscript><img decoding=\"async\" src=\"https:\/\/refugelechaudron-champery.ch\/wp-content\/uploads\/2016\/10\/Slider_DH_5_1920_600.jpg\" alt=\"\" title=\"Slider_DH_5_1920_600\"><\/noscript><\/sr7-bg>\n\t\t\t\t\t\t\t<sr7-txt id=\"SR7_9_1-89-0\" class=\"sr7-layer\">Un apprentissage avec nos profs diplom\u00e9s<\/sr7-txt>\n\t\t\t\t\t\t<\/sr7-slide>\n\t\t\t\t\t\t<sr7-slide id=\"SR7_9_1-90\" data-key=\"90\">\n\t\t\t\t\t\t\t<sr7-bg id=\"SR7_9_1-90-4\" class=\"sr7-layer\"><noscript><img decoding=\"async\" src=\"https:\/\/refugelechaudron-champery.ch\/wp-content\/uploads\/2016\/10\/Slider_DH_6_1920_600.jpg\" alt=\"\" title=\"Slider_DH_6_1920_600\"><\/noscript><\/sr7-bg>\n\t\t\t\t\t\t\t<sr7-txt id=\"SR7_9_1-90-0\" class=\"sr7-layer\">Les Dents du Midi pour vous accompagner tous les  jours<\/sr7-txt>\n\t\t\t\t\t\t<\/sr7-slide>\n\t\t\t\t\t\t<sr7-slide id=\"SR7_9_1-93\" data-key=\"93\">\n\t\t\t\t\t\t\t<sr7-bg id=\"SR7_9_1-93-7\" class=\"sr7-layer\"><noscript><img decoding=\"async\" src=\"https:\/\/refugelechaudron-champery.ch\/wp-content\/uploads\/2016\/10\/Slider_DH_10_1920_600.png\" alt=\"\" title=\"Slider_DH_10_1920_600\"><\/noscript><\/sr7-bg>\n\t\t\t\t\t\t\t<sr7-txt id=\"SR7_9_1-93-0\" class=\"sr7-layer\">Une nourriture healthy<\/sr7-txt>\n\t\t\t\t\t\t<\/sr7-slide>\n\t\t\t\t\t\t<sr7-slide id=\"SR7_9_1-91\" data-key=\"91\">\n\t\t\t\t\t\t\t<sr7-bg id=\"SR7_9_1-91-8\" class=\"sr7-layer\"><noscript><img decoding=\"async\" src=\"https:\/\/refugelechaudron-champery.ch\/wp-content\/uploads\/2016\/10\/Slider_DH_11_1920_600.png\" alt=\"\" title=\"Slider_DH_11_1920_600\"><\/noscript><\/sr7-bg>\n\t\t\t\t\t\t\t<sr7-txt id=\"SR7_9_1-91-0\" class=\"sr7-layer\">Le partage entre camarades <\/sr7-txt>\n\t\t\t\t\t\t<\/sr7-slide>\n\t\t\t\t\t\t<sr7-slide id=\"SR7_9_1-92\" data-key=\"92\">\n\t\t\t\t\t\t\t<sr7-bg id=\"SR7_9_1-92-9\" class=\"sr7-layer\"><noscript><img decoding=\"async\" src=\"https:\/\/refugelechaudron-champery.ch\/wp-content\/uploads\/2016\/10\/Slider_DH_15_1920_600.png\" alt=\"\" title=\"Slider_DH_15_1920_600\"><\/noscript><\/sr7-bg>\n\t\t\t\t\t\t\t<sr7-txt id=\"SR7_9_1-92-0\" class=\"sr7-layer\">Toute l'\u00e9quipe du Chalet Montriond  et de l'\u00e9cole Suisse de VTT se r\u00e9jouis de vous recevoir.<\/sr7-txt>\n\t\t\t\t\t\t\t<sr7-txt id=\"SR7_9_1-92-2\" class=\"sr7-layer\">Votre camp VTT DH au Montriond<\/sr7-txt>\n\t\t\t\t\t\t<\/sr7-slide>\n\t\t\t\t\t\t<sr7-slide id=\"SR7_9_1-96\" data-key=\"96\">\n\t\t\t\t\t\t<\/sr7-slide>\n\t\t\t\t\t<\/sr7-content>\n\t\t\t\t\t<image_lists style=\"display:none\">\n\t\t\t\t\t\t<img data-src=\"\/\/refugelechaudron-champery.ch\/wp-content\/uploads\/2016\/10\/logo-esv-01.png\" data-libid=\"34149\" data-lib=\"medialibrary\" title=\"logo-esv-01\" width=\"0\" height=\"0\" data-dbsrc=\"Ly9yZWZ1Z2VsZWNoYXVkcm9uLWNoYW1wZXJ5LmNoL3dwLWNvbnRlbnQvdXBsb2Fkcy8yMDE2LzEwL2xvZ28tZXN2LTAxLnBuZw==\"\/>\n\t\t\t\t\t\t<img data-src=\"\/\/refugelechaudron-champery.ch\/wp-content\/uploads\/2016\/10\/Slider_DH_5_1920_600.jpg\" data-libid=\"34137\" data-lib=\"medialibrary\" title=\"Slider_DH_5_1920_600\" width=\"0\" height=\"0\" data-dbsrc=\"Ly9yZWZ1Z2VsZWNoYXVkcm9uLWNoYW1wZXJ5LmNoL3dwLWNvbnRlbnQvdXBsb2Fkcy8yMDE2LzEwL1NsaWRlcl9ESF81XzE5MjBfNjAwLmpwZw==\"\/>\n\t\t\t\t\t\t<img data-src=\"\/\/refugelechaudron-champery.ch\/wp-content\/uploads\/2016\/10\/Slider_DH_6_1920_600.jpg\" data-libid=\"34134\" data-lib=\"medialibrary\" title=\"Slider_DH_6_1920_600\" width=\"0\" height=\"0\" data-dbsrc=\"Ly9yZWZ1Z2VsZWNoYXVkcm9uLWNoYW1wZXJ5LmNoL3dwLWNvbnRlbnQvdXBsb2Fkcy8yMDE2LzEwL1NsaWRlcl9ESF82XzE5MjBfNjAwLmpwZw==\"\/>\n\t\t\t\t\t\t<img data-src=\"\/\/refugelechaudron-champery.ch\/wp-content\/uploads\/2016\/10\/Slider_DH_11_1920_600.png\" data-libid=\"34343\" data-lib=\"medialibrary\" title=\"Slider_DH_11_1920_600\" width=\"0\" height=\"0\" data-dbsrc=\"Ly9yZWZ1Z2VsZWNoYXVkcm9uLWNoYW1wZXJ5LmNoL3dwLWNvbnRlbnQvdXBsb2Fkcy8yMDE2LzEwL1NsaWRlcl9ESF8xMV8xOTIwXzYwMC5wbmc=\"\/>\n\t\t\t\t\t\t<img data-src=\"\/\/refugelechaudron-champery.ch\/wp-content\/uploads\/2016\/10\/Slider_DH_15_1920_600.png\" data-libid=\"34349\" data-lib=\"medialibrary\" title=\"Slider_DH_15_1920_600\" width=\"0\" height=\"0\" data-dbsrc=\"Ly9yZWZ1Z2VsZWNoYXVkcm9uLWNoYW1wZXJ5LmNoL3dwLWNvbnRlbnQvdXBsb2Fkcy8yMDE2LzEwL1NsaWRlcl9ESF8xNV8xOTIwXzYwMC5wbmc=\"\/>\n\t\t\t\t\t\t<img data-src=\"\/\/refugelechaudron-champery.ch\/wp-content\/uploads\/2016\/10\/Slider_DH_10_1920_600.png\" data-libid=\"34340\" data-lib=\"medialibrary\" title=\"Slider_DH_10_1920_600\" width=\"0\" height=\"0\" data-dbsrc=\"Ly9yZWZ1Z2VsZWNoYXVkcm9uLWNoYW1wZXJ5LmNoL3dwLWNvbnRlbnQvdXBsb2Fkcy8yMDE2LzEwL1NsaWRlcl9ESF8xMF8xOTIwXzYwMC5wbmc=\"\/>\n\t\t\t\t\t<\/image_lists>\n\t\t\t\t<\/sr7-module>\n\t\t\t\t<script>\n\t\t\t\t\tSR7.PMH ??={}; SR7.PMH[\"SR7_9_1\"] = {cn:100,state:false,fn: function() { if (_tpt!==undefined && _tpt.prepareModuleHeight !== undefined) {  _tpt.prepareModuleHeight({id:\"SR7_9_1\",el:[600,600,768,960,500],type:'standard',shdw:'0',gh:[600,600,768,960,500],gw:[1920,1920,1024,778,480],vpt:['-200px&#039;,&#039;-200px&#039;,&#039;-200px&#039;,&#039;-200px&#039;,&#039;-200px'],size:{fullWidth:true, fullHeight:false},mh:'0',onh:0,onw:0,bg:{color:'{\"orig\":\"transparent\",\"type\":\"solid\",\"string\":\"transparent\"}'}});   SR7.PMH[\"SR7_9_1\"].state=true;} else if(SR7.PMH[\"SR7_9_1\"].cn-->0)\tsetTimeout( SR7.PMH[\"SR7_9_1\"].fn,19);}};SR7.PMH[\"SR7_9_1\" ].fn();\n\t\t\t\t<\/script>\n[vc_empty_space]<div class=\"thim-widget-heading template-default\"><div class=\"thim-sc-heading\" >\n\t\t<div class=\"article_heading \">\n\t\t\t<h2  class=\"heading_secondary\">DH mountain bike camp at Portes du Soleil<\/h2>\n\t\t\t<p class=\"heading_primary\"  >Discover and book<\/p>\n\t\t\t\n\t\t\t\n\t\t<\/div>\n\t<\/div><\/div>[vc_row_inner][vc_column_inner width=&#8221;1\/2&#8243;][vc_column_text css=&#8221;&#8221;]<\/p>\n<p class=\"p1\">The ideal way to keep your children busy during the summer vacations, or for anyone wanting to take their mountain biking to the next level.<\/p>\n<p>Discover the ultimate mountain biking experience with the Swiss Mountain Bike School summer camp.<\/p>\n<p>Enjoy 600 km of shapely pistes in the Portes du Soleil, thanks to an all-inclusive package including access to 5 ski areas and transfers by bus or train.<\/p>\n<div class=\"rich-text__text rte\">\n<ul>\n<li>5 days of Downhill mountain biking in Champ\u00e9ry, Les Crosets, Morzine, Ch\u00e2tel and Avoriaz<\/li>\n<li>Technical coaching by a Swiss Cycling-certified Downhill instructor<\/li>\n<li>24-hour supervision<\/li>\n<li>Shuttle bus or train transfers included<\/li>\n<li>Bikepass Portes du Soleil<\/li>\n<li>Extra activities at the end of the day: ziplines, trampoline, swimming pool, wild BBQ<\/li>\n<li>Evening entertainment: mountain bike film evening, board game evening, mechanical evening<\/li>\n<\/ul>\n<\/div>\n<div class=\"rich-text__buttons\"><\/div>\n<p>[\/vc_column_text][\/vc_column_inner][vc_column_inner width=&#8221;1\/2&#8243;][vc_video link=&#8221;https:\/\/youtu.be\/LqY6NoTxNHo?rel=0&#8243; align=&#8221;center&#8221; css=&#8221;&#8221;][\/vc_column_inner][\/vc_row_inner][vc_empty_space][\/vc_column][\/vc_row][vc_row][vc_column][vc_tta_tabs][vc_tta_section i_icon_fontawesome=&#8221;fas fa-mountain&#8221; add_icon=&#8221;true&#8221; title=&#8221;Course dates and basis&#8221; tab_id=&#8221;1715940616975-8829330d-ab5c&#8221;][vc_empty_space][vc_column_text css=&#8221;&#8221;]\n<table id=\"tablepress-4\" class=\"tablepress tablepress-id-4\">\n<thead>\n<tr class=\"row-1\">\n\t<td class=\"column-1\"><\/td><th class=\"column-2\"><strong>Date d\u00e9but<\/strong><\/th><th class=\"column-3\"><strong>Date fin<\/strong><\/th>\n<\/tr>\n<\/thead>\n<tbody class=\"row-striping row-hover\">\n<tr class=\"row-2\">\n\t<td class=\"column-1\"><a href=\"https:\/\/shop.ecole-suisse-vtt.ch\/products\/camp-dh-aux-portes-du-soleil?_gl=1*1cu67s3*_ga*MTY2MjE0MTgwMS4xNzE1MTQ5NTAy*_ga_G3822NENJL*MTcxNjkxMDM0OS4xLjAuMTcxNjkxMDM0OS4wLjAuMA..*_ga_FGTHNZM53B*MTcxNjkxNDQ1OS41LjEuMTcxNjkxNDkwMi4wLjAuMA..\" class=\"mon-bouton\" target=\"_blank\" rel=\"noopener\">Pr\u00e9inscription<\/a><br \/>\n<\/td><td class=\"column-2\">21\/07\/24<\/td><td class=\"column-3\">26\/07\/24<\/td>\n<\/tr>\n<tr class=\"row-3\">\n\t<td class=\"column-1\"><a href=\"https:\/\/shop.ecole-suisse-vtt.ch\/products\/camp-dh-aux-portes-du-soleil?_gl=1*1cu67s3*_ga*MTY2MjE0MTgwMS4xNzE1MTQ5NTAy*_ga_G3822NENJL*MTcxNjkxMDM0OS4xLjAuMTcxNjkxMDM0OS4wLjAuMA..*_ga_FGTHNZM53B*MTcxNjkxNDQ1OS41LjEuMTcxNjkxNDkwMi4wLjAuMA..\" class=\"mon-bouton\" target=\"_blank\" rel=\"noopener\">Pr\u00e9inscription<\/a><br \/>\n<\/td><td class=\"column-2\">28\/07\/24<\/td><td class=\"column-3\">2\/08\/24<\/td>\n<\/tr>\n<tr class=\"row-4\">\n\t<td class=\"column-1\"><a href=\"https:\/\/shop.ecole-suisse-vtt.ch\/products\/camp-dh-aux-portes-du-soleil?_gl=1*1cu67s3*_ga*MTY2MjE0MTgwMS4xNzE1MTQ5NTAy*_ga_G3822NENJL*MTcxNjkxMDM0OS4xLjAuMTcxNjkxMDM0OS4wLjAuMA..*_ga_FGTHNZM53B*MTcxNjkxNDQ1OS41LjEuMTcxNjkxNDkwMi4wLjAuMA..\" class=\"mon-bouton\" target=\"_blank\" rel=\"noopener\">Pr\u00e9inscription<\/a><br \/>\n<\/td><td class=\"column-2\">4\/08\/24<\/td><td class=\"column-3\">9\/08\/24<\/td>\n<\/tr>\n<tr class=\"row-5\">\n\t<td class=\"column-1\"><a href=\"https:\/\/shop.ecole-suisse-vtt.ch\/products\/camp-dh-aux-portes-du-soleil?_gl=1*1cu67s3*_ga*MTY2MjE0MTgwMS4xNzE1MTQ5NTAy*_ga_G3822NENJL*MTcxNjkxMDM0OS4xLjAuMTcxNjkxMDM0OS4wLjAuMA..*_ga_FGTHNZM53B*MTcxNjkxNDQ1OS41LjEuMTcxNjkxNDkwMi4wLjAuMA..\" class=\"mon-bouton\" target=\"_blank\" rel=\"noopener\">Pr\u00e9inscription<\/a><br \/>\n<\/td><td class=\"column-2\">11\/08\/24<\/td><td class=\"column-3\">16\/08\/24<\/td>\n<\/tr>\n<tr class=\"row-6\">\n\t<td class=\"column-1\"><a href=\"https:\/\/shop.ecole-suisse-vtt.ch\/products\/camp-dh-aux-portes-du-soleil?_gl=1*1cu67s3*_ga*MTY2MjE0MTgwMS4xNzE1MTQ5NTAy*_ga_G3822NENJL*MTcxNjkxMDM0OS4xLjAuMTcxNjkxMDM0OS4wLjAuMA..*_ga_FGTHNZM53B*MTcxNjkxNDQ1OS41LjEuMTcxNjkxNDkwMi4wLjAuMA..\" class=\"mon-bouton\" target=\"_blank\" rel=\"noopener\">Pr\u00e9inscription<\/a><br \/>\n<\/td><td class=\"column-2\">18\/08\/24<\/td><td class=\"column-3\">23\/087\/24<\/td>\n<\/tr>\n<\/tbody>\n<\/table>\n<!-- #tablepress-4 from cache -->[\/vc_column_text][vc_row_inner][vc_column_inner width=&#8221;1\/2&#8243;][vc_column_text css=&#8221;&#8221;]<\/p>\n<p class=\"p1\">The ideal way to keep your children busy during the summer vacations, or for anyone wanting to take their mountain biking to the next level.<\/p>\n<p>Mountain biking camps are an exciting way to explore mountain trails and improve your mountain biking skills. They are ideal for sports enthusiasts, nature lovers and adventurers looking for a challenge.<\/p>\n<p>During a camp, you&#8217;ll have the chance to take part in special training sessions for mountain bikers, led by experienced guides. You can also benefit from advice on how to improve your technique and discover the best mountain trails. Guides can also help you determine your level and choose the trails best suited to your skills.<\/p>\n<p>In addition to the sporting aspect, they are also an opportunity to connect with nature and experience outdoor adventures. The natural landscapes, panoramic views and fresh air will provide you with an unforgettable experience of rejuvenation. Camps are also an opportunity to challenge yourself and discover new horizons.<\/p>\n<p>They are also an opportunity to strengthen camaraderie with other cycling enthusiasts. You can get to know people who share the same passion as you, and experience unforgettable moments together. This experience can also help you develop self-confidence and feel safer on your bike, especially if you&#8217;re a beginner.<\/p>\n<p>There are many types of mountain bike camps to suit different skill levels and preferences. You can choose a camp that suits your skills and expectations, and enjoy a mountain biking experience like no other. Whether you&#8217;re a beginner or an experienced camper, you&#8217;ll find a camp to suit your needs.<\/p>\n<p>These courses can also help you improve your fitness and stamina. Specific training for mountain bikers and mountain trails can help you train effectively and achieve your sporting goals.<\/p>\n<p>Mountain bike camps are an exciting experience for cycling enthusiasts, nature lovers and adventurers looking for a challenge. They offer you the chance to discover mountain trails and improve your skills.[\/vc_column_text][\/vc_column_inner][vc_column_inner width=&#8221;1\/2&#8243;][vc_single_image image=&#8221;34116&#8243; img_size=&#8221;full&#8221; alignment=&#8221;center&#8221; css=&#8221;&#8221;][\/vc_column_inner][\/vc_row_inner][\/vc_tta_section][vc_tta_section i_icon_fontawesome=&#8221;fas fa-tasks&#8221; add_icon=&#8221;true&#8221; title=&#8221;The Program&#8221; tab_id=&#8221;1715939264702-6fd4b313-fd3d&#8221;][vc_column_text css=&#8221;&#8221;]<strong>Sunday<\/strong><\/p>\n<p>17:00 &#8220;All Inclusive&#8221; welcome<br \/>\n17:30 ESV presentation<br \/>\n18:00 Chalet Montriond visit (Parents) \/ Camp rules (Youth)<br \/>\n18:30 Check-in Hotel Chalet Montriond<br \/>\n19:00 Supper<br \/>\n20:00 Welcome night \/ Programme du soir<br \/>\n21:30 Getting ready for bed<br \/>\n22:00 Dodo<\/p>\n<p><strong>Monday<\/strong><\/p>\n<p>08:00 Wake-up call<br \/>\n08:30 Lunch<br \/>\n09:00 Ride Only welcome<br \/>\n09:30 Warm-up<br \/>\n10:00 Coaching Session (DH)<br \/>\n12:00 Picnic in Champ\u00e9ry or Les Crosets<br \/>\n13:00 Afternoon Ride Session (DH)<br \/>\n16:30 Snack<br \/>\n17:00 Swimming pool, Beachvolley, Slackline<br \/>\n19:00 Shower &amp; Relax<br \/>\n19:30 Supper<br \/>\n20:30 Welcome night \/ Programme du soir<br \/>\n21:30 Getting ready for bed<br \/>\n22:00 Dodo<\/p>\n<p><strong>Tuesday<\/strong><\/p>\n<p>07:30 Wake up<br \/>\n08:00 Breakfast<br \/>\n08:30 Transfer Hotel &#8211; Ch\u00e2tel<br \/>\n09:30 Warm-up<br \/>\n10:00 Coaching Session (DH)<br \/>\n12:00 Picnic at Ch\u00e2tel<br \/>\n13:00 Afternoon Ride Session (DH)<br \/>\n16:30 Snack<br \/>\n17:00 Transfer Ch\u00e2tel &#8211; Hotel<br \/>\n18:00 XStream Park<br \/>\n19:00 Shower &amp; Relax<br \/>\n19:30 Supper<br \/>\n20:30 Evening program : Ping-Pong, P\u00e9tanque Movie Night, Board Games etc.<br \/>\n21:30 Getting ready for bed<br \/>\n22:00 Dodo<\/p>\n<p><strong>Wednesday<\/strong><\/p>\n<p>07:30 Wake up<br \/>\n08:00 Breakfast<br \/>\n08:30 Transfer Hotel &#8211; Ch\u00e2tel<br \/>\n09:30 Warm-up<br \/>\n10:00 Coaching Session (DH)<br \/>\n12:00 Picnic at Ch\u00e2tel<br \/>\n13:00 Afternoon Ride Session (DH)<br \/>\n16:30 Snack<br \/>\n17:00 Transfer Ch\u00e2tel &#8211; Hotel<br \/>\n18:00 Adventure Park &amp; Ziplines<br \/>\n19:00 Shower &amp; Relax<br \/>\n19:30 Supper<br \/>\n20:30 Evening program : Ping-Pong, P\u00e9tanque Movie Night, Board Games etc.<br \/>\n21:30 Getting ready for bed<br \/>\n22:00 Dodo<\/p>\n<p><strong>Thursday<\/strong><\/p>\n<p>07:30 Wake up<br \/>\n08:00 Breakfast<br \/>\n08:30 Megaride : Les Crosets -&gt; Morzine -&gt; Les<br \/>\n09:00 Gets<br \/>\n12:00 Picnic in Les Gets<br \/>\n13:00 Megaride : Les Gets -&gt; Morzine -&gt; Les Crosets<br \/>\n17:00 Snack<br \/>\n17:30 Shower &amp; Relax<br \/>\n18:30 Wild BBQ Night<br \/>\n21:30 Getting ready for bed<br \/>\n22:00 Dodo<\/p>\n<p><strong>Friday<\/strong><\/p>\n<p>08:00 Wake-up call<br \/>\n08:30 Lunch<br \/>\n09:00 Warm-up<br \/>\n09:30 Coaching Session (DH)<br \/>\n12:00 Picnic in Champ\u00e9ry or Les Crosets<br \/>\n13:00 Afternoon Ride Session (DH)<br \/>\n16:30 Snack<br \/>\n17:00 Shower<br \/>\n17:30 Debriefing and end of camp :)[\/vc_column_text][\/vc_tta_section][vc_tta_section title=&#8221;Security&#8221; tab_id=&#8221;1716914391876-65614c6c-b2c3&#8243;][vc_column_text css=&#8221;&#8221;]At the ESV Portes du Soleil mountain bike camp, the safety of our participants is our top priority during all activities. All our guides and supervisors have the necessary knowledge and many years&#8217; experience of working with young people.<\/p>\n<p><strong>Framing<br \/>\n<\/strong><br \/>\nWe are aware of the responsibility of looking after our participants, and always put their well-being first. That&#8217;s why we&#8217;re available to young people 24 hours a day. In the event of illness or accident, we can seek medical attention on site in just a few minutes.<\/p>\n<p>Our sports offer includes elements that are said to be at risk. We have therefore defined strict procedures to ensure that participants are exposed to a minimum of risk during activities.<\/p>\n<p><strong>In case of emergency<\/strong><br \/>\nVal d&#8217;Illiez (10 min from the hotel) offers a medical center<br \/>\nMonthey (20 min from the hotel) has a branch of the regional hospital (H\u00f4pital Riviera-Chablais):[\/vc_column_text][\/vc_tta_section][\/vc_tta_tabs][vc_column_text][\/vc_column_text][\/vc_column][\/vc_row][vc_row][vc_column][vc_column_text][\/vc_column_text][\/vc_column][\/vc_row]<\/p>\n<\/div>","protected":false},"excerpt":{"rendered":"<p>[vc_row][vc_column][vc_empty_space][vc_row_inner][vc_column_inner width=&#8221;1\/2&#8243;][vc_column_text css=&#8221;&#8221;] The ideal way to keep your children busy during the summer vacations, or for anyone wanting to take their mountain biking to the next level. Discover the ultimate mountain biking experience with the Swiss Mountain Bike School summer camp. Enjoy 600 km of shapely pistes in the&#8230;<\/p>\n","protected":false},"author":1,"featured_media":0,"parent":0,"menu_order":0,"comment_status":"closed","ping_status":"closed","template":"templates\/home-page.php","meta":{"footnotes":""},"class_list":["post-34112","page","type-page","status-publish","hentry"],"yoast_head":"<!-- This site is optimized with the Yoast SEO plugin v26.0 - https:\/\/yoast.com\/wordpress\/plugins\/seo\/ -->\n<title>DH Camp at Portes du Soleil - Refuge le Chaudron<\/title>\n<meta name=\"robots\" content=\"index, follow, max-snippet:-1, max-image-preview:large, max-video-preview:-1\" \/>\n<link rel=\"canonical\" href=\"https:\/\/refugelechaudron-champery.ch\/en\/dh-camp-at-portes-du-soleil\/\" \/>\n<meta property=\"og:locale\" content=\"en_US\" \/>\n<meta property=\"og:type\" content=\"article\" \/>\n<meta property=\"og:title\" content=\"DH Camp at Portes du Soleil - Refuge le Chaudron\" \/>\n<meta property=\"og:description\" content=\"[vc_row][vc_column][vc_empty_space][vc_row_inner][vc_column_inner width=&#8221;1\/2&#8243;][vc_column_text css=&#8221;&#8221;] The ideal way to keep your children busy during the summer vacations, or for anyone wanting to take their mountain biking to the next level. Discover the ultimate mountain biking experience with the Swiss Mountain Bike School summer camp. Enjoy 600 km of shapely pistes in the...\" \/>\n<meta property=\"og:url\" content=\"https:\/\/refugelechaudron-champery.ch\/en\/dh-camp-at-portes-du-soleil\/\" \/>\n<meta property=\"og:site_name\" content=\"Refuge le Chaudron\" \/>\n<meta property=\"article:modified_time\" content=\"2024-07-20T07:57:35+00:00\" \/>\n<meta name=\"twitter:card\" content=\"summary_large_image\" \/>\n<meta name=\"twitter:label1\" content=\"Est. reading time\" \/>\n\t<meta name=\"twitter:data1\" content=\"5 minutes\" \/>\n<script type=\"application\/ld+json\" class=\"yoast-schema-graph\">{\"@context\":\"https:\/\/schema.org\",\"@graph\":[{\"@type\":\"WebPage\",\"@id\":\"https:\/\/refugelechaudron-champery.ch\/en\/dh-camp-at-portes-du-soleil\/\",\"url\":\"https:\/\/refugelechaudron-champery.ch\/en\/dh-camp-at-portes-du-soleil\/\",\"name\":\"DH Camp at Portes du Soleil - Refuge le Chaudron\",\"isPartOf\":{\"@id\":\"https:\/\/refugelechaudron-champery.ch\/en\/#website\"},\"datePublished\":\"2024-05-28T16:36:27+00:00\",\"dateModified\":\"2024-07-20T07:57:35+00:00\",\"breadcrumb\":{\"@id\":\"https:\/\/refugelechaudron-champery.ch\/en\/dh-camp-at-portes-du-soleil\/#breadcrumb\"},\"inLanguage\":\"en-US\",\"potentialAction\":[{\"@type\":\"ReadAction\",\"target\":[\"https:\/\/refugelechaudron-champery.ch\/en\/dh-camp-at-portes-du-soleil\/\"]}]},{\"@type\":\"BreadcrumbList\",\"@id\":\"https:\/\/refugelechaudron-champery.ch\/en\/dh-camp-at-portes-du-soleil\/#breadcrumb\",\"itemListElement\":[{\"@type\":\"ListItem\",\"position\":1,\"name\":\"Home\",\"item\":\"https:\/\/refugelechaudron-champery.ch\/en\/\"},{\"@type\":\"ListItem\",\"position\":2,\"name\":\"DH Camp at Portes du Soleil\"}]},{\"@type\":\"WebSite\",\"@id\":\"https:\/\/refugelechaudron-champery.ch\/en\/#website\",\"url\":\"https:\/\/refugelechaudron-champery.ch\/en\/\",\"name\":\"Refuge le Chaudron\",\"description\":\"Au coeur des Portes du Soleil\",\"potentialAction\":[{\"@type\":\"SearchAction\",\"target\":{\"@type\":\"EntryPoint\",\"urlTemplate\":\"https:\/\/refugelechaudron-champery.ch\/en\/?s={search_term_string}\"},\"query-input\":{\"@type\":\"PropertyValueSpecification\",\"valueRequired\":true,\"valueName\":\"search_term_string\"}}],\"inLanguage\":\"en-US\"}]}<\/script>\n<!-- \/ Yoast SEO plugin. -->","yoast_head_json":{"title":"DH Camp at Portes du Soleil - Refuge le Chaudron","robots":{"index":"index","follow":"follow","max-snippet":"max-snippet:-1","max-image-preview":"max-image-preview:large","max-video-preview":"max-video-preview:-1"},"canonical":"https:\/\/refugelechaudron-champery.ch\/en\/dh-camp-at-portes-du-soleil\/","og_locale":"en_US","og_type":"article","og_title":"DH Camp at Portes du Soleil - Refuge le Chaudron","og_description":"[vc_row][vc_column][vc_empty_space][vc_row_inner][vc_column_inner width=&#8221;1\/2&#8243;][vc_column_text css=&#8221;&#8221;] The ideal way to keep your children busy during the summer vacations, or for anyone wanting to take their mountain biking to the next level. Discover the ultimate mountain biking experience with the Swiss Mountain Bike School summer camp. Enjoy 600 km of shapely pistes in the...","og_url":"https:\/\/refugelechaudron-champery.ch\/en\/dh-camp-at-portes-du-soleil\/","og_site_name":"Refuge le Chaudron","article_modified_time":"2024-07-20T07:57:35+00:00","twitter_card":"summary_large_image","twitter_misc":{"Est. reading time":"5 minutes"},"schema":{"@context":"https:\/\/schema.org","@graph":[{"@type":"WebPage","@id":"https:\/\/refugelechaudron-champery.ch\/en\/dh-camp-at-portes-du-soleil\/","url":"https:\/\/refugelechaudron-champery.ch\/en\/dh-camp-at-portes-du-soleil\/","name":"DH Camp at Portes du Soleil - Refuge le Chaudron","isPartOf":{"@id":"https:\/\/refugelechaudron-champery.ch\/en\/#website"},"datePublished":"2024-05-28T16:36:27+00:00","dateModified":"2024-07-20T07:57:35+00:00","breadcrumb":{"@id":"https:\/\/refugelechaudron-champery.ch\/en\/dh-camp-at-portes-du-soleil\/#breadcrumb"},"inLanguage":"en-US","potentialAction":[{"@type":"ReadAction","target":["https:\/\/refugelechaudron-champery.ch\/en\/dh-camp-at-portes-du-soleil\/"]}]},{"@type":"BreadcrumbList","@id":"https:\/\/refugelechaudron-champery.ch\/en\/dh-camp-at-portes-du-soleil\/#breadcrumb","itemListElement":[{"@type":"ListItem","position":1,"name":"Home","item":"https:\/\/refugelechaudron-champery.ch\/en\/"},{"@type":"ListItem","position":2,"name":"DH Camp at Portes du Soleil"}]},{"@type":"WebSite","@id":"https:\/\/refugelechaudron-champery.ch\/en\/#website","url":"https:\/\/refugelechaudron-champery.ch\/en\/","name":"Refuge le Chaudron","description":"Au coeur des Portes du Soleil","potentialAction":[{"@type":"SearchAction","target":{"@type":"EntryPoint","urlTemplate":"https:\/\/refugelechaudron-champery.ch\/en\/?s={search_term_string}"},"query-input":{"@type":"PropertyValueSpecification","valueRequired":true,"valueName":"search_term_string"}}],"inLanguage":"en-US"}]}},"_links":{"self":[{"href":"https:\/\/refugelechaudron-champery.ch\/en\/wp-json\/wp\/v2\/pages\/34112","targetHints":{"allow":["GET"]}}],"collection":[{"href":"https:\/\/refugelechaudron-champery.ch\/en\/wp-json\/wp\/v2\/pages"}],"about":[{"href":"https:\/\/refugelechaudron-champery.ch\/en\/wp-json\/wp\/v2\/types\/page"}],"author":[{"embeddable":true,"href":"https:\/\/refugelechaudron-champery.ch\/en\/wp-json\/wp\/v2\/users\/1"}],"replies":[{"embeddable":true,"href":"https:\/\/refugelechaudron-champery.ch\/en\/wp-json\/wp\/v2\/comments?post=34112"}],"version-history":[{"count":11,"href":"https:\/\/refugelechaudron-champery.ch\/en\/wp-json\/wp\/v2\/pages\/34112\/revisions"}],"predecessor-version":[{"id":34462,"href":"https:\/\/refugelechaudron-champery.ch\/en\/wp-json\/wp\/v2\/pages\/34112\/revisions\/34462"}],"wp:attachment":[{"href":"https:\/\/refugelechaudron-champery.ch\/en\/wp-json\/wp\/v2\/media?parent=34112"}],"curies":[{"name":"wp","href":"https:\/\/api.w.org\/{rel}","templated":true}]}}