{"id":33544,"date":"2024-05-15T19:37:48","date_gmt":"2024-05-15T17:37:48","guid":{"rendered":"https:\/\/test.chaletmontriond.ch\/?page_id=33544"},"modified":"2024-05-16T17:37:09","modified_gmt":"2024-05-16T15:37:09","slug":"parcours-vttae","status":"publish","type":"page","link":"https:\/\/refugelechaudron-champery.ch\/en\/parcours-vttae\/","title":{"rendered":"Parcours VTTAE"},"content":{"rendered":"<div class=\"wpb-content-wrapper\"><p>[vc_row][vc_column]\n\t\t\t<sr7-module data-alias=\"Error-Module\" data-id=\"ERROR\" id=\"SR7_ERROR_1\" class=\"\" data-version=\"6.7.37\">\n\t\t\t\t<sr7-adjuster><\/sr7-adjuster>\n\t\t\t\t<sr7-content>\n\t\t\t\t\t<sr7-slide id=\"SR7_ERROR_1-1\" data-key=\"1\">\n\t\t\t\t\t\t<sr7-txt id=\"SR7_ERROR_1-1-1\" class=\"sr7-layer\">Slider with alias ete-24 not found.<\/sr7-txt>\n\t\t\t\t\t\t<sr7-txt id=\"SR7_ERROR_1-1-2\" class=\"sr7-layer\">There is nothing to show here!<\/sr7-txt>\n\t\t\t\t\t\t<sr7-txt id=\"SR7_ERROR_1-1-3\" class=\"sr7-layer\"><i class=\"fa-warning\"><\/i><\/sr7-txt>\n\t\t\t\t\t<\/sr7-slide>\n\t\t\t\t<\/sr7-content>\n\t\t\t<\/sr7-module>\n\t\t\t<script>\n\t\t\t\twindow.SR7 ??= {};\n\t\t\t\tSR7.JSON ??= {};\n\t\t\t\tSR7.JSON[\"SR7_ERROR_1\"] = {id:\"ERROR\", settings:{\"title\":\"Error Module\",\"alias\":\"Error Module\",\"type\":\"hero\", \"size\":{\"width\": [1240,1240,1024,778,480],\"height\": [600,600,600,600,480]}},\"slides\":{\"1\":{\"slide\":{\"id\":\"1\",\"version\":\"6.7.37\",\"order\":1},\"layers\":{\"1\":{\"fluid\":{\"tx\":true,\"tr\":true,\"sp\":true},\"id\":1,\"alias\":\"Subtext\",\"size\":{\"w\":[\"850px\",\"800px\",\"600px\",\"450px\",\"450px\"]}, \"content\":{\"text\":\"Slider with alias ete-24 not found.\"},\"pos\":{\"y\":[\"30px\",\"30px\",\"20px\",\"16px\",\"13px\"],\"h\":[\"center\",\"center\",\"center\",\"center\",\"center\"],\"v\":[\"middle\",\"middle\",\"middle\",\"middle\",\"middle\"],\"pos\":\"absolute\"},\"zIndex\":6,\"order\":6,\"display\":[\"block\",\"block\",\"block\",\"block\",\"block\"],\"tl\":{\"in\":{\"content\":{\"all\":[{\"t\":0,\"d\":0,\"f\":0,\"e\":\"power3.inOut\",\"pE\":\"d\",\"sX\":0.9,\"sY\":0.9,\"o\":0},{\"t\":370,\"d\":850,\"f\":850,\"e\":\"power3.inOut\",\"pE\":\"d\",\"sX\":1,\"sY\":1,\"o\":1}]}},\"out\":{\"content\":{\"all\":[{\"t\":0,\"d\":300,\"f\":300,\"e\":\"power3.inOut\",\"pE\":\"n\",\"o\":0}]}}},\"tA\":[\"center\",\"center\",\"center\",\"center\",\"center\"],\"color\":[\"#000000\",\"#000000\",\"#000000\",\"#000000\",\"#000000\"],\"font\":{\"family\":'Arial, Helvetica, sans-serif',\"size\":[\"#a\",20,16,12,7],\"weight\":[\"200\",\"200\",\"200\",\"200\",\"200\"],\"ls\":[0,0,0,0,0]},\"lh\":[\"#a\",\"24px\",\"20px\",\"16px\",\"7px\"],\"type\":\"text\"},\"2\":{\"fluid\":{\"tx\":true,\"tr\":true,\"sp\":true},\"id\":2,\"alias\":\"Title\",\"content\":{\"text\":\"There is nothing to show here!\"},\"pos\":{\"y\":[\"-20px\",\"-20px\",\"-16px\",\"-12px\",\"-7px\"],\"h\":[\"center\",\"center\",\"center\",\"center\",\"center\"],\"v\":[\"middle\",\"middle\",\"middle\",\"middle\",\"middle\"],\"pos\":\"absolute\"},\"zIndex\":7,\"order\":7,\"display\":[\"block\",\"block\",\"block\",\"block\",\"block\"],\"tl\":{\"in\":{\"content\":{\"all\":[{\"t\":0,\"d\":0,\"f\":0,\"e\":\"power3.inOut\",\"pE\":\"d\",\"sX\":0.9,\"sY\":0.9,\"o\":0},{\"t\":200,\"d\":1000,\"f\":1000,\"e\":\"power3.inOut\",\"pE\":\"d\",\"sX\":1,\"sY\":1,\"o\":1}]}},\"out\":{\"content\":{\"all\":[{\"t\":0,\"d\":300,\"f\":300,\"e\":\"power3.inOut\",\"pE\":\"n\",\"o\":0}]}}},\"tA\":[\"center\",\"center\",\"center\",\"center\",\"center\"],\"color\":[\"#000000\",\"#000000\",\"#000000\",\"#000000\",\"#000000\"],\"font\":{\"family\":\"'Arial, Helvetica, sans-serif'\",\"size\":[\"30px\",\"30px\",\"24px\",\"18px\",\"11px\"],\"weight\":[\"200\",\"200\",\"200\",\"200\",\"200\"],\"ls\":[0,0,0,0,0]},\"lh\":[\"30px\",\"30px\",\"24px\",\"18px\",\"11px\"],\"type\":\"text\"},\"3\":{\"fluid\":{\"tx\":true,\"tr\":true,\"sp\":true},\"id\":3,\"alias\":\"Title\",\"content\":{\"text\":\"<i class=\\\"fa-warning\\\"><\/i>\"},\"pos\":{\"y\":[\"-70px\",\"-70px\",\"-57px\",\"-43px\",\"-26px\"],\"h\":[\"center\",\"center\",\"center\",\"center\",\"center\"],\"v\":[\"middle\",\"middle\",\"middle\",\"middle\",\"middle\"],\"pos\":\"absolute\"},\"zIndex\":8,\"order\":8,\"display\":[\"block\",\"block\",\"block\",\"block\",\"block\"],\"tl\":{\"in\":{\"content\":{\"all\":[{\"t\":0,\"d\":0,\"f\":0,\"e\":\"power3.inOut\",\"pE\":\"d\",\"sX\":0.9,\"sY\":0.9,\"o\":0},{\"t\":0,\"d\":1040,\"f\":1040,\"e\":\"power3.inOut\",\"pE\":\"d\",\"sX\":1,\"sY\":1,\"o\":1}]}},\"out\":{\"content\":{\"all\":[{\"t\":0,\"d\":300,\"f\":300,\"e\":\"power3.inOut\",\"pE\":\"n\",\"o\":0}]}}},\"tA\":[\"center\",\"center\",\"center\",\"center\",\"center\"],\"color\":[\"#ff3a2d\",\"#ff3a2d\",\"#ff3a2d\",\"#ff3a2d\",\"#ff3a2d\"],\"font\":{\"family\":\"'Arial, Helvetica, sans-serif'\",\"size\":[\"50px\",\"50px\",\"41px\",\"31px\",\"19px\"],\"weight\":[400,400,400,400,400],\"ls\":[0,0,0,0,0]},\"lh\":[\"50px\",\"50px\",\"41px\",\"31px\",\"19px\"],\"type\":\"text\"},\"32\":{\"rTo\":\"slide\",\"id\":32,\"subtype\":\"slidebg\",\"size\":{\"cMode\":\"cover\"},\"bg\":{\"color\":\"#ffffff\"},\"tl\":{\"in\":{\"bg\":{\"ms\":1000,\"rnd\":false,\"temp\":{\"t\":\"*opacity* Fade In\",\"p\":\"fade\",\"m\":\"basic\",\"g\":\"fade\"},\"in\":{\"o\":0},\"out\":{\"a\":false}}}},\"type\":\"shape\"}}}}}\n\t\t\t\tSR7.PMH ??={}; SR7.PMH[\"SR7_ERROR_1\"] = {cn:0,state:false,fn: function() { if (_tpt!==undefined && _tpt.prepareModuleHeight !== undefined) {_tpt.prepareModuleHeight({id:\"SR7_ERROR_1\",\"size\":{\"width\":[1240,1240,1024,778,480],\"height\":[900,900,768,960,720]}}); SR7.PMH[\"SR7_ERROR_1\"].state=true;} else if((SR7.PMH[\"SR7_ERROR_1\"].cn++)<100) setTimeout( SR7.PMH[\"SR7_ERROR_1\"].fn,19);}}; SR7.PMH[\"SR7_ERROR_1\" ].fn();\t\t\t<\/script>\n[vc_empty_space]<div class=\"thim-widget-heading template-default\"><div class=\"thim-sc-heading\" >\n\t\t<div class=\"article_heading \">\n\t\t\t\n\t\t\t<p class=\"heading_primary\"  >UN SEJOUR AGREABLE ET VARIE<\/p>\n\t\t\t\n\t\t\t\n\t\t<\/div>\n\t<\/div><\/div>[vc_empty_space][vc_column_text]Discover a wide range of activities in summer and winter in the dents du midi region. Whether you are looking for a new experience, adrenaline, soft tourism or a discovery of the region, there are various activities on offer at any time of year!<\/p>\n<p>Discover a vast and beautiful region and share magical moments![\/vc_column_text][\/vc_column][\/vc_row][vc_row][vc_column width=&#8221;1\/2&#8243;][vc_empty_space][vc_raw_html css=&#8221;&#8221;]JTNDc2NyaXB0JTIwdHlwZSUzRCUyMnRleHQlMkZqYXZhc2NyaXB0JTIyJTIwc3JjJTNEJTIyaHR0cHMlM0ElMkYlMkZ3d3cub3V0ZG9vcmFjdGl2ZS5jb20lMkZlbiUyRmVtYmVkJTJGMjQ0OTcxMzYlMkZqcyUzRm13JTNEdHJ1ZSUyMiUzRSUzQyUyRnNjcmlwdCUzRQ==[\/vc_raw_html][\/vc_column][vc_column width=&#8221;1\/2&#8243;][vc_empty_space][vc_raw_html css=&#8221;&#8221;]JTNDc2NyaXB0JTIwdHlwZSUzRCUyMnRleHQlMkZqYXZhc2NyaXB0JTIyJTIwc3JjJTNEJTIyaHR0cHMlM0ElMkYlMkZ3d3cub3V0ZG9vcmFjdGl2ZS5jb20lMkZlbiUyRmVtYmVkJTJGMjc0NjAzODY1JTJGanMlM0ZtdyUzRGZhbHNlJTIyJTNFJTNDJTJGc2NyaXB0JTNF[\/vc_raw_html][\/vc_column][\/vc_row][vc_row][vc_column width=&#8221;1\/2&#8243;]<div class=\"thim-widget-heading template-default\"><div class=\"thim-sc-heading\" >\n\t\t<div class=\"article_heading \">\n\t\t\t\n\t\t\t<p class=\"heading_primary\"  >Activit\u00e9s hivernales<\/p>\n\t\t\t\n\t\t\t\n\t\t<\/div>\n\t<\/div><\/div>[vc_empty_space][vc_raw_html css=&#8221;&#8221;]JTNDc2NyaXB0JTIwdHlwZSUzRCUyMnRleHQlMkZqYXZhc2NyaXB0JTIyJTIwc3JjJTNEJTIyaHR0cHMlM0ElMkYlMkZ3d3cub3V0ZG9vcmFjdGl2ZS5jb20lMkZlbiUyRmVtYmVkJTJGMjAyODA5NDU0JTJGanMlM0ZtdyUzRGZhbHNlJTIyJTNFJTNDJTJGc2NyaXB0JTNF[\/vc_raw_html][\/vc_column][vc_column width=&#8221;1\/2&#8243;]<div class=\"thim-widget-heading template-default\"><div class=\"thim-sc-heading\" >\n\t\t<div class=\"article_heading \">\n\t\t\t\n\t\t\t<p class=\"heading_primary\"  >Activit\u00e9s d'\u00e9t\u00e9<\/p>\n\t\t\t\n\t\t\t\n\t\t<\/div>\n\t<\/div><\/div>[vc_empty_space][vc_raw_html css=&#8221;&#8221;]JTNDc2NyaXB0JTIwdHlwZSUzRCUyMnRleHQlMkZqYXZhc2NyaXB0JTIyJTIwc3JjJTNEJTIyaHR0cHMlM0ElMkYlMkZ3d3cub3V0ZG9vcmFjdGl2ZS5jb20lMkZlbiUyRmVtYmVkJTJGMjQ3NzQ4MDY4JTJGanMlM0ZtdyUzRGZhbHNlJTIyJTNFJTNDJTJGc2NyaXB0JTNF[\/vc_raw_html][\/vc_column][\/vc_row][vc_row][vc_column][vc_empty_space][\/vc_column][\/vc_row]<\/p>\n<\/div>","protected":false},"excerpt":{"rendered":"<p>[vc_row][vc_column][vc_empty_space][vc_empty_space][vc_column_text]Discover a wide range of activities in summer and winter in the dents du midi region. Whether you are looking for a new experience, adrenaline, soft tourism or a discovery of the region, there are various activities on offer at any time of year! Discover a vast and beautiful region&#8230;<\/p>\n","protected":false},"author":1,"featured_media":0,"parent":0,"menu_order":0,"comment_status":"closed","ping_status":"closed","template":"templates\/home-page.php","meta":{"footnotes":""},"class_list":["post-33544","page","type-page","status-publish","hentry"],"yoast_head":"<!-- This site is optimized with the Yoast SEO plugin v26.0 - https:\/\/yoast.com\/wordpress\/plugins\/seo\/ -->\n<title>Parcours VTTAE - Refuge le Chaudron<\/title>\n<meta name=\"robots\" content=\"index, follow, max-snippet:-1, max-image-preview:large, max-video-preview:-1\" \/>\n<link rel=\"canonical\" href=\"https:\/\/refugelechaudron-champery.ch\/en\/parcours-vttae\/\" \/>\n<meta property=\"og:locale\" content=\"en_US\" \/>\n<meta property=\"og:type\" content=\"article\" \/>\n<meta property=\"og:title\" content=\"Parcours VTTAE - Refuge le Chaudron\" \/>\n<meta property=\"og:description\" content=\"[vc_row][vc_column][vc_empty_space][vc_empty_space][vc_column_text]Discover a wide range of activities in summer and winter in the dents du midi region. Whether you are looking for a new experience, adrenaline, soft tourism or a discovery of the region, there are various activities on offer at any time of year! Discover a vast and beautiful region...\" \/>\n<meta property=\"og:url\" content=\"https:\/\/refugelechaudron-champery.ch\/en\/parcours-vttae\/\" \/>\n<meta property=\"og:site_name\" content=\"Refuge le Chaudron\" \/>\n<meta property=\"article:modified_time\" content=\"2024-05-16T15:37:09+00:00\" \/>\n<meta name=\"twitter:card\" content=\"summary_large_image\" \/>\n<meta name=\"twitter:label1\" content=\"Est. reading time\" \/>\n\t<meta name=\"twitter:data1\" content=\"1 minute\" \/>\n<script type=\"application\/ld+json\" class=\"yoast-schema-graph\">{\"@context\":\"https:\/\/schema.org\",\"@graph\":[{\"@type\":\"WebPage\",\"@id\":\"https:\/\/refugelechaudron-champery.ch\/en\/parcours-vttae\/\",\"url\":\"https:\/\/refugelechaudron-champery.ch\/en\/parcours-vttae\/\",\"name\":\"Parcours VTTAE - Refuge le Chaudron\",\"isPartOf\":{\"@id\":\"https:\/\/refugelechaudron-champery.ch\/en\/#website\"},\"datePublished\":\"2024-05-15T17:37:48+00:00\",\"dateModified\":\"2024-05-16T15:37:09+00:00\",\"breadcrumb\":{\"@id\":\"https:\/\/refugelechaudron-champery.ch\/en\/parcours-vttae\/#breadcrumb\"},\"inLanguage\":\"en-US\",\"potentialAction\":[{\"@type\":\"ReadAction\",\"target\":[\"https:\/\/refugelechaudron-champery.ch\/en\/parcours-vttae\/\"]}]},{\"@type\":\"BreadcrumbList\",\"@id\":\"https:\/\/refugelechaudron-champery.ch\/en\/parcours-vttae\/#breadcrumb\",\"itemListElement\":[{\"@type\":\"ListItem\",\"position\":1,\"name\":\"Home\",\"item\":\"https:\/\/refugelechaudron-champery.ch\/en\/\"},{\"@type\":\"ListItem\",\"position\":2,\"name\":\"Parcours VTTAE\"}]},{\"@type\":\"WebSite\",\"@id\":\"https:\/\/refugelechaudron-champery.ch\/en\/#website\",\"url\":\"https:\/\/refugelechaudron-champery.ch\/en\/\",\"name\":\"Refuge le Chaudron\",\"description\":\"Au coeur des Portes du Soleil\",\"potentialAction\":[{\"@type\":\"SearchAction\",\"target\":{\"@type\":\"EntryPoint\",\"urlTemplate\":\"https:\/\/refugelechaudron-champery.ch\/en\/?s={search_term_string}\"},\"query-input\":{\"@type\":\"PropertyValueSpecification\",\"valueRequired\":true,\"valueName\":\"search_term_string\"}}],\"inLanguage\":\"en-US\"}]}<\/script>\n<!-- \/ Yoast SEO plugin. -->","yoast_head_json":{"title":"Parcours VTTAE - Refuge le Chaudron","robots":{"index":"index","follow":"follow","max-snippet":"max-snippet:-1","max-image-preview":"max-image-preview:large","max-video-preview":"max-video-preview:-1"},"canonical":"https:\/\/refugelechaudron-champery.ch\/en\/parcours-vttae\/","og_locale":"en_US","og_type":"article","og_title":"Parcours VTTAE - Refuge le Chaudron","og_description":"[vc_row][vc_column][vc_empty_space][vc_empty_space][vc_column_text]Discover a wide range of activities in summer and winter in the dents du midi region. Whether you are looking for a new experience, adrenaline, soft tourism or a discovery of the region, there are various activities on offer at any time of year! Discover a vast and beautiful region...","og_url":"https:\/\/refugelechaudron-champery.ch\/en\/parcours-vttae\/","og_site_name":"Refuge le Chaudron","article_modified_time":"2024-05-16T15:37:09+00:00","twitter_card":"summary_large_image","twitter_misc":{"Est. reading time":"1 minute"},"schema":{"@context":"https:\/\/schema.org","@graph":[{"@type":"WebPage","@id":"https:\/\/refugelechaudron-champery.ch\/en\/parcours-vttae\/","url":"https:\/\/refugelechaudron-champery.ch\/en\/parcours-vttae\/","name":"Parcours VTTAE - Refuge le Chaudron","isPartOf":{"@id":"https:\/\/refugelechaudron-champery.ch\/en\/#website"},"datePublished":"2024-05-15T17:37:48+00:00","dateModified":"2024-05-16T15:37:09+00:00","breadcrumb":{"@id":"https:\/\/refugelechaudron-champery.ch\/en\/parcours-vttae\/#breadcrumb"},"inLanguage":"en-US","potentialAction":[{"@type":"ReadAction","target":["https:\/\/refugelechaudron-champery.ch\/en\/parcours-vttae\/"]}]},{"@type":"BreadcrumbList","@id":"https:\/\/refugelechaudron-champery.ch\/en\/parcours-vttae\/#breadcrumb","itemListElement":[{"@type":"ListItem","position":1,"name":"Home","item":"https:\/\/refugelechaudron-champery.ch\/en\/"},{"@type":"ListItem","position":2,"name":"Parcours VTTAE"}]},{"@type":"WebSite","@id":"https:\/\/refugelechaudron-champery.ch\/en\/#website","url":"https:\/\/refugelechaudron-champery.ch\/en\/","name":"Refuge le Chaudron","description":"Au coeur des Portes du Soleil","potentialAction":[{"@type":"SearchAction","target":{"@type":"EntryPoint","urlTemplate":"https:\/\/refugelechaudron-champery.ch\/en\/?s={search_term_string}"},"query-input":{"@type":"PropertyValueSpecification","valueRequired":true,"valueName":"search_term_string"}}],"inLanguage":"en-US"}]}},"_links":{"self":[{"href":"https:\/\/refugelechaudron-champery.ch\/en\/wp-json\/wp\/v2\/pages\/33544","targetHints":{"allow":["GET"]}}],"collection":[{"href":"https:\/\/refugelechaudron-champery.ch\/en\/wp-json\/wp\/v2\/pages"}],"about":[{"href":"https:\/\/refugelechaudron-champery.ch\/en\/wp-json\/wp\/v2\/types\/page"}],"author":[{"embeddable":true,"href":"https:\/\/refugelechaudron-champery.ch\/en\/wp-json\/wp\/v2\/users\/1"}],"replies":[{"embeddable":true,"href":"https:\/\/refugelechaudron-champery.ch\/en\/wp-json\/wp\/v2\/comments?post=33544"}],"version-history":[{"count":7,"href":"https:\/\/refugelechaudron-champery.ch\/en\/wp-json\/wp\/v2\/pages\/33544\/revisions"}],"predecessor-version":[{"id":33700,"href":"https:\/\/refugelechaudron-champery.ch\/en\/wp-json\/wp\/v2\/pages\/33544\/revisions\/33700"}],"wp:attachment":[{"href":"https:\/\/refugelechaudron-champery.ch\/en\/wp-json\/wp\/v2\/media?parent=33544"}],"curies":[{"name":"wp","href":"https:\/\/api.w.org\/{rel}","templated":true}]}}