{"id":32720,"date":"2019-10-05T10:59:31","date_gmt":"2019-10-05T08:59:31","guid":{"rendered":"https:\/\/test.chaletmontriond.ch\/group-offers\/"},"modified":"2025-09-09T19:57:48","modified_gmt":"2025-09-09T17:57:48","slug":"group-offers","status":"publish","type":"page","link":"https:\/\/refugelechaudron-champery.ch\/en\/group-offers\/","title":{"rendered":"Group offers"},"content":{"rendered":"<div class=\"wpb-content-wrapper\"><p>[vc_row][vc_column]\n\t\t\t\t<p class=\"rs-p-wp-fix\"><\/p>\n\t\t\t\t<sr7-module data-alias=\"hiver-24-en\" data-id=\"24\" id=\"SR7_24_1\" class=\"rs-ov-hidden\" data-version=\"6.7.37\">\n\t\t\t\t\t<sr7-adjuster><\/sr7-adjuster>\n\t\t\t\t\t<sr7-content>\n\t\t\t\t\t\t<sr7-slide id=\"SR7_24_1-242\" data-key=\"242\">\n\t\t\t\t\t\t\t<sr7-bg id=\"SR7_24_1-242-5\" class=\"sr7-layer\"><noscript><img decoding=\"async\" src=\"https:\/\/refugelechaudron-champery.ch\/wp-content\/uploads\/2016\/10\/Hiver_2_1920_600.png\" alt=\"\" title=\"Hiver_2_1920_600\"><\/noscript><\/sr7-bg>\n\t\t\t\t\t\t\t<sr7-txt id=\"SR7_24_1-242-0\" class=\"sr7-layer\">Le Chaudron, nearly 2,000 metres of altitude in the heart of Portes du Soleil<\/sr7-txt>\n\t\t\t\t\t\t\t<a id=\"SR7_24_1-242-1\" class=\"sr7-layer\" href=\"https:\/\/refugelechaudron-champery.ch\/?saison=ete\" target=\"_self\">Ete<\/a>\n\t\t\t\t\t\t\t<sr7-txt id=\"SR7_24_1-242-2\" class=\"sr7-layer\">650 km of slopes at your feet<\/sr7-txt>\n\t\t\t\t\t\t<\/sr7-slide>\n\t\t\t\t\t\t<sr7-slide id=\"SR7_24_1-243\" data-key=\"243\">\n\t\t\t\t\t\t\t<sr7-bg id=\"SR7_24_1-243-5\" class=\"sr7-layer\"><noscript><img decoding=\"async\" src=\"https:\/\/refugelechaudron-champery.ch\/wp-content\/uploads\/2016\/10\/Ete_4_1920_600.jpg\" alt=\"\" title=\"Ete_4_1920_600\"><\/noscript><\/sr7-bg>\n\t\t\t\t\t\t\t<sr7-txt id=\"SR7_24_1-243-0\" class=\"sr7-layer\">All our rooms with mountain views<\/sr7-txt>\n\t\t\t\t\t\t\t<a id=\"SR7_24_1-243-3\" class=\"sr7-layer\" href=\"https:\/\/refugelechaudron-champery.ch\/?saison=ete\" target=\"_self\">Ete<\/a>\n\t\t\t\t\t\t<\/sr7-slide>\n\t\t\t\t\t\t<sr7-slide id=\"SR7_24_1-244\" data-key=\"244\">\n\t\t\t\t\t\t\t<sr7-bg id=\"SR7_24_1-244-6\" class=\"sr7-layer\"><noscript><img decoding=\"async\" src=\"https:\/\/refugelechaudron-champery.ch\/wp-content\/uploads\/2024\/05\/Domaine_PDS_1920_600.png\" alt=\"\" title=\"Domaine_PDS_1920_600\"><\/noscript><\/sr7-bg>\n\t\t\t\t\t\t\t<sr7-txt id=\"SR7_24_1-244-0\" class=\"sr7-layer\">Les Portes du Soleil, the largest ski area in Europe<\/sr7-txt>\n\t\t\t\t\t\t\t<a id=\"SR7_24_1-244-5\" class=\"sr7-layer\" href=\"https:\/\/refugelechaudron-champery.ch\/?saison=ete\" target=\"_self\">Ete<\/a>\n\t\t\t\t\t\t<\/sr7-slide>\n\t\t\t\t\t\t<sr7-slide id=\"SR7_24_1-245\" data-key=\"245\">\n\t\t\t\t\t\t\t<sr7-bg id=\"SR7_24_1-245-7\" class=\"sr7-layer\"><noscript><img decoding=\"async\" src=\"https:\/\/refugelechaudron-champery.ch\/wp-content\/uploads\/2016\/10\/Hiver_4_1920_600.png\" alt=\"\" title=\"Hiver_4_1920_600\"><\/noscript><\/sr7-bg>\n\t\t\t\t\t\t\t<sr7-txt id=\"SR7_24_1-245-0\" class=\"sr7-layer\">Un coucher de soleil impresionnant, le r\u00e9confort apr\u00e8s une journ\u00e9e de ski<\/sr7-txt>\n\t\t\t\t\t\t\t<a id=\"SR7_24_1-245-6\" class=\"sr7-layer\" href=\"https:\/\/refugelechaudron-champery.ch\/?saison=ete\" target=\"_self\">Ete<\/a>\n\t\t\t\t\t\t<\/sr7-slide>\n\t\t\t\t\t\t<sr7-slide id=\"SR7_24_1-246\" data-key=\"246\">\n\t\t\t\t\t\t\t<sr7-bg id=\"SR7_24_1-246-8\" class=\"sr7-layer\"><noscript><img decoding=\"async\" src=\"https:\/\/refugelechaudron-champery.ch\/wp-content\/uploads\/2016\/10\/Hiver_3_1920_600.png\" alt=\"\" title=\"Hiver_3_1920_600\"><\/noscript><\/sr7-bg>\n\t\t\t\t\t\t\t<sr7-txt id=\"SR7_24_1-246-0\" class=\"sr7-layer\">A meal with friends after a day of skiing...<\/sr7-txt>\n\t\t\t\t\t\t\t<a id=\"SR7_24_1-246-7\" class=\"sr7-layer\" href=\"https:\/\/refugelechaudron-champery.ch\/?saison=ete\" target=\"_self\">Ete<\/a>\n\t\t\t\t\t\t<\/sr7-slide>\n\t\t\t\t\t\t<sr7-slide id=\"SR7_24_1-247\" data-key=\"247\">\n\t\t\t\t\t\t\t<sr7-bg id=\"SR7_24_1-247-9\" class=\"sr7-layer\"><noscript><img decoding=\"async\" src=\"https:\/\/refugelechaudron-champery.ch\/wp-content\/uploads\/2016\/10\/Hiver_6_1920_600.png\" alt=\"\" title=\"Hiver_6_1920_600\"><\/noscript><\/sr7-bg>\n\t\t\t\t\t\t\t<sr7-txt id=\"SR7_24_1-247-0\" class=\"sr7-layer\">Our game room for kids and adults<\/sr7-txt>\n\t\t\t\t\t\t\t<a id=\"SR7_24_1-247-8\" class=\"sr7-layer\" href=\"https:\/\/refugelechaudron-champery.ch\/?saison=ete\" target=\"_self\">Ete<\/a>\n\t\t\t\t\t\t<\/sr7-slide>\n\t\t\t\t\t\t<sr7-slide id=\"SR7_24_1-248\" data-key=\"248\">\n\t\t\t\t\t\t\t<sr7-bg id=\"SR7_24_1-248-10\" class=\"sr7-layer\"><noscript><img decoding=\"async\" src=\"https:\/\/refugelechaudron-champery.ch\/wp-content\/uploads\/2016\/10\/Hiver_8_1920_600.png\" alt=\"\" title=\"Hiver_8_1920_600\"><\/noscript><\/sr7-bg>\n\t\t\t\t\t\t\t<sr7-txt id=\"SR7_24_1-248-0\" class=\"sr7-layer\">For non-skiers, beautiful walks await you.<\/sr7-txt>\n\t\t\t\t\t\t\t<a id=\"SR7_24_1-248-9\" class=\"sr7-layer\" href=\"https:\/\/refugelechaudron-champery.ch\/?saison=ete\" target=\"_self\">Ete<\/a>\n\t\t\t\t\t\t<\/sr7-slide>\n\t\t\t\t\t\t<sr7-slide id=\"SR7_24_1-249\" data-key=\"249\">\n\t\t\t\t\t\t\t<sr7-bg id=\"SR7_24_1-249-11\" class=\"sr7-layer\"><noscript><img decoding=\"async\" src=\"https:\/\/refugelechaudron-champery.ch\/wp-content\/uploads\/2016\/10\/Hiver_5_1920_600.png\" alt=\"\" title=\"Hiver_5_1920_600\"><\/noscript><\/sr7-bg>\n\t\t\t\t\t\t\t<sr7-txt id=\"SR7_24_1-249-0\" class=\"sr7-layer\">Une vue nocturne depuis votre balcon<\/sr7-txt>\n\t\t\t\t\t\t\t<a id=\"SR7_24_1-249-10\" class=\"sr7-layer\" href=\"https:\/\/refugelechaudron-champery.ch\/?saison=ete\" target=\"_self\">Ete<\/a>\n\t\t\t\t\t\t<\/sr7-slide>\n\t\t\t\t\t\t<sr7-slide id=\"SR7_24_1-250\" data-key=\"250\">\n\t\t\t\t\t\t\t<sr7-bg id=\"SR7_24_1-250-12\" class=\"sr7-layer\"><noscript><img decoding=\"async\" src=\"https:\/\/refugelechaudron-champery.ch\/wp-content\/uploads\/2016\/10\/Hiver_9_1920_600.png\" alt=\"\" title=\"Hiver_9_1920_600\"><\/noscript><\/sr7-bg>\n\t\t\t\t\t\t\t<sr7-txt id=\"SR7_24_1-250-0\" class=\"sr7-layer\">The entire team at Le Chaudron looks forward to welcoming you.<\/sr7-txt>\n\t\t\t\t\t\t\t<sr7-txt id=\"SR7_24_1-250-2\" class=\"sr7-layer\">Nature, sport and serenity in the heart of the Alps<\/sr7-txt>\n\t\t\t\t\t\t\t<a id=\"SR7_24_1-250-11\" class=\"sr7-layer\" href=\"https:\/\/refugelechaudron-champery.ch\/?saison=ete\" target=\"_self\">Ete<\/a>\n\t\t\t\t\t\t<\/sr7-slide>\n\t\t\t\t\t\t<sr7-slide id=\"SR7_24_1-251\" data-key=\"251\">\n\t\t\t\t\t\t<\/sr7-slide>\n\t\t\t\t\t<\/sr7-content>\n\t\t\t\t\t<image_lists style=\"display:none\">\n\t\t\t\t\t\t<img data-src=\"\/\/refugelechaudron-champery.ch\/wp-content\/uploads\/revslider\/ete-24\/Flag_of_Switzerland_Pantone.svg_-300x300.png\" data-libid=\"32789\" data-lib=\"medialibrary\" title=\"Flag_of_Switzerland_Pantone.svg_-300&#215;300.png\" width=\"0\" height=\"0\" data-dbsrc=\"Ly9yZWZ1Z2VsZWNoYXVkcm9uLWNoYW1wZXJ5LmNoL3dwLWNvbnRlbnQvdXBsb2Fkcy9yZXZzbGlkZXIvZXRlLTI0L0ZsYWdfb2ZfU3dpdHplcmxhbmRfUGFudG9uZS5zdmdfLTMwMHgzMDAucG5n\"\/>\n\t\t\t\t\t\t<img data-src=\"\/\/refugelechaudron-champery.ch\/wp-content\/uploads\/2016\/10\/Hiver_2_1920_600.png\" data-libid=\"34987\" data-lib=\"medialibrary\" title=\"Hiver_2_1920_600\" width=\"0\" height=\"0\" data-dbsrc=\"Ly9yZWZ1Z2VsZWNoYXVkcm9uLWNoYW1wZXJ5LmNoL3dwLWNvbnRlbnQvdXBsb2Fkcy8yMDE2LzEwL0hpdmVyXzJfMTkyMF82MDAucG5n\"\/>\n\t\t\t\t\t\t<img data-src=\"\/\/refugelechaudron-champery.ch\/wp-content\/uploads\/2016\/10\/Ete_4_1920_600.jpg\" data-libid=\"34948\" data-lib=\"medialibrary\" title=\"Ete_4_1920_600\" width=\"0\" height=\"0\" data-dbsrc=\"Ly9yZWZ1Z2VsZWNoYXVkcm9uLWNoYW1wZXJ5LmNoL3dwLWNvbnRlbnQvdXBsb2Fkcy8yMDE2LzEwL0V0ZV80XzE5MjBfNjAwLmpwZw==\"\/>\n\t\t\t\t\t\t<img data-src=\"\/\/refugelechaudron-champery.ch\/wp-content\/uploads\/2024\/05\/Domaine_PDS_1920_600.png\" data-libid=\"33397\" data-lib=\"medialibrary\" title=\"Domaine_PDS_1920_600\" width=\"0\" height=\"0\" data-dbsrc=\"Ly9yZWZ1Z2VsZWNoYXVkcm9uLWNoYW1wZXJ5LmNoL3dwLWNvbnRlbnQvdXBsb2Fkcy8yMDI0LzA1L0RvbWFpbmVfUERTXzE5MjBfNjAwLnBuZw==\"\/>\n\t\t\t\t\t\t<img data-src=\"\/\/refugelechaudron-champery.ch\/wp-content\/uploads\/2016\/10\/Hiver_4_1920_600.png\" data-libid=\"34990\" data-lib=\"medialibrary\" title=\"Hiver_4_1920_600\" width=\"0\" height=\"0\" data-dbsrc=\"Ly9yZWZ1Z2VsZWNoYXVkcm9uLWNoYW1wZXJ5LmNoL3dwLWNvbnRlbnQvdXBsb2Fkcy8yMDE2LzEwL0hpdmVyXzRfMTkyMF82MDAucG5n\"\/>\n\t\t\t\t\t\t<img data-src=\"\/\/refugelechaudron-champery.ch\/wp-content\/uploads\/2016\/10\/Hiver_3_1920_600.png\" data-libid=\"34996\" data-lib=\"medialibrary\" title=\"Hiver_3_1920_600\" width=\"0\" height=\"0\" data-dbsrc=\"Ly9yZWZ1Z2VsZWNoYXVkcm9uLWNoYW1wZXJ5LmNoL3dwLWNvbnRlbnQvdXBsb2Fkcy8yMDE2LzEwL0hpdmVyXzNfMTkyMF82MDAucG5n\"\/>\n\t\t\t\t\t\t<img data-src=\"\/\/refugelechaudron-champery.ch\/wp-content\/uploads\/2016\/10\/Hiver_6_1920_600.png\" data-libid=\"35002\" data-lib=\"medialibrary\" title=\"Hiver_6_1920_600\" width=\"0\" height=\"0\" data-dbsrc=\"Ly9yZWZ1Z2VsZWNoYXVkcm9uLWNoYW1wZXJ5LmNoL3dwLWNvbnRlbnQvdXBsb2Fkcy8yMDE2LzEwL0hpdmVyXzZfMTkyMF82MDAucG5n\"\/>\n\t\t\t\t\t\t<img data-src=\"\/\/refugelechaudron-champery.ch\/wp-content\/uploads\/2016\/10\/Hiver_8_1920_600.png\" data-libid=\"34633\" data-lib=\"medialibrary\" title=\"Hiver_8_1920_600\" width=\"0\" height=\"0\" data-dbsrc=\"Ly9yZWZ1Z2VsZWNoYXVkcm9uLWNoYW1wZXJ5LmNoL3dwLWNvbnRlbnQvdXBsb2Fkcy8yMDE2LzEwL0hpdmVyXzhfMTkyMF82MDAucG5n\"\/>\n\t\t\t\t\t\t<img data-src=\"\/\/refugelechaudron-champery.ch\/wp-content\/uploads\/2016\/10\/Hiver_5_1920_600.png\" data-libid=\"34999\" data-lib=\"medialibrary\" title=\"Hiver_5_1920_600\" width=\"0\" height=\"0\" data-dbsrc=\"Ly9yZWZ1Z2VsZWNoYXVkcm9uLWNoYW1wZXJ5LmNoL3dwLWNvbnRlbnQvdXBsb2Fkcy8yMDE2LzEwL0hpdmVyXzVfMTkyMF82MDAucG5n\"\/>\n\t\t\t\t\t\t<img data-src=\"\/\/refugelechaudron-champery.ch\/wp-content\/uploads\/2016\/10\/Hiver_9_1920_600.png\" data-libid=\"34639\" data-lib=\"medialibrary\" title=\"Hiver_9_1920_600\" width=\"0\" height=\"0\" data-dbsrc=\"Ly9yZWZ1Z2VsZWNoYXVkcm9uLWNoYW1wZXJ5LmNoL3dwLWNvbnRlbnQvdXBsb2Fkcy8yMDE2LzEwL0hpdmVyXzlfMTkyMF82MDAucG5n\"\/>\n\t\t\t\t\t<\/image_lists>\n\t\t\t\t<\/sr7-module>\n\t\t\t\t<script>\n\t\t\t\t\tSR7.PMH ??={}; SR7.PMH[\"SR7_24_1\"] = {cn:100,state:false,fn: function() { if (_tpt!==undefined && _tpt.prepareModuleHeight !== undefined) {  _tpt.prepareModuleHeight({id:\"SR7_24_1\",el:[600,600,768,960,500],type:'standard',shdw:'0',gh:[600,600,768,960,500],gw:[1920,1920,1024,778,480],vpt:['-200px&#039;,&#039;-200px&#039;,&#039;-200px&#039;,&#039;-200px&#039;,&#039;-200px'],size:{fullWidth:true, fullHeight:false},mh:'0',onh:0,onw:0,bg:{color:'{\"orig\":\"transparent\",\"type\":\"solid\",\"string\":\"transparent\"}'}});   SR7.PMH[\"SR7_24_1\"].state=true;} else if(SR7.PMH[\"SR7_24_1\"].cn-->0)\tsetTimeout( SR7.PMH[\"SR7_24_1\"].fn,19);}};SR7.PMH[\"SR7_24_1\" ].fn();\n\t\t\t\t<\/script>\n[vc_empty_space]<div class=\"thim-widget-heading template-default\"><div class=\"thim-sc-heading\" >\n\t\t<div class=\"article_heading \">\n\t\t\t\n\t\t\t<p class=\"heading_primary\"  >Request a group offer<\/p>\n\t\t\t\n\t\t\t\n\t\t<\/div>\n\t<\/div><\/div>[\/vc_column][\/vc_row][vc_row][vc_column width=&#8221;1\/2&#8243;][vc_empty_space][vc_column_text css=&#8221;.vc_custom_1570272878552{margin-top: 32px !important;}&#8221;]If you are more than 10 people, we&#8217;ll be happy to send you a personalized quote!<\/p>\n<p>Our offer will include proposals for :<\/p>\n<ul>\n<li>accommodation<\/li>\n<li>buffet breakfasts<\/li>\n<li>lunch and\/or dinner<\/li>\n<li>ski pass<\/li>\n<li>additional services (parking, rooms)<\/li>\n<li>We&#8217;ll also give you information about additional services (ski rental, ski lessons, special excursions).<\/li>\n<\/ul>\n<p>[\/vc_column_text][\/vc_column][vc_column width=&#8221;1\/2&#8243; css=&#8221;.vc_custom_1570273352783{background-color: #1e73be !important;}&#8221;][vc_video link=&#8221;https:\/\/www.youtube.com\/watch?v=JeuASZgOVTw&#8221;][\/vc_column][\/vc_row][vc_row][vc_column][vc_column_text css=&#8221;&#8221;]<code><script type=\"text\/javascript\" src=\"https:\/\/crm4u.travel4u.ch\/form\/generate.js?id=49\"><\/script><\/code>[\/vc_column_text][\/vc_column][\/vc_row]<\/p>\n<\/div>","protected":false},"excerpt":{"rendered":"<p>[vc_row][vc_column][vc_empty_space][\/vc_column][\/vc_row][vc_row][vc_column width=&#8221;1\/2&#8243;][vc_empty_space][vc_column_text css=&#8221;.vc_custom_1570272878552{margin-top: 32px !important;}&#8221;]If you are more than 10 people, we&#8217;ll be happy to send you a personalized quote! Our offer will include proposals for : accommodation buffet breakfasts lunch and\/or dinner ski pass additional services (parking, rooms) We&#8217;ll also give you information about additional services (ski rental, ski&#8230;<\/p>\n","protected":false},"author":1,"featured_media":0,"parent":0,"menu_order":0,"comment_status":"closed","ping_status":"closed","template":"templates\/home-page.php","meta":{"footnotes":""},"class_list":["post-32720","page","type-page","status-publish","hentry"],"yoast_head":"<!-- This site is optimized with the Yoast SEO plugin v26.0 - https:\/\/yoast.com\/wordpress\/plugins\/seo\/ -->\n<title>Group offers - Refuge le Chaudron<\/title>\n<meta name=\"robots\" content=\"index, follow, max-snippet:-1, max-image-preview:large, max-video-preview:-1\" \/>\n<link rel=\"canonical\" href=\"https:\/\/refugelechaudron-champery.ch\/en\/group-offers\/\" \/>\n<meta property=\"og:locale\" content=\"en_US\" \/>\n<meta property=\"og:type\" content=\"article\" \/>\n<meta property=\"og:title\" content=\"Group offers - Refuge le Chaudron\" \/>\n<meta property=\"og:description\" content=\"[vc_row][vc_column][vc_empty_space][\/vc_column][\/vc_row][vc_row][vc_column width=&#8221;1\/2&#8243;][vc_empty_space][vc_column_text css=&#8221;.vc_custom_1570272878552{margin-top: 32px !important;}&#8221;]If you are more than 10 people, we&#8217;ll be happy to send you a personalized quote! Our offer will include proposals for : accommodation buffet breakfasts lunch and\/or dinner ski pass additional services (parking, rooms) We&#8217;ll also give you information about additional services (ski rental, ski...\" \/>\n<meta property=\"og:url\" content=\"https:\/\/refugelechaudron-champery.ch\/en\/group-offers\/\" \/>\n<meta property=\"og:site_name\" content=\"Refuge le Chaudron\" \/>\n<meta property=\"article:modified_time\" content=\"2025-09-09T17:57:48+00:00\" \/>\n<meta name=\"twitter:card\" content=\"summary_large_image\" \/>\n<meta name=\"twitter:label1\" content=\"Est. reading time\" \/>\n\t<meta name=\"twitter:data1\" content=\"1 minute\" \/>\n<script type=\"application\/ld+json\" class=\"yoast-schema-graph\">{\"@context\":\"https:\/\/schema.org\",\"@graph\":[{\"@type\":\"WebPage\",\"@id\":\"https:\/\/refugelechaudron-champery.ch\/en\/group-offers\/\",\"url\":\"https:\/\/refugelechaudron-champery.ch\/en\/group-offers\/\",\"name\":\"Group offers - Refuge le Chaudron\",\"isPartOf\":{\"@id\":\"https:\/\/refugelechaudron-champery.ch\/en\/#website\"},\"datePublished\":\"2019-10-05T08:59:31+00:00\",\"dateModified\":\"2025-09-09T17:57:48+00:00\",\"breadcrumb\":{\"@id\":\"https:\/\/refugelechaudron-champery.ch\/en\/group-offers\/#breadcrumb\"},\"inLanguage\":\"en-US\",\"potentialAction\":[{\"@type\":\"ReadAction\",\"target\":[\"https:\/\/refugelechaudron-champery.ch\/en\/group-offers\/\"]}]},{\"@type\":\"BreadcrumbList\",\"@id\":\"https:\/\/refugelechaudron-champery.ch\/en\/group-offers\/#breadcrumb\",\"itemListElement\":[{\"@type\":\"ListItem\",\"position\":1,\"name\":\"Home\",\"item\":\"https:\/\/refugelechaudron-champery.ch\/en\/\"},{\"@type\":\"ListItem\",\"position\":2,\"name\":\"Group offers\"}]},{\"@type\":\"WebSite\",\"@id\":\"https:\/\/refugelechaudron-champery.ch\/en\/#website\",\"url\":\"https:\/\/refugelechaudron-champery.ch\/en\/\",\"name\":\"Refuge le Chaudron\",\"description\":\"Au coeur des Portes du Soleil\",\"potentialAction\":[{\"@type\":\"SearchAction\",\"target\":{\"@type\":\"EntryPoint\",\"urlTemplate\":\"https:\/\/refugelechaudron-champery.ch\/en\/?s={search_term_string}\"},\"query-input\":{\"@type\":\"PropertyValueSpecification\",\"valueRequired\":true,\"valueName\":\"search_term_string\"}}],\"inLanguage\":\"en-US\"}]}<\/script>\n<!-- \/ Yoast SEO plugin. -->","yoast_head_json":{"title":"Group offers - Refuge le Chaudron","robots":{"index":"index","follow":"follow","max-snippet":"max-snippet:-1","max-image-preview":"max-image-preview:large","max-video-preview":"max-video-preview:-1"},"canonical":"https:\/\/refugelechaudron-champery.ch\/en\/group-offers\/","og_locale":"en_US","og_type":"article","og_title":"Group offers - Refuge le Chaudron","og_description":"[vc_row][vc_column][vc_empty_space][\/vc_column][\/vc_row][vc_row][vc_column width=&#8221;1\/2&#8243;][vc_empty_space][vc_column_text css=&#8221;.vc_custom_1570272878552{margin-top: 32px !important;}&#8221;]If you are more than 10 people, we&#8217;ll be happy to send you a personalized quote! Our offer will include proposals for : accommodation buffet breakfasts lunch and\/or dinner ski pass additional services (parking, rooms) We&#8217;ll also give you information about additional services (ski rental, ski...","og_url":"https:\/\/refugelechaudron-champery.ch\/en\/group-offers\/","og_site_name":"Refuge le Chaudron","article_modified_time":"2025-09-09T17:57:48+00:00","twitter_card":"summary_large_image","twitter_misc":{"Est. reading time":"1 minute"},"schema":{"@context":"https:\/\/schema.org","@graph":[{"@type":"WebPage","@id":"https:\/\/refugelechaudron-champery.ch\/en\/group-offers\/","url":"https:\/\/refugelechaudron-champery.ch\/en\/group-offers\/","name":"Group offers - Refuge le Chaudron","isPartOf":{"@id":"https:\/\/refugelechaudron-champery.ch\/en\/#website"},"datePublished":"2019-10-05T08:59:31+00:00","dateModified":"2025-09-09T17:57:48+00:00","breadcrumb":{"@id":"https:\/\/refugelechaudron-champery.ch\/en\/group-offers\/#breadcrumb"},"inLanguage":"en-US","potentialAction":[{"@type":"ReadAction","target":["https:\/\/refugelechaudron-champery.ch\/en\/group-offers\/"]}]},{"@type":"BreadcrumbList","@id":"https:\/\/refugelechaudron-champery.ch\/en\/group-offers\/#breadcrumb","itemListElement":[{"@type":"ListItem","position":1,"name":"Home","item":"https:\/\/refugelechaudron-champery.ch\/en\/"},{"@type":"ListItem","position":2,"name":"Group offers"}]},{"@type":"WebSite","@id":"https:\/\/refugelechaudron-champery.ch\/en\/#website","url":"https:\/\/refugelechaudron-champery.ch\/en\/","name":"Refuge le Chaudron","description":"Au coeur des Portes du Soleil","potentialAction":[{"@type":"SearchAction","target":{"@type":"EntryPoint","urlTemplate":"https:\/\/refugelechaudron-champery.ch\/en\/?s={search_term_string}"},"query-input":{"@type":"PropertyValueSpecification","valueRequired":true,"valueName":"search_term_string"}}],"inLanguage":"en-US"}]}},"_links":{"self":[{"href":"https:\/\/refugelechaudron-champery.ch\/en\/wp-json\/wp\/v2\/pages\/32720","targetHints":{"allow":["GET"]}}],"collection":[{"href":"https:\/\/refugelechaudron-champery.ch\/en\/wp-json\/wp\/v2\/pages"}],"about":[{"href":"https:\/\/refugelechaudron-champery.ch\/en\/wp-json\/wp\/v2\/types\/page"}],"author":[{"embeddable":true,"href":"https:\/\/refugelechaudron-champery.ch\/en\/wp-json\/wp\/v2\/users\/1"}],"replies":[{"embeddable":true,"href":"https:\/\/refugelechaudron-champery.ch\/en\/wp-json\/wp\/v2\/comments?post=32720"}],"version-history":[{"count":5,"href":"https:\/\/refugelechaudron-champery.ch\/en\/wp-json\/wp\/v2\/pages\/32720\/revisions"}],"predecessor-version":[{"id":35722,"href":"https:\/\/refugelechaudron-champery.ch\/en\/wp-json\/wp\/v2\/pages\/32720\/revisions\/35722"}],"wp:attachment":[{"href":"https:\/\/refugelechaudron-champery.ch\/en\/wp-json\/wp\/v2\/media?parent=32720"}],"curies":[{"name":"wp","href":"https:\/\/api.w.org\/{rel}","templated":true}]}}