{"id":32684,"date":"2024-01-16T16:53:39","date_gmt":"2024-01-16T15:53:39","guid":{"rendered":"https:\/\/test.chaletmontriond.ch\/your-comments-on-your-stay\/"},"modified":"2025-09-14T18:36:22","modified_gmt":"2025-09-14T16:36:22","slug":"your-comments-on-your-stay","status":"publish","type":"page","link":"https:\/\/refugelechaudron-champery.ch\/en\/your-comments-on-your-stay\/","title":{"rendered":"Your comments on your stay"},"content":{"rendered":"<div class=\"wpb-content-wrapper\"><p>[vc_row][vc_column]\n\t\t\t\t<p class=\"rs-p-wp-fix\"><\/p>\n\t\t\t\t<sr7-module data-alias=\"hiver-24-en\" data-id=\"24\" id=\"SR7_24_1\" class=\"rs-ov-hidden\" data-version=\"6.7.37\">\n\t\t\t\t\t<sr7-adjuster><\/sr7-adjuster>\n\t\t\t\t\t<sr7-content>\n\t\t\t\t\t\t<sr7-slide id=\"SR7_24_1-242\" data-key=\"242\">\n\t\t\t\t\t\t\t<sr7-bg id=\"SR7_24_1-242-5\" class=\"sr7-layer\"><noscript><img decoding=\"async\" src=\"https:\/\/refugelechaudron-champery.ch\/wp-content\/uploads\/2016\/10\/Hiver_2_1920_600.png\" alt=\"\" title=\"Hiver_2_1920_600\"><\/noscript><\/sr7-bg>\n\t\t\t\t\t\t\t<sr7-txt id=\"SR7_24_1-242-0\" class=\"sr7-layer\">Le Chaudron, nearly 2,000 metres of altitude in the heart of Portes du Soleil<\/sr7-txt>\n\t\t\t\t\t\t\t<a id=\"SR7_24_1-242-1\" class=\"sr7-layer\" href=\"https:\/\/refugelechaudron-champery.ch\/?saison=ete\" target=\"_self\">Ete<\/a>\n\t\t\t\t\t\t\t<sr7-txt id=\"SR7_24_1-242-2\" class=\"sr7-layer\">650 km of slopes at your feet<\/sr7-txt>\n\t\t\t\t\t\t<\/sr7-slide>\n\t\t\t\t\t\t<sr7-slide id=\"SR7_24_1-243\" data-key=\"243\">\n\t\t\t\t\t\t\t<sr7-bg id=\"SR7_24_1-243-5\" class=\"sr7-layer\"><noscript><img decoding=\"async\" src=\"https:\/\/refugelechaudron-champery.ch\/wp-content\/uploads\/2016\/10\/Ete_4_1920_600.jpg\" alt=\"\" title=\"Ete_4_1920_600\"><\/noscript><\/sr7-bg>\n\t\t\t\t\t\t\t<sr7-txt id=\"SR7_24_1-243-0\" class=\"sr7-layer\">All our rooms with mountain views<\/sr7-txt>\n\t\t\t\t\t\t\t<a id=\"SR7_24_1-243-3\" class=\"sr7-layer\" href=\"https:\/\/refugelechaudron-champery.ch\/?saison=ete\" target=\"_self\">Ete<\/a>\n\t\t\t\t\t\t<\/sr7-slide>\n\t\t\t\t\t\t<sr7-slide id=\"SR7_24_1-244\" data-key=\"244\">\n\t\t\t\t\t\t\t<sr7-bg id=\"SR7_24_1-244-6\" class=\"sr7-layer\"><noscript><img decoding=\"async\" src=\"https:\/\/refugelechaudron-champery.ch\/wp-content\/uploads\/2024\/05\/Domaine_PDS_1920_600.png\" alt=\"\" title=\"Domaine_PDS_1920_600\"><\/noscript><\/sr7-bg>\n\t\t\t\t\t\t\t<sr7-txt id=\"SR7_24_1-244-0\" class=\"sr7-layer\">Les Portes du Soleil, the largest ski area in Europe<\/sr7-txt>\n\t\t\t\t\t\t\t<a id=\"SR7_24_1-244-5\" class=\"sr7-layer\" href=\"https:\/\/refugelechaudron-champery.ch\/?saison=ete\" target=\"_self\">Ete<\/a>\n\t\t\t\t\t\t<\/sr7-slide>\n\t\t\t\t\t\t<sr7-slide id=\"SR7_24_1-245\" data-key=\"245\">\n\t\t\t\t\t\t\t<sr7-bg id=\"SR7_24_1-245-7\" class=\"sr7-layer\"><noscript><img decoding=\"async\" src=\"https:\/\/refugelechaudron-champery.ch\/wp-content\/uploads\/2016\/10\/Hiver_4_1920_600.png\" alt=\"\" title=\"Hiver_4_1920_600\"><\/noscript><\/sr7-bg>\n\t\t\t\t\t\t\t<sr7-txt id=\"SR7_24_1-245-0\" class=\"sr7-layer\">Un coucher de soleil impresionnant, le r\u00e9confort apr\u00e8s une journ\u00e9e de ski<\/sr7-txt>\n\t\t\t\t\t\t\t<a id=\"SR7_24_1-245-6\" class=\"sr7-layer\" href=\"https:\/\/refugelechaudron-champery.ch\/?saison=ete\" target=\"_self\">Ete<\/a>\n\t\t\t\t\t\t<\/sr7-slide>\n\t\t\t\t\t\t<sr7-slide id=\"SR7_24_1-246\" data-key=\"246\">\n\t\t\t\t\t\t\t<sr7-bg id=\"SR7_24_1-246-8\" class=\"sr7-layer\"><noscript><img decoding=\"async\" src=\"https:\/\/refugelechaudron-champery.ch\/wp-content\/uploads\/2016\/10\/Hiver_3_1920_600.png\" alt=\"\" title=\"Hiver_3_1920_600\"><\/noscript><\/sr7-bg>\n\t\t\t\t\t\t\t<sr7-txt id=\"SR7_24_1-246-0\" class=\"sr7-layer\">A meal with friends after a day of skiing...<\/sr7-txt>\n\t\t\t\t\t\t\t<a id=\"SR7_24_1-246-7\" class=\"sr7-layer\" href=\"https:\/\/refugelechaudron-champery.ch\/?saison=ete\" target=\"_self\">Ete<\/a>\n\t\t\t\t\t\t<\/sr7-slide>\n\t\t\t\t\t\t<sr7-slide id=\"SR7_24_1-247\" data-key=\"247\">\n\t\t\t\t\t\t\t<sr7-bg id=\"SR7_24_1-247-9\" class=\"sr7-layer\"><noscript><img decoding=\"async\" src=\"https:\/\/refugelechaudron-champery.ch\/wp-content\/uploads\/2016\/10\/Hiver_6_1920_600.png\" alt=\"\" title=\"Hiver_6_1920_600\"><\/noscript><\/sr7-bg>\n\t\t\t\t\t\t\t<sr7-txt id=\"SR7_24_1-247-0\" class=\"sr7-layer\">Our game room for kids and adults<\/sr7-txt>\n\t\t\t\t\t\t\t<a id=\"SR7_24_1-247-8\" class=\"sr7-layer\" href=\"https:\/\/refugelechaudron-champery.ch\/?saison=ete\" target=\"_self\">Ete<\/a>\n\t\t\t\t\t\t<\/sr7-slide>\n\t\t\t\t\t\t<sr7-slide id=\"SR7_24_1-248\" data-key=\"248\">\n\t\t\t\t\t\t\t<sr7-bg id=\"SR7_24_1-248-10\" class=\"sr7-layer\"><noscript><img decoding=\"async\" src=\"https:\/\/refugelechaudron-champery.ch\/wp-content\/uploads\/2016\/10\/Hiver_8_1920_600.png\" alt=\"\" title=\"Hiver_8_1920_600\"><\/noscript><\/sr7-bg>\n\t\t\t\t\t\t\t<sr7-txt id=\"SR7_24_1-248-0\" class=\"sr7-layer\">For non-skiers, beautiful walks await you.<\/sr7-txt>\n\t\t\t\t\t\t\t<a id=\"SR7_24_1-248-9\" class=\"sr7-layer\" href=\"https:\/\/refugelechaudron-champery.ch\/?saison=ete\" target=\"_self\">Ete<\/a>\n\t\t\t\t\t\t<\/sr7-slide>\n\t\t\t\t\t\t<sr7-slide id=\"SR7_24_1-249\" data-key=\"249\">\n\t\t\t\t\t\t\t<sr7-bg id=\"SR7_24_1-249-11\" class=\"sr7-layer\"><noscript><img decoding=\"async\" src=\"https:\/\/refugelechaudron-champery.ch\/wp-content\/uploads\/2016\/10\/Hiver_5_1920_600.png\" alt=\"\" title=\"Hiver_5_1920_600\"><\/noscript><\/sr7-bg>\n\t\t\t\t\t\t\t<sr7-txt id=\"SR7_24_1-249-0\" class=\"sr7-layer\">Une vue nocturne depuis votre balcon<\/sr7-txt>\n\t\t\t\t\t\t\t<a id=\"SR7_24_1-249-10\" class=\"sr7-layer\" href=\"https:\/\/refugelechaudron-champery.ch\/?saison=ete\" target=\"_self\">Ete<\/a>\n\t\t\t\t\t\t<\/sr7-slide>\n\t\t\t\t\t\t<sr7-slide id=\"SR7_24_1-250\" data-key=\"250\">\n\t\t\t\t\t\t\t<sr7-bg id=\"SR7_24_1-250-12\" class=\"sr7-layer\"><noscript><img decoding=\"async\" src=\"https:\/\/refugelechaudron-champery.ch\/wp-content\/uploads\/2016\/10\/Hiver_9_1920_600.png\" alt=\"\" title=\"Hiver_9_1920_600\"><\/noscript><\/sr7-bg>\n\t\t\t\t\t\t\t<sr7-txt id=\"SR7_24_1-250-0\" class=\"sr7-layer\">The entire team at Le Chaudron looks forward to welcoming you.<\/sr7-txt>\n\t\t\t\t\t\t\t<sr7-txt id=\"SR7_24_1-250-2\" class=\"sr7-layer\">Nature, sport and serenity in the heart of the Alps<\/sr7-txt>\n\t\t\t\t\t\t\t<a id=\"SR7_24_1-250-11\" class=\"sr7-layer\" href=\"https:\/\/refugelechaudron-champery.ch\/?saison=ete\" target=\"_self\">Ete<\/a>\n\t\t\t\t\t\t<\/sr7-slide>\n\t\t\t\t\t\t<sr7-slide id=\"SR7_24_1-251\" data-key=\"251\">\n\t\t\t\t\t\t<\/sr7-slide>\n\t\t\t\t\t<\/sr7-content>\n\t\t\t\t\t<image_lists style=\"display:none\">\n\t\t\t\t\t\t<img data-src=\"\/\/refugelechaudron-champery.ch\/wp-content\/uploads\/revslider\/ete-24\/Flag_of_Switzerland_Pantone.svg_-300x300.png\" data-libid=\"32789\" data-lib=\"medialibrary\" title=\"Flag_of_Switzerland_Pantone.svg_-300&#215;300.png\" width=\"0\" height=\"0\" data-dbsrc=\"Ly9yZWZ1Z2VsZWNoYXVkcm9uLWNoYW1wZXJ5LmNoL3dwLWNvbnRlbnQvdXBsb2Fkcy9yZXZzbGlkZXIvZXRlLTI0L0ZsYWdfb2ZfU3dpdHplcmxhbmRfUGFudG9uZS5zdmdfLTMwMHgzMDAucG5n\"\/>\n\t\t\t\t\t\t<img data-src=\"\/\/refugelechaudron-champery.ch\/wp-content\/uploads\/2016\/10\/Hiver_2_1920_600.png\" data-libid=\"34987\" data-lib=\"medialibrary\" title=\"Hiver_2_1920_600\" width=\"0\" height=\"0\" data-dbsrc=\"Ly9yZWZ1Z2VsZWNoYXVkcm9uLWNoYW1wZXJ5LmNoL3dwLWNvbnRlbnQvdXBsb2Fkcy8yMDE2LzEwL0hpdmVyXzJfMTkyMF82MDAucG5n\"\/>\n\t\t\t\t\t\t<img data-src=\"\/\/refugelechaudron-champery.ch\/wp-content\/uploads\/2016\/10\/Ete_4_1920_600.jpg\" data-libid=\"34948\" data-lib=\"medialibrary\" title=\"Ete_4_1920_600\" width=\"0\" height=\"0\" data-dbsrc=\"Ly9yZWZ1Z2VsZWNoYXVkcm9uLWNoYW1wZXJ5LmNoL3dwLWNvbnRlbnQvdXBsb2Fkcy8yMDE2LzEwL0V0ZV80XzE5MjBfNjAwLmpwZw==\"\/>\n\t\t\t\t\t\t<img data-src=\"\/\/refugelechaudron-champery.ch\/wp-content\/uploads\/2024\/05\/Domaine_PDS_1920_600.png\" data-libid=\"33397\" data-lib=\"medialibrary\" title=\"Domaine_PDS_1920_600\" width=\"0\" height=\"0\" data-dbsrc=\"Ly9yZWZ1Z2VsZWNoYXVkcm9uLWNoYW1wZXJ5LmNoL3dwLWNvbnRlbnQvdXBsb2Fkcy8yMDI0LzA1L0RvbWFpbmVfUERTXzE5MjBfNjAwLnBuZw==\"\/>\n\t\t\t\t\t\t<img data-src=\"\/\/refugelechaudron-champery.ch\/wp-content\/uploads\/2016\/10\/Hiver_4_1920_600.png\" data-libid=\"34990\" data-lib=\"medialibrary\" title=\"Hiver_4_1920_600\" width=\"0\" height=\"0\" data-dbsrc=\"Ly9yZWZ1Z2VsZWNoYXVkcm9uLWNoYW1wZXJ5LmNoL3dwLWNvbnRlbnQvdXBsb2Fkcy8yMDE2LzEwL0hpdmVyXzRfMTkyMF82MDAucG5n\"\/>\n\t\t\t\t\t\t<img data-src=\"\/\/refugelechaudron-champery.ch\/wp-content\/uploads\/2016\/10\/Hiver_3_1920_600.png\" data-libid=\"34996\" data-lib=\"medialibrary\" title=\"Hiver_3_1920_600\" width=\"0\" height=\"0\" data-dbsrc=\"Ly9yZWZ1Z2VsZWNoYXVkcm9uLWNoYW1wZXJ5LmNoL3dwLWNvbnRlbnQvdXBsb2Fkcy8yMDE2LzEwL0hpdmVyXzNfMTkyMF82MDAucG5n\"\/>\n\t\t\t\t\t\t<img data-src=\"\/\/refugelechaudron-champery.ch\/wp-content\/uploads\/2016\/10\/Hiver_6_1920_600.png\" data-libid=\"35002\" data-lib=\"medialibrary\" title=\"Hiver_6_1920_600\" width=\"0\" height=\"0\" data-dbsrc=\"Ly9yZWZ1Z2VsZWNoYXVkcm9uLWNoYW1wZXJ5LmNoL3dwLWNvbnRlbnQvdXBsb2Fkcy8yMDE2LzEwL0hpdmVyXzZfMTkyMF82MDAucG5n\"\/>\n\t\t\t\t\t\t<img data-src=\"\/\/refugelechaudron-champery.ch\/wp-content\/uploads\/2016\/10\/Hiver_8_1920_600.png\" data-libid=\"34633\" data-lib=\"medialibrary\" title=\"Hiver_8_1920_600\" width=\"0\" height=\"0\" data-dbsrc=\"Ly9yZWZ1Z2VsZWNoYXVkcm9uLWNoYW1wZXJ5LmNoL3dwLWNvbnRlbnQvdXBsb2Fkcy8yMDE2LzEwL0hpdmVyXzhfMTkyMF82MDAucG5n\"\/>\n\t\t\t\t\t\t<img data-src=\"\/\/refugelechaudron-champery.ch\/wp-content\/uploads\/2016\/10\/Hiver_5_1920_600.png\" data-libid=\"34999\" data-lib=\"medialibrary\" title=\"Hiver_5_1920_600\" width=\"0\" height=\"0\" data-dbsrc=\"Ly9yZWZ1Z2VsZWNoYXVkcm9uLWNoYW1wZXJ5LmNoL3dwLWNvbnRlbnQvdXBsb2Fkcy8yMDE2LzEwL0hpdmVyXzVfMTkyMF82MDAucG5n\"\/>\n\t\t\t\t\t\t<img data-src=\"\/\/refugelechaudron-champery.ch\/wp-content\/uploads\/2016\/10\/Hiver_9_1920_600.png\" data-libid=\"34639\" data-lib=\"medialibrary\" title=\"Hiver_9_1920_600\" width=\"0\" height=\"0\" data-dbsrc=\"Ly9yZWZ1Z2VsZWNoYXVkcm9uLWNoYW1wZXJ5LmNoL3dwLWNvbnRlbnQvdXBsb2Fkcy8yMDE2LzEwL0hpdmVyXzlfMTkyMF82MDAucG5n\"\/>\n\t\t\t\t\t<\/image_lists>\n\t\t\t\t<\/sr7-module>\n\t\t\t\t<script>\n\t\t\t\t\tSR7.PMH ??={}; SR7.PMH[\"SR7_24_1\"] = {cn:100,state:false,fn: function() { if (_tpt!==undefined && _tpt.prepareModuleHeight !== undefined) {  _tpt.prepareModuleHeight({id:\"SR7_24_1\",el:[600,600,768,960,500],type:'standard',shdw:'0',gh:[600,600,768,960,500],gw:[1920,1920,1024,778,480],vpt:['-200px&#039;,&#039;-200px&#039;,&#039;-200px&#039;,&#039;-200px&#039;,&#039;-200px'],size:{fullWidth:true, fullHeight:false},mh:'0',onh:0,onw:0,bg:{color:'{\"orig\":\"transparent\",\"type\":\"solid\",\"string\":\"transparent\"}'}});   SR7.PMH[\"SR7_24_1\"].state=true;} else if(SR7.PMH[\"SR7_24_1\"].cn-->0)\tsetTimeout( SR7.PMH[\"SR7_24_1\"].fn,19);}};SR7.PMH[\"SR7_24_1\" ].fn();\n\t\t\t\t<\/script>\n[vc_empty_space][vc_empty_space][\/vc_column][\/vc_row][vc_row][vc_column width=&#8221;2\/3&#8243;]<div class=\"thim-widget-heading template-default\"><div class=\"thim-sc-heading\" >\n\t\t<div class=\"article_heading \">\n\t\t\t<h2 style=\"color: #ffffff;font-size: 18px;\" class=\"heading_secondary\">Your feedback is important to us! Please share your experience with us.<\/h2>\n\t\t\t<p class=\"heading_primary\" style=\"color: #e7ad44;font-size: 24px;\" >Have you stayed at Le Chaudron?<\/p>\n\t\t\t<div class=\"heading-des\">Reviews have undoubtedly become the most important source of information for customers. 95% of tourists read reviews before booking their holidays. Reviews have a direct impact and a significant influence on consumer behaviour and decisions.<\/div>\n\t\t\t\n\t\t<\/div>\n\t<\/div><\/div>[vc_empty_space][\/vc_column][vc_column width=&#8221;1\/3&#8243;]<div class=\"thim-widget-heading template-default\"><div class=\"thim-sc-heading\" >\n\t\t<div class=\"article_heading \">\n\t\t\t\n\t\t\t<p class=\"heading_primary\" style=\"color: #e7ad44;font-size: 24px;\" >Click and give your feedback on:<\/p>\n\t\t\t\n\t\t\t\n\t\t<\/div>\n\t<\/div><\/div>[vc_empty_space][vc_row_inner][vc_column_inner width=&#8221;1\/3&#8243;][vc_single_image image=&#8221;33002&#8243; alignment=&#8221;center&#8221; onclick=&#8221;custom_link&#8221; img_link_target=&#8221;_blank&#8221; css=&#8221;&#8221; link=&#8221;https:\/\/search.google.com\/local\/writereview?placeid=ChIJ8UuYLoKljkcR03DwkBV8eis&#8221;][\/vc_column_inner][vc_column_inner width=&#8221;1\/3&#8243;][vc_single_image image=&#8221;32999&#8243; alignment=&#8221;center&#8221; onclick=&#8221;custom_link&#8221; img_link_target=&#8221;_blank&#8221; css=&#8221;&#8221; link=&#8221;https:\/\/www.facebook.com\/lechaudronchampery\/reviews\/?ref=page_internal&#8221;][\/vc_column_inner][vc_column_inner width=&#8221;1\/3&#8243;][vc_single_image image=&#8221;32996&#8243; alignment=&#8221;center&#8221; onclick=&#8221;custom_link&#8221; img_link_target=&#8221;_blank&#8221; css=&#8221;&#8221; link=&#8221;https:\/\/tripadvisor.com\/ClientLink?value=SVI3Xy9Vc2VyUmV2aWV3RWRpdC1nMTk4ODA5LWQyMDkyMzkyLVJlZnVnZV9sZV9DaGF1ZHJvbi1DaGFtcGVyeV9Qb3J0ZXNfZHVfU29sZWlsX0NhbnRvbl9vZl9WYWxhaXNfU3dpc3NfQWxwcy5odG1sX1ZpcQ%3D%3D&#8221;][\/vc_column_inner][\/vc_row_inner][\/vc_column][\/vc_row][vc_row][vc_column][vc_empty_space]<div class=\"thim-widget-heading template-default\"><div class=\"thim-sc-heading\" >\n\t\t<div class=\"article_heading \">\n\t\t\t\n\t\t\t<p class=\"heading_primary\" style=\"color: #e7ad44;font-size: 24px;\" >Our customers talk about their experiences<\/p>\n\t\t\t\n\t\t\t\n\t\t<\/div>\n\t<\/div><\/div>[vc_empty_space][vc_raw_html css=&#8221;&#8221;]JTNDc2NyaXB0JTIwZGVmZXIlMjBhc3luYyUyMHNyYyUzRCUyN2h0dHBzJTNBJTJGJTJGY2RuLnRydXN0aW5kZXguaW8lMkZsb2FkZXIuanMlM0Y3YzMzZDhmMTRmNTA0ODdiM2M5NmFjMTFhZWMlMjclM0UlM0MlMkZzY3JpcHQlM0U=[\/vc_raw_html][\/vc_column][\/vc_row]<\/p>\n<\/div>","protected":false},"excerpt":{"rendered":"<p>[vc_row][vc_column][vc_empty_space][vc_empty_space][\/vc_column][\/vc_row][vc_row][vc_column width=&#8221;2\/3&#8243;][vc_empty_space][\/vc_column][vc_column width=&#8221;1\/3&#8243;][vc_empty_space][vc_row_inner][vc_column_inner width=&#8221;1\/3&#8243;][vc_single_image image=&#8221;33002&#8243; alignment=&#8221;center&#8221; onclick=&#8221;custom_link&#8221; img_link_target=&#8221;_blank&#8221; css=&#8221;&#8221; link=&#8221;https:\/\/search.google.com\/local\/writereview?placeid=ChIJ8UuYLoKljkcR03DwkBV8eis&#8221;][\/vc_column_inner][vc_column_inner width=&#8221;1\/3&#8243;][vc_single_image image=&#8221;32999&#8243; alignment=&#8221;center&#8221; onclick=&#8221;custom_link&#8221; img_link_target=&#8221;_blank&#8221; css=&#8221;&#8221; link=&#8221;https:\/\/www.facebook.com\/lechaudronchampery\/reviews\/?ref=page_internal&#8221;][\/vc_column_inner][vc_column_inner width=&#8221;1\/3&#8243;][vc_single_image image=&#8221;32996&#8243; alignment=&#8221;center&#8221; onclick=&#8221;custom_link&#8221; img_link_target=&#8221;_blank&#8221; css=&#8221;&#8221; link=&#8221;https:\/\/tripadvisor.com\/ClientLink?value=SVI3Xy9Vc2VyUmV2aWV3RWRpdC1nMTk4ODA5LWQyMDkyMzkyLVJlZnVnZV9sZV9DaGF1ZHJvbi1DaGFtcGVyeV9Qb3J0ZXNfZHVfU29sZWlsX0NhbnRvbl9vZl9WYWxhaXNfU3dpc3NfQWxwcy5odG1sX1ZpcQ%3D%3D&#8221;][\/vc_column_inner][\/vc_row_inner][\/vc_column][\/vc_row][vc_row][vc_column][vc_empty_space][vc_empty_space][vc_raw_html css=&#8221;&#8221;]JTNDc2NyaXB0JTIwZGVmZXIlMjBhc3luYyUyMHNyYyUzRCUyN2h0dHBzJTNBJTJGJTJGY2RuLnRydXN0aW5kZXguaW8lMkZsb2FkZXIuanMlM0Y3YzMzZDhmMTRmNTA0ODdiM2M5NmFjMTFhZWMlMjclM0UlM0MlMkZzY3JpcHQlM0U=[\/vc_raw_html][\/vc_column][\/vc_row]<\/p>\n","protected":false},"author":1,"featured_media":0,"parent":0,"menu_order":0,"comment_status":"closed","ping_status":"closed","template":"templates\/home-page.php","meta":{"footnotes":""},"class_list":["post-32684","page","type-page","status-publish","hentry"],"yoast_head":"<!-- This site is optimized with the Yoast SEO plugin v26.0 - https:\/\/yoast.com\/wordpress\/plugins\/seo\/ -->\n<title>Your comments on your stay - Refuge le Chaudron<\/title>\n<meta name=\"robots\" content=\"index, follow, max-snippet:-1, max-image-preview:large, max-video-preview:-1\" \/>\n<link rel=\"canonical\" href=\"https:\/\/refugelechaudron-champery.ch\/en\/your-comments-on-your-stay\/\" \/>\n<meta property=\"og:locale\" content=\"en_US\" \/>\n<meta property=\"og:type\" content=\"article\" \/>\n<meta property=\"og:title\" content=\"Your comments on your stay - Refuge le Chaudron\" \/>\n<meta property=\"og:description\" content=\"[vc_row][vc_column][vc_empty_space][vc_empty_space][\/vc_column][\/vc_row][vc_row][vc_column width=&#8221;2\/3&#8243;][vc_empty_space][\/vc_column][vc_column width=&#8221;1\/3&#8243;][vc_empty_space][vc_row_inner][vc_column_inner width=&#8221;1\/3&#8243;][vc_single_image image=&#8221;33002&#8243; alignment=&#8221;center&#8221; onclick=&#8221;custom_link&#8221; img_link_target=&#8221;_blank&#8221; css=&#8221;&#8221; link=&#8221;https:\/\/search.google.com\/local\/writereview?placeid=ChIJ8UuYLoKljkcR03DwkBV8eis&#8221;][\/vc_column_inner][vc_column_inner width=&#8221;1\/3&#8243;][vc_single_image image=&#8221;32999&#8243; alignment=&#8221;center&#8221; onclick=&#8221;custom_link&#8221; img_link_target=&#8221;_blank&#8221; css=&#8221;&#8221; link=&#8221;https:\/\/www.facebook.com\/lechaudronchampery\/reviews\/?ref=page_internal&#8221;][\/vc_column_inner][vc_column_inner width=&#8221;1\/3&#8243;][vc_single_image image=&#8221;32996&#8243; alignment=&#8221;center&#8221; onclick=&#8221;custom_link&#8221; img_link_target=&#8221;_blank&#8221; css=&#8221;&#8221; link=&#8221;https:\/\/tripadvisor.com\/ClientLink?value=SVI3Xy9Vc2VyUmV2aWV3RWRpdC1nMTk4ODA5LWQyMDkyMzkyLVJlZnVnZV9sZV9DaGF1ZHJvbi1DaGFtcGVyeV9Qb3J0ZXNfZHVfU29sZWlsX0NhbnRvbl9vZl9WYWxhaXNfU3dpc3NfQWxwcy5odG1sX1ZpcQ%3D%3D&#8221;][\/vc_column_inner][\/vc_row_inner][\/vc_column][\/vc_row][vc_row][vc_column][vc_empty_space][vc_empty_space][vc_raw_html css=&#8221;&#8221;]JTNDc2NyaXB0JTIwZGVmZXIlMjBhc3luYyUyMHNyYyUzRCUyN2h0dHBzJTNBJTJGJTJGY2RuLnRydXN0aW5kZXguaW8lMkZsb2FkZXIuanMlM0Y3YzMzZDhmMTRmNTA0ODdiM2M5NmFjMTFhZWMlMjclM0UlM0MlMkZzY3JpcHQlM0U=[\/vc_raw_html][\/vc_column][\/vc_row]\" \/>\n<meta property=\"og:url\" content=\"https:\/\/refugelechaudron-champery.ch\/en\/your-comments-on-your-stay\/\" \/>\n<meta property=\"og:site_name\" content=\"Refuge le Chaudron\" \/>\n<meta property=\"article:modified_time\" content=\"2025-09-14T16:36:22+00:00\" \/>\n<meta name=\"twitter:card\" content=\"summary_large_image\" \/>\n<meta name=\"twitter:label1\" content=\"Est. reading time\" \/>\n\t<meta name=\"twitter:data1\" content=\"2 minutes\" \/>\n<script type=\"application\/ld+json\" class=\"yoast-schema-graph\">{\"@context\":\"https:\/\/schema.org\",\"@graph\":[{\"@type\":\"WebPage\",\"@id\":\"https:\/\/refugelechaudron-champery.ch\/en\/your-comments-on-your-stay\/\",\"url\":\"https:\/\/refugelechaudron-champery.ch\/en\/your-comments-on-your-stay\/\",\"name\":\"Your comments on your stay - Refuge le Chaudron\",\"isPartOf\":{\"@id\":\"https:\/\/refugelechaudron-champery.ch\/en\/#website\"},\"datePublished\":\"2024-01-16T15:53:39+00:00\",\"dateModified\":\"2025-09-14T16:36:22+00:00\",\"breadcrumb\":{\"@id\":\"https:\/\/refugelechaudron-champery.ch\/en\/your-comments-on-your-stay\/#breadcrumb\"},\"inLanguage\":\"en-US\",\"potentialAction\":[{\"@type\":\"ReadAction\",\"target\":[\"https:\/\/refugelechaudron-champery.ch\/en\/your-comments-on-your-stay\/\"]}]},{\"@type\":\"BreadcrumbList\",\"@id\":\"https:\/\/refugelechaudron-champery.ch\/en\/your-comments-on-your-stay\/#breadcrumb\",\"itemListElement\":[{\"@type\":\"ListItem\",\"position\":1,\"name\":\"Home\",\"item\":\"https:\/\/refugelechaudron-champery.ch\/en\/\"},{\"@type\":\"ListItem\",\"position\":2,\"name\":\"Your comments on your stay\"}]},{\"@type\":\"WebSite\",\"@id\":\"https:\/\/refugelechaudron-champery.ch\/en\/#website\",\"url\":\"https:\/\/refugelechaudron-champery.ch\/en\/\",\"name\":\"Refuge le Chaudron\",\"description\":\"Au coeur des Portes du Soleil\",\"potentialAction\":[{\"@type\":\"SearchAction\",\"target\":{\"@type\":\"EntryPoint\",\"urlTemplate\":\"https:\/\/refugelechaudron-champery.ch\/en\/?s={search_term_string}\"},\"query-input\":{\"@type\":\"PropertyValueSpecification\",\"valueRequired\":true,\"valueName\":\"search_term_string\"}}],\"inLanguage\":\"en-US\"}]}<\/script>\n<!-- \/ Yoast SEO plugin. -->","yoast_head_json":{"title":"Your comments on your stay - Refuge le Chaudron","robots":{"index":"index","follow":"follow","max-snippet":"max-snippet:-1","max-image-preview":"max-image-preview:large","max-video-preview":"max-video-preview:-1"},"canonical":"https:\/\/refugelechaudron-champery.ch\/en\/your-comments-on-your-stay\/","og_locale":"en_US","og_type":"article","og_title":"Your comments on your stay - Refuge le Chaudron","og_description":"[vc_row][vc_column][vc_empty_space][vc_empty_space][\/vc_column][\/vc_row][vc_row][vc_column width=&#8221;2\/3&#8243;][vc_empty_space][\/vc_column][vc_column width=&#8221;1\/3&#8243;][vc_empty_space][vc_row_inner][vc_column_inner width=&#8221;1\/3&#8243;][vc_single_image image=&#8221;33002&#8243; alignment=&#8221;center&#8221; onclick=&#8221;custom_link&#8221; img_link_target=&#8221;_blank&#8221; css=&#8221;&#8221; link=&#8221;https:\/\/search.google.com\/local\/writereview?placeid=ChIJ8UuYLoKljkcR03DwkBV8eis&#8221;][\/vc_column_inner][vc_column_inner width=&#8221;1\/3&#8243;][vc_single_image image=&#8221;32999&#8243; alignment=&#8221;center&#8221; onclick=&#8221;custom_link&#8221; img_link_target=&#8221;_blank&#8221; css=&#8221;&#8221; link=&#8221;https:\/\/www.facebook.com\/lechaudronchampery\/reviews\/?ref=page_internal&#8221;][\/vc_column_inner][vc_column_inner width=&#8221;1\/3&#8243;][vc_single_image image=&#8221;32996&#8243; alignment=&#8221;center&#8221; onclick=&#8221;custom_link&#8221; img_link_target=&#8221;_blank&#8221; css=&#8221;&#8221; link=&#8221;https:\/\/tripadvisor.com\/ClientLink?value=SVI3Xy9Vc2VyUmV2aWV3RWRpdC1nMTk4ODA5LWQyMDkyMzkyLVJlZnVnZV9sZV9DaGF1ZHJvbi1DaGFtcGVyeV9Qb3J0ZXNfZHVfU29sZWlsX0NhbnRvbl9vZl9WYWxhaXNfU3dpc3NfQWxwcy5odG1sX1ZpcQ%3D%3D&#8221;][\/vc_column_inner][\/vc_row_inner][\/vc_column][\/vc_row][vc_row][vc_column][vc_empty_space][vc_empty_space][vc_raw_html css=&#8221;&#8221;]JTNDc2NyaXB0JTIwZGVmZXIlMjBhc3luYyUyMHNyYyUzRCUyN2h0dHBzJTNBJTJGJTJGY2RuLnRydXN0aW5kZXguaW8lMkZsb2FkZXIuanMlM0Y3YzMzZDhmMTRmNTA0ODdiM2M5NmFjMTFhZWMlMjclM0UlM0MlMkZzY3JpcHQlM0U=[\/vc_raw_html][\/vc_column][\/vc_row]","og_url":"https:\/\/refugelechaudron-champery.ch\/en\/your-comments-on-your-stay\/","og_site_name":"Refuge le Chaudron","article_modified_time":"2025-09-14T16:36:22+00:00","twitter_card":"summary_large_image","twitter_misc":{"Est. reading time":"2 minutes"},"schema":{"@context":"https:\/\/schema.org","@graph":[{"@type":"WebPage","@id":"https:\/\/refugelechaudron-champery.ch\/en\/your-comments-on-your-stay\/","url":"https:\/\/refugelechaudron-champery.ch\/en\/your-comments-on-your-stay\/","name":"Your comments on your stay - Refuge le Chaudron","isPartOf":{"@id":"https:\/\/refugelechaudron-champery.ch\/en\/#website"},"datePublished":"2024-01-16T15:53:39+00:00","dateModified":"2025-09-14T16:36:22+00:00","breadcrumb":{"@id":"https:\/\/refugelechaudron-champery.ch\/en\/your-comments-on-your-stay\/#breadcrumb"},"inLanguage":"en-US","potentialAction":[{"@type":"ReadAction","target":["https:\/\/refugelechaudron-champery.ch\/en\/your-comments-on-your-stay\/"]}]},{"@type":"BreadcrumbList","@id":"https:\/\/refugelechaudron-champery.ch\/en\/your-comments-on-your-stay\/#breadcrumb","itemListElement":[{"@type":"ListItem","position":1,"name":"Home","item":"https:\/\/refugelechaudron-champery.ch\/en\/"},{"@type":"ListItem","position":2,"name":"Your comments on your stay"}]},{"@type":"WebSite","@id":"https:\/\/refugelechaudron-champery.ch\/en\/#website","url":"https:\/\/refugelechaudron-champery.ch\/en\/","name":"Refuge le Chaudron","description":"Au coeur des Portes du Soleil","potentialAction":[{"@type":"SearchAction","target":{"@type":"EntryPoint","urlTemplate":"https:\/\/refugelechaudron-champery.ch\/en\/?s={search_term_string}"},"query-input":{"@type":"PropertyValueSpecification","valueRequired":true,"valueName":"search_term_string"}}],"inLanguage":"en-US"}]}},"_links":{"self":[{"href":"https:\/\/refugelechaudron-champery.ch\/en\/wp-json\/wp\/v2\/pages\/32684","targetHints":{"allow":["GET"]}}],"collection":[{"href":"https:\/\/refugelechaudron-champery.ch\/en\/wp-json\/wp\/v2\/pages"}],"about":[{"href":"https:\/\/refugelechaudron-champery.ch\/en\/wp-json\/wp\/v2\/types\/page"}],"author":[{"embeddable":true,"href":"https:\/\/refugelechaudron-champery.ch\/en\/wp-json\/wp\/v2\/users\/1"}],"replies":[{"embeddable":true,"href":"https:\/\/refugelechaudron-champery.ch\/en\/wp-json\/wp\/v2\/comments?post=32684"}],"version-history":[{"count":27,"href":"https:\/\/refugelechaudron-champery.ch\/en\/wp-json\/wp\/v2\/pages\/32684\/revisions"}],"predecessor-version":[{"id":35750,"href":"https:\/\/refugelechaudron-champery.ch\/en\/wp-json\/wp\/v2\/pages\/32684\/revisions\/35750"}],"wp:attachment":[{"href":"https:\/\/refugelechaudron-champery.ch\/en\/wp-json\/wp\/v2\/media?parent=32684"}],"curies":[{"name":"wp","href":"https:\/\/api.w.org\/{rel}","templated":true}]}}