{"id":35923,"date":"2025-11-26T18:17:38","date_gmt":"2025-11-26T17:17:38","guid":{"rendered":"https:\/\/refugelechaudron-champery.ch\/?page_id=35923"},"modified":"2025-11-26T18:17:39","modified_gmt":"2025-11-26T17:17:39","slug":"herbstangebot","status":"publish","type":"page","link":"https:\/\/refugelechaudron-champery.ch\/de\/herbstangebot\/","title":{"rendered":"Herbstangebot"},"content":{"rendered":"<div class=\"wpb-content-wrapper\"><p>[vc_row][vc_column]\n\t\t\t\t<p class=\"rs-p-wp-fix\"><\/p>\n\t\t\t\t<sr7-module data-alias=\"Ete-24-de-2\" data-id=\"31\" id=\"SR7_31_1\" class=\"rs-ov-hidden\" data-version=\"6.7.37\">\n\t\t\t\t\t<sr7-adjuster><\/sr7-adjuster>\n\t\t\t\t\t<sr7-content>\n\t\t\t\t\t\t<sr7-slide id=\"SR7_31_1-307\" data-key=\"307\">\n\t\t\t\t\t\t\t<sr7-bg id=\"SR7_31_1-307-6\" class=\"sr7-layer\"><noscript><img decoding=\"async\" src=\"https:\/\/refugelechaudron-champery.ch\/wp-content\/uploads\/2016\/10\/Ete_4_1920_600-1.jpg\" alt=\"\" title=\"Ete_4_1920_600\"><\/noscript><\/sr7-bg>\n\t\t\t\t\t\t\t<sr7-txt id=\"SR7_31_1-307-0\" class=\"sr7-layer\">Une r\u00e9gion tellement diff\u00e9rente l'\u00e9t\u00e9, \u00e0 d\u00e9couvrir...<\/sr7-txt>\n\t\t\t\t\t\t\t<a id=\"SR7_31_1-307-5\" class=\"sr7-layer\" href=\"https:\/\/refugelechaudron-champery.ch\/?saison=hiver\" target=\"_self\">Hiver<\/a>\n\t\t\t\t\t\t<\/sr7-slide>\n\t\t\t\t\t\t<sr7-slide id=\"SR7_31_1-306\" data-key=\"306\">\n\t\t\t\t\t\t\t<sr7-bg id=\"SR7_31_1-306-5\" class=\"sr7-layer\"><noscript><img decoding=\"async\" src=\"https:\/\/refugelechaudron-champery.ch\/wp-content\/uploads\/2016\/10\/Ete_1_1920_600.jpg\" alt=\"\" title=\"Screenshot\"><\/noscript><\/sr7-bg>\n\t\t\t\t\t\t\t<sr7-txt id=\"SR7_31_1-306-0\" class=\"sr7-layer\">Le Chaudron auf 2000 m H\u00f6he im Herzen der Portes du Soleil<\/sr7-txt>\n\t\t\t\t\t\t\t<a id=\"SR7_31_1-306-1\" class=\"sr7-layer\" href=\"https:\/\/refugelechaudron-champery.ch\/?saison=hiver\" target=\"_self\">Hiver<\/a>\n\t\t\t\t\t\t\t<sr7-txt id=\"SR7_31_1-306-2\" class=\"sr7-layer\">Eine Mahlzeit, eine Nacht, eine Woche \u2013 kommen Sie und entdecken Sie<\/sr7-txt>\n\t\t\t\t\t\t<\/sr7-slide>\n\t\t\t\t\t\t<sr7-slide id=\"SR7_31_1-312\" data-key=\"312\">\n\t\t\t\t\t\t\t<sr7-bg id=\"SR7_31_1-312-13\" class=\"sr7-layer\"><noscript><img decoding=\"async\" src=\"https:\/\/refugelechaudron-champery.ch\/wp-content\/uploads\/2016\/10\/Ete_7_1920_600-2.png\" alt=\"\" title=\"Ete_7_1920_600\"><\/noscript><\/sr7-bg>\n\t\t\t\t\t\t\t<sr7-txt id=\"SR7_31_1-312-0\" class=\"sr7-layer\">Notre terrasse ave une vue exceptionelle vous attend<\/sr7-txt>\n\t\t\t\t\t\t\t<a id=\"SR7_31_1-312-12\" class=\"sr7-layer\" href=\"https:\/\/refugelechaudron-champery.ch\/?saison=hiver\" target=\"_self\">Hiver<\/a>\n\t\t\t\t\t\t<\/sr7-slide>\n\t\t\t\t\t\t<sr7-slide id=\"SR7_31_1-316\" data-key=\"316\">\n\t\t\t\t\t\t\t<sr7-bg id=\"SR7_31_1-316-13\" class=\"sr7-layer\"><noscript><img decoding=\"async\" src=\"https:\/\/refugelechaudron-champery.ch\/wp-content\/uploads\/2016\/10\/Ete_7_1920_600-2.png\" alt=\"\" title=\"Ete_7_1920_600\"><\/noscript><\/sr7-bg>\n\t\t\t\t\t\t\t<sr7-txt id=\"SR7_31_1-316-0\" class=\"sr7-layer\">Notre terrasse ave une vue exceptionelle vous attend<\/sr7-txt>\n\t\t\t\t\t\t\t<a id=\"SR7_31_1-316-12\" class=\"sr7-layer\" href=\"https:\/\/refugelechaudron-champery.ch\/?saison=hiver\" target=\"_self\">Hiver<\/a>\n\t\t\t\t\t\t<\/sr7-slide>\n\t\t\t\t\t\t<sr7-slide id=\"SR7_31_1-308\" data-key=\"308\">\n\t\t\t\t\t\t\t<sr7-bg id=\"SR7_31_1-308-7\" class=\"sr7-layer\"><noscript><img decoding=\"async\" src=\"https:\/\/refugelechaudron-champery.ch\/wp-content\/uploads\/2016\/10\/Ete_4_1920_600.jpg\" alt=\"\" title=\"Ete_4_1920_600\"><\/noscript><\/sr7-bg>\n\t\t\t\t\t\t\t<sr7-txt id=\"SR7_31_1-308-0\" class=\"sr7-layer\">Toute nos chambres avec vue sur la Montagne<\/sr7-txt>\n\t\t\t\t\t\t\t<a id=\"SR7_31_1-308-6\" class=\"sr7-layer\" href=\"https:\/\/chaletmontriond.ch\/?saison=hiver\" target=\"_self\">Hiver<\/a>\n\t\t\t\t\t\t<\/sr7-slide>\n\t\t\t\t\t\t<sr7-slide id=\"SR7_31_1-309\" data-key=\"309\">\n\t\t\t\t\t\t\t<sr7-bg id=\"SR7_31_1-309-10\" class=\"sr7-layer\"><noscript><img decoding=\"async\" src=\"https:\/\/refugelechaudron-champery.ch\/wp-content\/uploads\/revslider\/ete-24\/Rando3_1920_600.png\" alt=\"\" title=\"Rando3_1920_600.png\"><\/noscript><\/sr7-bg>\n\t\t\t\t\t\t\t<sr7-txt id=\"SR7_31_1-309-0\" class=\"sr7-layer\">Profitez des installations pour rejoindre gratuitement avec le Multipass les sommets<\/sr7-txt>\n\t\t\t\t\t\t\t<a id=\"SR7_31_1-309-9\" class=\"sr7-layer\" href=\"https:\/\/refugelechaudron-champery.ch\/?saison=hiver\" target=\"_self\">Hiver<\/a>\n\t\t\t\t\t\t<\/sr7-slide>\n\t\t\t\t\t\t<sr7-slide id=\"SR7_31_1-310\" data-key=\"310\">\n\t\t\t\t\t\t\t<sr7-bg id=\"SR7_31_1-310-11\" class=\"sr7-layer\"><noscript><img decoding=\"async\" src=\"https:\/\/refugelechaudron-champery.ch\/wp-content\/uploads\/revslider\/ete-24\/VTT_3_1920_600.png\" alt=\"\" title=\"VTT_3_1920_600.png\"><\/noscript><\/sr7-bg>\n\t\t\t\t\t\t\t<sr7-txt id=\"SR7_31_1-310-0\" class=\"sr7-layer\">Plus de 650 km de VTT ou VTTAE (bleue, rouge ou noir) entre la Suisse et la France accessible depuis le Chaudron<\/sr7-txt>\n\t\t\t\t\t\t\t<a id=\"SR7_31_1-310-10\" class=\"sr7-layer\" href=\"https:\/\/refugelechaudron-champery.ch\/?saison=hiver\" target=\"_self\">Hiver<\/a>\n\t\t\t\t\t\t<\/sr7-slide>\n\t\t\t\t\t\t<sr7-slide id=\"SR7_31_1-311\" data-key=\"311\">\n\t\t\t\t\t\t\t<sr7-bg id=\"SR7_31_1-311-12\" class=\"sr7-layer\"><noscript><img decoding=\"async\" src=\"https:\/\/refugelechaudron-champery.ch\/wp-content\/uploads\/revslider\/ete-24\/Rhodo_1920_600.jpg\" alt=\"\" title=\"Rhodo_1920_600.jpg\"><\/noscript><\/sr7-bg>\n\t\t\t\t\t\t\t<sr7-txt id=\"SR7_31_1-311-0\" class=\"sr7-layer\">D\u00e9couvrez la flore alpine et peut-\u00eatre encore un peu de neige<\/sr7-txt>\n\t\t\t\t\t\t\t<a id=\"SR7_31_1-311-11\" class=\"sr7-layer\" href=\"https:\/\/refugelechaudron-champery.ch\/?saison=hiver\" target=\"_self\">Hiver<\/a>\n\t\t\t\t\t\t<\/sr7-slide>\n\t\t\t\t\t\t<sr7-slide id=\"SR7_31_1-313\" data-key=\"313\">\n\t\t\t\t\t\t\t<sr7-bg id=\"SR7_31_1-313-5\" class=\"sr7-layer\"><noscript><img decoding=\"async\" src=\"https:\/\/refugelechaudron-champery.ch\/wp-content\/uploads\/revslider\/ete-24\/Vache_1920_600.jpg\" alt=\"\" title=\"Vache_1920_600.jpg\"><\/noscript><\/sr7-bg>\n\t\t\t\t\t\t\t<sr7-txt id=\"SR7_31_1-313-0\" class=\"sr7-layer\">D\u00e9couvrez nos stars locales pr\u00e8s du Chalet Montriond<\/sr7-txt>\n\t\t\t\t\t\t\t<a id=\"SR7_31_1-313-3\" class=\"sr7-layer\" href=\"https:\/\/refugelechaudron-champery.ch\/?saison=hiver\" target=\"_self\">Hiver<\/a>\n\t\t\t\t\t\t<\/sr7-slide>\n\t\t\t\t\t\t<sr7-slide id=\"SR7_31_1-314\" data-key=\"314\">\n\t\t\t\t\t\t\t<sr7-bg id=\"SR7_31_1-314-8\" class=\"sr7-layer\"><noscript><img decoding=\"async\" src=\"https:\/\/refugelechaudron-champery.ch\/wp-content\/uploads\/revslider\/ete-24\/VTT_4_1920_600.png\" alt=\"\" title=\"VTT_4_1920_600.png\"><\/noscript><\/sr7-bg>\n\t\t\t\t\t\t\t<sr7-txt id=\"SR7_31_1-314-0\" class=\"sr7-layer\">F\u00fcr Downhill-Fans stehen 4 Sektoren zur Auswahl<\/sr7-txt>\n\t\t\t\t\t\t\t<a id=\"SR7_31_1-314-7\" class=\"sr7-layer\" href=\"https:\/\/refugelechaudron-champery.ch\/?saison=hiver\" target=\"_self\">Hiver<\/a>\n\t\t\t\t\t\t<\/sr7-slide>\n\t\t\t\t\t\t<sr7-slide id=\"SR7_31_1-315\" data-key=\"315\">\n\t\t\t\t\t\t\t<sr7-bg id=\"SR7_31_1-315-5\" class=\"sr7-layer\"><noscript><img decoding=\"async\" src=\"https:\/\/refugelechaudron-champery.ch\/wp-content\/uploads\/revslider\/ete-24\/Rando1_1920_600.png\" alt=\"\" title=\"Rando1_1920_600.png\"><\/noscript><\/sr7-bg>\n\t\t\t\t\t\t\t<sr7-txt id=\"SR7_31_1-315-0\" class=\"sr7-layer\">Toute l'\u00e9quipe du Chalet Montriond se r\u00e9jouit de vous recevoir.<\/sr7-txt>\n\t\t\t\t\t\t\t<sr7-txt id=\"SR7_31_1-315-2\" class=\"sr7-layer\">Nature, sport et s\u00e9r\u00e9nit\u00e9 au coeur des Alpes<\/sr7-txt>\n\t\t\t\t\t\t<\/sr7-slide>\n\t\t\t\t\t\t<sr7-slide id=\"SR7_31_1-317\" data-key=\"317\">\n\t\t\t\t\t\t\t<sr7-bg id=\"SR7_31_1-317-13\" class=\"sr7-layer\"><noscript><img decoding=\"async\" src=\"https:\/\/refugelechaudron-champery.ch\/wp-content\/uploads\/2016\/10\/Ete_7_1920_600-2.png\" alt=\"\" title=\"Ete_7_1920_600\"><\/noscript><\/sr7-bg>\n\t\t\t\t\t\t\t<sr7-txt id=\"SR7_31_1-317-0\" class=\"sr7-layer\">Notre terrasse ave une vue exceptionelle vous attend<\/sr7-txt>\n\t\t\t\t\t\t\t<a id=\"SR7_31_1-317-12\" class=\"sr7-layer\" href=\"https:\/\/refugelechaudron-champery.ch\/?saison=hiver\" target=\"_self\">Hiver<\/a>\n\t\t\t\t\t\t<\/sr7-slide>\n\t\t\t\t\t\t<sr7-slide id=\"SR7_31_1-318\" data-key=\"318\">\n\t\t\t\t\t\t<\/sr7-slide>\n\t\t\t\t\t<\/sr7-content>\n\t\t\t\t\t<image_lists style=\"display:none\">\n\t\t\t\t\t\t<img data-src=\"\/\/refugelechaudron-champery.ch\/wp-content\/uploads\/revslider\/ete-24\/Flag_of_Switzerland_Pantone.svg_-300x300.png\" data-libid=\"32789\" data-lib=\"medialibrary\" title=\"Flag_of_Switzerland_Pantone.svg_-300&#215;300.png\" width=\"0\" height=\"0\" data-dbsrc=\"Ly9yZWZ1Z2VsZWNoYXVkcm9uLWNoYW1wZXJ5LmNoL3dwLWNvbnRlbnQvdXBsb2Fkcy9yZXZzbGlkZXIvZXRlLTI0L0ZsYWdfb2ZfU3dpdHplcmxhbmRfUGFudG9uZS5zdmdfLTMwMHgzMDAucG5n\"\/>\n\t\t\t\t\t\t<img data-src=\"\/\/refugelechaudron-champery.ch\/wp-content\/uploads\/2016\/10\/Ete_1_1920_600.jpg\" data-libid=\"34936\" data-lib=\"medialibrary\" title=\"Screenshot\" width=\"0\" height=\"0\" data-dbsrc=\"Ly9yZWZ1Z2VsZWNoYXVkcm9uLWNoYW1wZXJ5LmNoL3dwLWNvbnRlbnQvdXBsb2Fkcy8yMDE2LzEwL0V0ZV8xXzE5MjBfNjAwLmpwZw==\"\/>\n\t\t\t\t\t\t<img data-src=\"\/\/refugelechaudron-champery.ch\/wp-content\/uploads\/2016\/10\/Ete_4_1920_600-1.jpg\" data-libid=\"34969\" data-lib=\"medialibrary\" title=\"Ete_4_1920_600\" width=\"0\" height=\"0\" data-dbsrc=\"Ly9yZWZ1Z2VsZWNoYXVkcm9uLWNoYW1wZXJ5LmNoL3dwLWNvbnRlbnQvdXBsb2Fkcy8yMDE2LzEwL0V0ZV80XzE5MjBfNjAwLTEuanBn\"\/>\n\t\t\t\t\t\t<img data-src=\"\/\/refugelechaudron-champery.ch\/wp-content\/uploads\/2016\/10\/Ete_4_1920_600.jpg\" data-libid=\"34948\" data-lib=\"medialibrary\" title=\"Ete_4_1920_600\" width=\"0\" height=\"0\" data-dbsrc=\"Ly9yZWZ1Z2VsZWNoYXVkcm9uLWNoYW1wZXJ5LmNoL3dwLWNvbnRlbnQvdXBsb2Fkcy8yMDE2LzEwL0V0ZV80XzE5MjBfNjAwLmpwZw==\"\/>\n\t\t\t\t\t\t<img data-src=\"\/\/refugelechaudron-champery.ch\/wp-content\/uploads\/revslider\/ete-24\/Rando3_1920_600.png\" data-libid=\"32804\" data-lib=\"medialibrary\" title=\"Rando3_1920_600.png\" width=\"0\" height=\"0\" data-dbsrc=\"Ly9yZWZ1Z2VsZWNoYXVkcm9uLWNoYW1wZXJ5LmNoL3dwLWNvbnRlbnQvdXBsb2Fkcy9yZXZzbGlkZXIvZXRlLTI0L1JhbmRvM18xOTIwXzYwMC5wbmc=\"\/>\n\t\t\t\t\t\t<img data-src=\"\/\/refugelechaudron-champery.ch\/wp-content\/uploads\/revslider\/ete-24\/VTT_3_1920_600.png\" data-libid=\"32807\" data-lib=\"medialibrary\" title=\"VTT_3_1920_600.png\" width=\"0\" height=\"0\" data-dbsrc=\"Ly9yZWZ1Z2VsZWNoYXVkcm9uLWNoYW1wZXJ5LmNoL3dwLWNvbnRlbnQvdXBsb2Fkcy9yZXZzbGlkZXIvZXRlLTI0L1ZUVF8zXzE5MjBfNjAwLnBuZw==\"\/>\n\t\t\t\t\t\t<img data-src=\"\/\/refugelechaudron-champery.ch\/wp-content\/uploads\/revslider\/ete-24\/Rhodo_1920_600.jpg\" data-libid=\"32810\" data-lib=\"medialibrary\" title=\"Rhodo_1920_600.jpg\" width=\"0\" height=\"0\" data-dbsrc=\"Ly9yZWZ1Z2VsZWNoYXVkcm9uLWNoYW1wZXJ5LmNoL3dwLWNvbnRlbnQvdXBsb2Fkcy9yZXZzbGlkZXIvZXRlLTI0L1Job2RvXzE5MjBfNjAwLmpwZw==\"\/>\n\t\t\t\t\t\t<img data-src=\"\/\/refugelechaudron-champery.ch\/wp-content\/uploads\/2016\/10\/Ete_7_1920_600-2.png\" data-libid=\"34984\" data-lib=\"medialibrary\" title=\"Ete_7_1920_600\" width=\"0\" height=\"0\" data-dbsrc=\"Ly9yZWZ1Z2VsZWNoYXVkcm9uLWNoYW1wZXJ5LmNoL3dwLWNvbnRlbnQvdXBsb2Fkcy8yMDE2LzEwL0V0ZV83XzE5MjBfNjAwLTIucG5n\"\/>\n\t\t\t\t\t\t<img data-src=\"\/\/refugelechaudron-champery.ch\/wp-content\/uploads\/revslider\/ete-24\/Vache_1920_600.jpg\" data-libid=\"32819\" data-lib=\"medialibrary\" title=\"Vache_1920_600.jpg\" width=\"0\" height=\"0\" data-dbsrc=\"Ly9yZWZ1Z2VsZWNoYXVkcm9uLWNoYW1wZXJ5LmNoL3dwLWNvbnRlbnQvdXBsb2Fkcy9yZXZzbGlkZXIvZXRlLTI0L1ZhY2hlXzE5MjBfNjAwLmpwZw==\"\/>\n\t\t\t\t\t\t<img data-src=\"\/\/refugelechaudron-champery.ch\/wp-content\/uploads\/revslider\/ete-24\/VTT_4_1920_600.png\" data-libid=\"32822\" data-lib=\"medialibrary\" title=\"VTT_4_1920_600.png\" width=\"0\" height=\"0\" data-dbsrc=\"Ly9yZWZ1Z2VsZWNoYXVkcm9uLWNoYW1wZXJ5LmNoL3dwLWNvbnRlbnQvdXBsb2Fkcy9yZXZzbGlkZXIvZXRlLTI0L1ZUVF80XzE5MjBfNjAwLnBuZw==\"\/>\n\t\t\t\t\t\t<img data-src=\"\/\/refugelechaudron-champery.ch\/wp-content\/uploads\/revslider\/ete-24\/Rando1_1920_600.png\" data-libid=\"32828\" data-lib=\"medialibrary\" title=\"Rando1_1920_600.png\" width=\"0\" height=\"0\" data-dbsrc=\"Ly9yZWZ1Z2VsZWNoYXVkcm9uLWNoYW1wZXJ5LmNoL3dwLWNvbnRlbnQvdXBsb2Fkcy9yZXZzbGlkZXIvZXRlLTI0L1JhbmRvMV8xOTIwXzYwMC5wbmc=\"\/>\n\t\t\t\t\t<\/image_lists>\n\t\t\t\t<\/sr7-module>\n\t\t\t\t<script>\n\t\t\t\t\tSR7.PMH ??={}; SR7.PMH[\"SR7_31_1\"] = {cn:100,state:false,fn: function() { if (_tpt!==undefined && _tpt.prepareModuleHeight !== undefined) {  _tpt.prepareModuleHeight({id:\"SR7_31_1\",el:[600,600,768,960,500],type:'standard',shdw:'0',gh:[600,600,768,960,500],gw:[1920,1920,1024,778,480],vpt:['-200px&#039;,&#039;-200px&#039;,&#039;-200px&#039;,&#039;-200px&#039;,&#039;-200px'],size:{fullWidth:true, fullHeight:false},mh:'0',onh:0,onw:0,bg:{color:'{\"orig\":\"transparent\",\"type\":\"solid\",\"string\":\"transparent\"}'}});   SR7.PMH[\"SR7_31_1\"].state=true;} else if(SR7.PMH[\"SR7_31_1\"].cn-->0)\tsetTimeout( SR7.PMH[\"SR7_31_1\"].fn,19);}};SR7.PMH[\"SR7_31_1\" ].fn();\n\t\t\t\t<\/script>\n[vc_empty_space]<div class=\"thim-widget-heading template-default\"><div class=\"thim-sc-heading\" >\n\t\t<div class=\"article_heading \">\n\t\t\t\n\t\t\t<p class=\"heading_primary\"  >Erleben Sie die Portes du Soleil<\/p>\n\t\t\t\n\t\t\t\n\t\t<\/div>\n\t<\/div><\/div>[\/vc_column][\/vc_row][vc_row][vc_column width=&#8220;1\/2&#8243;][vc_empty_space][vc_column_text css=&#8220;.vc_custom_1757926750430{margin-top: 32px !important;}&#8220;]<\/p>\n<h3>Entdecken Sie den Herbst in den Portes du Soleil! \ud83c\udf1e<\/h3>\n<p>Willkommen in den Portes du Soleil \u2013 das Sommerparadies f\u00fcr Naturliebhaber, Sportbegeisterte und Erholungssuchende! Eingebettet in eine traumhafte Landschaft zwischen Frankreich und der Schweiz bietet unser Gebiet ein unvergessliches Erlebnis mit atemberaubenden Ausblicken und zahlreichen Aktivit\u00e4ten f\u00fcr die ganze Familie.<\/p>\n<h4>\ud83c\udf32 Erkunden Sie wundersch\u00f6ne Wanderwege<\/h4>\n<p>Mit <strong>400 km markierten Wanderwegen<\/strong> genie\u00dfen Sie au\u00dfergew\u00f6hnliche Touren mitten in der Natur. Ob Anf\u00e4nger oder erfahrener Wanderer \u2013 unsere Routen versprechen spektakul\u00e4re Ausblicke und absolute Ruhe.<\/p>\n<h4>\ud83d\udeb5\u200d\u2642\ufe0f Mountainbike-Abenteuer<\/h4>\n<p>F\u00fcr alle Radfans gibt es <strong>650 km Mountainbike-Strecken<\/strong>. Von Adrenalin-Abfahrten bis hin zu gem\u00fctlicheren Touren ist f\u00fcr jeden etwas dabei. Und f\u00fcr ein noch spezielleres Erlebnis probieren Sie doch das <strong>E-Mountainbike<\/strong>!<\/p>\n<h4>\ud83c\udfe1 Spezialangebot<\/h4>\n<h4>2 N\u00e4chte: Genuss-Wochenende<\/h4>\n<ul>\n<li><strong>2 N\u00e4chte (Fr\u00fchst\u00fcck, Abendessen)<\/strong><\/li>\n<li>1. Abend Raclette, 2. Abend <a href=\"https:\/\/refugelechaudron-champery.ch\/menu_chasse\/\"><strong>unser Wildmen\u00fc<\/strong><\/a><\/li>\n<li><strong>Kostenloser Multipass<\/strong> mit Zugang zu 70 Aktivit\u00e4ten und allen Transporten<\/li>\n<li><strong>E-Mountainbike nur 50 CHF\/Tag<\/strong><\/li>\n<\/ul>\n<h4>1 Nacht: Wild-Spezial<\/h4>\n<ul>\n<li><strong>1 Nacht (Fr\u00fchst\u00fcck, Abendessen)<\/strong><\/li>\n<li><a href=\"https:\/\/refugelechaudron-champery.ch\/menu_chasse\/\"><strong>unser Wildmen\u00fc<\/strong><\/a><\/li>\n<li><strong>Kostenloser Multipass<\/strong> mit Zugang zu 70 Aktivit\u00e4ten und allen Transporten<\/li>\n<li><strong>E-Mountainbike nur 50 CHF\/Tag<\/strong><\/li>\n<\/ul>\n<p>Dieses Angebot ist bis zum 19. Oktober g\u00fcltig \u2013 also warten Sie nicht l\u00e4nger und buchen Sie jetzt Ihren Aufenthalt f\u00fcr ein genussvolles und unvergessliches Abenteuer in den Portes du Soleil.[\/vc_column_text][vc_btn title=&#8220;Buchen Sie Ihren Aufenthalt&#8220; color=&#8220;warning&#8220; align=&#8220;center&#8220; css=&#8220;&#8220; link=&#8220;url:https%3A%2F%2Fibe.sabeeapp.com%2Fspecial-offers%2FLe-Chaudron-r%25C3%25A9servation%2F%3Fp%3DbSp917cdf02379e0ff3%26checkin%3D2025-08-30%26checkout%3D2025-08-31%26l%3Dde|target:_blank&#8220;][\/vc_column][vc_column width=&#8220;1\/2&#8243;][vc_empty_space][vc_images_carousel images=&#8220;35348,35351,35357,35360,35363,35366&#8243; img_size=&#8220;full&#8220; onclick=&#8220;custom_link&#8220; speed=&#8220;3000&#8243; autoplay=&#8220;yes&#8220; hide_prev_next_buttons=&#8220;yes&#8220; wrap=&#8220;yes&#8220; css=&#8220;&#8220; custom_links=&#8220;#E-8_aHR0cHMlM0ElMkYlMkZpYmUuc2FiZWVhcHAuY29tJTJGcHJvcGVydGllcyUyRkNoYWxldC1Nb250cmlvbmQtciUyNUMzJTI1QTlzZXJ2YXRpb24lMkYlM0ZwJTNEYlNwNmI5MzM0YWVlYWM2YzQyZSUyNmNoZWNraW4lM0QxNS0wOC0yMDI0JTI2Y2hlY2tvdXQlM0QxNy0wOC0yMDI0JTI2bCUzRGZy&#8220;][vc_empty_space][vc_btn title=&#8220;Buchen Sie Ihren Aufenthalt&#8220; color=&#8220;warning&#8220; align=&#8220;center&#8220; css=&#8220;&#8220; link=&#8220;url:https%3A%2F%2Fibe.sabeeapp.com%2Fspecial-offers%2FLe-Chaudron-r%25C3%25A9servation%2F%3Fp%3DbSp917cdf02379e0ff3%26checkin%3D2025-08-30%26checkout%3D2025-08-31%26l%3Dde|target:_blank&#8220;][vc_empty_space][\/vc_column][\/vc_row][vc_row][vc_column]<div class=\"thim-widget-heading template-default\"><div class=\"thim-sc-heading\" >\n\t\t<div class=\"article_heading \">\n\t\t\t\n\t\t\t<p class=\"heading_primary\"  >Vos avantages<\/p>\n\t\t\t\n\t\t\t\n\t\t<\/div>\n\t<\/div><\/div>[vc_empty_space][\/vc_column][\/vc_row][vc_row][vc_column width=&#8220;1\/3&#8243;][vc_icon icon_fontawesome=&#8220;fas fa-tram&#8220; color=&#8220;peacoc&#8220; align=&#8220;center&#8220; css=&#8220;&#8220;][vc_column_text css=&#8220;&#8220;]<\/p>\n<p style=\"text-align: center;\">Kostenloses WLAN im gesamten Geb\u00e4ude<\/p>\n<p>[\/vc_column_text][vc_empty_space][\/vc_column][vc_column width=&#8220;1\/3&#8243;][vc_icon type=&#8220;material&#8220; icon_material=&#8220;vc-material vc-material-ac_unit&#8220; color=&#8220;peacoc&#8220; align=&#8220;center&#8220;][vc_column_text css=&#8220;&#8220;]<\/p>\n<p style=\"text-align: center;\">Mitten in den Portes du Soleil (einem der gr\u00f6\u00dften Skigebiete Europas)<\/p>\n<p>[\/vc_column_text][vc_empty_space][\/vc_column][vc_column width=&#8220;1\/3&#8243;][vc_icon type=&#8220;material&#8220; icon_material=&#8220;vc-material vc-material-restaurant_menu&#8220; color=&#8220;peacoc&#8220; align=&#8220;center&#8220;][vc_column_text css=&#8220;&#8220;]<\/p>\n<p style=\"text-align: center;\">Gastronomie vor Ort<\/p>\n<p>[\/vc_column_text][vc_empty_space][\/vc_column][\/vc_row][vc_row][vc_column width=&#8220;1\/3&#8243;][vc_icon type=&#8220;typicons&#8220; icon_typicons=&#8220;typcn typcn-thermometer&#8220; color=&#8220;peacoc&#8220; align=&#8220;center&#8220;][vc_column_text css=&#8220;&#8220;]<\/p>\n<p style=\"text-align: center;\">Au\u00dfergew\u00f6hnliche Aussicht<\/p>\n<p>[\/vc_column_text][\/vc_column][vc_column width=&#8220;1\/3&#8243;][vc_icon icon_fontawesome=&#8220;fa fa-tree&#8220; color=&#8220;peacoc&#8220; align=&#8220;center&#8220;][vc_column_text css=&#8220;&#8220;]<\/p>\n<p style=\"text-align: center;\">im Herzen der Natur<\/p>\n<p>[\/vc_column_text][\/vc_column][vc_column width=&#8220;1\/3&#8243;][vc_icon type=&#8220;material&#8220; icon_material=&#8220;vc-material vc-material-time_to_leave&#8220; color=&#8220;peacoc&#8220; align=&#8220;center&#8220;][vc_column_text]<\/p>\n<p style=\"text-align: center;\">Parking<\/p>\n<p>[\/vc_column_text][\/vc_column][\/vc_row]<\/p>\n<\/div>","protected":false},"excerpt":{"rendered":"<p>[vc_row][vc_column][vc_empty_space][\/vc_column][\/vc_row][vc_row][vc_column width=&#8220;1\/2&#8243;][vc_empty_space][vc_column_text css=&#8220;.vc_custom_1757926750430{margin-top: 32px !important;}&#8220;] Entdecken Sie den Herbst in den Portes du Soleil! \ud83c\udf1e Willkommen in den Portes du Soleil \u2013 das Sommerparadies f\u00fcr Naturliebhaber, Sportbegeisterte und Erholungssuchende! Eingebettet in eine traumhafte Landschaft zwischen Frankreich und der Schweiz bietet unser Gebiet ein unvergessliches Erlebnis mit atemberaubenden Ausblicken und zahlreichen&#8230;<\/p>\n","protected":false},"author":7,"featured_media":0,"parent":0,"menu_order":0,"comment_status":"closed","ping_status":"closed","template":"templates\/home-page.php","meta":{"footnotes":""},"class_list":["post-35923","page","type-page","status-publish","hentry"],"yoast_head":"<!-- This site is optimized with the Yoast SEO plugin v26.0 - https:\/\/yoast.com\/wordpress\/plugins\/seo\/ -->\n<title>Herbstangebot - Le Chaudron<\/title>\n<meta name=\"description\" content=\"Herbstangebot - Champery Les Crosets - Refuge Le Chaudron\" \/>\n<meta name=\"robots\" content=\"index, follow, max-snippet:-1, max-image-preview:large, max-video-preview:-1\" \/>\n<link rel=\"canonical\" href=\"https:\/\/refugelechaudron-champery.ch\/de\/herbstangebot\/\" \/>\n<meta property=\"og:locale\" content=\"de_DE\" \/>\n<meta property=\"og:type\" content=\"article\" \/>\n<meta property=\"og:title\" content=\"Herbstangebot - Le Chaudron\" \/>\n<meta property=\"og:description\" content=\"Herbstangebot - Champery Les Crosets - Refuge Le Chaudron\" \/>\n<meta property=\"og:url\" content=\"https:\/\/refugelechaudron-champery.ch\/de\/herbstangebot\/\" \/>\n<meta property=\"og:site_name\" content=\"Le Chaudron\" \/>\n<meta property=\"article:modified_time\" content=\"2025-11-26T17:17:39+00:00\" \/>\n<meta name=\"twitter:card\" content=\"summary_large_image\" \/>\n<meta name=\"twitter:label1\" content=\"Gesch\u00e4tzte Lesezeit\" \/>\n\t<meta name=\"twitter:data1\" content=\"2\u00a0Minuten\" \/>\n<script type=\"application\/ld+json\" class=\"yoast-schema-graph\">{\"@context\":\"https:\/\/schema.org\",\"@graph\":[{\"@type\":\"WebPage\",\"@id\":\"https:\/\/refugelechaudron-champery.ch\/de\/herbstangebot\/\",\"url\":\"https:\/\/refugelechaudron-champery.ch\/de\/herbstangebot\/\",\"name\":\"Herbstangebot - Le Chaudron\",\"isPartOf\":{\"@id\":\"https:\/\/refugelechaudron-champery.ch\/de\/#website\"},\"datePublished\":\"2025-11-26T17:17:38+00:00\",\"dateModified\":\"2025-11-26T17:17:39+00:00\",\"description\":\"Herbstangebot - Champery Les Crosets - Refuge Le Chaudron\",\"breadcrumb\":{\"@id\":\"https:\/\/refugelechaudron-champery.ch\/de\/herbstangebot\/#breadcrumb\"},\"inLanguage\":\"de\",\"potentialAction\":[{\"@type\":\"ReadAction\",\"target\":[\"https:\/\/refugelechaudron-champery.ch\/de\/herbstangebot\/\"]}]},{\"@type\":\"BreadcrumbList\",\"@id\":\"https:\/\/refugelechaudron-champery.ch\/de\/herbstangebot\/#breadcrumb\",\"itemListElement\":[{\"@type\":\"ListItem\",\"position\":1,\"name\":\"Home\",\"item\":\"https:\/\/refugelechaudron-champery.ch\/de\/\"},{\"@type\":\"ListItem\",\"position\":2,\"name\":\"Herbstangebot\"}]},{\"@type\":\"WebSite\",\"@id\":\"https:\/\/refugelechaudron-champery.ch\/de\/#website\",\"url\":\"https:\/\/refugelechaudron-champery.ch\/de\/\",\"name\":\"Le Chaudron\",\"description\":\"Au coeur des Portes du Soleil\",\"potentialAction\":[{\"@type\":\"SearchAction\",\"target\":{\"@type\":\"EntryPoint\",\"urlTemplate\":\"https:\/\/refugelechaudron-champery.ch\/de\/?s={search_term_string}\"},\"query-input\":{\"@type\":\"PropertyValueSpecification\",\"valueRequired\":true,\"valueName\":\"search_term_string\"}}],\"inLanguage\":\"de\"}]}<\/script>\n<!-- \/ Yoast SEO plugin. -->","yoast_head_json":{"title":"Herbstangebot - Le Chaudron","description":"Herbstangebot - Champery Les Crosets - Refuge Le Chaudron","robots":{"index":"index","follow":"follow","max-snippet":"max-snippet:-1","max-image-preview":"max-image-preview:large","max-video-preview":"max-video-preview:-1"},"canonical":"https:\/\/refugelechaudron-champery.ch\/de\/herbstangebot\/","og_locale":"de_DE","og_type":"article","og_title":"Herbstangebot - Le Chaudron","og_description":"Herbstangebot - Champery Les Crosets - Refuge Le Chaudron","og_url":"https:\/\/refugelechaudron-champery.ch\/de\/herbstangebot\/","og_site_name":"Le Chaudron","article_modified_time":"2025-11-26T17:17:39+00:00","twitter_card":"summary_large_image","twitter_misc":{"Gesch\u00e4tzte Lesezeit":"2\u00a0Minuten"},"schema":{"@context":"https:\/\/schema.org","@graph":[{"@type":"WebPage","@id":"https:\/\/refugelechaudron-champery.ch\/de\/herbstangebot\/","url":"https:\/\/refugelechaudron-champery.ch\/de\/herbstangebot\/","name":"Herbstangebot - Le Chaudron","isPartOf":{"@id":"https:\/\/refugelechaudron-champery.ch\/de\/#website"},"datePublished":"2025-11-26T17:17:38+00:00","dateModified":"2025-11-26T17:17:39+00:00","description":"Herbstangebot - Champery Les Crosets - Refuge Le Chaudron","breadcrumb":{"@id":"https:\/\/refugelechaudron-champery.ch\/de\/herbstangebot\/#breadcrumb"},"inLanguage":"de","potentialAction":[{"@type":"ReadAction","target":["https:\/\/refugelechaudron-champery.ch\/de\/herbstangebot\/"]}]},{"@type":"BreadcrumbList","@id":"https:\/\/refugelechaudron-champery.ch\/de\/herbstangebot\/#breadcrumb","itemListElement":[{"@type":"ListItem","position":1,"name":"Home","item":"https:\/\/refugelechaudron-champery.ch\/de\/"},{"@type":"ListItem","position":2,"name":"Herbstangebot"}]},{"@type":"WebSite","@id":"https:\/\/refugelechaudron-champery.ch\/de\/#website","url":"https:\/\/refugelechaudron-champery.ch\/de\/","name":"Le Chaudron","description":"Au coeur des Portes du Soleil","potentialAction":[{"@type":"SearchAction","target":{"@type":"EntryPoint","urlTemplate":"https:\/\/refugelechaudron-champery.ch\/de\/?s={search_term_string}"},"query-input":{"@type":"PropertyValueSpecification","valueRequired":true,"valueName":"search_term_string"}}],"inLanguage":"de"}]}},"_links":{"self":[{"href":"https:\/\/refugelechaudron-champery.ch\/de\/wp-json\/wp\/v2\/pages\/35923","targetHints":{"allow":["GET"]}}],"collection":[{"href":"https:\/\/refugelechaudron-champery.ch\/de\/wp-json\/wp\/v2\/pages"}],"about":[{"href":"https:\/\/refugelechaudron-champery.ch\/de\/wp-json\/wp\/v2\/types\/page"}],"author":[{"embeddable":true,"href":"https:\/\/refugelechaudron-champery.ch\/de\/wp-json\/wp\/v2\/users\/7"}],"replies":[{"embeddable":true,"href":"https:\/\/refugelechaudron-champery.ch\/de\/wp-json\/wp\/v2\/comments?post=35923"}],"version-history":[{"count":1,"href":"https:\/\/refugelechaudron-champery.ch\/de\/wp-json\/wp\/v2\/pages\/35923\/revisions"}],"predecessor-version":[{"id":35926,"href":"https:\/\/refugelechaudron-champery.ch\/de\/wp-json\/wp\/v2\/pages\/35923\/revisions\/35926"}],"wp:attachment":[{"href":"https:\/\/refugelechaudron-champery.ch\/de\/wp-json\/wp\/v2\/media?parent=35923"}],"curies":[{"name":"wp","href":"https:\/\/api.w.org\/{rel}","templated":true}]}}