{"id":35826,"date":"2025-11-24T18:08:31","date_gmt":"2025-11-24T17:08:31","guid":{"rendered":"https:\/\/refugelechaudron-champery.ch\/?page_id=35826"},"modified":"2025-11-24T18:08:31","modified_gmt":"2025-11-24T17:08:31","slug":"gruppenangebot-3","status":"publish","type":"page","link":"https:\/\/refugelechaudron-champery.ch\/de\/gruppenangebot-3\/","title":{"rendered":"Gruppenangebot"},"content":{"rendered":"<div class=\"wpb-content-wrapper\"><p>[vc_row][vc_column]\n\t\t\t<sr7-module data-alias=\"Error-Module\" data-id=\"ERROR\" id=\"SR7_ERROR_1\" class=\"\" data-version=\"6.7.37\">\n\t\t\t\t<sr7-adjuster><\/sr7-adjuster>\n\t\t\t\t<sr7-content>\n\t\t\t\t\t<sr7-slide id=\"SR7_ERROR_1-1\" data-key=\"1\">\n\t\t\t\t\t\t<sr7-txt id=\"SR7_ERROR_1-1-1\" class=\"sr7-layer\">Slider with alias ete-24 not found.<\/sr7-txt>\n\t\t\t\t\t\t<sr7-txt id=\"SR7_ERROR_1-1-2\" class=\"sr7-layer\">There is nothing to show here!<\/sr7-txt>\n\t\t\t\t\t\t<sr7-txt id=\"SR7_ERROR_1-1-3\" class=\"sr7-layer\"><i class=\"fa-warning\"><\/i><\/sr7-txt>\n\t\t\t\t\t<\/sr7-slide>\n\t\t\t\t<\/sr7-content>\n\t\t\t<\/sr7-module>\n\t\t\t<script>\n\t\t\t\twindow.SR7 ??= {};\n\t\t\t\tSR7.JSON ??= {};\n\t\t\t\tSR7.JSON[\"SR7_ERROR_1\"] = {id:\"ERROR\", settings:{\"title\":\"Error Module\",\"alias\":\"Error Module\",\"type\":\"hero\", \"size\":{\"width\": [1240,1240,1024,778,480],\"height\": [600,600,600,600,480]}},\"slides\":{\"1\":{\"slide\":{\"id\":\"1\",\"version\":\"6.7.37\",\"order\":1},\"layers\":{\"1\":{\"fluid\":{\"tx\":true,\"tr\":true,\"sp\":true},\"id\":1,\"alias\":\"Subtext\",\"size\":{\"w\":[\"850px\",\"800px\",\"600px\",\"450px\",\"450px\"]}, \"content\":{\"text\":\"Slider with alias ete-24 not found.\"},\"pos\":{\"y\":[\"30px\",\"30px\",\"20px\",\"16px\",\"13px\"],\"h\":[\"center\",\"center\",\"center\",\"center\",\"center\"],\"v\":[\"middle\",\"middle\",\"middle\",\"middle\",\"middle\"],\"pos\":\"absolute\"},\"zIndex\":6,\"order\":6,\"display\":[\"block\",\"block\",\"block\",\"block\",\"block\"],\"tl\":{\"in\":{\"content\":{\"all\":[{\"t\":0,\"d\":0,\"f\":0,\"e\":\"power3.inOut\",\"pE\":\"d\",\"sX\":0.9,\"sY\":0.9,\"o\":0},{\"t\":370,\"d\":850,\"f\":850,\"e\":\"power3.inOut\",\"pE\":\"d\",\"sX\":1,\"sY\":1,\"o\":1}]}},\"out\":{\"content\":{\"all\":[{\"t\":0,\"d\":300,\"f\":300,\"e\":\"power3.inOut\",\"pE\":\"n\",\"o\":0}]}}},\"tA\":[\"center\",\"center\",\"center\",\"center\",\"center\"],\"color\":[\"#000000\",\"#000000\",\"#000000\",\"#000000\",\"#000000\"],\"font\":{\"family\":'Arial, Helvetica, sans-serif',\"size\":[\"#a\",20,16,12,7],\"weight\":[\"200\",\"200\",\"200\",\"200\",\"200\"],\"ls\":[0,0,0,0,0]},\"lh\":[\"#a\",\"24px\",\"20px\",\"16px\",\"7px\"],\"type\":\"text\"},\"2\":{\"fluid\":{\"tx\":true,\"tr\":true,\"sp\":true},\"id\":2,\"alias\":\"Title\",\"content\":{\"text\":\"There is nothing to show here!\"},\"pos\":{\"y\":[\"-20px\",\"-20px\",\"-16px\",\"-12px\",\"-7px\"],\"h\":[\"center\",\"center\",\"center\",\"center\",\"center\"],\"v\":[\"middle\",\"middle\",\"middle\",\"middle\",\"middle\"],\"pos\":\"absolute\"},\"zIndex\":7,\"order\":7,\"display\":[\"block\",\"block\",\"block\",\"block\",\"block\"],\"tl\":{\"in\":{\"content\":{\"all\":[{\"t\":0,\"d\":0,\"f\":0,\"e\":\"power3.inOut\",\"pE\":\"d\",\"sX\":0.9,\"sY\":0.9,\"o\":0},{\"t\":200,\"d\":1000,\"f\":1000,\"e\":\"power3.inOut\",\"pE\":\"d\",\"sX\":1,\"sY\":1,\"o\":1}]}},\"out\":{\"content\":{\"all\":[{\"t\":0,\"d\":300,\"f\":300,\"e\":\"power3.inOut\",\"pE\":\"n\",\"o\":0}]}}},\"tA\":[\"center\",\"center\",\"center\",\"center\",\"center\"],\"color\":[\"#000000\",\"#000000\",\"#000000\",\"#000000\",\"#000000\"],\"font\":{\"family\":\"'Arial, Helvetica, sans-serif'\",\"size\":[\"30px\",\"30px\",\"24px\",\"18px\",\"11px\"],\"weight\":[\"200\",\"200\",\"200\",\"200\",\"200\"],\"ls\":[0,0,0,0,0]},\"lh\":[\"30px\",\"30px\",\"24px\",\"18px\",\"11px\"],\"type\":\"text\"},\"3\":{\"fluid\":{\"tx\":true,\"tr\":true,\"sp\":true},\"id\":3,\"alias\":\"Title\",\"content\":{\"text\":\"<i class=\\\"fa-warning\\\"><\/i>\"},\"pos\":{\"y\":[\"-70px\",\"-70px\",\"-57px\",\"-43px\",\"-26px\"],\"h\":[\"center\",\"center\",\"center\",\"center\",\"center\"],\"v\":[\"middle\",\"middle\",\"middle\",\"middle\",\"middle\"],\"pos\":\"absolute\"},\"zIndex\":8,\"order\":8,\"display\":[\"block\",\"block\",\"block\",\"block\",\"block\"],\"tl\":{\"in\":{\"content\":{\"all\":[{\"t\":0,\"d\":0,\"f\":0,\"e\":\"power3.inOut\",\"pE\":\"d\",\"sX\":0.9,\"sY\":0.9,\"o\":0},{\"t\":0,\"d\":1040,\"f\":1040,\"e\":\"power3.inOut\",\"pE\":\"d\",\"sX\":1,\"sY\":1,\"o\":1}]}},\"out\":{\"content\":{\"all\":[{\"t\":0,\"d\":300,\"f\":300,\"e\":\"power3.inOut\",\"pE\":\"n\",\"o\":0}]}}},\"tA\":[\"center\",\"center\",\"center\",\"center\",\"center\"],\"color\":[\"#ff3a2d\",\"#ff3a2d\",\"#ff3a2d\",\"#ff3a2d\",\"#ff3a2d\"],\"font\":{\"family\":\"'Arial, Helvetica, sans-serif'\",\"size\":[\"50px\",\"50px\",\"41px\",\"31px\",\"19px\"],\"weight\":[400,400,400,400,400],\"ls\":[0,0,0,0,0]},\"lh\":[\"50px\",\"50px\",\"41px\",\"31px\",\"19px\"],\"type\":\"text\"},\"32\":{\"rTo\":\"slide\",\"id\":32,\"subtype\":\"slidebg\",\"size\":{\"cMode\":\"cover\"},\"bg\":{\"color\":\"#ffffff\"},\"tl\":{\"in\":{\"bg\":{\"ms\":1000,\"rnd\":false,\"temp\":{\"t\":\"*opacity* Fade In\",\"p\":\"fade\",\"m\":\"basic\",\"g\":\"fade\"},\"in\":{\"o\":0},\"out\":{\"a\":false}}}},\"type\":\"shape\"}}}}}\n\t\t\t\tSR7.PMH ??={}; SR7.PMH[\"SR7_ERROR_1\"] = {cn:0,state:false,fn: function() { if (_tpt!==undefined && _tpt.prepareModuleHeight !== undefined) {_tpt.prepareModuleHeight({id:\"SR7_ERROR_1\",\"size\":{\"width\":[1240,1240,1024,778,480],\"height\":[900,900,768,960,720]}}); SR7.PMH[\"SR7_ERROR_1\"].state=true;} else if((SR7.PMH[\"SR7_ERROR_1\"].cn++)<100) setTimeout( SR7.PMH[\"SR7_ERROR_1\"].fn,19);}}; SR7.PMH[\"SR7_ERROR_1\" ].fn();\t\t\t<\/script>\n[vc_empty_space]<div class=\"thim-widget-heading template-default\"><div class=\"thim-sc-heading\" >\n\t\t<div class=\"article_heading \">\n\t\t\t\n\t\t\t<p class=\"heading_primary\"  >Gruppenangebot anfordern<\/p>\n\t\t\t\n\t\t\t\n\t\t<\/div>\n\t<\/div><\/div>[\/vc_column][\/vc_row][vc_row][vc_column width=&#8220;1\/2&#8243;][vc_empty_space][vc_column_text css=&#8220;.vc_custom_1570272878552{margin-top: 32px !important;}&#8220;]Wenn Sie mehr als 10 Personen sind, k\u00f6nnen wir Ihnen gerne ein individuelles Angebot machen!<\/p>\n<p>Unser Angebot umfasst Vorschl\u00e4ge f\u00fcr :<\/p>\n<ul>\n<li>Unterkunft<\/li>\n<li>das Fr\u00fchst\u00fccksbuffet<\/li>\n<li>Mittag- und\/oder Abendessen<\/li>\n<li>Skipass<\/li>\n<li>zus\u00e4tzliche Dienstleistungen (Parkplatz, R\u00e4ume)<\/li>\n<li>Wir geben Ihnen auch Informationen \u00fcber zus\u00e4tzliche Dienstleistungen (Skiverleih, Skikurse, spezielle Ausfl\u00fcge).<\/li>\n<\/ul>\n<p>[\/vc_column_text][\/vc_column][vc_column width=&#8220;1\/2&#8243; css=&#8220;.vc_custom_1570273352783{background-color: #1e73be !important;}&#8220;][vc_video link=&#8220;https:\/\/www.youtube.com\/watch?v=JeuASZgOVTw&#8220;][\/vc_column][\/vc_row][vc_row][vc_column][vc_column_text css=&#8220;&#8220;]<code><script type=\"text\/javascript\" src=\"https:\/\/crm4u.travel4u.ch\/form\/generate.js?id=27\"><\/script><\/code>[\/vc_column_text][\/vc_column][\/vc_row]<\/p>\n<\/div>","protected":false},"excerpt":{"rendered":"<p>[vc_row][vc_column][vc_empty_space][\/vc_column][\/vc_row][vc_row][vc_column width=&#8220;1\/2&#8243;][vc_empty_space][vc_column_text css=&#8220;.vc_custom_1570272878552{margin-top: 32px !important;}&#8220;]Wenn Sie mehr als 10 Personen sind, k\u00f6nnen wir Ihnen gerne ein individuelles Angebot machen! Unser Angebot umfasst Vorschl\u00e4ge f\u00fcr : Unterkunft das Fr\u00fchst\u00fccksbuffet Mittag- und\/oder Abendessen Skipass zus\u00e4tzliche Dienstleistungen (Parkplatz, R\u00e4ume) Wir geben Ihnen auch Informationen \u00fcber zus\u00e4tzliche Dienstleistungen (Skiverleih, Skikurse, spezielle Ausfl\u00fcge). [\/vc_column_text][\/vc_column][vc_column width=&#8220;1\/2&#8243;&#8230;<\/p>\n","protected":false},"author":7,"featured_media":0,"parent":0,"menu_order":0,"comment_status":"closed","ping_status":"closed","template":"templates\/home-page.php","meta":{"footnotes":""},"class_list":["post-35826","page","type-page","status-publish","hentry"],"yoast_head":"<!-- This site is optimized with the Yoast SEO plugin v26.0 - https:\/\/yoast.com\/wordpress\/plugins\/seo\/ -->\n<title>Gruppenangebot - Le Chaudron<\/title>\n<meta name=\"robots\" content=\"index, follow, max-snippet:-1, max-image-preview:large, max-video-preview:-1\" \/>\n<link rel=\"canonical\" href=\"https:\/\/refugelechaudron-champery.ch\/de\/gruppenangebot-3\/\" \/>\n<meta property=\"og:locale\" content=\"de_DE\" \/>\n<meta property=\"og:type\" content=\"article\" \/>\n<meta property=\"og:title\" content=\"Gruppenangebot - Le Chaudron\" \/>\n<meta property=\"og:description\" content=\"[vc_row][vc_column][vc_empty_space][\/vc_column][\/vc_row][vc_row][vc_column width=&#8220;1\/2&#8243;][vc_empty_space][vc_column_text css=&#8220;.vc_custom_1570272878552{margin-top: 32px !important;}&#8220;]Wenn Sie mehr als 10 Personen sind, k\u00f6nnen wir Ihnen gerne ein individuelles Angebot machen! Unser Angebot umfasst Vorschl\u00e4ge f\u00fcr : Unterkunft das Fr\u00fchst\u00fccksbuffet Mittag- und\/oder Abendessen Skipass zus\u00e4tzliche Dienstleistungen (Parkplatz, R\u00e4ume) Wir geben Ihnen auch Informationen \u00fcber zus\u00e4tzliche Dienstleistungen (Skiverleih, Skikurse, spezielle Ausfl\u00fcge). [\/vc_column_text][\/vc_column][vc_column width=&#8220;1\/2&#8243;...\" \/>\n<meta property=\"og:url\" content=\"https:\/\/refugelechaudron-champery.ch\/de\/gruppenangebot-3\/\" \/>\n<meta property=\"og:site_name\" content=\"Le Chaudron\" \/>\n<meta name=\"twitter:card\" content=\"summary_large_image\" \/>\n<meta name=\"twitter:label1\" content=\"Gesch\u00e4tzte Lesezeit\" \/>\n\t<meta name=\"twitter:data1\" content=\"1\u00a0Minute\" \/>\n<script type=\"application\/ld+json\" class=\"yoast-schema-graph\">{\"@context\":\"https:\/\/schema.org\",\"@graph\":[{\"@type\":\"WebPage\",\"@id\":\"https:\/\/refugelechaudron-champery.ch\/de\/gruppenangebot-3\/\",\"url\":\"https:\/\/refugelechaudron-champery.ch\/de\/gruppenangebot-3\/\",\"name\":\"Gruppenangebot - Le Chaudron\",\"isPartOf\":{\"@id\":\"https:\/\/refugelechaudron-champery.ch\/de\/#website\"},\"datePublished\":\"2025-11-24T17:08:31+00:00\",\"breadcrumb\":{\"@id\":\"https:\/\/refugelechaudron-champery.ch\/de\/gruppenangebot-3\/#breadcrumb\"},\"inLanguage\":\"de\",\"potentialAction\":[{\"@type\":\"ReadAction\",\"target\":[\"https:\/\/refugelechaudron-champery.ch\/de\/gruppenangebot-3\/\"]}]},{\"@type\":\"BreadcrumbList\",\"@id\":\"https:\/\/refugelechaudron-champery.ch\/de\/gruppenangebot-3\/#breadcrumb\",\"itemListElement\":[{\"@type\":\"ListItem\",\"position\":1,\"name\":\"Home\",\"item\":\"https:\/\/refugelechaudron-champery.ch\/de\/\"},{\"@type\":\"ListItem\",\"position\":2,\"name\":\"Gruppenangebot\"}]},{\"@type\":\"WebSite\",\"@id\":\"https:\/\/refugelechaudron-champery.ch\/de\/#website\",\"url\":\"https:\/\/refugelechaudron-champery.ch\/de\/\",\"name\":\"Le Chaudron\",\"description\":\"Au coeur des Portes du Soleil\",\"potentialAction\":[{\"@type\":\"SearchAction\",\"target\":{\"@type\":\"EntryPoint\",\"urlTemplate\":\"https:\/\/refugelechaudron-champery.ch\/de\/?s={search_term_string}\"},\"query-input\":{\"@type\":\"PropertyValueSpecification\",\"valueRequired\":true,\"valueName\":\"search_term_string\"}}],\"inLanguage\":\"de\"}]}<\/script>\n<!-- \/ Yoast SEO plugin. -->","yoast_head_json":{"title":"Gruppenangebot - Le Chaudron","robots":{"index":"index","follow":"follow","max-snippet":"max-snippet:-1","max-image-preview":"max-image-preview:large","max-video-preview":"max-video-preview:-1"},"canonical":"https:\/\/refugelechaudron-champery.ch\/de\/gruppenangebot-3\/","og_locale":"de_DE","og_type":"article","og_title":"Gruppenangebot - Le Chaudron","og_description":"[vc_row][vc_column][vc_empty_space][\/vc_column][\/vc_row][vc_row][vc_column width=&#8220;1\/2&#8243;][vc_empty_space][vc_column_text css=&#8220;.vc_custom_1570272878552{margin-top: 32px !important;}&#8220;]Wenn Sie mehr als 10 Personen sind, k\u00f6nnen wir Ihnen gerne ein individuelles Angebot machen! Unser Angebot umfasst Vorschl\u00e4ge f\u00fcr : Unterkunft das Fr\u00fchst\u00fccksbuffet Mittag- und\/oder Abendessen Skipass zus\u00e4tzliche Dienstleistungen (Parkplatz, R\u00e4ume) Wir geben Ihnen auch Informationen \u00fcber zus\u00e4tzliche Dienstleistungen (Skiverleih, Skikurse, spezielle Ausfl\u00fcge). [\/vc_column_text][\/vc_column][vc_column width=&#8220;1\/2&#8243;...","og_url":"https:\/\/refugelechaudron-champery.ch\/de\/gruppenangebot-3\/","og_site_name":"Le Chaudron","twitter_card":"summary_large_image","twitter_misc":{"Gesch\u00e4tzte Lesezeit":"1\u00a0Minute"},"schema":{"@context":"https:\/\/schema.org","@graph":[{"@type":"WebPage","@id":"https:\/\/refugelechaudron-champery.ch\/de\/gruppenangebot-3\/","url":"https:\/\/refugelechaudron-champery.ch\/de\/gruppenangebot-3\/","name":"Gruppenangebot - Le Chaudron","isPartOf":{"@id":"https:\/\/refugelechaudron-champery.ch\/de\/#website"},"datePublished":"2025-11-24T17:08:31+00:00","breadcrumb":{"@id":"https:\/\/refugelechaudron-champery.ch\/de\/gruppenangebot-3\/#breadcrumb"},"inLanguage":"de","potentialAction":[{"@type":"ReadAction","target":["https:\/\/refugelechaudron-champery.ch\/de\/gruppenangebot-3\/"]}]},{"@type":"BreadcrumbList","@id":"https:\/\/refugelechaudron-champery.ch\/de\/gruppenangebot-3\/#breadcrumb","itemListElement":[{"@type":"ListItem","position":1,"name":"Home","item":"https:\/\/refugelechaudron-champery.ch\/de\/"},{"@type":"ListItem","position":2,"name":"Gruppenangebot"}]},{"@type":"WebSite","@id":"https:\/\/refugelechaudron-champery.ch\/de\/#website","url":"https:\/\/refugelechaudron-champery.ch\/de\/","name":"Le Chaudron","description":"Au coeur des Portes du Soleil","potentialAction":[{"@type":"SearchAction","target":{"@type":"EntryPoint","urlTemplate":"https:\/\/refugelechaudron-champery.ch\/de\/?s={search_term_string}"},"query-input":{"@type":"PropertyValueSpecification","valueRequired":true,"valueName":"search_term_string"}}],"inLanguage":"de"}]}},"_links":{"self":[{"href":"https:\/\/refugelechaudron-champery.ch\/de\/wp-json\/wp\/v2\/pages\/35826","targetHints":{"allow":["GET"]}}],"collection":[{"href":"https:\/\/refugelechaudron-champery.ch\/de\/wp-json\/wp\/v2\/pages"}],"about":[{"href":"https:\/\/refugelechaudron-champery.ch\/de\/wp-json\/wp\/v2\/types\/page"}],"author":[{"embeddable":true,"href":"https:\/\/refugelechaudron-champery.ch\/de\/wp-json\/wp\/v2\/users\/7"}],"replies":[{"embeddable":true,"href":"https:\/\/refugelechaudron-champery.ch\/de\/wp-json\/wp\/v2\/comments?post=35826"}],"version-history":[{"count":1,"href":"https:\/\/refugelechaudron-champery.ch\/de\/wp-json\/wp\/v2\/pages\/35826\/revisions"}],"predecessor-version":[{"id":35830,"href":"https:\/\/refugelechaudron-champery.ch\/de\/wp-json\/wp\/v2\/pages\/35826\/revisions\/35830"}],"wp:attachment":[{"href":"https:\/\/refugelechaudron-champery.ch\/de\/wp-json\/wp\/v2\/media?parent=35826"}],"curies":[{"name":"wp","href":"https:\/\/api.w.org\/{rel}","templated":true}]}}