{"id":35113,"date":"2025-08-20T17:29:40","date_gmt":"2025-08-20T15:29:40","guid":{"rendered":"https:\/\/refugelechaudron-champery.ch\/?page_id=35113"},"modified":"2025-09-19T09:43:24","modified_gmt":"2025-09-19T07:43:24","slug":"menu_chasse","status":"publish","type":"page","link":"https:\/\/refugelechaudron-champery.ch\/de\/menu_chasse\/","title":{"rendered":"Restaurant und Bar"},"content":{"rendered":"<div class=\"wpb-content-wrapper\"><p>[vc_row][vc_column]\n\t\t\t\t<p class=\"rs-p-wp-fix\"><\/p>\n\t\t\t\t<sr7-module data-alias=\"rando-6-jours-11\" data-id=\"29\" id=\"SR7_29_1\" class=\"rs-ov-hidden\" data-version=\"6.7.37\">\n\t\t\t\t\t<sr7-adjuster><\/sr7-adjuster>\n\t\t\t\t\t<sr7-content>\n\t\t\t\t\t\t<sr7-slide id=\"SR7_29_1-281\" data-key=\"281\">\n\t\t\t\t\t\t\t<sr7-bg id=\"SR7_29_1-281-5\" class=\"sr7-layer\"><noscript><img decoding=\"async\" src=\"https:\/\/refugelechaudron-champery.ch\/wp-content\/uploads\/2025\/08\/Chasse_1920_600.jpg\" alt=\"\" title=\"Chasse_1920_600\"><\/noscript><\/sr7-bg>\n\t\t\t\t\t\t<\/sr7-slide>\n\t\t\t\t\t\t<sr7-slide id=\"SR7_29_1-291\" data-key=\"291\">\n\t\t\t\t\t\t\t<sr7-bg id=\"SR7_29_1-291-5\" class=\"sr7-layer\"><noscript><img decoding=\"async\" src=\"https:\/\/refugelechaudron-champery.ch\/wp-content\/uploads\/2016\/10\/Chaudron_1920_600.png\" alt=\"\" title=\"Chaudron_1920_600\"><\/noscript><\/sr7-bg>\n\t\t\t\t\t\t<\/sr7-slide>\n\t\t\t\t\t\t<sr7-slide id=\"SR7_29_1-292\" data-key=\"292\">\n\t\t\t\t\t\t\t<sr7-bg id=\"SR7_29_1-292-5\" class=\"sr7-layer\"><noscript><img decoding=\"async\" src=\"https:\/\/refugelechaudron-champery.ch\/wp-content\/uploads\/2016\/10\/Dessert_Chasse_1980_600.png\" alt=\"\" title=\"Dessert_Chasse_1980_600\"><\/noscript><\/sr7-bg>\n\t\t\t\t\t\t<\/sr7-slide>\n\t\t\t\t\t\t<sr7-slide id=\"SR7_29_1-293\" data-key=\"293\">\n\t\t\t\t\t\t\t<sr7-bg id=\"SR7_29_1-293-5\" class=\"sr7-layer\"><noscript><img decoding=\"async\" src=\"https:\/\/refugelechaudron-champery.ch\/wp-content\/uploads\/2016\/10\/Chambre_1920_600.jpg\" alt=\"\" title=\"Chambre_1920_600\"><\/noscript><\/sr7-bg>\n\t\t\t\t\t\t<\/sr7-slide>\n\t\t\t\t\t\t<sr7-slide id=\"SR7_29_1-290\" data-key=\"290\">\n\t\t\t\t\t\t<\/sr7-slide>\n\t\t\t\t\t<\/sr7-content>\n\t\t\t\t\t<image_lists style=\"display:none\">\n\t\t\t\t\t\t<img data-src=\"\/\/refugelechaudron-champery.ch\/wp-content\/uploads\/revslider\/ete-24\/Flag_of_Switzerland_Pantone.svg_-300x300.png\" data-libid=\"32789\" data-lib=\"medialibrary\" title=\"Flag_of_Switzerland_Pantone.svg_-300&#215;300.png\" width=\"0\" height=\"0\" data-dbsrc=\"Ly9yZWZ1Z2VsZWNoYXVkcm9uLWNoYW1wZXJ5LmNoL3dwLWNvbnRlbnQvdXBsb2Fkcy9yZXZzbGlkZXIvZXRlLTI0L0ZsYWdfb2ZfU3dpdHplcmxhbmRfUGFudG9uZS5zdmdfLTMwMHgzMDAucG5n\"\/>\n\t\t\t\t\t\t<img data-src=\"\/\/refugelechaudron-champery.ch\/wp-content\/uploads\/2025\/08\/Chasse_1920_600.jpg\" data-libid=\"35380\" data-lib=\"medialibrary\" title=\"Chasse_1920_600\" width=\"0\" height=\"0\" data-dbsrc=\"Ly9yZWZ1Z2VsZWNoYXVkcm9uLWNoYW1wZXJ5LmNoL3dwLWNvbnRlbnQvdXBsb2Fkcy8yMDI1LzA4L0NoYXNzZV8xOTIwXzYwMC5qcGc=\"\/>\n\t\t\t\t\t\t<img data-src=\"\/\/refugelechaudron-champery.ch\/wp-content\/uploads\/2016\/10\/Chaudron_1920_600.png\" data-libid=\"35388\" data-lib=\"medialibrary\" title=\"Chaudron_1920_600\" width=\"0\" height=\"0\" data-dbsrc=\"Ly9yZWZ1Z2VsZWNoYXVkcm9uLWNoYW1wZXJ5LmNoL3dwLWNvbnRlbnQvdXBsb2Fkcy8yMDE2LzEwL0NoYXVkcm9uXzE5MjBfNjAwLnBuZw==\"\/>\n\t\t\t\t\t\t<img data-src=\"\/\/refugelechaudron-champery.ch\/wp-content\/uploads\/2016\/10\/Dessert_Chasse_1980_600.png\" data-libid=\"35394\" data-lib=\"medialibrary\" title=\"Dessert_Chasse_1980_600\" width=\"0\" height=\"0\" data-dbsrc=\"Ly9yZWZ1Z2VsZWNoYXVkcm9uLWNoYW1wZXJ5LmNoL3dwLWNvbnRlbnQvdXBsb2Fkcy8yMDE2LzEwL0Rlc3NlcnRfQ2hhc3NlXzE5ODBfNjAwLnBuZw==\"\/>\n\t\t\t\t\t\t<img data-src=\"\/\/refugelechaudron-champery.ch\/wp-content\/uploads\/2016\/10\/Chambre_1920_600.jpg\" data-libid=\"35397\" data-lib=\"medialibrary\" title=\"Chambre_1920_600\" width=\"0\" height=\"0\" data-dbsrc=\"Ly9yZWZ1Z2VsZWNoYXVkcm9uLWNoYW1wZXJ5LmNoL3dwLWNvbnRlbnQvdXBsb2Fkcy8yMDE2LzEwL0NoYW1icmVfMTkyMF82MDAuanBn\"\/>\n\t\t\t\t\t<\/image_lists>\n\t\t\t\t<\/sr7-module>\n\t\t\t\t<script>\n\t\t\t\t\tSR7.PMH ??={}; SR7.PMH[\"SR7_29_1\"] = {cn:100,state:false,fn: function() { if (_tpt!==undefined && _tpt.prepareModuleHeight !== undefined) {  _tpt.prepareModuleHeight({id:\"SR7_29_1\",el:[600,600,768,960,500],type:'standard',shdw:'0',gh:[600,600,768,960,500],gw:[1920,1920,1024,778,480],vpt:['-200px&#039;,&#039;-200px&#039;,&#039;-200px&#039;,&#039;-200px&#039;,&#039;-200px'],size:{fullWidth:true, fullHeight:false},mh:'0',onh:0,onw:0,bg:{color:'{\"orig\":\"transparent\",\"type\":\"solid\",\"string\":\"transparent\"}'}});   SR7.PMH[\"SR7_29_1\"].state=true;} else if(SR7.PMH[\"SR7_29_1\"].cn-->0)\tsetTimeout( SR7.PMH[\"SR7_29_1\"].fn,19);}};SR7.PMH[\"SR7_29_1\" ].fn();\n\t\t\t\t<\/script>\n[vc_empty_space][vc_empty_space][\/vc_column][\/vc_row][vc_row][vc_column width=&#8220;1\/2&#8243;]<div class=\"thim-widget-heading template-default\"><div class=\"thim-sc-heading\" >\n\t\t<div class=\"article_heading \">\n\t\t\t\n\t\t\t<p class=\"heading_primary\"  >Willkommen im Chaudron (Hotel, Restaurant & Bar)<\/p>\n\t\t\t\n\t\t\t\n\t\t<\/div>\n\t<\/div><\/div>[vc_column_text css=&#8220;.vc_custom_1758267419350{margin-top: 32px !important;}&#8220;]<\/p>\n<p class=\"p1\">Oberhalb von Champ\u00e9ry, mit Blick auf die Dents Blanches und den Glacier du Ruan. Erleben Sie die Authentizit\u00e4t unserer traditionellen K\u00fcche. Wir folgen dem Motto \u201eTradition und regionale Produkte\u201c.<\/p>\n<p class=\"p1\">Wenn der Herbst kommt, bietet Ihnen Le Chaudron sein Men\u00fc und seine Wildkarte an. Auf Ihrem Teller finden Sie: Steinpilze aus der Region, langsam gekochte Ragouts, zarte Wildst\u00fccke mit hausgemachter kr\u00e4ftiger So\u00dfe, Preiselbeeren und Kastanienaromen.<\/p>\n<p class=\"p1\">Kommen Sie von Donnerstag bis Sonntag oder abends nach vorheriger Reservierung und genie\u00dfen Sie den Herbst f\u00fcr einen Moment au\u00dferhalb der Zeit. Und wenn Ihnen danach ist, verl\u00e4ngern Sie Ihren Ausflug: eine oder zwei N\u00e4chte im Hotel, mit einem originalen Raclette an einem Abend und einer Jagd am anderen.<\/p>\n<p class=\"p3\"><strong>Reservieren Sie Ihren Tisch und \u00fcberlassen Sie den Rest der H\u00f6he.<\/strong><\/p>\n<p>[\/vc_column_text]<div class=\"thim-widget-heading template-default\"><div class=\"thim-sc-heading\" >\n\t\t<div class=\"article_heading \">\n\t\t\t\n\t\t\t<p class=\"heading_primary\"  >\u00d6ffnungen<\/p>\n\t\t\t<div class=\"heading-des\">Von Donnerstag, 11. September bis 19. Oktober<br \/>\nDonnerstag 10:00 \u2013 21:00 Uhr<br \/>\nFreitag 10:00 \u2013 21:00 Uhr<br \/>\nSamstag 10:00 \u2013 21:00 Uhr<br \/>\nSonntag 10:00 \u2013 17:00 Uhr<\/div>\n\t\t\t<div class=\"heading-button \"><a href=\"https:\/\/webshop.fulleapps.io\/tr\/le-chaudron\/mjazmtgyx2y5zgq\"><i class=\"icomoon icon-up\"><\/i>Reservieren Sie Ihren Tisch<\/a><\/div>\n\t\t<\/div>\n\t<\/div><\/div>[vc_empty_space height=&#8220;20px&#8220;][vc_empty_space height=&#8220;20px&#8220;][vc_column_text css=&#8220;&#8220;]<strong>F\u00fcr andere Termine oder Tage rufen Sie uns bitte unter +41 24 479 03 00 an, um Ihre Reservierung vorzunehmen.<\/strong>[\/vc_column_text][vc_empty_space][\/vc_column][vc_column width=&#8220;1\/2&#8243;]<div class=\"thim-widget-heading template-default\"><div class=\"thim-sc-heading\" >\n\t\t<div class=\"article_heading \">\n\t\t\t\n\t\t\t<p class=\"heading_primary\"  >Unser Wildmen\u00fc<\/p>\n\t\t\t\n\t\t\t\n\t\t<\/div>\n\t<\/div><\/div>[vc_gallery type=&#8220;flexslider_slide&#8220; interval=&#8220;3&#8243; images=&#8220;35734&#8243; img_size=&#8220;full&#8220; css=&#8220;&#8220;][vc_empty_space][\/vc_column][\/vc_row][vc_row][vc_column][vc_empty_space][\/vc_column][\/vc_row][vc_row][vc_column width=&#8220;1\/2&#8243;]<div class=\"thim-widget-heading template-default\"><div class=\"thim-sc-heading\" >\n\t\t<div class=\"article_heading \">\n\t\t\t\n\t\t\t<p class=\"heading_primary\"  >Unser Hotel<\/p>\n\t\t\t\n\t\t\t\n\t\t<\/div>\n\t<\/div><\/div>[vc_column_text css=&#8220;.vc_custom_1758267643411{margin-top: 32px !important;}&#8220;]Unser Hotel verf\u00fcgt \u00fcber 8 Doppelzimmer mit Bad, eine Gruppenunterkunft mit 5 Zimmern f\u00fcr 13 Personen und 3 B\u00e4dern sowie ein Apartment mit 2 Schlafzimmern, 1 Wohn- und Esszimmer, einer K\u00fcche und einem Bad.<\/p>\n<p>Wir freuen uns darauf, Sie zu einem erholsamen, sportlichen und kulinarischen Aufenthalt bei uns begr\u00fc\u00dfen zu d\u00fcrfen.[\/vc_column_text]<div class=\"thim-widget-heading template-default\"><div class=\"thim-sc-heading\" >\n\t\t<div class=\"article_heading \">\n\t\t\t<h2  class=\"heading_secondary\">Runden Sie Ihr Erlebnis mit einem Aufenthalt ab<\/h2>\n\t\t\t<p class=\"heading_primary\"  >Ab 88 CHF pro Nacht f\u00fcr 2 Personen im Doppelzimmer mit Fr\u00fchst\u00fcck<\/p>\n\t\t\t<div class=\"heading-des\">Wir bieten Ihnen die M\u00f6glichkeit, eine oder zwei N\u00e4chte zu bleiben.<\/p>\n<p>So k\u00f6nnen Sie Ihr Fr\u00fchst\u00fcck mit einer atemberaubenden Aussicht genie\u00dfen.<\/p>\n<p>\ud83c\udf32 Entdecken Sie wundersch\u00f6ne Wanderwege<br \/>\nMit 400 km markierten Wanderwegen k\u00f6nnen Sie au\u00dfergew\u00f6hnliche Wanderungen im Herzen der Natur unternehmen. Ob Sie Anf\u00e4nger oder erfahrener Wanderer sind, unsere Routen versprechen Ihnen spektakul\u00e4re Ausblicke und Momente absoluter Ruhe.<\/p>\n<p>\ud83d\udeb5\u200d\u2642\ufe0f Mountainbike-Abenteuer<br \/>\nF\u00fcr Fahrradbegeisterte gibt es 650 km Mountainbike-Strecken zu entdecken. Von adrenalingeladenen Abfahrten bis hin zu ruhigeren Touren ist f\u00fcr jeden Geschmack etwas dabei. Und um das Erlebnis noch besonderer zu machen, probieren Sie doch einmal ein E-Mountainbike aus!<\/p>\n<p>\ud83c\udf89 Multipass<br \/>\nKostenlose Skilifte und Seilbahnen. Verpassen Sie nicht unsere 70 kostenlosen Aktivit\u00e4ten! Von Paragliding \u00fcber Paddeln bis hin zu Kreativworkshops und Spielen f\u00fcr Kinder gibt es immer etwas zu tun, um Spa\u00df zu haben und sich zu entspannen.<\/div>\n\t\t\t<div class=\"heading-button \"><a href=\"https:\/\/ibe.sabeeapp.com\/properties\/Le-Chaudron-r%C3%A9servation\/?p=bSp917cdf02379e0ff3&#038;checkin=2025-09-26&#038;checkout=2025-09-28\"><i class=\"icomoon icon-up\"><\/i>Buchen Sie Ihren Aufenthalt<\/a><\/div>\n\t\t<\/div>\n\t<\/div><\/div>[vc_empty_space][\/vc_column][vc_column width=&#8220;1\/2&#8243;][vc_empty_space][vc_gallery type=&#8220;flexslider_slide&#8220; interval=&#8220;3&#8243; images=&#8220;35351,35348,35363,35360,35366,35371,35357&#8243; img_size=&#8220;full&#8220; css=&#8220;&#8220;][vc_btn title=&#8220;Buchen Sie Ihren Aufenthalt&#8220; color=&#8220;orange&#8220; align=&#8220;center&#8220; css=&#8220;&#8220; link=&#8220;url:https%3A%2F%2Fibe.sabeeapp.com%2Fproperties%2FLe-Chaudron-r%25C3%25A9servation%2F%3Fp%3DbSp917cdf02379e0ff3%26checkin%3D2025-09-26%26checkout%3D2025-09-28|title:R%C3%A9server%20votre%20s%C3%A9jour|target:_blank&#8220;][\/vc_column][\/vc_row]<\/p>\n<\/div>","protected":false},"excerpt":{"rendered":"<p>[vc_row][vc_column][vc_empty_space][vc_empty_space][\/vc_column][\/vc_row][vc_row][vc_column width=&#8220;1\/2&#8243;][vc_column_text css=&#8220;.vc_custom_1758267419350{margin-top: 32px !important;}&#8220;] Oberhalb von Champ\u00e9ry, mit Blick auf die Dents Blanches und den Glacier du Ruan. Erleben Sie die Authentizit\u00e4t unserer traditionellen K\u00fcche. Wir folgen dem Motto \u201eTradition und regionale Produkte\u201c. Wenn der Herbst kommt, bietet Ihnen Le Chaudron sein Men\u00fc und seine Wildkarte an. Auf Ihrem&#8230;<\/p>\n","protected":false},"author":7,"featured_media":0,"parent":0,"menu_order":0,"comment_status":"closed","ping_status":"closed","template":"templates\/home-page.php","meta":{"footnotes":""},"class_list":["post-35113","page","type-page","status-publish","hentry"],"yoast_head":"<!-- This site is optimized with the Yoast SEO plugin v26.0 - https:\/\/yoast.com\/wordpress\/plugins\/seo\/ -->\n<title>Restaurant und Bar - Le Chaudron<\/title>\n<meta name=\"robots\" content=\"index, follow, max-snippet:-1, max-image-preview:large, max-video-preview:-1\" \/>\n<link rel=\"canonical\" href=\"https:\/\/refugelechaudron-champery.ch\/de\/menu_chasse\/\" \/>\n<meta property=\"og:locale\" content=\"de_DE\" \/>\n<meta property=\"og:type\" content=\"article\" \/>\n<meta property=\"og:title\" content=\"Restaurant und Bar - Le Chaudron\" \/>\n<meta property=\"og:description\" content=\"[vc_row][vc_column][vc_empty_space][vc_empty_space][\/vc_column][\/vc_row][vc_row][vc_column width=&#8220;1\/2&#8243;][vc_column_text css=&#8220;.vc_custom_1758267419350{margin-top: 32px !important;}&#8220;] Oberhalb von Champ\u00e9ry, mit Blick auf die Dents Blanches und den Glacier du Ruan. Erleben Sie die Authentizit\u00e4t unserer traditionellen K\u00fcche. Wir folgen dem Motto \u201eTradition und regionale Produkte\u201c. Wenn der Herbst kommt, bietet Ihnen Le Chaudron sein Men\u00fc und seine Wildkarte an. Auf Ihrem...\" \/>\n<meta property=\"og:url\" content=\"https:\/\/refugelechaudron-champery.ch\/de\/menu_chasse\/\" \/>\n<meta property=\"og:site_name\" content=\"Le Chaudron\" \/>\n<meta property=\"article:modified_time\" content=\"2025-09-19T07:43:24+00:00\" \/>\n<meta name=\"twitter:card\" content=\"summary_large_image\" \/>\n<meta name=\"twitter:label1\" content=\"Gesch\u00e4tzte Lesezeit\" \/>\n\t<meta name=\"twitter:data1\" content=\"3\u00a0Minuten\" \/>\n<script type=\"application\/ld+json\" class=\"yoast-schema-graph\">{\"@context\":\"https:\/\/schema.org\",\"@graph\":[{\"@type\":\"WebPage\",\"@id\":\"https:\/\/refugelechaudron-champery.ch\/de\/menu_chasse\/\",\"url\":\"https:\/\/refugelechaudron-champery.ch\/de\/menu_chasse\/\",\"name\":\"Restaurant und Bar - Le Chaudron\",\"isPartOf\":{\"@id\":\"https:\/\/refugelechaudron-champery.ch\/de\/#website\"},\"datePublished\":\"2025-08-20T15:29:40+00:00\",\"dateModified\":\"2025-09-19T07:43:24+00:00\",\"breadcrumb\":{\"@id\":\"https:\/\/refugelechaudron-champery.ch\/de\/menu_chasse\/#breadcrumb\"},\"inLanguage\":\"de\",\"potentialAction\":[{\"@type\":\"ReadAction\",\"target\":[\"https:\/\/refugelechaudron-champery.ch\/de\/menu_chasse\/\"]}]},{\"@type\":\"BreadcrumbList\",\"@id\":\"https:\/\/refugelechaudron-champery.ch\/de\/menu_chasse\/#breadcrumb\",\"itemListElement\":[{\"@type\":\"ListItem\",\"position\":1,\"name\":\"Home\",\"item\":\"https:\/\/refugelechaudron-champery.ch\/de\/\"},{\"@type\":\"ListItem\",\"position\":2,\"name\":\"Restaurant und Bar\"}]},{\"@type\":\"WebSite\",\"@id\":\"https:\/\/refugelechaudron-champery.ch\/de\/#website\",\"url\":\"https:\/\/refugelechaudron-champery.ch\/de\/\",\"name\":\"Le Chaudron\",\"description\":\"Au coeur des Portes du Soleil\",\"potentialAction\":[{\"@type\":\"SearchAction\",\"target\":{\"@type\":\"EntryPoint\",\"urlTemplate\":\"https:\/\/refugelechaudron-champery.ch\/de\/?s={search_term_string}\"},\"query-input\":{\"@type\":\"PropertyValueSpecification\",\"valueRequired\":true,\"valueName\":\"search_term_string\"}}],\"inLanguage\":\"de\"}]}<\/script>\n<!-- \/ Yoast SEO plugin. -->","yoast_head_json":{"title":"Restaurant und Bar - Le Chaudron","robots":{"index":"index","follow":"follow","max-snippet":"max-snippet:-1","max-image-preview":"max-image-preview:large","max-video-preview":"max-video-preview:-1"},"canonical":"https:\/\/refugelechaudron-champery.ch\/de\/menu_chasse\/","og_locale":"de_DE","og_type":"article","og_title":"Restaurant und Bar - Le Chaudron","og_description":"[vc_row][vc_column][vc_empty_space][vc_empty_space][\/vc_column][\/vc_row][vc_row][vc_column width=&#8220;1\/2&#8243;][vc_column_text css=&#8220;.vc_custom_1758267419350{margin-top: 32px !important;}&#8220;] Oberhalb von Champ\u00e9ry, mit Blick auf die Dents Blanches und den Glacier du Ruan. Erleben Sie die Authentizit\u00e4t unserer traditionellen K\u00fcche. Wir folgen dem Motto \u201eTradition und regionale Produkte\u201c. Wenn der Herbst kommt, bietet Ihnen Le Chaudron sein Men\u00fc und seine Wildkarte an. Auf Ihrem...","og_url":"https:\/\/refugelechaudron-champery.ch\/de\/menu_chasse\/","og_site_name":"Le Chaudron","article_modified_time":"2025-09-19T07:43:24+00:00","twitter_card":"summary_large_image","twitter_misc":{"Gesch\u00e4tzte Lesezeit":"3\u00a0Minuten"},"schema":{"@context":"https:\/\/schema.org","@graph":[{"@type":"WebPage","@id":"https:\/\/refugelechaudron-champery.ch\/de\/menu_chasse\/","url":"https:\/\/refugelechaudron-champery.ch\/de\/menu_chasse\/","name":"Restaurant und Bar - Le Chaudron","isPartOf":{"@id":"https:\/\/refugelechaudron-champery.ch\/de\/#website"},"datePublished":"2025-08-20T15:29:40+00:00","dateModified":"2025-09-19T07:43:24+00:00","breadcrumb":{"@id":"https:\/\/refugelechaudron-champery.ch\/de\/menu_chasse\/#breadcrumb"},"inLanguage":"de","potentialAction":[{"@type":"ReadAction","target":["https:\/\/refugelechaudron-champery.ch\/de\/menu_chasse\/"]}]},{"@type":"BreadcrumbList","@id":"https:\/\/refugelechaudron-champery.ch\/de\/menu_chasse\/#breadcrumb","itemListElement":[{"@type":"ListItem","position":1,"name":"Home","item":"https:\/\/refugelechaudron-champery.ch\/de\/"},{"@type":"ListItem","position":2,"name":"Restaurant und Bar"}]},{"@type":"WebSite","@id":"https:\/\/refugelechaudron-champery.ch\/de\/#website","url":"https:\/\/refugelechaudron-champery.ch\/de\/","name":"Le Chaudron","description":"Au coeur des Portes du Soleil","potentialAction":[{"@type":"SearchAction","target":{"@type":"EntryPoint","urlTemplate":"https:\/\/refugelechaudron-champery.ch\/de\/?s={search_term_string}"},"query-input":{"@type":"PropertyValueSpecification","valueRequired":true,"valueName":"search_term_string"}}],"inLanguage":"de"}]}},"_links":{"self":[{"href":"https:\/\/refugelechaudron-champery.ch\/de\/wp-json\/wp\/v2\/pages\/35113","targetHints":{"allow":["GET"]}}],"collection":[{"href":"https:\/\/refugelechaudron-champery.ch\/de\/wp-json\/wp\/v2\/pages"}],"about":[{"href":"https:\/\/refugelechaudron-champery.ch\/de\/wp-json\/wp\/v2\/types\/page"}],"author":[{"embeddable":true,"href":"https:\/\/refugelechaudron-champery.ch\/de\/wp-json\/wp\/v2\/users\/7"}],"replies":[{"embeddable":true,"href":"https:\/\/refugelechaudron-champery.ch\/de\/wp-json\/wp\/v2\/comments?post=35113"}],"version-history":[{"count":10,"href":"https:\/\/refugelechaudron-champery.ch\/de\/wp-json\/wp\/v2\/pages\/35113\/revisions"}],"predecessor-version":[{"id":35771,"href":"https:\/\/refugelechaudron-champery.ch\/de\/wp-json\/wp\/v2\/pages\/35113\/revisions\/35771"}],"wp:attachment":[{"href":"https:\/\/refugelechaudron-champery.ch\/de\/wp-json\/wp\/v2\/media?parent=35113"}],"curies":[{"name":"wp","href":"https:\/\/api.w.org\/{rel}","templated":true}]}}