{"id":34556,"date":"2024-08-02T11:26:30","date_gmt":"2024-08-02T09:26:30","guid":{"rendered":"https:\/\/chaletmontriond.ch\/?page_id=34556"},"modified":"2024-08-02T11:26:35","modified_gmt":"2024-08-02T09:26:35","slug":"angebot-sommer-2-nachte-alles-einbegriffen","status":"publish","type":"page","link":"https:\/\/refugelechaudron-champery.ch\/de\/angebot-sommer-2-nachte-alles-einbegriffen\/","title":{"rendered":"angebot-sommer-2-n\u00e4chte-alles-einbegriffen"},"content":{"rendered":"<div class=\"wpb-content-wrapper\"><p>[vc_row][vc_column]\n\t\t\t<sr7-module data-alias=\"Error-Module\" data-id=\"ERROR\" id=\"SR7_ERROR_1\" class=\"\" data-version=\"6.7.37\">\n\t\t\t\t<sr7-adjuster><\/sr7-adjuster>\n\t\t\t\t<sr7-content>\n\t\t\t\t\t<sr7-slide id=\"SR7_ERROR_1-1\" data-key=\"1\">\n\t\t\t\t\t\t<sr7-txt id=\"SR7_ERROR_1-1-1\" class=\"sr7-layer\">Slider with alias ete-24 not found.<\/sr7-txt>\n\t\t\t\t\t\t<sr7-txt id=\"SR7_ERROR_1-1-2\" class=\"sr7-layer\">There is nothing to show here!<\/sr7-txt>\n\t\t\t\t\t\t<sr7-txt id=\"SR7_ERROR_1-1-3\" class=\"sr7-layer\"><i class=\"fa-warning\"><\/i><\/sr7-txt>\n\t\t\t\t\t<\/sr7-slide>\n\t\t\t\t<\/sr7-content>\n\t\t\t<\/sr7-module>\n\t\t\t<script>\n\t\t\t\twindow.SR7 ??= {};\n\t\t\t\tSR7.JSON ??= {};\n\t\t\t\tSR7.JSON[\"SR7_ERROR_1\"] = {id:\"ERROR\", settings:{\"title\":\"Error Module\",\"alias\":\"Error Module\",\"type\":\"hero\", \"size\":{\"width\": [1240,1240,1024,778,480],\"height\": [600,600,600,600,480]}},\"slides\":{\"1\":{\"slide\":{\"id\":\"1\",\"version\":\"6.7.37\",\"order\":1},\"layers\":{\"1\":{\"fluid\":{\"tx\":true,\"tr\":true,\"sp\":true},\"id\":1,\"alias\":\"Subtext\",\"size\":{\"w\":[\"850px\",\"800px\",\"600px\",\"450px\",\"450px\"]}, \"content\":{\"text\":\"Slider with alias ete-24 not found.\"},\"pos\":{\"y\":[\"30px\",\"30px\",\"20px\",\"16px\",\"13px\"],\"h\":[\"center\",\"center\",\"center\",\"center\",\"center\"],\"v\":[\"middle\",\"middle\",\"middle\",\"middle\",\"middle\"],\"pos\":\"absolute\"},\"zIndex\":6,\"order\":6,\"display\":[\"block\",\"block\",\"block\",\"block\",\"block\"],\"tl\":{\"in\":{\"content\":{\"all\":[{\"t\":0,\"d\":0,\"f\":0,\"e\":\"power3.inOut\",\"pE\":\"d\",\"sX\":0.9,\"sY\":0.9,\"o\":0},{\"t\":370,\"d\":850,\"f\":850,\"e\":\"power3.inOut\",\"pE\":\"d\",\"sX\":1,\"sY\":1,\"o\":1}]}},\"out\":{\"content\":{\"all\":[{\"t\":0,\"d\":300,\"f\":300,\"e\":\"power3.inOut\",\"pE\":\"n\",\"o\":0}]}}},\"tA\":[\"center\",\"center\",\"center\",\"center\",\"center\"],\"color\":[\"#000000\",\"#000000\",\"#000000\",\"#000000\",\"#000000\"],\"font\":{\"family\":'Arial, Helvetica, sans-serif',\"size\":[\"#a\",20,16,12,7],\"weight\":[\"200\",\"200\",\"200\",\"200\",\"200\"],\"ls\":[0,0,0,0,0]},\"lh\":[\"#a\",\"24px\",\"20px\",\"16px\",\"7px\"],\"type\":\"text\"},\"2\":{\"fluid\":{\"tx\":true,\"tr\":true,\"sp\":true},\"id\":2,\"alias\":\"Title\",\"content\":{\"text\":\"There is nothing to show here!\"},\"pos\":{\"y\":[\"-20px\",\"-20px\",\"-16px\",\"-12px\",\"-7px\"],\"h\":[\"center\",\"center\",\"center\",\"center\",\"center\"],\"v\":[\"middle\",\"middle\",\"middle\",\"middle\",\"middle\"],\"pos\":\"absolute\"},\"zIndex\":7,\"order\":7,\"display\":[\"block\",\"block\",\"block\",\"block\",\"block\"],\"tl\":{\"in\":{\"content\":{\"all\":[{\"t\":0,\"d\":0,\"f\":0,\"e\":\"power3.inOut\",\"pE\":\"d\",\"sX\":0.9,\"sY\":0.9,\"o\":0},{\"t\":200,\"d\":1000,\"f\":1000,\"e\":\"power3.inOut\",\"pE\":\"d\",\"sX\":1,\"sY\":1,\"o\":1}]}},\"out\":{\"content\":{\"all\":[{\"t\":0,\"d\":300,\"f\":300,\"e\":\"power3.inOut\",\"pE\":\"n\",\"o\":0}]}}},\"tA\":[\"center\",\"center\",\"center\",\"center\",\"center\"],\"color\":[\"#000000\",\"#000000\",\"#000000\",\"#000000\",\"#000000\"],\"font\":{\"family\":\"'Arial, Helvetica, sans-serif'\",\"size\":[\"30px\",\"30px\",\"24px\",\"18px\",\"11px\"],\"weight\":[\"200\",\"200\",\"200\",\"200\",\"200\"],\"ls\":[0,0,0,0,0]},\"lh\":[\"30px\",\"30px\",\"24px\",\"18px\",\"11px\"],\"type\":\"text\"},\"3\":{\"fluid\":{\"tx\":true,\"tr\":true,\"sp\":true},\"id\":3,\"alias\":\"Title\",\"content\":{\"text\":\"<i class=\\\"fa-warning\\\"><\/i>\"},\"pos\":{\"y\":[\"-70px\",\"-70px\",\"-57px\",\"-43px\",\"-26px\"],\"h\":[\"center\",\"center\",\"center\",\"center\",\"center\"],\"v\":[\"middle\",\"middle\",\"middle\",\"middle\",\"middle\"],\"pos\":\"absolute\"},\"zIndex\":8,\"order\":8,\"display\":[\"block\",\"block\",\"block\",\"block\",\"block\"],\"tl\":{\"in\":{\"content\":{\"all\":[{\"t\":0,\"d\":0,\"f\":0,\"e\":\"power3.inOut\",\"pE\":\"d\",\"sX\":0.9,\"sY\":0.9,\"o\":0},{\"t\":0,\"d\":1040,\"f\":1040,\"e\":\"power3.inOut\",\"pE\":\"d\",\"sX\":1,\"sY\":1,\"o\":1}]}},\"out\":{\"content\":{\"all\":[{\"t\":0,\"d\":300,\"f\":300,\"e\":\"power3.inOut\",\"pE\":\"n\",\"o\":0}]}}},\"tA\":[\"center\",\"center\",\"center\",\"center\",\"center\"],\"color\":[\"#ff3a2d\",\"#ff3a2d\",\"#ff3a2d\",\"#ff3a2d\",\"#ff3a2d\"],\"font\":{\"family\":\"'Arial, Helvetica, sans-serif'\",\"size\":[\"50px\",\"50px\",\"41px\",\"31px\",\"19px\"],\"weight\":[400,400,400,400,400],\"ls\":[0,0,0,0,0]},\"lh\":[\"50px\",\"50px\",\"41px\",\"31px\",\"19px\"],\"type\":\"text\"},\"32\":{\"rTo\":\"slide\",\"id\":32,\"subtype\":\"slidebg\",\"size\":{\"cMode\":\"cover\"},\"bg\":{\"color\":\"#ffffff\"},\"tl\":{\"in\":{\"bg\":{\"ms\":1000,\"rnd\":false,\"temp\":{\"t\":\"*opacity* Fade In\",\"p\":\"fade\",\"m\":\"basic\",\"g\":\"fade\"},\"in\":{\"o\":0},\"out\":{\"a\":false}}}},\"type\":\"shape\"}}}}}\n\t\t\t\tSR7.PMH ??={}; SR7.PMH[\"SR7_ERROR_1\"] = {cn:0,state:false,fn: function() { if (_tpt!==undefined && _tpt.prepareModuleHeight !== undefined) {_tpt.prepareModuleHeight({id:\"SR7_ERROR_1\",\"size\":{\"width\":[1240,1240,1024,778,480],\"height\":[900,900,768,960,720]}}); SR7.PMH[\"SR7_ERROR_1\"].state=true;} else if((SR7.PMH[\"SR7_ERROR_1\"].cn++)<100) setTimeout( SR7.PMH[\"SR7_ERROR_1\"].fn,19);}}; SR7.PMH[\"SR7_ERROR_1\" ].fn();\t\t\t<\/script>\n[vc_empty_space]<div class=\"thim-widget-heading template-default\"><div class=\"thim-sc-heading\" >\n\t\t<div class=\"article_heading \">\n\t\t\t\n\t\t\t<p class=\"heading_primary\"  >Vivez l'exp\u00e9rience des Portes du Soleil<\/p>\n\t\t\t\n\t\t\t\n\t\t<\/div>\n\t<\/div><\/div>[\/vc_column][\/vc_row][vc_row][vc_column width=&#8220;1\/2&#8243;][vc_empty_space][vc_column_text css=&#8220;.vc_custom_1721125624150{margin-top: 32px !important;}&#8220;]<\/p>\n<h3>D\u00e9couvrez l&#8217;\u00c9t\u00e9 aux Portes du Soleil ! \ud83c\udf1e<\/h3>\n<p>Bienvenue aux Portes du Soleil, le paradis estival pour les amateurs de nature, de sports et de d\u00e9tente ! Situ\u00e9 dans un cadre enchanteur entre la France et la Suisse, notre domaine vous offre une exp\u00e9rience inoubliable avec des paysages \u00e0 couper le souffle et une multitude d&#8217;activit\u00e9s pour toute la famille.<\/p>\n<h4>\ud83c\udf32 Explorez des Sentiers Magnifiques<\/h4>\n<p>Avec <strong>400 km de sentiers balis\u00e9s<\/strong>, profitez de randonn\u00e9es exceptionnelles au c\u0153ur de la nature. Que vous soyez d\u00e9butant ou randonneur exp\u00e9riment\u00e9, nos parcours vous promettent des vues spectaculaires et des moments de tranquillit\u00e9 absolue.<\/p>\n<h4>\ud83d\udeb5\u200d\u2642\ufe0f Aventure en VTT<\/h4>\n<p>Pour les passionn\u00e9s de v\u00e9lo, d\u00e9couvrez <strong>650 km de chemins VTT<\/strong>. De la descente adrenaline aux balades plus tranquilles, il y en a pour tous les go\u00fbts. Et pour rendre l&#8217;exp\u00e9rience encore plus sp\u00e9ciale, essayez notre <strong>1\/2 journ\u00e9e de VTT \u00e9lectrique gratuite<\/strong> !<\/p>\n<h4>\ud83c\udf89 Activit\u00e9s Pour Tous<\/h4>\n<p>Ne manquez pas nos <strong>70 activit\u00e9s gratuites<\/strong> ! Du parapente au paddle, en passant par des ateliers cr\u00e9atifs et des jeux pour enfants, il y a toujours quelque chose \u00e0 faire pour s&#8217;amuser et se d\u00e9tendre.<\/p>\n<h4>\ud83c\udfe1 Offre Sp\u00e9ciale H\u00e9bergement<\/h4>\n<p>Profitez de notre <strong>offre sp\u00e9ciale<\/strong> :<\/p>\n<ul>\n<li><strong>2 nuits en demi-pension<\/strong><\/li>\n<li><strong>Multipass gratuit<\/strong> pour acc\u00e9der \u00e0 70 activit\u00e9s et tous les transports<\/li>\n<li><strong>Utilisation gratuite<\/strong> de nos saunas et salle de repos<\/li>\n<li><strong>1\/2 journ\u00e9e de VTT \u00e9lectrique gratuite<\/strong><\/li>\n<\/ul>\n<p>Tout cela \u00e0 partir de <strong>399 CHF<\/strong> seulement !<\/p>\n<h4>\ud83d\udcc5 R\u00e9servez Maintenant !<\/h4>\n<p>L&#8217;offre est valable jusqu&#8217;au 15 septembre, alors n&#8217;attendez plus pour r\u00e9server votre s\u00e9jour et vivre une aventure estivale m\u00e9morable aux Portes du Soleil.[\/vc_column_text][\/vc_column][vc_column width=&#8220;1\/2&#8243;][vc_empty_space][vc_images_carousel images=&#8220;34234,34237,34240,34243,34246,34249&#8243; img_size=&#8220;full&#8220; onclick=&#8220;custom_link&#8220; speed=&#8220;3000&#8243; autoplay=&#8220;yes&#8220; hide_prev_next_buttons=&#8220;yes&#8220; wrap=&#8220;yes&#8220; css=&#8220;&#8220; custom_links=&#8220;#E-8_aHR0cHMlM0ElMkYlMkZpYmUuc2FiZWVhcHAuY29tJTJGcHJvcGVydGllcyUyRkNoYWxldC1Nb250cmlvbmQtciUyNUMzJTI1QTlzZXJ2YXRpb24lMkYlM0ZwJTNEYlNwNmI5MzM0YWVlYWM2YzQyZSUyNmNoZWNraW4lM0QxNS0wOC0yMDI0JTI2Y2hlY2tvdXQlM0QxNy0wOC0yMDI0JTI2bCUzRGZy&#8220;][vc_empty_space][vc_btn title=&#8220;Live-Buchung&#8220; color=&#8220;peacoc&#8220; align=&#8220;center&#8220; css=&#8220;&#8220; link=&#8220;url:https%3A%2F%2Fibe.sabeeapp.com%2Fproperties%2FChalet-Montriond-r%25C3%25A9servation%2F%3Fp%3DbSp6b9334aeeac6c42e%26checkin%3D15-08-2024%26checkout%3D17-08-2024%26l%3Dfr|&#8220;][vc_empty_space][\/vc_column][\/vc_row][vc_row][vc_column]<div class=\"thim-widget-heading template-default\"><div class=\"thim-sc-heading\" >\n\t\t<div class=\"article_heading \">\n\t\t\t\n\t\t\t<p class=\"heading_primary\"  >Vos avantages<\/p>\n\t\t\t\n\t\t\t\n\t\t<\/div>\n\t<\/div><\/div>[vc_empty_space][\/vc_column][\/vc_row][vc_row][vc_column width=&#8220;1\/3&#8243;][vc_icon icon_fontawesome=&#8220;fa fa-wifi&#8220; color=&#8220;peacoc&#8220; align=&#8220;center&#8220;][vc_column_text]<\/p>\n<p style=\"text-align: center;\">Wifi gratuit dans tout l&#8217;\u00e9tablissement<\/p>\n<p>[\/vc_column_text][vc_empty_space][\/vc_column][vc_column width=&#8220;1\/3&#8243;][vc_icon type=&#8220;material&#8220; icon_material=&#8220;vc-material vc-material-ac_unit&#8220; color=&#8220;peacoc&#8220; align=&#8220;center&#8220;][vc_column_text css=&#8220;&#8220;]<\/p>\n<p style=\"text-align: center;\">Au milieu des Portes du Soleil( un des plus grands domaine alpins d&#8217;Europe)<\/p>\n<p>[\/vc_column_text][vc_empty_space][\/vc_column][vc_column width=&#8220;1\/3&#8243;][vc_icon type=&#8220;material&#8220; icon_material=&#8220;vc-material vc-material-restaurant_menu&#8220; color=&#8220;peacoc&#8220; align=&#8220;center&#8220;][vc_column_text]<\/p>\n<p style=\"text-align: center;\">Restauration sur place<\/p>\n<p>[\/vc_column_text][vc_empty_space][\/vc_column][\/vc_row][vc_row][vc_column width=&#8220;1\/3&#8243;][vc_icon type=&#8220;typicons&#8220; icon_typicons=&#8220;typcn typcn-thermometer&#8220; color=&#8220;peacoc&#8220; align=&#8220;center&#8220;][vc_column_text]<\/p>\n<p style=\"text-align: center;\">Vue<\/p>\n<p>[\/vc_column_text][\/vc_column][vc_column width=&#8220;1\/3&#8243;][vc_icon icon_fontawesome=&#8220;fa fa-tree&#8220; color=&#8220;peacoc&#8220; align=&#8220;center&#8220;][vc_column_text]<\/p>\n<p style=\"text-align: center;\">au coeur de la nature<\/p>\n<p>[\/vc_column_text][\/vc_column][vc_column width=&#8220;1\/3&#8243;][vc_icon type=&#8220;material&#8220; icon_material=&#8220;vc-material vc-material-time_to_leave&#8220; color=&#8220;peacoc&#8220; align=&#8220;center&#8220;][vc_column_text]<\/p>\n<p style=\"text-align: center;\">Parking<\/p>\n<p>[\/vc_column_text][\/vc_column][\/vc_row]<\/p>\n<\/div>","protected":false},"excerpt":{"rendered":"<p>[vc_row][vc_column][vc_empty_space][\/vc_column][\/vc_row][vc_row][vc_column width=&#8220;1\/2&#8243;][vc_empty_space][vc_column_text css=&#8220;.vc_custom_1721125624150{margin-top: 32px !important;}&#8220;] D\u00e9couvrez l&#8217;\u00c9t\u00e9 aux Portes du Soleil ! \ud83c\udf1e Bienvenue aux Portes du Soleil, le paradis estival pour les amateurs de nature, de sports et de d\u00e9tente ! Situ\u00e9 dans un cadre enchanteur entre la France et la Suisse, notre domaine vous offre une exp\u00e9rience inoubliable&#8230;<\/p>\n","protected":false},"author":1,"featured_media":0,"parent":0,"menu_order":0,"comment_status":"closed","ping_status":"closed","template":"templates\/home-page.php","meta":{"footnotes":""},"class_list":["post-34556","page","type-page","status-publish","hentry"],"yoast_head":"<!-- This site is optimized with the Yoast SEO plugin v26.0 - https:\/\/yoast.com\/wordpress\/plugins\/seo\/ -->\n<title>angebot-sommer-2-n\u00e4chte-alles-einbegriffen - Le Chaudron<\/title>\n<meta name=\"robots\" content=\"index, follow, max-snippet:-1, max-image-preview:large, max-video-preview:-1\" \/>\n<link rel=\"canonical\" href=\"https:\/\/refugelechaudron-champery.ch\/de\/angebot-sommer-2-nachte-alles-einbegriffen\/\" \/>\n<meta property=\"og:locale\" content=\"de_DE\" \/>\n<meta property=\"og:type\" content=\"article\" \/>\n<meta property=\"og:title\" content=\"angebot-sommer-2-n\u00e4chte-alles-einbegriffen - Le Chaudron\" \/>\n<meta property=\"og:description\" content=\"[vc_row][vc_column][vc_empty_space][\/vc_column][\/vc_row][vc_row][vc_column width=&#8220;1\/2&#8243;][vc_empty_space][vc_column_text css=&#8220;.vc_custom_1721125624150{margin-top: 32px !important;}&#8220;] D\u00e9couvrez l&#8217;\u00c9t\u00e9 aux Portes du Soleil ! \ud83c\udf1e Bienvenue aux Portes du Soleil, le paradis estival pour les amateurs de nature, de sports et de d\u00e9tente ! Situ\u00e9 dans un cadre enchanteur entre la France et la Suisse, notre domaine vous offre une exp\u00e9rience inoubliable...\" \/>\n<meta property=\"og:url\" content=\"https:\/\/refugelechaudron-champery.ch\/de\/angebot-sommer-2-nachte-alles-einbegriffen\/\" \/>\n<meta property=\"og:site_name\" content=\"Le Chaudron\" \/>\n<meta property=\"article:modified_time\" content=\"2024-08-02T09:26:35+00:00\" \/>\n<meta name=\"twitter:card\" content=\"summary_large_image\" \/>\n<meta name=\"twitter:label1\" content=\"Gesch\u00e4tzte Lesezeit\" \/>\n\t<meta name=\"twitter:data1\" content=\"3\u00a0Minuten\" \/>\n<script type=\"application\/ld+json\" class=\"yoast-schema-graph\">{\"@context\":\"https:\/\/schema.org\",\"@graph\":[{\"@type\":\"WebPage\",\"@id\":\"https:\/\/refugelechaudron-champery.ch\/de\/angebot-sommer-2-nachte-alles-einbegriffen\/\",\"url\":\"https:\/\/refugelechaudron-champery.ch\/de\/angebot-sommer-2-nachte-alles-einbegriffen\/\",\"name\":\"angebot-sommer-2-n\u00e4chte-alles-einbegriffen - Le Chaudron\",\"isPartOf\":{\"@id\":\"https:\/\/refugelechaudron-champery.ch\/de\/#website\"},\"datePublished\":\"2024-08-02T09:26:30+00:00\",\"dateModified\":\"2024-08-02T09:26:35+00:00\",\"breadcrumb\":{\"@id\":\"https:\/\/refugelechaudron-champery.ch\/de\/angebot-sommer-2-nachte-alles-einbegriffen\/#breadcrumb\"},\"inLanguage\":\"de\",\"potentialAction\":[{\"@type\":\"ReadAction\",\"target\":[\"https:\/\/refugelechaudron-champery.ch\/de\/angebot-sommer-2-nachte-alles-einbegriffen\/\"]}]},{\"@type\":\"BreadcrumbList\",\"@id\":\"https:\/\/refugelechaudron-champery.ch\/de\/angebot-sommer-2-nachte-alles-einbegriffen\/#breadcrumb\",\"itemListElement\":[{\"@type\":\"ListItem\",\"position\":1,\"name\":\"Home\",\"item\":\"https:\/\/refugelechaudron-champery.ch\/de\/\"},{\"@type\":\"ListItem\",\"position\":2,\"name\":\"angebot-sommer-2-n\u00e4chte-alles-einbegriffen\"}]},{\"@type\":\"WebSite\",\"@id\":\"https:\/\/refugelechaudron-champery.ch\/de\/#website\",\"url\":\"https:\/\/refugelechaudron-champery.ch\/de\/\",\"name\":\"Le Chaudron\",\"description\":\"Au coeur des Portes du Soleil\",\"potentialAction\":[{\"@type\":\"SearchAction\",\"target\":{\"@type\":\"EntryPoint\",\"urlTemplate\":\"https:\/\/refugelechaudron-champery.ch\/de\/?s={search_term_string}\"},\"query-input\":{\"@type\":\"PropertyValueSpecification\",\"valueRequired\":true,\"valueName\":\"search_term_string\"}}],\"inLanguage\":\"de\"}]}<\/script>\n<!-- \/ Yoast SEO plugin. -->","yoast_head_json":{"title":"angebot-sommer-2-n\u00e4chte-alles-einbegriffen - Le Chaudron","robots":{"index":"index","follow":"follow","max-snippet":"max-snippet:-1","max-image-preview":"max-image-preview:large","max-video-preview":"max-video-preview:-1"},"canonical":"https:\/\/refugelechaudron-champery.ch\/de\/angebot-sommer-2-nachte-alles-einbegriffen\/","og_locale":"de_DE","og_type":"article","og_title":"angebot-sommer-2-n\u00e4chte-alles-einbegriffen - Le Chaudron","og_description":"[vc_row][vc_column][vc_empty_space][\/vc_column][\/vc_row][vc_row][vc_column width=&#8220;1\/2&#8243;][vc_empty_space][vc_column_text css=&#8220;.vc_custom_1721125624150{margin-top: 32px !important;}&#8220;] D\u00e9couvrez l&#8217;\u00c9t\u00e9 aux Portes du Soleil ! \ud83c\udf1e Bienvenue aux Portes du Soleil, le paradis estival pour les amateurs de nature, de sports et de d\u00e9tente ! Situ\u00e9 dans un cadre enchanteur entre la France et la Suisse, notre domaine vous offre une exp\u00e9rience inoubliable...","og_url":"https:\/\/refugelechaudron-champery.ch\/de\/angebot-sommer-2-nachte-alles-einbegriffen\/","og_site_name":"Le Chaudron","article_modified_time":"2024-08-02T09:26:35+00:00","twitter_card":"summary_large_image","twitter_misc":{"Gesch\u00e4tzte Lesezeit":"3\u00a0Minuten"},"schema":{"@context":"https:\/\/schema.org","@graph":[{"@type":"WebPage","@id":"https:\/\/refugelechaudron-champery.ch\/de\/angebot-sommer-2-nachte-alles-einbegriffen\/","url":"https:\/\/refugelechaudron-champery.ch\/de\/angebot-sommer-2-nachte-alles-einbegriffen\/","name":"angebot-sommer-2-n\u00e4chte-alles-einbegriffen - Le Chaudron","isPartOf":{"@id":"https:\/\/refugelechaudron-champery.ch\/de\/#website"},"datePublished":"2024-08-02T09:26:30+00:00","dateModified":"2024-08-02T09:26:35+00:00","breadcrumb":{"@id":"https:\/\/refugelechaudron-champery.ch\/de\/angebot-sommer-2-nachte-alles-einbegriffen\/#breadcrumb"},"inLanguage":"de","potentialAction":[{"@type":"ReadAction","target":["https:\/\/refugelechaudron-champery.ch\/de\/angebot-sommer-2-nachte-alles-einbegriffen\/"]}]},{"@type":"BreadcrumbList","@id":"https:\/\/refugelechaudron-champery.ch\/de\/angebot-sommer-2-nachte-alles-einbegriffen\/#breadcrumb","itemListElement":[{"@type":"ListItem","position":1,"name":"Home","item":"https:\/\/refugelechaudron-champery.ch\/de\/"},{"@type":"ListItem","position":2,"name":"angebot-sommer-2-n\u00e4chte-alles-einbegriffen"}]},{"@type":"WebSite","@id":"https:\/\/refugelechaudron-champery.ch\/de\/#website","url":"https:\/\/refugelechaudron-champery.ch\/de\/","name":"Le Chaudron","description":"Au coeur des Portes du Soleil","potentialAction":[{"@type":"SearchAction","target":{"@type":"EntryPoint","urlTemplate":"https:\/\/refugelechaudron-champery.ch\/de\/?s={search_term_string}"},"query-input":{"@type":"PropertyValueSpecification","valueRequired":true,"valueName":"search_term_string"}}],"inLanguage":"de"}]}},"_links":{"self":[{"href":"https:\/\/refugelechaudron-champery.ch\/de\/wp-json\/wp\/v2\/pages\/34556","targetHints":{"allow":["GET"]}}],"collection":[{"href":"https:\/\/refugelechaudron-champery.ch\/de\/wp-json\/wp\/v2\/pages"}],"about":[{"href":"https:\/\/refugelechaudron-champery.ch\/de\/wp-json\/wp\/v2\/types\/page"}],"author":[{"embeddable":true,"href":"https:\/\/refugelechaudron-champery.ch\/de\/wp-json\/wp\/v2\/users\/1"}],"replies":[{"embeddable":true,"href":"https:\/\/refugelechaudron-champery.ch\/de\/wp-json\/wp\/v2\/comments?post=34556"}],"version-history":[{"count":2,"href":"https:\/\/refugelechaudron-champery.ch\/de\/wp-json\/wp\/v2\/pages\/34556\/revisions"}],"predecessor-version":[{"id":34560,"href":"https:\/\/refugelechaudron-champery.ch\/de\/wp-json\/wp\/v2\/pages\/34556\/revisions\/34560"}],"wp:attachment":[{"href":"https:\/\/refugelechaudron-champery.ch\/de\/wp-json\/wp\/v2\/media?parent=34556"}],"curies":[{"name":"wp","href":"https:\/\/api.w.org\/{rel}","templated":true}]}}