{"id":34291,"date":"2024-07-16T17:02:21","date_gmt":"2024-07-16T15:02:21","guid":{"rendered":"https:\/\/chaletmontriond.ch\/?page_id=34291"},"modified":"2024-07-21T12:58:54","modified_gmt":"2024-07-21T10:58:54","slug":"sommerangebot-familie","status":"publish","type":"page","link":"https:\/\/refugelechaudron-champery.ch\/de\/sommerangebot-familie\/","title":{"rendered":"Sommerangebot &#8211; Familie"},"content":{"rendered":"<div class=\"wpb-content-wrapper\"><p>[vc_row][vc_column]\n\t\t\t\t<p class=\"rs-p-wp-fix\"><\/p>\n\t\t\t\t<sr7-module data-alias=\"Famille-ETE-fr\" data-id=\"10\" id=\"SR7_10_1\" class=\"rs-ov-hidden\" data-version=\"6.7.37\">\n\t\t\t\t\t<sr7-adjuster><\/sr7-adjuster>\n\t\t\t\t\t<sr7-content>\n\t\t\t\t\t\t<sr7-slide id=\"SR7_10_1-98\" data-key=\"98\">\n\t\t\t\t\t\t\t<sr7-bg id=\"SR7_10_1-98-5\" class=\"sr7-layer\"><noscript><img decoding=\"async\" src=\"https:\/\/refugelechaudron-champery.ch\/wp-content\/uploads\/2016\/10\/Toboggan_1920_600.png\" alt=\"\" title=\"Toboggan_1920_600\"><\/noscript><\/sr7-bg>\n\t\t\t\t\t\t\t<sr7-txt id=\"SR7_10_1-98-0\" class=\"sr7-layer\">Luge d'\u00e9t\u00e9 : toujours un plaisir pour vos enfants<\/sr7-txt>\n\t\t\t\t\t\t<\/sr7-slide>\n\t\t\t\t\t\t<sr7-slide id=\"SR7_10_1-105\" data-key=\"105\">\n\t\t\t\t\t\t\t<sr7-bg id=\"SR7_10_1-105-5\" class=\"sr7-layer\"><noscript><img decoding=\"async\" src=\"https:\/\/refugelechaudron-champery.ch\/wp-content\/uploads\/2016\/10\/Aquariaz_1920_600.png\" alt=\"\" title=\"Aquariaz_1920_600\"><\/noscript><\/sr7-bg>\n\t\t\t\t\t\t\t<sr7-txt id=\"SR7_10_1-105-0\" class=\"sr7-layer\">Aquariaz :gratuite avec le Multipass<\/sr7-txt>\n\t\t\t\t\t\t<\/sr7-slide>\n\t\t\t\t\t\t<sr7-slide id=\"SR7_10_1-100\" data-key=\"100\">\n\t\t\t\t\t\t\t<sr7-bg id=\"SR7_10_1-100-5\" class=\"sr7-layer\"><noscript><img decoding=\"async\" src=\"https:\/\/refugelechaudron-champery.ch\/wp-content\/uploads\/revslider\/ete-24\/Dents_du_Midi.jpg\" alt=\"\" title=\"Dents_du_Midi.jpg\"><\/noscript><\/sr7-bg>\n\t\t\t\t\t\t\t<sr7-txt id=\"SR7_10_1-100-0\" class=\"sr7-layer\">Les Dents du Midi l'embl\u00e8me de notre r\u00e9gion et accessible aux marcheurs<\/sr7-txt>\n\t\t\t\t\t\t<\/sr7-slide>\n\t\t\t\t\t\t<sr7-slide id=\"SR7_10_1-99\" data-key=\"99\">\n\t\t\t\t\t\t\t<sr7-bg id=\"SR7_10_1-99-5\" class=\"sr7-layer\"><noscript><img decoding=\"async\" src=\"https:\/\/refugelechaudron-champery.ch\/wp-content\/uploads\/2016\/10\/Accrobranche_1920_600.png\" alt=\"\" title=\"Accrobranche_1920_600\"><\/noscript><\/sr7-bg>\n\t\t\t\t\t\t\t<sr7-txt id=\"SR7_10_1-99-0\" class=\"sr7-layer\">Une exp\u00e9rience accrobranche pour les enfants et adultes<\/sr7-txt>\n\t\t\t\t\t\t<\/sr7-slide>\n\t\t\t\t\t\t<sr7-slide id=\"SR7_10_1-101\" data-key=\"101\">\n\t\t\t\t\t\t\t<sr7-bg id=\"SR7_10_1-101-5\" class=\"sr7-layer\"><noscript><img decoding=\"async\" src=\"https:\/\/refugelechaudron-champery.ch\/wp-content\/uploads\/2016\/10\/Marmotte_2_1920_600.png\" alt=\"\" title=\"Marmotte_2_1920_600\"><\/noscript><\/sr7-bg>\n\t\t\t\t\t\t\t<sr7-txt id=\"SR7_10_1-101-0\" class=\"sr7-layer\">D\u00e9couvrez nos animaux sauvages<\/sr7-txt>\n\t\t\t\t\t\t<\/sr7-slide>\n\t\t\t\t\t\t<sr7-slide id=\"SR7_10_1-102\" data-key=\"102\">\n\t\t\t\t\t\t\t<sr7-bg id=\"SR7_10_1-102-5\" class=\"sr7-layer\"><noscript><img decoding=\"async\" src=\"https:\/\/refugelechaudron-champery.ch\/wp-content\/uploads\/revslider\/ete-24\/Rhodo_1920_600.jpg\" alt=\"\" title=\"Rhodo_1920_600.jpg\"><\/noscript><\/sr7-bg>\n\t\t\t\t\t\t\t<sr7-txt id=\"SR7_10_1-102-0\" class=\"sr7-layer\">D\u00e9couvrez la flore alpine pr\u00e8s du Chalet Montriond<\/sr7-txt>\n\t\t\t\t\t\t<\/sr7-slide>\n\t\t\t\t\t\t<sr7-slide id=\"SR7_10_1-103\" data-key=\"103\">\n\t\t\t\t\t\t\t<sr7-bg id=\"SR7_10_1-103-5\" class=\"sr7-layer\"><noscript><img decoding=\"async\" src=\"https:\/\/refugelechaudron-champery.ch\/wp-content\/uploads\/2024\/05\/Piscine_Champery_1920-1.png\" alt=\"\" title=\"Piscine_Champery_1920\"><\/noscript><\/sr7-bg>\n\t\t\t\t\t\t\t<sr7-txt id=\"SR7_10_1-103-0\" class=\"sr7-layer\">Nos buvettes d'alpage vous attendent<\/sr7-txt>\n\t\t\t\t\t\t<\/sr7-slide>\n\t\t\t\t\t\t<sr7-slide id=\"SR7_10_1-104\" data-key=\"104\">\n\t\t\t\t\t\t\t<sr7-bg id=\"SR7_10_1-104-5\" class=\"sr7-layer\"><noscript><img decoding=\"async\" src=\"https:\/\/refugelechaudron-champery.ch\/wp-content\/uploads\/revslider\/ete-24\/Vache_1920_600.jpg\" alt=\"\" title=\"Vache_1920_600.jpg\"><\/noscript><\/sr7-bg>\n\t\t\t\t\t\t\t<sr7-txt id=\"SR7_10_1-104-0\" class=\"sr7-layer\">D\u00e9couvrez nos stars locales pr\u00e8s du Chalet Montriond<\/sr7-txt>\n\t\t\t\t\t\t<\/sr7-slide>\n\t\t\t\t\t\t<sr7-slide id=\"SR7_10_1-106\" data-key=\"106\">\n\t\t\t\t\t\t\t<sr7-bg id=\"SR7_10_1-106-5\" class=\"sr7-layer\"><noscript><img decoding=\"async\" src=\"https:\/\/refugelechaudron-champery.ch\/wp-content\/uploads\/2016\/10\/Famille_Rando_1920_600.png\" alt=\"\" title=\"Famille_Rando_1920_600\"><\/noscript><\/sr7-bg>\n\t\t\t\t\t\t\t<sr7-txt id=\"SR7_10_1-106-0\" class=\"sr7-layer\">Toute l'\u00e9quipe du Chalet Montriond se r\u00e9jouis de vous recevoir.<\/sr7-txt>\n\t\t\t\t\t\t\t<sr7-txt id=\"SR7_10_1-106-2\" class=\"sr7-layer\">Nature, activit\u00e9 et joie au coeur des Alpes<\/sr7-txt>\n\t\t\t\t\t\t<\/sr7-slide>\n\t\t\t\t\t\t<sr7-slide id=\"SR7_10_1-107\" data-key=\"107\">\n\t\t\t\t\t\t<\/sr7-slide>\n\t\t\t\t\t<\/sr7-content>\n\t\t\t\t\t<image_lists style=\"display:none\">\n\t\t\t\t\t\t<img data-src=\"\/\/refugelechaudron-champery.ch\/wp-content\/uploads\/revslider\/ete-24\/Flag_of_Switzerland_Pantone.svg_-300x300.png\" data-libid=\"32789\" data-lib=\"medialibrary\" title=\"Flag_of_Switzerland_Pantone.svg_-300&#215;300.png\" width=\"0\" height=\"0\" data-dbsrc=\"Ly9yZWZ1Z2VsZWNoYXVkcm9uLWNoYW1wZXJ5LmNoL3dwLWNvbnRlbnQvdXBsb2Fkcy9yZXZzbGlkZXIvZXRlLTI0L0ZsYWdfb2ZfU3dpdHplcmxhbmRfUGFudG9uZS5zdmdfLTMwMHgzMDAucG5n\"\/>\n\t\t\t\t\t\t<img data-src=\"\/\/refugelechaudron-champery.ch\/wp-content\/uploads\/2016\/10\/Toboggan_1920_600.png\" data-libid=\"34307\" data-lib=\"medialibrary\" title=\"Toboggan_1920_600\" width=\"0\" height=\"0\" data-dbsrc=\"Ly9yZWZ1Z2VsZWNoYXVkcm9uLWNoYW1wZXJ5LmNoL3dwLWNvbnRlbnQvdXBsb2Fkcy8yMDE2LzEwL1RvYm9nZ2FuXzE5MjBfNjAwLnBuZw==\"\/>\n\t\t\t\t\t\t<img data-src=\"\/\/refugelechaudron-champery.ch\/wp-content\/uploads\/2016\/10\/Accrobranche_1920_600.png\" data-libid=\"34301\" data-lib=\"medialibrary\" title=\"Accrobranche_1920_600\" width=\"0\" height=\"0\" data-dbsrc=\"Ly9yZWZ1Z2VsZWNoYXVkcm9uLWNoYW1wZXJ5LmNoL3dwLWNvbnRlbnQvdXBsb2Fkcy8yMDE2LzEwL0FjY3JvYnJhbmNoZV8xOTIwXzYwMC5wbmc=\"\/>\n\t\t\t\t\t\t<img data-src=\"\/\/refugelechaudron-champery.ch\/wp-content\/uploads\/revslider\/ete-24\/Dents_du_Midi.jpg\" data-libid=\"32801\" data-lib=\"medialibrary\" title=\"Dents_du_Midi.jpg\" width=\"0\" height=\"0\" data-dbsrc=\"Ly9yZWZ1Z2VsZWNoYXVkcm9uLWNoYW1wZXJ5LmNoL3dwLWNvbnRlbnQvdXBsb2Fkcy9yZXZzbGlkZXIvZXRlLTI0L0RlbnRzX2R1X01pZGkuanBn\"\/>\n\t\t\t\t\t\t<img data-src=\"\/\/refugelechaudron-champery.ch\/wp-content\/uploads\/2016\/10\/Marmotte_2_1920_600.png\" data-libid=\"33817\" data-lib=\"medialibrary\" title=\"Marmotte_2_1920_600\" width=\"0\" height=\"0\" data-dbsrc=\"Ly9yZWZ1Z2VsZWNoYXVkcm9uLWNoYW1wZXJ5LmNoL3dwLWNvbnRlbnQvdXBsb2Fkcy8yMDE2LzEwL01hcm1vdHRlXzJfMTkyMF82MDAucG5n\"\/>\n\t\t\t\t\t\t<img data-src=\"\/\/refugelechaudron-champery.ch\/wp-content\/uploads\/revslider\/ete-24\/Rhodo_1920_600.jpg\" data-libid=\"32810\" data-lib=\"medialibrary\" title=\"Rhodo_1920_600.jpg\" width=\"0\" height=\"0\" data-dbsrc=\"Ly9yZWZ1Z2VsZWNoYXVkcm9uLWNoYW1wZXJ5LmNoL3dwLWNvbnRlbnQvdXBsb2Fkcy9yZXZzbGlkZXIvZXRlLTI0L1Job2RvXzE5MjBfNjAwLmpwZw==\"\/>\n\t\t\t\t\t\t<img data-src=\"\/\/refugelechaudron-champery.ch\/wp-content\/uploads\/2024\/05\/Piscine_Champery_1920-1.png\" data-libid=\"33447\" data-lib=\"medialibrary\" title=\"Piscine_Champery_1920\" width=\"0\" height=\"0\" data-dbsrc=\"Ly9yZWZ1Z2VsZWNoYXVkcm9uLWNoYW1wZXJ5LmNoL3dwLWNvbnRlbnQvdXBsb2Fkcy8yMDI0LzA1L1Bpc2NpbmVfQ2hhbXBlcnlfMTkyMC0xLnBuZw==\"\/>\n\t\t\t\t\t\t<img data-src=\"\/\/refugelechaudron-champery.ch\/wp-content\/uploads\/revslider\/ete-24\/Vache_1920_600.jpg\" data-libid=\"32819\" data-lib=\"medialibrary\" title=\"Vache_1920_600.jpg\" width=\"0\" height=\"0\" data-dbsrc=\"Ly9yZWZ1Z2VsZWNoYXVkcm9uLWNoYW1wZXJ5LmNoL3dwLWNvbnRlbnQvdXBsb2Fkcy9yZXZzbGlkZXIvZXRlLTI0L1ZhY2hlXzE5MjBfNjAwLmpwZw==\"\/>\n\t\t\t\t\t\t<img data-src=\"\/\/refugelechaudron-champery.ch\/wp-content\/uploads\/2016\/10\/Aquariaz_1920_600.png\" data-libid=\"34304\" data-lib=\"medialibrary\" title=\"Aquariaz_1920_600\" width=\"0\" height=\"0\" data-dbsrc=\"Ly9yZWZ1Z2VsZWNoYXVkcm9uLWNoYW1wZXJ5LmNoL3dwLWNvbnRlbnQvdXBsb2Fkcy8yMDE2LzEwL0FxdWFyaWF6XzE5MjBfNjAwLnBuZw==\"\/>\n\t\t\t\t\t\t<img data-src=\"\/\/refugelechaudron-champery.ch\/wp-content\/uploads\/2016\/10\/Famille_Rando_1920_600.png\" data-libid=\"34310\" data-lib=\"medialibrary\" title=\"Famille_Rando_1920_600\" width=\"0\" height=\"0\" data-dbsrc=\"Ly9yZWZ1Z2VsZWNoYXVkcm9uLWNoYW1wZXJ5LmNoL3dwLWNvbnRlbnQvdXBsb2Fkcy8yMDE2LzEwL0ZhbWlsbGVfUmFuZG9fMTkyMF82MDAucG5n\"\/>\n\t\t\t\t\t<\/image_lists>\n\t\t\t\t<\/sr7-module>\n\t\t\t\t<script>\n\t\t\t\t\tSR7.PMH ??={}; SR7.PMH[\"SR7_10_1\"] = {cn:100,state:false,fn: function() { if (_tpt!==undefined && _tpt.prepareModuleHeight !== undefined) {  _tpt.prepareModuleHeight({id:\"SR7_10_1\",el:[600,600,768,960,500],type:'standard',shdw:'0',gh:[600,600,768,960,500],gw:[1920,1920,1024,778,480],vpt:['-200px&#039;,&#039;-200px&#039;,&#039;-200px&#039;,&#039;-200px&#039;,&#039;-200px'],size:{fullWidth:true, fullHeight:false},mh:'0',onh:0,onw:0,bg:{color:'{\"orig\":\"transparent\",\"type\":\"solid\",\"string\":\"transparent\"}'}});   SR7.PMH[\"SR7_10_1\"].state=true;} else if(SR7.PMH[\"SR7_10_1\"].cn-->0)\tsetTimeout( SR7.PMH[\"SR7_10_1\"].fn,19);}};SR7.PMH[\"SR7_10_1\" ].fn();\n\t\t\t\t<\/script>\n[vc_empty_space]<div class=\"thim-widget-heading template-default\"><div class=\"thim-sc-heading\" >\n\t\t<div class=\"article_heading \">\n\t\t\t\n\t\t\t<p class=\"heading_primary\"  >Erleben Sie die Portes du Soleil<\/p>\n\t\t\t\n\t\t\t\n\t\t<\/div>\n\t<\/div><\/div>[\/vc_column][\/vc_row][vc_row][vc_column width=&#8220;1\/2&#8243;][vc_empty_space][vc_column_text css=&#8220;.vc_custom_1721142117807{margin-top: 32px !important;}&#8220;]<\/p>\n<h3>Entdecken Sie den Sommer in Les Portes du Soleil! \ud83c\udf1e<\/h3>\n<p>Willkommen in Portes du Soleil, dem Sommerparadies f\u00fcr Naturliebhaber, Sportler und Erholungssuchende! Unser Landgut liegt in einer zauberhaften Umgebung zwischen Frankreich und der Schweiz und bietet Ihnen ein unvergessliches Erlebnis mit atemberaubenden Landschaften und einer Vielzahl von Aktivit\u00e4ten f\u00fcr die ganze Familie.<\/p>\n<h4>\ud83d\udedd Der kostenlose Multipass (einschlie\u00dflich mit den Seilbahnen von Champ\u00e9ry und Morgins)<\/h4>\n<p>Die Portes du Soleil bieten mit ihrem Multipass <strong>ein unvergessliches Familienerlebnis<\/strong>. Dieser einmalige Pass bietet unbegrenzten Zugang zu einer Vielzahl von Sommeraktivit\u00e4ten wie Skiliften, Schwimmb\u00e4dern (einschlie\u00dflich Aquariaz), Tennis und Minigolf &#8211; ideal f\u00fcr die Unterhaltung der ganzen Familie. Er erleichtert auch den Transport zwischen den verschiedenen D\u00f6rfern der Region und erm\u00f6glicht es Ihnen, die atemberaubende <strong>Alpenlandschaft zu entdecken<\/strong>. Kinder und Eltern werden die Vielfalt der angebotenen Aktivit\u00e4ten zu sch\u00e4tzen wissen, die f\u00fcr alle Altersgruppen und Interessen geeignet sind. Schlie\u00dflich erm\u00f6glicht der Multipass <strong>erhebliche Einsparungen<\/strong>&#8230;<\/p>\n<p>&nbsp;<\/p>\n<h4>\ud83c\udf32 Erkunden Sie herrliche Wanderwege<\/h4>\n<p>Mit <strong>400 km markierten Wanderwegen<\/strong> k\u00f6nnen Sie au\u00dfergew\u00f6hnliche Wanderungen im Herzen der Natur genie\u00dfen. Ob Sie Anf\u00e4nger oder erfahrener Wanderer sind, unsere Routen versprechen Ihnen spektakul\u00e4re Aussichten und Momente absoluter Ruhe.<\/p>\n<h4>\ud83d\udeb5\u200d\u2642\ufe0f Mountainbike-Abenteuer<\/h4>\n<p>F\u00fcr Fahrradliebhaber gibt es <strong>650 km Mountainbike-Wege<\/strong>. Von adrenalinhaltigen Abfahrten bis hin zu gem\u00fctlichen Spazierg\u00e4ngen ist f\u00fcr jeden Geschmack etwas dabei. Und um das Erlebnis noch spezieller zu machen, probieren Sie unser <strong>kostenloses 1\/2-t\u00e4giges elektrisches Mountainbike<\/strong> aus!<\/p>\n<h4>\ud83c\udf89 Aktivit\u00e4ten F\u00fcr Alle<\/h4>\n<p>Verpassen Sie nicht unsere <strong>70 kostenlosen Aktivit\u00e4ten<\/strong>! Von Paragliding und Paddling bis hin zu kreativen Workshops und Kinderspielen, es gibt immer etwas zu tun, um sich zu am\u00fcsieren und zu entspannen.<\/p>\n<h4>\ud83c\udfe1 Sonderangebot Unterkunft<\/h4>\n<p>Nutzen Sie unser <strong>Sonderangebot<\/strong>:<\/p>\n<ul>\n<li><strong>2 \u00dcbernachtungen mit Halbpension (2 Erwachsene und 2 Kinder unter 15 Jahren)<br \/>\n<\/strong><\/li>\n<li><strong>Kostenloser Multipass<\/strong> f\u00fcr 70 Aktivit\u00e4ten und alle Verkehrsmittel<\/li>\n<li><strong>Kostenlose Nutzung<\/strong> unserer Sauna und des Ruheraums<\/li>\n<li><strong>1\/2 Tag kostenloses elektrisches Mountainbiking, einschlie\u00dflich Fahrr\u00e4der oder Anh\u00e4nger f\u00fcr Ihre Kinder<br \/>\n<\/strong><\/li>\n<\/ul>\n<p>Und das alles ab nur 499<strong>CHF<\/strong>!<\/p>\n<h4>\ud83d\udcc5 Buchen Sie jetzt!<\/h4>\n<p>Das Angebot ist bis zum 15. September g\u00fcltig, also warten Sie nicht l\u00e4nger, um Ihren Aufenthalt zu buchen und ein unvergessliches Sommerabenteuer in den Portes du Soleil zu erleben.[\/vc_column_text][vc_btn title=&#8220;Live-Buchung&#8220; color=&#8220;peacoc&#8220; align=&#8220;center&#8220; css=&#8220;&#8220; link=&#8220;url:https%3A%2F%2Fibe.sabeeapp.com%2Fproperties%2FMontriond-Lodge-r%25C3%25A9servation%2F%3Fp%3DbSp6b9334aeeac6c42e%3DbSp90b5313a96cff7b3%3D2024-08-12%3D2024-08-14%3Dfr|&#8220;][\/vc_column][vc_column width=&#8220;1\/2&#8243;][vc_empty_space][vc_images_carousel images=&#8220;34433&#8243; img_size=&#8220;full&#8220; onclick=&#8220;custom_link&#8220; speed=&#8220;3000&#8243; autoplay=&#8220;yes&#8220; hide_prev_next_buttons=&#8220;yes&#8220; wrap=&#8220;yes&#8220; css=&#8220;&#8220; custom_links=&#8220;#E-8_aHR0cHMlM0ElMkYlMkZpYmUuc2FiZWVhcHAuY29tJTJGcHJvcGVydGllcyUyRk1vbnRyaW9uZC1Mb2RnZS1yJTI1QzMlMjVBOXNlcnZhdGlvbiUyRiUzRnAlM0RiU3A2YjkzMzRhZWVhYzZjNDJlJTNEYlNwOTBiNTMxM2E5NmNmZjdiMyUzRDIwMjQtMDgtMTIlM0QyMDI0LTA4LTE0JTNEZGU=&#8220;][vc_empty_space][vc_btn title=&#8220;Direckt Buchung&#8220; color=&#8220;peacoc&#8220; align=&#8220;center&#8220; css=&#8220;&#8220; link=&#8220;url:https%3A%2F%2Fibe.sabeeapp.com%2Fproperties%2FMontriond-Lodge-r%25C3%25A9servation%2F%3Fp%3DbSp6b9334aeeac6c42e%3DbSp90b5313a96cff7b3%3D2024-08-12%3D2024-08-14%3Dde&#8220;][vc_empty_space][\/vc_column][\/vc_row][vc_row][vc_column]<div class=\"thim-widget-heading template-default\"><div class=\"thim-sc-heading\" >\n\t\t<div class=\"article_heading \">\n\t\t\t\n\t\t\t<p class=\"heading_primary\"  >Ihre Vorteile<\/p>\n\t\t\t\n\t\t\t\n\t\t<\/div>\n\t<\/div><\/div>[vc_empty_space][\/vc_column][\/vc_row][vc_row][vc_column width=&#8220;1\/3&#8243;][vc_icon icon_fontawesome=&#8220;fa fa-wifi&#8220; color=&#8220;peacoc&#8220; align=&#8220;center&#8220;][vc_column_text]<\/p>\n<p style=\"text-align: center;\">Kostenloser Wifi in der gesamten Einrichtung<\/p>\n<p>[\/vc_column_text][vc_empty_space][\/vc_column][vc_column width=&#8220;1\/3&#8243;][vc_icon type=&#8220;material&#8220; icon_material=&#8220;vc-material vc-material-ac_unit&#8220; color=&#8220;peacoc&#8220; align=&#8220;center&#8220;][vc_column_text css=&#8220;&#8220;]<\/p>\n<p style=\"text-align: center;\">Inmitten der Portes du Soleil (eines der gr\u00f6\u00dften alpinen Gebiete Europas)<\/p>\n<p>[\/vc_column_text][vc_empty_space][\/vc_column][vc_column width=&#8220;1\/3&#8243;][vc_icon type=&#8220;material&#8220; icon_material=&#8220;vc-material vc-material-restaurant_menu&#8220; color=&#8220;peacoc&#8220; align=&#8220;center&#8220;][vc_column_text]<\/p>\n<p style=\"text-align: center;\">Verpflegung vor Ort<\/p>\n<p>[\/vc_column_text][vc_empty_space][\/vc_column][\/vc_row][vc_row][vc_column width=&#8220;1\/3&#8243;][vc_icon type=&#8220;typicons&#8220; icon_typicons=&#8220;typcn typcn-thermometer&#8220; color=&#8220;peacoc&#8220; align=&#8220;center&#8220;][vc_column_text]<\/p>\n<p style=\"text-align: center;\">Ansicht<\/p>\n<p>[\/vc_column_text][\/vc_column][vc_column width=&#8220;1\/3&#8243;][vc_icon icon_fontawesome=&#8220;fa fa-tree&#8220; color=&#8220;peacoc&#8220; align=&#8220;center&#8220;][vc_column_text]<\/p>\n<p style=\"text-align: center;\">im Herzen der Natur<\/p>\n<p>[\/vc_column_text][\/vc_column][vc_column width=&#8220;1\/3&#8243;][vc_icon type=&#8220;material&#8220; icon_material=&#8220;vc-material vc-material-time_to_leave&#8220; color=&#8220;peacoc&#8220; align=&#8220;center&#8220;][vc_column_text]<\/p>\n<p style=\"text-align: center;\">Parkplatz<\/p>\n<p>[\/vc_column_text][\/vc_column][\/vc_row]<\/p>\n<\/div>","protected":false},"excerpt":{"rendered":"<p>[vc_row][vc_column][vc_empty_space][\/vc_column][\/vc_row][vc_row][vc_column width=&#8220;1\/2&#8243;][vc_empty_space][vc_column_text css=&#8220;.vc_custom_1721142117807{margin-top: 32px !important;}&#8220;] Entdecken Sie den Sommer in Les Portes du Soleil! \ud83c\udf1e Willkommen in Portes du Soleil, dem Sommerparadies f\u00fcr Naturliebhaber, Sportler und Erholungssuchende! Unser Landgut liegt in einer zauberhaften Umgebung zwischen Frankreich und der Schweiz und bietet Ihnen ein unvergessliches Erlebnis mit atemberaubenden Landschaften und einer&#8230;<\/p>\n","protected":false},"author":1,"featured_media":0,"parent":0,"menu_order":0,"comment_status":"closed","ping_status":"closed","template":"templates\/home-page.php","meta":{"footnotes":""},"class_list":["post-34291","page","type-page","status-publish","hentry"],"yoast_head":"<!-- This site is optimized with the Yoast SEO plugin v26.0 - https:\/\/yoast.com\/wordpress\/plugins\/seo\/ -->\n<title>Sommerangebot - Familie - Le Chaudron<\/title>\n<meta name=\"robots\" content=\"index, follow, max-snippet:-1, max-image-preview:large, max-video-preview:-1\" \/>\n<link rel=\"canonical\" href=\"https:\/\/refugelechaudron-champery.ch\/de\/sommerangebot-familie\/\" \/>\n<meta property=\"og:locale\" content=\"de_DE\" \/>\n<meta property=\"og:type\" content=\"article\" \/>\n<meta property=\"og:title\" content=\"Sommerangebot - Familie - Le Chaudron\" \/>\n<meta property=\"og:description\" content=\"[vc_row][vc_column][vc_empty_space][\/vc_column][\/vc_row][vc_row][vc_column width=&#8220;1\/2&#8243;][vc_empty_space][vc_column_text css=&#8220;.vc_custom_1721142117807{margin-top: 32px !important;}&#8220;] Entdecken Sie den Sommer in Les Portes du Soleil! \ud83c\udf1e Willkommen in Portes du Soleil, dem Sommerparadies f\u00fcr Naturliebhaber, Sportler und Erholungssuchende! Unser Landgut liegt in einer zauberhaften Umgebung zwischen Frankreich und der Schweiz und bietet Ihnen ein unvergessliches Erlebnis mit atemberaubenden Landschaften und einer...\" \/>\n<meta property=\"og:url\" content=\"https:\/\/refugelechaudron-champery.ch\/de\/sommerangebot-familie\/\" \/>\n<meta property=\"og:site_name\" content=\"Le Chaudron\" \/>\n<meta property=\"article:modified_time\" content=\"2024-07-21T10:58:54+00:00\" \/>\n<meta name=\"twitter:card\" content=\"summary_large_image\" \/>\n<meta name=\"twitter:label1\" content=\"Gesch\u00e4tzte Lesezeit\" \/>\n\t<meta name=\"twitter:data1\" content=\"4\u00a0Minuten\" \/>\n<script type=\"application\/ld+json\" class=\"yoast-schema-graph\">{\"@context\":\"https:\/\/schema.org\",\"@graph\":[{\"@type\":\"WebPage\",\"@id\":\"https:\/\/refugelechaudron-champery.ch\/de\/sommerangebot-familie\/\",\"url\":\"https:\/\/refugelechaudron-champery.ch\/de\/sommerangebot-familie\/\",\"name\":\"Sommerangebot - Familie - Le Chaudron\",\"isPartOf\":{\"@id\":\"https:\/\/refugelechaudron-champery.ch\/de\/#website\"},\"datePublished\":\"2024-07-16T15:02:21+00:00\",\"dateModified\":\"2024-07-21T10:58:54+00:00\",\"breadcrumb\":{\"@id\":\"https:\/\/refugelechaudron-champery.ch\/de\/sommerangebot-familie\/#breadcrumb\"},\"inLanguage\":\"de\",\"potentialAction\":[{\"@type\":\"ReadAction\",\"target\":[\"https:\/\/refugelechaudron-champery.ch\/de\/sommerangebot-familie\/\"]}]},{\"@type\":\"BreadcrumbList\",\"@id\":\"https:\/\/refugelechaudron-champery.ch\/de\/sommerangebot-familie\/#breadcrumb\",\"itemListElement\":[{\"@type\":\"ListItem\",\"position\":1,\"name\":\"Home\",\"item\":\"https:\/\/refugelechaudron-champery.ch\/de\/\"},{\"@type\":\"ListItem\",\"position\":2,\"name\":\"Sommerangebot &#8211; Familie\"}]},{\"@type\":\"WebSite\",\"@id\":\"https:\/\/refugelechaudron-champery.ch\/de\/#website\",\"url\":\"https:\/\/refugelechaudron-champery.ch\/de\/\",\"name\":\"Le Chaudron\",\"description\":\"Au coeur des Portes du Soleil\",\"potentialAction\":[{\"@type\":\"SearchAction\",\"target\":{\"@type\":\"EntryPoint\",\"urlTemplate\":\"https:\/\/refugelechaudron-champery.ch\/de\/?s={search_term_string}\"},\"query-input\":{\"@type\":\"PropertyValueSpecification\",\"valueRequired\":true,\"valueName\":\"search_term_string\"}}],\"inLanguage\":\"de\"}]}<\/script>\n<!-- \/ Yoast SEO plugin. -->","yoast_head_json":{"title":"Sommerangebot - Familie - Le Chaudron","robots":{"index":"index","follow":"follow","max-snippet":"max-snippet:-1","max-image-preview":"max-image-preview:large","max-video-preview":"max-video-preview:-1"},"canonical":"https:\/\/refugelechaudron-champery.ch\/de\/sommerangebot-familie\/","og_locale":"de_DE","og_type":"article","og_title":"Sommerangebot - Familie - Le Chaudron","og_description":"[vc_row][vc_column][vc_empty_space][\/vc_column][\/vc_row][vc_row][vc_column width=&#8220;1\/2&#8243;][vc_empty_space][vc_column_text css=&#8220;.vc_custom_1721142117807{margin-top: 32px !important;}&#8220;] Entdecken Sie den Sommer in Les Portes du Soleil! \ud83c\udf1e Willkommen in Portes du Soleil, dem Sommerparadies f\u00fcr Naturliebhaber, Sportler und Erholungssuchende! Unser Landgut liegt in einer zauberhaften Umgebung zwischen Frankreich und der Schweiz und bietet Ihnen ein unvergessliches Erlebnis mit atemberaubenden Landschaften und einer...","og_url":"https:\/\/refugelechaudron-champery.ch\/de\/sommerangebot-familie\/","og_site_name":"Le Chaudron","article_modified_time":"2024-07-21T10:58:54+00:00","twitter_card":"summary_large_image","twitter_misc":{"Gesch\u00e4tzte Lesezeit":"4\u00a0Minuten"},"schema":{"@context":"https:\/\/schema.org","@graph":[{"@type":"WebPage","@id":"https:\/\/refugelechaudron-champery.ch\/de\/sommerangebot-familie\/","url":"https:\/\/refugelechaudron-champery.ch\/de\/sommerangebot-familie\/","name":"Sommerangebot - Familie - Le Chaudron","isPartOf":{"@id":"https:\/\/refugelechaudron-champery.ch\/de\/#website"},"datePublished":"2024-07-16T15:02:21+00:00","dateModified":"2024-07-21T10:58:54+00:00","breadcrumb":{"@id":"https:\/\/refugelechaudron-champery.ch\/de\/sommerangebot-familie\/#breadcrumb"},"inLanguage":"de","potentialAction":[{"@type":"ReadAction","target":["https:\/\/refugelechaudron-champery.ch\/de\/sommerangebot-familie\/"]}]},{"@type":"BreadcrumbList","@id":"https:\/\/refugelechaudron-champery.ch\/de\/sommerangebot-familie\/#breadcrumb","itemListElement":[{"@type":"ListItem","position":1,"name":"Home","item":"https:\/\/refugelechaudron-champery.ch\/de\/"},{"@type":"ListItem","position":2,"name":"Sommerangebot &#8211; Familie"}]},{"@type":"WebSite","@id":"https:\/\/refugelechaudron-champery.ch\/de\/#website","url":"https:\/\/refugelechaudron-champery.ch\/de\/","name":"Le Chaudron","description":"Au coeur des Portes du Soleil","potentialAction":[{"@type":"SearchAction","target":{"@type":"EntryPoint","urlTemplate":"https:\/\/refugelechaudron-champery.ch\/de\/?s={search_term_string}"},"query-input":{"@type":"PropertyValueSpecification","valueRequired":true,"valueName":"search_term_string"}}],"inLanguage":"de"}]}},"_links":{"self":[{"href":"https:\/\/refugelechaudron-champery.ch\/de\/wp-json\/wp\/v2\/pages\/34291","targetHints":{"allow":["GET"]}}],"collection":[{"href":"https:\/\/refugelechaudron-champery.ch\/de\/wp-json\/wp\/v2\/pages"}],"about":[{"href":"https:\/\/refugelechaudron-champery.ch\/de\/wp-json\/wp\/v2\/types\/page"}],"author":[{"embeddable":true,"href":"https:\/\/refugelechaudron-champery.ch\/de\/wp-json\/wp\/v2\/users\/1"}],"replies":[{"embeddable":true,"href":"https:\/\/refugelechaudron-champery.ch\/de\/wp-json\/wp\/v2\/comments?post=34291"}],"version-history":[{"count":9,"href":"https:\/\/refugelechaudron-champery.ch\/de\/wp-json\/wp\/v2\/pages\/34291\/revisions"}],"predecessor-version":[{"id":34438,"href":"https:\/\/refugelechaudron-champery.ch\/de\/wp-json\/wp\/v2\/pages\/34291\/revisions\/34438"}],"wp:attachment":[{"href":"https:\/\/refugelechaudron-champery.ch\/de\/wp-json\/wp\/v2\/media?parent=34291"}],"curies":[{"name":"wp","href":"https:\/\/api.w.org\/{rel}","templated":true}]}}