{"id":34226,"date":"2024-07-08T12:00:22","date_gmt":"2024-07-08T10:00:22","guid":{"rendered":"https:\/\/chaletmontriond.ch\/?page_id=34226"},"modified":"2024-07-11T14:27:03","modified_gmt":"2024-07-11T12:27:03","slug":"offre-ete-2-nuits-tout-compris","status":"publish","type":"page","link":"https:\/\/refugelechaudron-champery.ch\/de\/offre-ete-2-nuits-tout-compris\/","title":{"rendered":"angebot-sommer-2-n\u00e4chte-alles-einbegriffen"},"content":{"rendered":"<div class=\"wpb-content-wrapper\"><p>[vc_row][vc_column]\n\t\t\t<sr7-module data-alias=\"Error-Module\" data-id=\"ERROR\" id=\"SR7_ERROR_1\" class=\"\" data-version=\"6.7.37\">\n\t\t\t\t<sr7-adjuster><\/sr7-adjuster>\n\t\t\t\t<sr7-content>\n\t\t\t\t\t<sr7-slide id=\"SR7_ERROR_1-1\" data-key=\"1\">\n\t\t\t\t\t\t<sr7-txt id=\"SR7_ERROR_1-1-1\" class=\"sr7-layer\">Slider with alias ete-24 not found.<\/sr7-txt>\n\t\t\t\t\t\t<sr7-txt id=\"SR7_ERROR_1-1-2\" class=\"sr7-layer\">There is nothing to show here!<\/sr7-txt>\n\t\t\t\t\t\t<sr7-txt id=\"SR7_ERROR_1-1-3\" class=\"sr7-layer\"><i class=\"fa-warning\"><\/i><\/sr7-txt>\n\t\t\t\t\t<\/sr7-slide>\n\t\t\t\t<\/sr7-content>\n\t\t\t<\/sr7-module>\n\t\t\t<script>\n\t\t\t\twindow.SR7 ??= {};\n\t\t\t\tSR7.JSON ??= {};\n\t\t\t\tSR7.JSON[\"SR7_ERROR_1\"] = {id:\"ERROR\", settings:{\"title\":\"Error Module\",\"alias\":\"Error Module\",\"type\":\"hero\", \"size\":{\"width\": [1240,1240,1024,778,480],\"height\": [600,600,600,600,480]}},\"slides\":{\"1\":{\"slide\":{\"id\":\"1\",\"version\":\"6.7.37\",\"order\":1},\"layers\":{\"1\":{\"fluid\":{\"tx\":true,\"tr\":true,\"sp\":true},\"id\":1,\"alias\":\"Subtext\",\"size\":{\"w\":[\"850px\",\"800px\",\"600px\",\"450px\",\"450px\"]}, \"content\":{\"text\":\"Slider with alias ete-24 not found.\"},\"pos\":{\"y\":[\"30px\",\"30px\",\"20px\",\"16px\",\"13px\"],\"h\":[\"center\",\"center\",\"center\",\"center\",\"center\"],\"v\":[\"middle\",\"middle\",\"middle\",\"middle\",\"middle\"],\"pos\":\"absolute\"},\"zIndex\":6,\"order\":6,\"display\":[\"block\",\"block\",\"block\",\"block\",\"block\"],\"tl\":{\"in\":{\"content\":{\"all\":[{\"t\":0,\"d\":0,\"f\":0,\"e\":\"power3.inOut\",\"pE\":\"d\",\"sX\":0.9,\"sY\":0.9,\"o\":0},{\"t\":370,\"d\":850,\"f\":850,\"e\":\"power3.inOut\",\"pE\":\"d\",\"sX\":1,\"sY\":1,\"o\":1}]}},\"out\":{\"content\":{\"all\":[{\"t\":0,\"d\":300,\"f\":300,\"e\":\"power3.inOut\",\"pE\":\"n\",\"o\":0}]}}},\"tA\":[\"center\",\"center\",\"center\",\"center\",\"center\"],\"color\":[\"#000000\",\"#000000\",\"#000000\",\"#000000\",\"#000000\"],\"font\":{\"family\":'Arial, Helvetica, sans-serif',\"size\":[\"#a\",20,16,12,7],\"weight\":[\"200\",\"200\",\"200\",\"200\",\"200\"],\"ls\":[0,0,0,0,0]},\"lh\":[\"#a\",\"24px\",\"20px\",\"16px\",\"7px\"],\"type\":\"text\"},\"2\":{\"fluid\":{\"tx\":true,\"tr\":true,\"sp\":true},\"id\":2,\"alias\":\"Title\",\"content\":{\"text\":\"There is nothing to show here!\"},\"pos\":{\"y\":[\"-20px\",\"-20px\",\"-16px\",\"-12px\",\"-7px\"],\"h\":[\"center\",\"center\",\"center\",\"center\",\"center\"],\"v\":[\"middle\",\"middle\",\"middle\",\"middle\",\"middle\"],\"pos\":\"absolute\"},\"zIndex\":7,\"order\":7,\"display\":[\"block\",\"block\",\"block\",\"block\",\"block\"],\"tl\":{\"in\":{\"content\":{\"all\":[{\"t\":0,\"d\":0,\"f\":0,\"e\":\"power3.inOut\",\"pE\":\"d\",\"sX\":0.9,\"sY\":0.9,\"o\":0},{\"t\":200,\"d\":1000,\"f\":1000,\"e\":\"power3.inOut\",\"pE\":\"d\",\"sX\":1,\"sY\":1,\"o\":1}]}},\"out\":{\"content\":{\"all\":[{\"t\":0,\"d\":300,\"f\":300,\"e\":\"power3.inOut\",\"pE\":\"n\",\"o\":0}]}}},\"tA\":[\"center\",\"center\",\"center\",\"center\",\"center\"],\"color\":[\"#000000\",\"#000000\",\"#000000\",\"#000000\",\"#000000\"],\"font\":{\"family\":\"'Arial, Helvetica, sans-serif'\",\"size\":[\"30px\",\"30px\",\"24px\",\"18px\",\"11px\"],\"weight\":[\"200\",\"200\",\"200\",\"200\",\"200\"],\"ls\":[0,0,0,0,0]},\"lh\":[\"30px\",\"30px\",\"24px\",\"18px\",\"11px\"],\"type\":\"text\"},\"3\":{\"fluid\":{\"tx\":true,\"tr\":true,\"sp\":true},\"id\":3,\"alias\":\"Title\",\"content\":{\"text\":\"<i class=\\\"fa-warning\\\"><\/i>\"},\"pos\":{\"y\":[\"-70px\",\"-70px\",\"-57px\",\"-43px\",\"-26px\"],\"h\":[\"center\",\"center\",\"center\",\"center\",\"center\"],\"v\":[\"middle\",\"middle\",\"middle\",\"middle\",\"middle\"],\"pos\":\"absolute\"},\"zIndex\":8,\"order\":8,\"display\":[\"block\",\"block\",\"block\",\"block\",\"block\"],\"tl\":{\"in\":{\"content\":{\"all\":[{\"t\":0,\"d\":0,\"f\":0,\"e\":\"power3.inOut\",\"pE\":\"d\",\"sX\":0.9,\"sY\":0.9,\"o\":0},{\"t\":0,\"d\":1040,\"f\":1040,\"e\":\"power3.inOut\",\"pE\":\"d\",\"sX\":1,\"sY\":1,\"o\":1}]}},\"out\":{\"content\":{\"all\":[{\"t\":0,\"d\":300,\"f\":300,\"e\":\"power3.inOut\",\"pE\":\"n\",\"o\":0}]}}},\"tA\":[\"center\",\"center\",\"center\",\"center\",\"center\"],\"color\":[\"#ff3a2d\",\"#ff3a2d\",\"#ff3a2d\",\"#ff3a2d\",\"#ff3a2d\"],\"font\":{\"family\":\"'Arial, Helvetica, sans-serif'\",\"size\":[\"50px\",\"50px\",\"41px\",\"31px\",\"19px\"],\"weight\":[400,400,400,400,400],\"ls\":[0,0,0,0,0]},\"lh\":[\"50px\",\"50px\",\"41px\",\"31px\",\"19px\"],\"type\":\"text\"},\"32\":{\"rTo\":\"slide\",\"id\":32,\"subtype\":\"slidebg\",\"size\":{\"cMode\":\"cover\"},\"bg\":{\"color\":\"#ffffff\"},\"tl\":{\"in\":{\"bg\":{\"ms\":1000,\"rnd\":false,\"temp\":{\"t\":\"*opacity* Fade In\",\"p\":\"fade\",\"m\":\"basic\",\"g\":\"fade\"},\"in\":{\"o\":0},\"out\":{\"a\":false}}}},\"type\":\"shape\"}}}}}\n\t\t\t\tSR7.PMH ??={}; SR7.PMH[\"SR7_ERROR_1\"] = {cn:0,state:false,fn: function() { if (_tpt!==undefined && _tpt.prepareModuleHeight !== undefined) {_tpt.prepareModuleHeight({id:\"SR7_ERROR_1\",\"size\":{\"width\":[1240,1240,1024,778,480],\"height\":[900,900,768,960,720]}}); SR7.PMH[\"SR7_ERROR_1\"].state=true;} else if((SR7.PMH[\"SR7_ERROR_1\"].cn++)<100) setTimeout( SR7.PMH[\"SR7_ERROR_1\"].fn,19);}}; SR7.PMH[\"SR7_ERROR_1\" ].fn();\t\t\t<\/script>\n[vc_empty_space]<div class=\"thim-widget-heading template-default\"><div class=\"thim-sc-heading\" >\n\t\t<div class=\"article_heading \">\n\t\t\t\n\t\t\t<p class=\"heading_primary\"  >Erleben Sie Les Portes du Soleil<\/p>\n\t\t\t\n\t\t\t\n\t\t<\/div>\n\t<\/div><\/div>[\/vc_column][\/vc_row][vc_row][vc_column width=&#8220;1\/2&#8243;][vc_empty_space][vc_column_text css=&#8220;.vc_custom_1720438673149{margin-top: 32px !important;}&#8220;]Entdecken Sie den Sommer in den Portes du Soleil! \ud83c\udf1e<\/p>\n<p>Willkommen in den Portes du Soleil, dem Sommerparadies f\u00fcr Naturliebhaber, Sportbegeisterte und Erholungssuchende! Unser Gebiet, das sich in einer bezaubernden Landschaft zwischen Frankreich und der Schweiz befindet, bietet Ihnen ein unvergessliches Erlebnis mit atemberaubenden Landschaften und einer Vielzahl von Aktivit\u00e4ten f\u00fcr die ganze Familie.<\/p>\n<p>\ud83c\udf32 Erkunden Sie Wundersch\u00f6ne Wege<\/p>\n<p>Mit 400 km markierten Wegen genie\u00dfen Sie au\u00dfergew\u00f6hnliche Wanderungen inmitten der Natur. Ob Sie Anf\u00e4nger oder erfahrener Wanderer sind, unsere Routen versprechen spektakul\u00e4re Ausblicke und Momente absoluter Ruhe.<\/p>\n<p>\ud83d\udeb5\u200d\u2642\ufe0f Abenteuer mit dem Mountainbike<\/p>\n<p>F\u00fcr Fahrradbegeisterte gibt es 650 km Mountainbike-Strecken zu entdecken. Von adrenalingeladenen Abfahrten bis hin zu gem\u00fctlicheren Touren ist f\u00fcr jeden Geschmack etwas dabei. Und um das Erlebnis noch spezieller zu machen, probieren Sie unsere kostenlose halbt\u00e4gige E-Mountainbike-Tour!<\/p>\n<p>\ud83c\udf89 Aktivit\u00e4ten f\u00fcr Alle<\/p>\n<p>Verpassen Sie nicht unsere 70 kostenlosen Aktivit\u00e4ten! Vom Gleitschirmfliegen \u00fcber Stand-Up-Paddling bis hin zu kreativen Workshops und Kinderspielen gibt es immer etwas zu tun, um Spa\u00df zu haben und sich zu entspannen.<\/p>\n<p>\ud83c\udfe1 Spezielles Unterkunftsangebot<\/p>\n<p>Nutzen Sie unser spezielles Angebot:<\/p>\n<p>2 N\u00e4chte mit Halbpension<br \/>\nKostenloser Multipass f\u00fcr den Zugang zu allen Aktivit\u00e4ten<br \/>\nKostenlose halbt\u00e4gige E-Mountainbike-Tour<\/p>\n<p>All das schon ab nur 399 CHF!<\/p>\n<p>\ud83d\udcc5 Jetzt Buchen!<\/p>\n<p>Das Angebot ist bis zum 15. September g\u00fcltig, also warten Sie nicht l\u00e4nger, um Ihren Aufenthalt zu buchen und ein unvergessliches Sommerabenteuer in den Portes du Soleil zu erleben.[\/vc_column_text][\/vc_column][vc_column width=&#8220;1\/2&#8243;][vc_empty_space][vc_images_carousel images=&#8220;34261,34264,34267,34270,34273,34276&#8243; img_size=&#8220;full&#8220; onclick=&#8220;custom_link&#8220; custom_links_target=&#8220;_blank&#8220; speed=&#8220;3000&#8243; autoplay=&#8220;yes&#8220; hide_prev_next_buttons=&#8220;yes&#8220; wrap=&#8220;yes&#8220; css=&#8220;&#8220; custom_links=&#8220;#E-8_aHR0cHMlM0ElMkYlMkZpYmUuc2FiZWVhcHAuY29tJTJGcHJvcGVydGllcyUyRkNoYWxldC1Nb250cmlvbmQtciUyNUMzJTI1QTlzZXJ2YXRpb24lMkYlM0ZwJTNEYlNwNmI5MzM0YWVlYWM2YzQyZSUyNmNoZWNraW4lM0QxNS0wOC0yMDI0JTI2Y2hlY2tvdXQlM0QxNy0wOC0yMDI0JTI2bCUzRGRl&#8220;][vc_empty_space][vc_btn title=&#8220;Direkt Buchung&#8220; color=&#8220;peacoc&#8220; align=&#8220;center&#8220; css=&#8220;&#8220; link=&#8220;url:https%3A%2F%2Fibe.sabeeapp.com%2Fproperties%2FChalet-Montriond-r%25C3%25A9servation%2F%3Fp%3DbSp6b9334aeeac6c42e%26checkin%3D15-08-2024%26checkout%3D17-08-2024%26l%3Dde&#8220;][vc_empty_space][\/vc_column][\/vc_row][vc_row][vc_column]<div class=\"thim-widget-heading template-default\"><div class=\"thim-sc-heading\" >\n\t\t<div class=\"article_heading \">\n\t\t\t\n\t\t\t<p class=\"heading_primary\"  >Ihre Vorteile<\/p>\n\t\t\t\n\t\t\t\n\t\t<\/div>\n\t<\/div><\/div>[vc_empty_space][\/vc_column][\/vc_row][vc_row][vc_column width=&#8220;1\/3&#8243;][vc_icon icon_fontawesome=&#8220;fa fa-wifi&#8220; color=&#8220;peacoc&#8220; align=&#8220;center&#8220;][vc_column_text css=&#8220;&#8220;]<\/p>\n<p style=\"text-align: center;\">Kostenloses WLAN in der gesamten Einrichtung<\/p>\n<p>[\/vc_column_text][vc_empty_space][\/vc_column][vc_column width=&#8220;1\/3&#8243;][vc_icon type=&#8220;material&#8220; icon_material=&#8220;vc-material vc-material-ac_unit&#8220; color=&#8220;peacoc&#8220; align=&#8220;center&#8220;][vc_column_text css=&#8220;&#8220;]<\/p>\n<p style=\"text-align: center;\">Inmitten der Portes du Soleil( eines der gr\u00f6\u00dften alpinen Gebiete Europas)<\/p>\n<p>[\/vc_column_text][vc_empty_space][\/vc_column][vc_column width=&#8220;1\/3&#8243;][vc_icon type=&#8220;material&#8220; icon_material=&#8220;vc-material vc-material-restaurant_menu&#8220; color=&#8220;peacoc&#8220; align=&#8220;center&#8220;][vc_column_text css=&#8220;&#8220;]<\/p>\n<p style=\"text-align: center;\">Essen und Trinken vor Ort<\/p>\n<p>[\/vc_column_text][vc_empty_space][\/vc_column][\/vc_row][vc_row][vc_column width=&#8220;1\/3&#8243;][vc_icon type=&#8220;typicons&#8220; icon_typicons=&#8220;typcn typcn-thermometer&#8220; color=&#8220;peacoc&#8220; align=&#8220;center&#8220;][vc_column_text css=&#8220;&#8220;]<\/p>\n<p style=\"text-align: center;\">Aussicht auf die Berge<\/p>\n<p>[\/vc_column_text][\/vc_column][vc_column width=&#8220;1\/3&#8243;][vc_icon icon_fontawesome=&#8220;fa fa-tree&#8220; color=&#8220;peacoc&#8220; align=&#8220;center&#8220;][vc_column_text css=&#8220;&#8220;]<\/p>\n<p style=\"text-align: center;\">im Herzen der Natur<\/p>\n<p>[\/vc_column_text][\/vc_column][vc_column width=&#8220;1\/3&#8243;][vc_icon type=&#8220;material&#8220; icon_material=&#8220;vc-material vc-material-time_to_leave&#8220; color=&#8220;peacoc&#8220; align=&#8220;center&#8220;][vc_column_text]<\/p>\n<p style=\"text-align: center;\">Parking<\/p>\n<p>[\/vc_column_text][\/vc_column][\/vc_row]<\/p>\n<\/div>","protected":false},"excerpt":{"rendered":"<p>[vc_row][vc_column][vc_empty_space][\/vc_column][\/vc_row][vc_row][vc_column width=&#8220;1\/2&#8243;][vc_empty_space][vc_column_text css=&#8220;.vc_custom_1720438673149{margin-top: 32px !important;}&#8220;]Entdecken Sie den Sommer in den Portes du Soleil! \ud83c\udf1e Willkommen in den Portes du Soleil, dem Sommerparadies f\u00fcr Naturliebhaber, Sportbegeisterte und Erholungssuchende! Unser Gebiet, das sich in einer bezaubernden Landschaft zwischen Frankreich und der Schweiz befindet, bietet Ihnen ein unvergessliches Erlebnis mit atemberaubenden Landschaften und&#8230;<\/p>\n","protected":false},"author":1,"featured_media":0,"parent":0,"menu_order":0,"comment_status":"closed","ping_status":"closed","template":"templates\/home-page.php","meta":{"footnotes":""},"class_list":["post-34226","page","type-page","status-publish","hentry"],"yoast_head":"<!-- This site is optimized with the Yoast SEO plugin v26.0 - https:\/\/yoast.com\/wordpress\/plugins\/seo\/ -->\n<title>angebot-sommer-2-n\u00e4chte-alles-einbegriffen - Le Chaudron<\/title>\n<meta name=\"robots\" content=\"index, follow, max-snippet:-1, max-image-preview:large, max-video-preview:-1\" \/>\n<link rel=\"canonical\" href=\"https:\/\/refugelechaudron-champery.ch\/de\/offre-ete-2-nuits-tout-compris\/\" \/>\n<meta property=\"og:locale\" content=\"de_DE\" \/>\n<meta property=\"og:type\" content=\"article\" \/>\n<meta property=\"og:title\" content=\"angebot-sommer-2-n\u00e4chte-alles-einbegriffen - Le Chaudron\" \/>\n<meta property=\"og:description\" content=\"[vc_row][vc_column][vc_empty_space][\/vc_column][\/vc_row][vc_row][vc_column width=&#8220;1\/2&#8243;][vc_empty_space][vc_column_text css=&#8220;.vc_custom_1720438673149{margin-top: 32px !important;}&#8220;]Entdecken Sie den Sommer in den Portes du Soleil! \ud83c\udf1e Willkommen in den Portes du Soleil, dem Sommerparadies f\u00fcr Naturliebhaber, Sportbegeisterte und Erholungssuchende! Unser Gebiet, das sich in einer bezaubernden Landschaft zwischen Frankreich und der Schweiz befindet, bietet Ihnen ein unvergessliches Erlebnis mit atemberaubenden Landschaften und...\" \/>\n<meta property=\"og:url\" content=\"https:\/\/refugelechaudron-champery.ch\/de\/offre-ete-2-nuits-tout-compris\/\" \/>\n<meta property=\"og:site_name\" content=\"Le Chaudron\" \/>\n<meta property=\"article:modified_time\" content=\"2024-07-11T12:27:03+00:00\" \/>\n<meta name=\"twitter:card\" content=\"summary_large_image\" \/>\n<meta name=\"twitter:label1\" content=\"Gesch\u00e4tzte Lesezeit\" \/>\n\t<meta name=\"twitter:data1\" content=\"3\u00a0Minuten\" \/>\n<script type=\"application\/ld+json\" class=\"yoast-schema-graph\">{\"@context\":\"https:\/\/schema.org\",\"@graph\":[{\"@type\":\"WebPage\",\"@id\":\"https:\/\/refugelechaudron-champery.ch\/de\/offre-ete-2-nuits-tout-compris\/\",\"url\":\"https:\/\/refugelechaudron-champery.ch\/de\/offre-ete-2-nuits-tout-compris\/\",\"name\":\"angebot-sommer-2-n\u00e4chte-alles-einbegriffen - Le Chaudron\",\"isPartOf\":{\"@id\":\"https:\/\/refugelechaudron-champery.ch\/de\/#website\"},\"datePublished\":\"2024-07-08T10:00:22+00:00\",\"dateModified\":\"2024-07-11T12:27:03+00:00\",\"breadcrumb\":{\"@id\":\"https:\/\/refugelechaudron-champery.ch\/de\/offre-ete-2-nuits-tout-compris\/#breadcrumb\"},\"inLanguage\":\"de\",\"potentialAction\":[{\"@type\":\"ReadAction\",\"target\":[\"https:\/\/refugelechaudron-champery.ch\/de\/offre-ete-2-nuits-tout-compris\/\"]}]},{\"@type\":\"BreadcrumbList\",\"@id\":\"https:\/\/refugelechaudron-champery.ch\/de\/offre-ete-2-nuits-tout-compris\/#breadcrumb\",\"itemListElement\":[{\"@type\":\"ListItem\",\"position\":1,\"name\":\"Home\",\"item\":\"https:\/\/refugelechaudron-champery.ch\/de\/\"},{\"@type\":\"ListItem\",\"position\":2,\"name\":\"angebot-sommer-2-n\u00e4chte-alles-einbegriffen\"}]},{\"@type\":\"WebSite\",\"@id\":\"https:\/\/refugelechaudron-champery.ch\/de\/#website\",\"url\":\"https:\/\/refugelechaudron-champery.ch\/de\/\",\"name\":\"Le Chaudron\",\"description\":\"Au coeur des Portes du Soleil\",\"potentialAction\":[{\"@type\":\"SearchAction\",\"target\":{\"@type\":\"EntryPoint\",\"urlTemplate\":\"https:\/\/refugelechaudron-champery.ch\/de\/?s={search_term_string}\"},\"query-input\":{\"@type\":\"PropertyValueSpecification\",\"valueRequired\":true,\"valueName\":\"search_term_string\"}}],\"inLanguage\":\"de\"}]}<\/script>\n<!-- \/ Yoast SEO plugin. -->","yoast_head_json":{"title":"angebot-sommer-2-n\u00e4chte-alles-einbegriffen - Le Chaudron","robots":{"index":"index","follow":"follow","max-snippet":"max-snippet:-1","max-image-preview":"max-image-preview:large","max-video-preview":"max-video-preview:-1"},"canonical":"https:\/\/refugelechaudron-champery.ch\/de\/offre-ete-2-nuits-tout-compris\/","og_locale":"de_DE","og_type":"article","og_title":"angebot-sommer-2-n\u00e4chte-alles-einbegriffen - Le Chaudron","og_description":"[vc_row][vc_column][vc_empty_space][\/vc_column][\/vc_row][vc_row][vc_column width=&#8220;1\/2&#8243;][vc_empty_space][vc_column_text css=&#8220;.vc_custom_1720438673149{margin-top: 32px !important;}&#8220;]Entdecken Sie den Sommer in den Portes du Soleil! \ud83c\udf1e Willkommen in den Portes du Soleil, dem Sommerparadies f\u00fcr Naturliebhaber, Sportbegeisterte und Erholungssuchende! Unser Gebiet, das sich in einer bezaubernden Landschaft zwischen Frankreich und der Schweiz befindet, bietet Ihnen ein unvergessliches Erlebnis mit atemberaubenden Landschaften und...","og_url":"https:\/\/refugelechaudron-champery.ch\/de\/offre-ete-2-nuits-tout-compris\/","og_site_name":"Le Chaudron","article_modified_time":"2024-07-11T12:27:03+00:00","twitter_card":"summary_large_image","twitter_misc":{"Gesch\u00e4tzte Lesezeit":"3\u00a0Minuten"},"schema":{"@context":"https:\/\/schema.org","@graph":[{"@type":"WebPage","@id":"https:\/\/refugelechaudron-champery.ch\/de\/offre-ete-2-nuits-tout-compris\/","url":"https:\/\/refugelechaudron-champery.ch\/de\/offre-ete-2-nuits-tout-compris\/","name":"angebot-sommer-2-n\u00e4chte-alles-einbegriffen - Le Chaudron","isPartOf":{"@id":"https:\/\/refugelechaudron-champery.ch\/de\/#website"},"datePublished":"2024-07-08T10:00:22+00:00","dateModified":"2024-07-11T12:27:03+00:00","breadcrumb":{"@id":"https:\/\/refugelechaudron-champery.ch\/de\/offre-ete-2-nuits-tout-compris\/#breadcrumb"},"inLanguage":"de","potentialAction":[{"@type":"ReadAction","target":["https:\/\/refugelechaudron-champery.ch\/de\/offre-ete-2-nuits-tout-compris\/"]}]},{"@type":"BreadcrumbList","@id":"https:\/\/refugelechaudron-champery.ch\/de\/offre-ete-2-nuits-tout-compris\/#breadcrumb","itemListElement":[{"@type":"ListItem","position":1,"name":"Home","item":"https:\/\/refugelechaudron-champery.ch\/de\/"},{"@type":"ListItem","position":2,"name":"angebot-sommer-2-n\u00e4chte-alles-einbegriffen"}]},{"@type":"WebSite","@id":"https:\/\/refugelechaudron-champery.ch\/de\/#website","url":"https:\/\/refugelechaudron-champery.ch\/de\/","name":"Le Chaudron","description":"Au coeur des Portes du Soleil","potentialAction":[{"@type":"SearchAction","target":{"@type":"EntryPoint","urlTemplate":"https:\/\/refugelechaudron-champery.ch\/de\/?s={search_term_string}"},"query-input":{"@type":"PropertyValueSpecification","valueRequired":true,"valueName":"search_term_string"}}],"inLanguage":"de"}]}},"_links":{"self":[{"href":"https:\/\/refugelechaudron-champery.ch\/de\/wp-json\/wp\/v2\/pages\/34226","targetHints":{"allow":["GET"]}}],"collection":[{"href":"https:\/\/refugelechaudron-champery.ch\/de\/wp-json\/wp\/v2\/pages"}],"about":[{"href":"https:\/\/refugelechaudron-champery.ch\/de\/wp-json\/wp\/v2\/types\/page"}],"author":[{"embeddable":true,"href":"https:\/\/refugelechaudron-champery.ch\/de\/wp-json\/wp\/v2\/users\/1"}],"replies":[{"embeddable":true,"href":"https:\/\/refugelechaudron-champery.ch\/de\/wp-json\/wp\/v2\/comments?post=34226"}],"version-history":[{"count":12,"href":"https:\/\/refugelechaudron-champery.ch\/de\/wp-json\/wp\/v2\/pages\/34226\/revisions"}],"predecessor-version":[{"id":34284,"href":"https:\/\/refugelechaudron-champery.ch\/de\/wp-json\/wp\/v2\/pages\/34226\/revisions\/34284"}],"wp:attachment":[{"href":"https:\/\/refugelechaudron-champery.ch\/de\/wp-json\/wp\/v2\/media?parent=34226"}],"curies":[{"name":"wp","href":"https:\/\/api.w.org\/{rel}","templated":true}]}}