{"id":33755,"date":"2024-05-16T21:48:20","date_gmt":"2024-05-16T19:48:20","guid":{"rendered":"https:\/\/chaletmontriond.ch\/?page_id=33755"},"modified":"2024-05-16T21:48:20","modified_gmt":"2024-05-16T19:48:20","slug":"gruppenangebot-2","status":"publish","type":"page","link":"https:\/\/refugelechaudron-champery.ch\/de\/gruppenangebot-2\/","title":{"rendered":"Gruppenangebot"},"content":{"rendered":"<div class=\"wpb-content-wrapper\"><p>[vc_row][vc_column][vc_empty_space]<div class=\"thim-widget-heading template-default\"><div class=\"thim-sc-heading\" >\n\t\t<div class=\"article_heading \">\n\t\t\t\n\t\t\t<p class=\"heading_primary\"  >Demande d'offre de groupe<\/p>\n\t\t\t\n\t\t\t\n\t\t<\/div>\n\t<\/div><\/div>[\/vc_column][\/vc_row][vc_row][vc_column width=&#8220;1\/2&#8243;][vc_empty_space][vc_column_text css=&#8220;.vc_custom_1570272878552{margin-top: 32px !important;}&#8220;]Wenn Sie mehr als 10 Personen sind, k\u00f6nnen wir Ihnen gerne ein individuelles Angebot machen!<\/p>\n<p>Unser Angebot umfasst Vorschl\u00e4ge f\u00fcr :<\/p>\n<ul>\n<li>Unterkunft<\/li>\n<li>das Fr\u00fchst\u00fccksbuffet<\/li>\n<li>Mittag- und\/oder Abendessen<\/li>\n<li>Skipass<\/li>\n<li>zus\u00e4tzliche Dienstleistungen (Parkplatz, R\u00e4ume)<\/li>\n<li>Wir geben Ihnen auch Informationen \u00fcber zus\u00e4tzliche Dienstleistungen (Skiverleih, Skikurse, spezielle Ausfl\u00fcge).<\/li>\n<\/ul>\n<p>[\/vc_column_text][\/vc_column][vc_column width=&#8220;1\/2&#8243; css=&#8220;.vc_custom_1570273352783{background-color: #1e73be !important;}&#8220;][vc_video link=&#8220;https:\/\/www.youtube.com\/watch?v=JeuASZgOVTw&#8220;][\/vc_column][\/vc_row][vc_row][vc_column][vc_column_text]<code><script type=\"text\/javascript\" src=\"https:\/\/crm4u.travel4u.ch\/form\/generate.js?id=12\"><\/script><\/code>[\/vc_column_text][\/vc_column][\/vc_row]<\/p>\n<\/div>","protected":false},"excerpt":{"rendered":"<p>[vc_row][vc_column][vc_empty_space][\/vc_column][\/vc_row][vc_row][vc_column width=&#8220;1\/2&#8243;][vc_empty_space][vc_column_text css=&#8220;.vc_custom_1570272878552{margin-top: 32px !important;}&#8220;]Wenn Sie mehr als 10 Personen sind, k\u00f6nnen wir Ihnen gerne ein individuelles Angebot machen! Unser Angebot umfasst Vorschl\u00e4ge f\u00fcr : Unterkunft das Fr\u00fchst\u00fccksbuffet Mittag- und\/oder Abendessen Skipass zus\u00e4tzliche Dienstleistungen (Parkplatz, R\u00e4ume) Wir geben Ihnen auch Informationen \u00fcber zus\u00e4tzliche Dienstleistungen (Skiverleih, Skikurse, spezielle Ausfl\u00fcge). [\/vc_column_text][\/vc_column][vc_column width=&#8220;1\/2&#8243;&#8230;<\/p>\n","protected":false},"author":1,"featured_media":0,"parent":0,"menu_order":0,"comment_status":"closed","ping_status":"closed","template":"templates\/home-page.php","meta":{"rs_blank_template":"","rs_page_bg_color":"","slide_template_v7":"","footnotes":""},"class_list":["post-33755","page","type-page","status-publish","hentry"],"yoast_head":"<!-- This site is optimized with the Yoast SEO plugin v27.4 - https:\/\/yoast.com\/product\/yoast-seo-wordpress\/ -->\n<title>Gruppenangebot - Le Chaudron<\/title>\n<meta name=\"robots\" content=\"index, follow, max-snippet:-1, max-image-preview:large, max-video-preview:-1\" \/>\n<link rel=\"canonical\" href=\"https:\/\/refugelechaudron-champery.ch\/de\/gruppenangebot-2\/\" \/>\n<meta property=\"og:locale\" content=\"de_DE\" \/>\n<meta property=\"og:type\" content=\"article\" \/>\n<meta property=\"og:title\" content=\"Gruppenangebot - Le Chaudron\" \/>\n<meta property=\"og:description\" content=\"[vc_row][vc_column][vc_empty_space][\/vc_column][\/vc_row][vc_row][vc_column width=&#8220;1\/2&#8243;][vc_empty_space][vc_column_text css=&#8220;.vc_custom_1570272878552{margin-top: 32px !important;}&#8220;]Wenn Sie mehr als 10 Personen sind, k\u00f6nnen wir Ihnen gerne ein individuelles Angebot machen! Unser Angebot umfasst Vorschl\u00e4ge f\u00fcr : Unterkunft das Fr\u00fchst\u00fccksbuffet Mittag- und\/oder Abendessen Skipass zus\u00e4tzliche Dienstleistungen (Parkplatz, R\u00e4ume) Wir geben Ihnen auch Informationen \u00fcber zus\u00e4tzliche Dienstleistungen (Skiverleih, Skikurse, spezielle Ausfl\u00fcge). [\/vc_column_text][\/vc_column][vc_column width=&#8220;1\/2&#8243;...\" \/>\n<meta property=\"og:url\" content=\"https:\/\/refugelechaudron-champery.ch\/de\/gruppenangebot-2\/\" \/>\n<meta property=\"og:site_name\" content=\"Le Chaudron\" \/>\n<meta name=\"twitter:card\" content=\"summary_large_image\" \/>\n<meta name=\"twitter:label1\" content=\"Gesch\u00e4tzte Lesezeit\" \/>\n\t<meta name=\"twitter:data1\" content=\"1\u00a0Minute\" \/>\n<script type=\"application\/ld+json\" class=\"yoast-schema-graph\">{\"@context\":\"https:\\\/\\\/schema.org\",\"@graph\":[{\"@type\":\"WebPage\",\"@id\":\"https:\\\/\\\/refugelechaudron-champery.ch\\\/de\\\/gruppenangebot-2\\\/\",\"url\":\"https:\\\/\\\/refugelechaudron-champery.ch\\\/de\\\/gruppenangebot-2\\\/\",\"name\":\"Gruppenangebot - Le Chaudron\",\"isPartOf\":{\"@id\":\"https:\\\/\\\/refugelechaudron-champery.ch\\\/de\\\/#website\"},\"datePublished\":\"2024-05-16T19:48:20+00:00\",\"breadcrumb\":{\"@id\":\"https:\\\/\\\/refugelechaudron-champery.ch\\\/de\\\/gruppenangebot-2\\\/#breadcrumb\"},\"inLanguage\":\"de\",\"potentialAction\":[{\"@type\":\"ReadAction\",\"target\":[\"https:\\\/\\\/refugelechaudron-champery.ch\\\/de\\\/gruppenangebot-2\\\/\"]}]},{\"@type\":\"BreadcrumbList\",\"@id\":\"https:\\\/\\\/refugelechaudron-champery.ch\\\/de\\\/gruppenangebot-2\\\/#breadcrumb\",\"itemListElement\":[{\"@type\":\"ListItem\",\"position\":1,\"name\":\"Home\",\"item\":\"https:\\\/\\\/refugelechaudron-champery.ch\\\/de\\\/\"},{\"@type\":\"ListItem\",\"position\":2,\"name\":\"Gruppenangebot\"}]},{\"@type\":\"WebSite\",\"@id\":\"https:\\\/\\\/refugelechaudron-champery.ch\\\/de\\\/#website\",\"url\":\"https:\\\/\\\/refugelechaudron-champery.ch\\\/de\\\/\",\"name\":\"Le Chaudron\",\"description\":\"Au coeur des Portes du Soleil\",\"potentialAction\":[{\"@type\":\"SearchAction\",\"target\":{\"@type\":\"EntryPoint\",\"urlTemplate\":\"https:\\\/\\\/refugelechaudron-champery.ch\\\/de\\\/?s={search_term_string}\"},\"query-input\":{\"@type\":\"PropertyValueSpecification\",\"valueRequired\":true,\"valueName\":\"search_term_string\"}}],\"inLanguage\":\"de\"}]}<\/script>\n<!-- \/ Yoast SEO plugin. -->","yoast_head_json":{"title":"Gruppenangebot - Le Chaudron","robots":{"index":"index","follow":"follow","max-snippet":"max-snippet:-1","max-image-preview":"max-image-preview:large","max-video-preview":"max-video-preview:-1"},"canonical":"https:\/\/refugelechaudron-champery.ch\/de\/gruppenangebot-2\/","og_locale":"de_DE","og_type":"article","og_title":"Gruppenangebot - Le Chaudron","og_description":"[vc_row][vc_column][vc_empty_space][\/vc_column][\/vc_row][vc_row][vc_column width=&#8220;1\/2&#8243;][vc_empty_space][vc_column_text css=&#8220;.vc_custom_1570272878552{margin-top: 32px !important;}&#8220;]Wenn Sie mehr als 10 Personen sind, k\u00f6nnen wir Ihnen gerne ein individuelles Angebot machen! Unser Angebot umfasst Vorschl\u00e4ge f\u00fcr : Unterkunft das Fr\u00fchst\u00fccksbuffet Mittag- und\/oder Abendessen Skipass zus\u00e4tzliche Dienstleistungen (Parkplatz, R\u00e4ume) Wir geben Ihnen auch Informationen \u00fcber zus\u00e4tzliche Dienstleistungen (Skiverleih, Skikurse, spezielle Ausfl\u00fcge). [\/vc_column_text][\/vc_column][vc_column width=&#8220;1\/2&#8243;...","og_url":"https:\/\/refugelechaudron-champery.ch\/de\/gruppenangebot-2\/","og_site_name":"Le Chaudron","twitter_card":"summary_large_image","twitter_misc":{"Gesch\u00e4tzte Lesezeit":"1\u00a0Minute"},"schema":{"@context":"https:\/\/schema.org","@graph":[{"@type":"WebPage","@id":"https:\/\/refugelechaudron-champery.ch\/de\/gruppenangebot-2\/","url":"https:\/\/refugelechaudron-champery.ch\/de\/gruppenangebot-2\/","name":"Gruppenangebot - Le Chaudron","isPartOf":{"@id":"https:\/\/refugelechaudron-champery.ch\/de\/#website"},"datePublished":"2024-05-16T19:48:20+00:00","breadcrumb":{"@id":"https:\/\/refugelechaudron-champery.ch\/de\/gruppenangebot-2\/#breadcrumb"},"inLanguage":"de","potentialAction":[{"@type":"ReadAction","target":["https:\/\/refugelechaudron-champery.ch\/de\/gruppenangebot-2\/"]}]},{"@type":"BreadcrumbList","@id":"https:\/\/refugelechaudron-champery.ch\/de\/gruppenangebot-2\/#breadcrumb","itemListElement":[{"@type":"ListItem","position":1,"name":"Home","item":"https:\/\/refugelechaudron-champery.ch\/de\/"},{"@type":"ListItem","position":2,"name":"Gruppenangebot"}]},{"@type":"WebSite","@id":"https:\/\/refugelechaudron-champery.ch\/de\/#website","url":"https:\/\/refugelechaudron-champery.ch\/de\/","name":"Le Chaudron","description":"Au coeur des Portes du Soleil","potentialAction":[{"@type":"SearchAction","target":{"@type":"EntryPoint","urlTemplate":"https:\/\/refugelechaudron-champery.ch\/de\/?s={search_term_string}"},"query-input":{"@type":"PropertyValueSpecification","valueRequired":true,"valueName":"search_term_string"}}],"inLanguage":"de"}]}},"_links":{"self":[{"href":"https:\/\/refugelechaudron-champery.ch\/de\/wp-json\/wp\/v2\/pages\/33755","targetHints":{"allow":["GET"]}}],"collection":[{"href":"https:\/\/refugelechaudron-champery.ch\/de\/wp-json\/wp\/v2\/pages"}],"about":[{"href":"https:\/\/refugelechaudron-champery.ch\/de\/wp-json\/wp\/v2\/types\/page"}],"author":[{"embeddable":true,"href":"https:\/\/refugelechaudron-champery.ch\/de\/wp-json\/wp\/v2\/users\/1"}],"replies":[{"embeddable":true,"href":"https:\/\/refugelechaudron-champery.ch\/de\/wp-json\/wp\/v2\/comments?post=33755"}],"version-history":[{"count":1,"href":"https:\/\/refugelechaudron-champery.ch\/de\/wp-json\/wp\/v2\/pages\/33755\/revisions"}],"predecessor-version":[{"id":33757,"href":"https:\/\/refugelechaudron-champery.ch\/de\/wp-json\/wp\/v2\/pages\/33755\/revisions\/33757"}],"wp:attachment":[{"href":"https:\/\/refugelechaudron-champery.ch\/de\/wp-json\/wp\/v2\/media?parent=33755"}],"curies":[{"name":"wp","href":"https:\/\/api.w.org\/{rel}","templated":true}]}}