{"id":33513,"date":"2019-10-05T10:14:51","date_gmt":"2019-10-05T08:14:51","guid":{"rendered":"https:\/\/test.chaletmontriond.ch\/angebot-fuer-einzelpersonen\/"},"modified":"2025-09-09T19:47:24","modified_gmt":"2025-09-09T17:47:24","slug":"angebot-fuer-einzelpersonen","status":"publish","type":"page","link":"https:\/\/refugelechaudron-champery.ch\/de\/angebot-fuer-einzelpersonen\/","title":{"rendered":"Angebot f\u00fcr Einzelpersonen"},"content":{"rendered":"<div class=\"wpb-content-wrapper\"><p>[vc_row][vc_column]\n\t\t\t\t<p class=\"rs-p-wp-fix\"><\/p>\n\t\t\t\t<sr7-module data-alias=\"hiver-24-de\" data-id=\"25\" id=\"SR7_25_1\" class=\"rs-ov-hidden\" data-version=\"6.7.37\">\n\t\t\t\t\t<sr7-adjuster><\/sr7-adjuster>\n\t\t\t\t\t<sr7-content>\n\t\t\t\t\t\t<sr7-slide id=\"SR7_25_1-252\" data-key=\"252\">\n\t\t\t\t\t\t\t<sr7-bg id=\"SR7_25_1-252-5\" class=\"sr7-layer\"><noscript><img decoding=\"async\" src=\"https:\/\/refugelechaudron-champery.ch\/wp-content\/uploads\/2016\/10\/Hiver_2_1920_600.png\" alt=\"\" title=\"Hiver_2_1920_600\"><\/noscript><\/sr7-bg>\n\t\t\t\t\t\t\t<sr7-txt id=\"SR7_25_1-252-0\" class=\"sr7-layer\">Le Chaudron liegt auf fast  2000 m H\u00f6he im Herzen der Portes du Soleil.<\/sr7-txt>\n\t\t\t\t\t\t\t<a id=\"SR7_25_1-252-1\" class=\"sr7-layer\" href=\"https:\/\/refugelechaudron-champery.ch\/?saison=ete\" target=\"_self\">Ete<\/a>\n\t\t\t\t\t\t\t<sr7-txt id=\"SR7_25_1-252-2\" class=\"sr7-layer\">650 km Pisten zu Ihren F\u00fc\u00dfen<\/sr7-txt>\n\t\t\t\t\t\t<\/sr7-slide>\n\t\t\t\t\t\t<sr7-slide id=\"SR7_25_1-253\" data-key=\"253\">\n\t\t\t\t\t\t\t<sr7-bg id=\"SR7_25_1-253-5\" class=\"sr7-layer\"><noscript><img decoding=\"async\" src=\"https:\/\/refugelechaudron-champery.ch\/wp-content\/uploads\/2016\/10\/Ete_4_1920_600.jpg\" alt=\"\" title=\"Ete_4_1920_600\"><\/noscript><\/sr7-bg>\n\t\t\t\t\t\t\t<sr7-txt id=\"SR7_25_1-253-0\" class=\"sr7-layer\">Alle unsere Zimmer mit Bergblick<\/sr7-txt>\n\t\t\t\t\t\t\t<a id=\"SR7_25_1-253-3\" class=\"sr7-layer\" href=\"https:\/\/refugelechaudron-champery.ch\/?saison=ete\" target=\"_self\">Ete<\/a>\n\t\t\t\t\t\t<\/sr7-slide>\n\t\t\t\t\t\t<sr7-slide id=\"SR7_25_1-254\" data-key=\"254\">\n\t\t\t\t\t\t\t<sr7-bg id=\"SR7_25_1-254-6\" class=\"sr7-layer\"><noscript><img decoding=\"async\" src=\"https:\/\/refugelechaudron-champery.ch\/wp-content\/uploads\/2024\/05\/Domaine_PDS_1920_600.png\" alt=\"\" title=\"Domaine_PDS_1920_600\"><\/noscript><\/sr7-bg>\n\t\t\t\t\t\t\t<sr7-txt id=\"SR7_25_1-254-0\" class=\"sr7-layer\">Les Portes du Soleil, le plus grand domaine de ski en Europe<\/sr7-txt>\n\t\t\t\t\t\t\t<a id=\"SR7_25_1-254-5\" class=\"sr7-layer\" href=\"https:\/\/refugelechaudron-champery.ch\/?saison=ete\" target=\"_self\">Ete<\/a>\n\t\t\t\t\t\t<\/sr7-slide>\n\t\t\t\t\t\t<sr7-slide id=\"SR7_25_1-255\" data-key=\"255\">\n\t\t\t\t\t\t\t<sr7-bg id=\"SR7_25_1-255-7\" class=\"sr7-layer\"><noscript><img decoding=\"async\" src=\"https:\/\/refugelechaudron-champery.ch\/wp-content\/uploads\/2016\/10\/Hiver_4_1920_600.png\" alt=\"\" title=\"Hiver_4_1920_600\"><\/noscript><\/sr7-bg>\n\t\t\t\t\t\t\t<sr7-txt id=\"SR7_25_1-255-0\" class=\"sr7-layer\">Ein beeindruckender Sonnenuntergang <br \/>\n nach einem Tag auf der Piste<\/sr7-txt>\n\t\t\t\t\t\t\t<a id=\"SR7_25_1-255-6\" class=\"sr7-layer\" href=\"https:\/\/refugelechaudron-champery.ch\/?saison=ete\" target=\"_self\">Ete<\/a>\n\t\t\t\t\t\t<\/sr7-slide>\n\t\t\t\t\t\t<sr7-slide id=\"SR7_25_1-256\" data-key=\"256\">\n\t\t\t\t\t\t\t<sr7-bg id=\"SR7_25_1-256-8\" class=\"sr7-layer\"><noscript><img decoding=\"async\" src=\"https:\/\/refugelechaudron-champery.ch\/wp-content\/uploads\/2016\/10\/Hiver_3_1920_600.png\" alt=\"\" title=\"Hiver_3_1920_600\"><\/noscript><\/sr7-bg>\n\t\t\t\t\t\t\t<sr7-txt id=\"SR7_25_1-256-0\" class=\"sr7-layer\">Un repas entre amis apr\u00e8s une journ\u00e9e de ski...<\/sr7-txt>\n\t\t\t\t\t\t\t<a id=\"SR7_25_1-256-7\" class=\"sr7-layer\" href=\"https:\/\/refugelechaudron-champery.ch\/?saison=ete\" target=\"_self\">Ete<\/a>\n\t\t\t\t\t\t<\/sr7-slide>\n\t\t\t\t\t\t<sr7-slide id=\"SR7_25_1-257\" data-key=\"257\">\n\t\t\t\t\t\t\t<sr7-bg id=\"SR7_25_1-257-9\" class=\"sr7-layer\"><noscript><img decoding=\"async\" src=\"https:\/\/refugelechaudron-champery.ch\/wp-content\/uploads\/2016\/10\/Hiver_6_1920_600.png\" alt=\"\" title=\"Hiver_6_1920_600\"><\/noscript><\/sr7-bg>\n\t\t\t\t\t\t\t<sr7-txt id=\"SR7_25_1-257-0\" class=\"sr7-layer\">Unser Spielzimmer f\u00fcr Gro\u00df und Klein<\/sr7-txt>\n\t\t\t\t\t\t\t<a id=\"SR7_25_1-257-8\" class=\"sr7-layer\" href=\"https:\/\/refugelechaudron-champery.ch\/?saison=ete\" target=\"_self\">Ete<\/a>\n\t\t\t\t\t\t<\/sr7-slide>\n\t\t\t\t\t\t<sr7-slide id=\"SR7_25_1-258\" data-key=\"258\">\n\t\t\t\t\t\t\t<sr7-bg id=\"SR7_25_1-258-10\" class=\"sr7-layer\"><noscript><img decoding=\"async\" src=\"https:\/\/refugelechaudron-champery.ch\/wp-content\/uploads\/2016\/10\/Hiver_8_1920_600.png\" alt=\"\" title=\"Hiver_8_1920_600\"><\/noscript><\/sr7-bg>\n\t\t\t\t\t\t\t<sr7-txt id=\"SR7_25_1-258-0\" class=\"sr7-layer\">Pour les non skieurs de belles balades vous attendent<\/sr7-txt>\n\t\t\t\t\t\t\t<a id=\"SR7_25_1-258-9\" class=\"sr7-layer\" href=\"https:\/\/refugelechaudron-champery.ch\/?saison=ete\" target=\"_self\">Ete<\/a>\n\t\t\t\t\t\t<\/sr7-slide>\n\t\t\t\t\t\t<sr7-slide id=\"SR7_25_1-259\" data-key=\"259\">\n\t\t\t\t\t\t\t<sr7-bg id=\"SR7_25_1-259-11\" class=\"sr7-layer\"><noscript><img decoding=\"async\" src=\"https:\/\/refugelechaudron-champery.ch\/wp-content\/uploads\/2016\/10\/Hiver_5_1920_600.png\" alt=\"\" title=\"Hiver_5_1920_600\"><\/noscript><\/sr7-bg>\n\t\t\t\t\t\t\t<sr7-txt id=\"SR7_25_1-259-0\" class=\"sr7-layer\">Ein n\u00e4chtlicher Blick von Ihrem Balkon<\/sr7-txt>\n\t\t\t\t\t\t\t<a id=\"SR7_25_1-259-10\" class=\"sr7-layer\" href=\"https:\/\/refugelechaudron-champery.ch\/?saison=ete\" target=\"_self\">Ete<\/a>\n\t\t\t\t\t\t<\/sr7-slide>\n\t\t\t\t\t\t<sr7-slide id=\"SR7_25_1-260\" data-key=\"260\">\n\t\t\t\t\t\t\t<sr7-bg id=\"SR7_25_1-260-12\" class=\"sr7-layer\"><noscript><img decoding=\"async\" src=\"https:\/\/refugelechaudron-champery.ch\/wp-content\/uploads\/2016\/10\/Hiver_9_1920_600.png\" alt=\"\" title=\"Hiver_9_1920_600\"><\/noscript><\/sr7-bg>\n\t\t\t\t\t\t\t<sr7-txt id=\"SR7_25_1-260-0\" class=\"sr7-layer\">Das gesamte Team des Chaudron freut sich auf Ihren Besuch.<\/sr7-txt>\n\t\t\t\t\t\t\t<sr7-txt id=\"SR7_25_1-260-2\" class=\"sr7-layer\">Natur, Sport und Gelassenheit im Herzen der Alpen<\/sr7-txt>\n\t\t\t\t\t\t\t<a id=\"SR7_25_1-260-11\" class=\"sr7-layer\" href=\"https:\/\/refugelechaudron-champery.ch\/?saison=ete\" target=\"_self\">Ete<\/a>\n\t\t\t\t\t\t<\/sr7-slide>\n\t\t\t\t\t\t<sr7-slide id=\"SR7_25_1-261\" data-key=\"261\">\n\t\t\t\t\t\t<\/sr7-slide>\n\t\t\t\t\t<\/sr7-content>\n\t\t\t\t\t<image_lists style=\"display:none\">\n\t\t\t\t\t\t<img data-src=\"\/\/refugelechaudron-champery.ch\/wp-content\/uploads\/revslider\/ete-24\/Flag_of_Switzerland_Pantone.svg_-300x300.png\" data-libid=\"32789\" data-lib=\"medialibrary\" title=\"Flag_of_Switzerland_Pantone.svg_-300&#215;300.png\" width=\"0\" height=\"0\" data-dbsrc=\"Ly9yZWZ1Z2VsZWNoYXVkcm9uLWNoYW1wZXJ5LmNoL3dwLWNvbnRlbnQvdXBsb2Fkcy9yZXZzbGlkZXIvZXRlLTI0L0ZsYWdfb2ZfU3dpdHplcmxhbmRfUGFudG9uZS5zdmdfLTMwMHgzMDAucG5n\"\/>\n\t\t\t\t\t\t<img data-src=\"\/\/refugelechaudron-champery.ch\/wp-content\/uploads\/2016\/10\/Hiver_2_1920_600.png\" data-libid=\"34987\" data-lib=\"medialibrary\" title=\"Hiver_2_1920_600\" width=\"0\" height=\"0\" data-dbsrc=\"Ly9yZWZ1Z2VsZWNoYXVkcm9uLWNoYW1wZXJ5LmNoL3dwLWNvbnRlbnQvdXBsb2Fkcy8yMDE2LzEwL0hpdmVyXzJfMTkyMF82MDAucG5n\"\/>\n\t\t\t\t\t\t<img data-src=\"\/\/refugelechaudron-champery.ch\/wp-content\/uploads\/2016\/10\/Ete_4_1920_600.jpg\" data-libid=\"34948\" data-lib=\"medialibrary\" title=\"Ete_4_1920_600\" width=\"0\" height=\"0\" data-dbsrc=\"Ly9yZWZ1Z2VsZWNoYXVkcm9uLWNoYW1wZXJ5LmNoL3dwLWNvbnRlbnQvdXBsb2Fkcy8yMDE2LzEwL0V0ZV80XzE5MjBfNjAwLmpwZw==\"\/>\n\t\t\t\t\t\t<img data-src=\"\/\/refugelechaudron-champery.ch\/wp-content\/uploads\/2024\/05\/Domaine_PDS_1920_600.png\" data-libid=\"33397\" data-lib=\"medialibrary\" title=\"Domaine_PDS_1920_600\" width=\"0\" height=\"0\" data-dbsrc=\"Ly9yZWZ1Z2VsZWNoYXVkcm9uLWNoYW1wZXJ5LmNoL3dwLWNvbnRlbnQvdXBsb2Fkcy8yMDI0LzA1L0RvbWFpbmVfUERTXzE5MjBfNjAwLnBuZw==\"\/>\n\t\t\t\t\t\t<img data-src=\"\/\/refugelechaudron-champery.ch\/wp-content\/uploads\/2016\/10\/Hiver_4_1920_600.png\" data-libid=\"34990\" data-lib=\"medialibrary\" title=\"Hiver_4_1920_600\" width=\"0\" height=\"0\" data-dbsrc=\"Ly9yZWZ1Z2VsZWNoYXVkcm9uLWNoYW1wZXJ5LmNoL3dwLWNvbnRlbnQvdXBsb2Fkcy8yMDE2LzEwL0hpdmVyXzRfMTkyMF82MDAucG5n\"\/>\n\t\t\t\t\t\t<img data-src=\"\/\/refugelechaudron-champery.ch\/wp-content\/uploads\/2016\/10\/Hiver_3_1920_600.png\" data-libid=\"34996\" data-lib=\"medialibrary\" title=\"Hiver_3_1920_600\" width=\"0\" height=\"0\" data-dbsrc=\"Ly9yZWZ1Z2VsZWNoYXVkcm9uLWNoYW1wZXJ5LmNoL3dwLWNvbnRlbnQvdXBsb2Fkcy8yMDE2LzEwL0hpdmVyXzNfMTkyMF82MDAucG5n\"\/>\n\t\t\t\t\t\t<img data-src=\"\/\/refugelechaudron-champery.ch\/wp-content\/uploads\/2016\/10\/Hiver_6_1920_600.png\" data-libid=\"35002\" data-lib=\"medialibrary\" title=\"Hiver_6_1920_600\" width=\"0\" height=\"0\" data-dbsrc=\"Ly9yZWZ1Z2VsZWNoYXVkcm9uLWNoYW1wZXJ5LmNoL3dwLWNvbnRlbnQvdXBsb2Fkcy8yMDE2LzEwL0hpdmVyXzZfMTkyMF82MDAucG5n\"\/>\n\t\t\t\t\t\t<img data-src=\"\/\/refugelechaudron-champery.ch\/wp-content\/uploads\/2016\/10\/Hiver_8_1920_600.png\" data-libid=\"34633\" data-lib=\"medialibrary\" title=\"Hiver_8_1920_600\" width=\"0\" height=\"0\" data-dbsrc=\"Ly9yZWZ1Z2VsZWNoYXVkcm9uLWNoYW1wZXJ5LmNoL3dwLWNvbnRlbnQvdXBsb2Fkcy8yMDE2LzEwL0hpdmVyXzhfMTkyMF82MDAucG5n\"\/>\n\t\t\t\t\t\t<img data-src=\"\/\/refugelechaudron-champery.ch\/wp-content\/uploads\/2016\/10\/Hiver_5_1920_600.png\" data-libid=\"34999\" data-lib=\"medialibrary\" title=\"Hiver_5_1920_600\" width=\"0\" height=\"0\" data-dbsrc=\"Ly9yZWZ1Z2VsZWNoYXVkcm9uLWNoYW1wZXJ5LmNoL3dwLWNvbnRlbnQvdXBsb2Fkcy8yMDE2LzEwL0hpdmVyXzVfMTkyMF82MDAucG5n\"\/>\n\t\t\t\t\t\t<img data-src=\"\/\/refugelechaudron-champery.ch\/wp-content\/uploads\/2016\/10\/Hiver_9_1920_600.png\" data-libid=\"34639\" data-lib=\"medialibrary\" title=\"Hiver_9_1920_600\" width=\"0\" height=\"0\" data-dbsrc=\"Ly9yZWZ1Z2VsZWNoYXVkcm9uLWNoYW1wZXJ5LmNoL3dwLWNvbnRlbnQvdXBsb2Fkcy8yMDE2LzEwL0hpdmVyXzlfMTkyMF82MDAucG5n\"\/>\n\t\t\t\t\t<\/image_lists>\n\t\t\t\t<\/sr7-module>\n\t\t\t\t<script>\n\t\t\t\t\tSR7.PMH ??={}; SR7.PMH[\"SR7_25_1\"] = {cn:100,state:false,fn: function() { if (_tpt!==undefined && _tpt.prepareModuleHeight !== undefined) {  _tpt.prepareModuleHeight({id:\"SR7_25_1\",el:[600,600,768,960,500],type:'standard',shdw:'0',gh:[600,600,768,960,500],gw:[1920,1920,1024,778,480],vpt:['-200px&#039;,&#039;-200px&#039;,&#039;-200px&#039;,&#039;-200px&#039;,&#039;-200px'],size:{fullWidth:true, fullHeight:false},mh:'0',onh:0,onw:0,bg:{color:'{\"orig\":\"transparent\",\"type\":\"solid\",\"string\":\"transparent\"}'}});   SR7.PMH[\"SR7_25_1\"].state=true;} else if(SR7.PMH[\"SR7_25_1\"].cn-->0)\tsetTimeout( SR7.PMH[\"SR7_25_1\"].fn,19);}};SR7.PMH[\"SR7_25_1\" ].fn();\n\t\t\t\t<\/script>\n[vc_empty_space]<div class=\"thim-widget-heading template-default\"><div class=\"thim-sc-heading\" >\n\t\t<div class=\"article_heading \">\n\t\t\t\n\t\t\t<p class=\"heading_primary\"  >Erleben Sie die Portes du Soleil<\/p>\n\t\t\t\n\t\t\t\n\t\t<\/div>\n\t<\/div><\/div>[\/vc_column][\/vc_row][vc_row][vc_column width=&#8220;1\/2&#8243;][vc_empty_space][vc_column_text css=&#8220;.vc_custom_1571918635631{margin-top: 32px !important;}&#8220;]Das Gebiet Portes du soleil ist riesig und das gr\u00f6\u00dfte zusammenh\u00e4ngende Ski- und Mountainbikegebiet der Welt, das Teil des Espace Mont-Blanc ist.<\/p>\n<p>Das Hotel befindet sich am Fu\u00dfe der Pisten und bietet Ihnen einen ruhigen Urlaub. Die Skip\u00e4sse, die in unseren Pauschalangeboten enthalten sind, erm\u00f6glichen Ihnen den Zugang zum gesamten Skigebiet einschlie\u00dflich des franz\u00f6sischen Teils.<\/p>\n<p>Unser Hotel und das Restaurant sind f\u00fcr Familien, Paare und Freunde geeignet, wir freuen uns, Ihnen ein individuelles Angebot zu machen.[\/vc_column_text][\/vc_column][vc_column width=&#8220;1\/2&#8243;][vc_video link=&#8220;https:\/\/youtu.be\/yfKWs-4k5Vk&#8220;][vc_empty_space][vc_btn title=&#8220;Live-Buchung&#8220; color=&#8220;peacoc&#8220; align=&#8220;center&#8220; link=&#8220;url:https%3A%2F%2Fibe.sabeeapp.com%2Fproperties%2FChalet-Montriond-r%25C3%25A9servation%2F%3Fp%3DbSp6b9334aeeac6c42e%26checkin%3D15-01-2020%26checkout%3D20-01-2020|&#8220;][vc_empty_space][\/vc_column][\/vc_row][vc_row][vc_column]<div class=\"thim-widget-heading template-default\"><div class=\"thim-sc-heading\" >\n\t\t<div class=\"article_heading \">\n\t\t\t\n\t\t\t<p class=\"heading_primary\"  >Ein individuelles Angebot anfordern<\/p>\n\t\t\t\n\t\t\t\n\t\t<\/div>\n\t<\/div><\/div>[vc_empty_space][\/vc_column][\/vc_row][vc_row][vc_column][vc_empty_space][vc_column_text css=&#8220;&#8220;]<script type=\"text\/javascript\" src=\"https:\/\/crm4u.travel4u.ch\/form\/generate.js?id=47\"><\/script>[\/vc_column_text][\/vc_column][\/vc_row][vc_row][vc_column]<div class=\"thim-widget-heading template-default\"><div class=\"thim-sc-heading\" >\n\t\t<div class=\"article_heading \">\n\t\t\t\n\t\t\t<p class=\"heading_primary\"  >Ihre Vorteile<\/p>\n\t\t\t\n\t\t\t\n\t\t<\/div>\n\t<\/div><\/div>[vc_empty_space][\/vc_column][\/vc_row][vc_row][vc_column width=&#8220;1\/3&#8243;][vc_icon icon_fontawesome=&#8220;fa fa-wifi&#8220; color=&#8220;peacoc&#8220; align=&#8220;center&#8220;][vc_column_text]<\/p>\n<p style=\"text-align: center;\">Kostenloser Wifi in der gesamten Einrichtung<\/p>\n<p>[\/vc_column_text][vc_empty_space][\/vc_column][vc_column width=&#8220;1\/3&#8243;][vc_icon type=&#8220;material&#8220; icon_material=&#8220;vc-material vc-material-ac_unit&#8220; color=&#8220;peacoc&#8220; align=&#8220;center&#8220;][vc_column_text]<\/p>\n<p style=\"text-align: center;\">Am Fu\u00dfe der Skipisten von Les Portes du Soleil (eines der gr\u00f6\u00dften Skigebiete Europas).<\/p>\n<p>[\/vc_column_text][vc_empty_space][\/vc_column][vc_column width=&#8220;1\/3&#8243;][vc_icon type=&#8220;material&#8220; icon_material=&#8220;vc-material vc-material-restaurant_menu&#8220; color=&#8220;peacoc&#8220; align=&#8220;center&#8220;][vc_column_text]<\/p>\n<p style=\"text-align: center;\">Verpflegung vor Ort<\/p>\n<p>[\/vc_column_text][vc_empty_space][\/vc_column][\/vc_row][vc_row][vc_column width=&#8220;1\/3&#8243;][vc_icon type=&#8220;typicons&#8220; icon_typicons=&#8220;typcn typcn-thermometer&#8220; color=&#8220;peacoc&#8220; align=&#8220;center&#8220;][vc_column_text]<\/p>\n<p style=\"text-align: center;\">Ansicht<\/p>\n<p>[\/vc_column_text][\/vc_column][vc_column width=&#8220;1\/3&#8243;][vc_icon icon_fontawesome=&#8220;fa fa-tree&#8220; color=&#8220;peacoc&#8220; align=&#8220;center&#8220;][vc_column_text]<\/p>\n<p style=\"text-align: center;\">im Herzen der Natur<\/p>\n<p>[\/vc_column_text][\/vc_column][vc_column width=&#8220;1\/3&#8243;][vc_icon type=&#8220;material&#8220; icon_material=&#8220;vc-material vc-material-time_to_leave&#8220; color=&#8220;peacoc&#8220; align=&#8220;center&#8220;][vc_column_text]<\/p>\n<p style=\"text-align: center;\">Parkplatz<\/p>\n<p>[\/vc_column_text][\/vc_column][\/vc_row]<\/p>\n<\/div>","protected":false},"excerpt":{"rendered":"<p>[vc_row][vc_column][vc_empty_space][\/vc_column][\/vc_row][vc_row][vc_column width=&#8220;1\/2&#8243;][vc_empty_space][vc_column_text css=&#8220;.vc_custom_1571918635631{margin-top: 32px !important;}&#8220;]Das Gebiet Portes du soleil ist riesig und das gr\u00f6\u00dfte zusammenh\u00e4ngende Ski- und Mountainbikegebiet der Welt, das Teil des Espace Mont-Blanc ist. Das Hotel befindet sich am Fu\u00dfe der Pisten und bietet Ihnen einen ruhigen Urlaub. Die Skip\u00e4sse, die in unseren Pauschalangeboten enthalten sind, erm\u00f6glichen Ihnen&#8230;<\/p>\n","protected":false},"author":1,"featured_media":0,"parent":0,"menu_order":0,"comment_status":"closed","ping_status":"closed","template":"templates\/home-page.php","meta":{"footnotes":""},"class_list":["post-33513","page","type-page","status-publish","hentry"],"yoast_head":"<!-- This site is optimized with the Yoast SEO plugin v26.0 - https:\/\/yoast.com\/wordpress\/plugins\/seo\/ -->\n<title>Angebot f\u00fcr Einzelpersonen - Le Chaudron<\/title>\n<meta name=\"robots\" content=\"index, follow, max-snippet:-1, max-image-preview:large, max-video-preview:-1\" \/>\n<link rel=\"canonical\" href=\"https:\/\/refugelechaudron-champery.ch\/de\/angebot-fuer-einzelpersonen\/\" \/>\n<meta property=\"og:locale\" content=\"de_DE\" \/>\n<meta property=\"og:type\" content=\"article\" \/>\n<meta property=\"og:title\" content=\"Angebot f\u00fcr Einzelpersonen - Le Chaudron\" \/>\n<meta property=\"og:description\" content=\"[vc_row][vc_column][vc_empty_space][\/vc_column][\/vc_row][vc_row][vc_column width=&#8220;1\/2&#8243;][vc_empty_space][vc_column_text css=&#8220;.vc_custom_1571918635631{margin-top: 32px !important;}&#8220;]Das Gebiet Portes du soleil ist riesig und das gr\u00f6\u00dfte zusammenh\u00e4ngende Ski- und Mountainbikegebiet der Welt, das Teil des Espace Mont-Blanc ist. Das Hotel befindet sich am Fu\u00dfe der Pisten und bietet Ihnen einen ruhigen Urlaub. Die Skip\u00e4sse, die in unseren Pauschalangeboten enthalten sind, erm\u00f6glichen Ihnen...\" \/>\n<meta property=\"og:url\" content=\"https:\/\/refugelechaudron-champery.ch\/de\/angebot-fuer-einzelpersonen\/\" \/>\n<meta property=\"og:site_name\" content=\"Le Chaudron\" \/>\n<meta property=\"article:modified_time\" content=\"2025-09-09T17:47:24+00:00\" \/>\n<meta name=\"twitter:card\" content=\"summary_large_image\" \/>\n<meta name=\"twitter:label1\" content=\"Gesch\u00e4tzte Lesezeit\" \/>\n\t<meta name=\"twitter:data1\" content=\"2\u00a0Minuten\" \/>\n<script type=\"application\/ld+json\" class=\"yoast-schema-graph\">{\"@context\":\"https:\/\/schema.org\",\"@graph\":[{\"@type\":\"WebPage\",\"@id\":\"https:\/\/refugelechaudron-champery.ch\/de\/angebot-fuer-einzelpersonen\/\",\"url\":\"https:\/\/refugelechaudron-champery.ch\/de\/angebot-fuer-einzelpersonen\/\",\"name\":\"Angebot f\u00fcr Einzelpersonen - Le Chaudron\",\"isPartOf\":{\"@id\":\"https:\/\/refugelechaudron-champery.ch\/de\/#website\"},\"datePublished\":\"2019-10-05T08:14:51+00:00\",\"dateModified\":\"2025-09-09T17:47:24+00:00\",\"breadcrumb\":{\"@id\":\"https:\/\/refugelechaudron-champery.ch\/de\/angebot-fuer-einzelpersonen\/#breadcrumb\"},\"inLanguage\":\"de\",\"potentialAction\":[{\"@type\":\"ReadAction\",\"target\":[\"https:\/\/refugelechaudron-champery.ch\/de\/angebot-fuer-einzelpersonen\/\"]}]},{\"@type\":\"BreadcrumbList\",\"@id\":\"https:\/\/refugelechaudron-champery.ch\/de\/angebot-fuer-einzelpersonen\/#breadcrumb\",\"itemListElement\":[{\"@type\":\"ListItem\",\"position\":1,\"name\":\"Home\",\"item\":\"https:\/\/refugelechaudron-champery.ch\/de\/\"},{\"@type\":\"ListItem\",\"position\":2,\"name\":\"Angebot f\u00fcr Einzelpersonen\"}]},{\"@type\":\"WebSite\",\"@id\":\"https:\/\/refugelechaudron-champery.ch\/de\/#website\",\"url\":\"https:\/\/refugelechaudron-champery.ch\/de\/\",\"name\":\"Le Chaudron\",\"description\":\"Au coeur des Portes du Soleil\",\"potentialAction\":[{\"@type\":\"SearchAction\",\"target\":{\"@type\":\"EntryPoint\",\"urlTemplate\":\"https:\/\/refugelechaudron-champery.ch\/de\/?s={search_term_string}\"},\"query-input\":{\"@type\":\"PropertyValueSpecification\",\"valueRequired\":true,\"valueName\":\"search_term_string\"}}],\"inLanguage\":\"de\"}]}<\/script>\n<!-- \/ Yoast SEO plugin. -->","yoast_head_json":{"title":"Angebot f\u00fcr Einzelpersonen - Le Chaudron","robots":{"index":"index","follow":"follow","max-snippet":"max-snippet:-1","max-image-preview":"max-image-preview:large","max-video-preview":"max-video-preview:-1"},"canonical":"https:\/\/refugelechaudron-champery.ch\/de\/angebot-fuer-einzelpersonen\/","og_locale":"de_DE","og_type":"article","og_title":"Angebot f\u00fcr Einzelpersonen - Le Chaudron","og_description":"[vc_row][vc_column][vc_empty_space][\/vc_column][\/vc_row][vc_row][vc_column width=&#8220;1\/2&#8243;][vc_empty_space][vc_column_text css=&#8220;.vc_custom_1571918635631{margin-top: 32px !important;}&#8220;]Das Gebiet Portes du soleil ist riesig und das gr\u00f6\u00dfte zusammenh\u00e4ngende Ski- und Mountainbikegebiet der Welt, das Teil des Espace Mont-Blanc ist. Das Hotel befindet sich am Fu\u00dfe der Pisten und bietet Ihnen einen ruhigen Urlaub. Die Skip\u00e4sse, die in unseren Pauschalangeboten enthalten sind, erm\u00f6glichen Ihnen...","og_url":"https:\/\/refugelechaudron-champery.ch\/de\/angebot-fuer-einzelpersonen\/","og_site_name":"Le Chaudron","article_modified_time":"2025-09-09T17:47:24+00:00","twitter_card":"summary_large_image","twitter_misc":{"Gesch\u00e4tzte Lesezeit":"2\u00a0Minuten"},"schema":{"@context":"https:\/\/schema.org","@graph":[{"@type":"WebPage","@id":"https:\/\/refugelechaudron-champery.ch\/de\/angebot-fuer-einzelpersonen\/","url":"https:\/\/refugelechaudron-champery.ch\/de\/angebot-fuer-einzelpersonen\/","name":"Angebot f\u00fcr Einzelpersonen - Le Chaudron","isPartOf":{"@id":"https:\/\/refugelechaudron-champery.ch\/de\/#website"},"datePublished":"2019-10-05T08:14:51+00:00","dateModified":"2025-09-09T17:47:24+00:00","breadcrumb":{"@id":"https:\/\/refugelechaudron-champery.ch\/de\/angebot-fuer-einzelpersonen\/#breadcrumb"},"inLanguage":"de","potentialAction":[{"@type":"ReadAction","target":["https:\/\/refugelechaudron-champery.ch\/de\/angebot-fuer-einzelpersonen\/"]}]},{"@type":"BreadcrumbList","@id":"https:\/\/refugelechaudron-champery.ch\/de\/angebot-fuer-einzelpersonen\/#breadcrumb","itemListElement":[{"@type":"ListItem","position":1,"name":"Home","item":"https:\/\/refugelechaudron-champery.ch\/de\/"},{"@type":"ListItem","position":2,"name":"Angebot f\u00fcr Einzelpersonen"}]},{"@type":"WebSite","@id":"https:\/\/refugelechaudron-champery.ch\/de\/#website","url":"https:\/\/refugelechaudron-champery.ch\/de\/","name":"Le Chaudron","description":"Au coeur des Portes du Soleil","potentialAction":[{"@type":"SearchAction","target":{"@type":"EntryPoint","urlTemplate":"https:\/\/refugelechaudron-champery.ch\/de\/?s={search_term_string}"},"query-input":{"@type":"PropertyValueSpecification","valueRequired":true,"valueName":"search_term_string"}}],"inLanguage":"de"}]}},"_links":{"self":[{"href":"https:\/\/refugelechaudron-champery.ch\/de\/wp-json\/wp\/v2\/pages\/33513","targetHints":{"allow":["GET"]}}],"collection":[{"href":"https:\/\/refugelechaudron-champery.ch\/de\/wp-json\/wp\/v2\/pages"}],"about":[{"href":"https:\/\/refugelechaudron-champery.ch\/de\/wp-json\/wp\/v2\/types\/page"}],"author":[{"embeddable":true,"href":"https:\/\/refugelechaudron-champery.ch\/de\/wp-json\/wp\/v2\/users\/1"}],"replies":[{"embeddable":true,"href":"https:\/\/refugelechaudron-champery.ch\/de\/wp-json\/wp\/v2\/comments?post=33513"}],"version-history":[{"count":11,"href":"https:\/\/refugelechaudron-champery.ch\/de\/wp-json\/wp\/v2\/pages\/33513\/revisions"}],"predecessor-version":[{"id":35719,"href":"https:\/\/refugelechaudron-champery.ch\/de\/wp-json\/wp\/v2\/pages\/33513\/revisions\/35719"}],"wp:attachment":[{"href":"https:\/\/refugelechaudron-champery.ch\/de\/wp-json\/wp\/v2\/media?parent=33513"}],"curies":[{"name":"wp","href":"https:\/\/api.w.org\/{rel}","templated":true}]}}