{"id":33408,"date":"2017-12-14T15:49:09","date_gmt":"2017-12-14T14:49:09","guid":{"rendered":"https:\/\/test.chaletmontriond.ch\/winteraktivitaeten\/"},"modified":"2024-05-16T16:11:39","modified_gmt":"2024-05-16T14:11:39","slug":"winteraktivitaeten","status":"publish","type":"page","link":"https:\/\/refugelechaudron-champery.ch\/de\/aktivitaeten\/winteraktivitaeten\/","title":{"rendered":"Winteraktivit\u00e4ten"},"content":{"rendered":"<div class=\"wpb-content-wrapper\"><p>[vc_row][vc_column]<div class=\"thim-widget-heading template-default\"><div class=\"thim-sc-heading\" >\n\t\t<div class=\"article_heading \">\n\t\t\t\n\t\t\t<p class=\"heading_primary\"  >Aktivit\u00e4ten im Winter<\/p>\n\t\t\t\n\t\t\t\n\t\t<\/div>\n\t<\/div><\/div>[vc_empty_space height=&#8220;Domaine Skiable&#8220;][vc_empty_space height=&#8220;Domaine Skiable&#8220;][vc_column_text]<strong>Die Portes du Soleil<\/strong><\/p>\n<p class=\"hometext\">Das Gebiet der Portes du Soleil verbindet die Schweiz und Frankreich mit mehr als 12 Skigebieten. Im Winter gibt es in den Portes du Soleil nicht weniger als 286 Pisten, davon 32 schwarze, 101 rote, 119 blaue und 34 gr\u00fcne. Das sind auch 196 Skilifte!<\/p>\n<p class=\"hometext\">Ob Sie Anf\u00e4nger oder Fortgeschrittener sind, das Gebiet bietet jedem die M\u00f6glichkeit, die Freuden des Schnees zu genie\u00dfen!<\/p>\n<p><strong>Champ\u00e9ry<\/strong><\/p>\n<p>Dieses typische Dorf bietet Ihnen eine Vielzahl von Aktivit\u00e4ten wie Curling, eine Eislaufbahn, ein beheiztes Schwimmbad, Langlaufloipen, Schneeschuhwanderungen und sogar ein Trap Game![\/vc_column_text][\/vc_column][\/vc_row][vc_row][vc_column width=&#8220;1\/3&#8243;][vc_hoverbox image=&#8220;32964&#8243; primary_title=&#8220;&#8220; hover_title=&#8220;&#8220; hover_btn_title=&#8220;Weitere Informationen&#8220; hover_btn_color=&#8220;info&#8220; hover_add_button=&#8220;true&#8220; hover_btn_link=&#8220;url:http%3A%2F%2Fwww.portesdusoleil.com|target:%20_blank|&#8220;]<\/p>\n<h3><strong><span style=\"color: #000080;\">SKI<\/span><\/strong><\/h3>\n<p>[\/vc_hoverbox][\/vc_column][vc_column width=&#8220;1\/3&#8243;][vc_hoverbox image=&#8220;32968&#8243; primary_title=&#8220;&#8220; hover_title=&#8220;&#8220; hover_btn_title=&#8220;Weitere Informationen&#8220; hover_btn_color=&#8220;info&#8220; hover_add_button=&#8220;true&#8220; hover_btn_link=&#8220;url:http%3A%2F%2Fwww.portesdusoleil.com%2Factivites%2Fhiver%2Ftoutes-les-glisses%2Fespaces-debutants.html|target:%20_blank|&#8220;]<\/p>\n<h3><span style=\"color: #333399;\">KINDER<\/span><\/h3>\n<p>[\/vc_hoverbox][\/vc_column][vc_column width=&#8220;1\/3&#8243;][vc_hoverbox image=&#8220;32971&#8243; primary_title=&#8220;&#8220; hover_title=&#8220;&#8220; hover_btn_title=&#8220;Weitere Informationen&#8220; hover_btn_color=&#8220;info&#8220; hover_add_button=&#8220;true&#8220; hover_btn_link=&#8220;url:http%3A%2F%2Fwww.portesdusoleil.com%2Factivites%2Fhiver%2Fpatinage-curling.html|target:%20_blank|&#8220;]<\/p>\n<h3><span style=\"color: #333399;\">EISLAUFBAHN<\/span><\/h3>\n<p>[\/vc_hoverbox][\/vc_column][\/vc_row][vc_row][vc_column width=&#8220;1\/3&#8243;][vc_empty_space height=&#8220;Domaine Skiable&#8220;][\/vc_column][vc_column width=&#8220;1\/3&#8243;][vc_empty_space][\/vc_column][\/vc_row][vc_row][vc_column width=&#8220;1\/3&#8243;][vc_empty_space][vc_hoverbox image=&#8220;33402&#8243; primary_title=&#8220;&#8220; hover_title=&#8220;&#8220; hover_btn_title=&#8220;Weitere Informationen&#8220; hover_btn_color=&#8220;info&#8220; hover_add_button=&#8220;true&#8220; hover_btn_link=&#8220;url:http%3A%2F%2Fwww.portesdusoleil.com%2Factivites%2Fhiver%2Fchiens-de-traineaux.html|target:%20_blank|&#8220;]<\/p>\n<h3><span style=\"color: #333399;\">SCHLITTENHUNDE<\/span><\/h3>\n<p>[\/vc_hoverbox][\/vc_column][vc_column width=&#8220;1\/3&#8243;][vc_empty_space][vc_hoverbox image=&#8220;32974&#8243; primary_title=&#8220;&#8220; hover_title=&#8220;&#8220; hover_btn_title=&#8220;Weitere Informationen&#8220; hover_btn_color=&#8220;info&#8220; hover_add_button=&#8220;true&#8220; hover_btn_link=&#8220;url:https%3A%2F%2Fwww.villars-diablerets.ch%2Ffr%2FZ8818%2Fski-de-randonnee|target:%20_blank|&#8220;]<\/p>\n<h3><span style=\"color: #333399;\">SKITOUREN<\/span><\/h3>\n<p>[\/vc_hoverbox][\/vc_column][vc_column width=&#8220;1\/3&#8243;][vc_empty_space][\/vc_column][vc_column][\/vc_column][\/vc_row]<\/p>\n<\/div>","protected":false},"excerpt":{"rendered":"<p>[vc_row][vc_column][vc_empty_space height=&#8220;Domaine Skiable&#8220;][vc_empty_space height=&#8220;Domaine Skiable&#8220;][vc_column_text]Die Portes du Soleil Das Gebiet der Portes du Soleil verbindet die Schweiz und Frankreich mit mehr als 12 Skigebieten. Im Winter gibt es in den Portes du Soleil nicht weniger als 286 Pisten, davon 32 schwarze, 101 rote, 119 blaue und 34 gr\u00fcne. Das sind&#8230;<\/p>\n","protected":false},"author":1,"featured_media":0,"parent":33435,"menu_order":0,"comment_status":"closed","ping_status":"closed","template":"","meta":{"footnotes":""},"class_list":["post-33408","page","type-page","status-publish","hentry"],"yoast_head":"<!-- This site is optimized with the Yoast SEO plugin v26.0 - https:\/\/yoast.com\/wordpress\/plugins\/seo\/ -->\n<title>Winteraktivit\u00e4ten - Le Chaudron<\/title>\n<meta name=\"robots\" content=\"index, follow, max-snippet:-1, max-image-preview:large, max-video-preview:-1\" \/>\n<link rel=\"canonical\" href=\"https:\/\/refugelechaudron-champery.ch\/de\/aktivitaeten\/winteraktivitaeten\/\" \/>\n<meta property=\"og:locale\" content=\"de_DE\" \/>\n<meta property=\"og:type\" content=\"article\" \/>\n<meta property=\"og:title\" content=\"Winteraktivit\u00e4ten - Le Chaudron\" \/>\n<meta property=\"og:description\" content=\"[vc_row][vc_column][vc_empty_space height=&#8220;Domaine Skiable&#8220;][vc_empty_space height=&#8220;Domaine Skiable&#8220;][vc_column_text]Die Portes du Soleil Das Gebiet der Portes du Soleil verbindet die Schweiz und Frankreich mit mehr als 12 Skigebieten. Im Winter gibt es in den Portes du Soleil nicht weniger als 286 Pisten, davon 32 schwarze, 101 rote, 119 blaue und 34 gr\u00fcne. Das sind...\" \/>\n<meta property=\"og:url\" content=\"https:\/\/refugelechaudron-champery.ch\/de\/aktivitaeten\/winteraktivitaeten\/\" \/>\n<meta property=\"og:site_name\" content=\"Le Chaudron\" \/>\n<meta property=\"article:modified_time\" content=\"2024-05-16T14:11:39+00:00\" \/>\n<meta name=\"twitter:card\" content=\"summary_large_image\" \/>\n<meta name=\"twitter:label1\" content=\"Gesch\u00e4tzte Lesezeit\" \/>\n\t<meta name=\"twitter:data1\" content=\"2\u00a0Minuten\" \/>\n<script type=\"application\/ld+json\" class=\"yoast-schema-graph\">{\"@context\":\"https:\/\/schema.org\",\"@graph\":[{\"@type\":\"WebPage\",\"@id\":\"https:\/\/refugelechaudron-champery.ch\/de\/aktivitaeten\/winteraktivitaeten\/\",\"url\":\"https:\/\/refugelechaudron-champery.ch\/de\/aktivitaeten\/winteraktivitaeten\/\",\"name\":\"Winteraktivit\u00e4ten - Le Chaudron\",\"isPartOf\":{\"@id\":\"https:\/\/refugelechaudron-champery.ch\/de\/#website\"},\"datePublished\":\"2017-12-14T14:49:09+00:00\",\"dateModified\":\"2024-05-16T14:11:39+00:00\",\"breadcrumb\":{\"@id\":\"https:\/\/refugelechaudron-champery.ch\/de\/aktivitaeten\/winteraktivitaeten\/#breadcrumb\"},\"inLanguage\":\"de\",\"potentialAction\":[{\"@type\":\"ReadAction\",\"target\":[\"https:\/\/refugelechaudron-champery.ch\/de\/aktivitaeten\/winteraktivitaeten\/\"]}]},{\"@type\":\"BreadcrumbList\",\"@id\":\"https:\/\/refugelechaudron-champery.ch\/de\/aktivitaeten\/winteraktivitaeten\/#breadcrumb\",\"itemListElement\":[{\"@type\":\"ListItem\",\"position\":1,\"name\":\"Home\",\"item\":\"https:\/\/refugelechaudron-champery.ch\/de\/\"},{\"@type\":\"ListItem\",\"position\":2,\"name\":\"Aktivit\u00e4ten\",\"item\":\"https:\/\/refugelechaudron-champery.ch\/de\/aktivitaeten\/\"},{\"@type\":\"ListItem\",\"position\":3,\"name\":\"Winteraktivit\u00e4ten\"}]},{\"@type\":\"WebSite\",\"@id\":\"https:\/\/refugelechaudron-champery.ch\/de\/#website\",\"url\":\"https:\/\/refugelechaudron-champery.ch\/de\/\",\"name\":\"Le Chaudron\",\"description\":\"Au coeur des Portes du Soleil\",\"potentialAction\":[{\"@type\":\"SearchAction\",\"target\":{\"@type\":\"EntryPoint\",\"urlTemplate\":\"https:\/\/refugelechaudron-champery.ch\/de\/?s={search_term_string}\"},\"query-input\":{\"@type\":\"PropertyValueSpecification\",\"valueRequired\":true,\"valueName\":\"search_term_string\"}}],\"inLanguage\":\"de\"}]}<\/script>\n<!-- \/ Yoast SEO plugin. -->","yoast_head_json":{"title":"Winteraktivit\u00e4ten - Le Chaudron","robots":{"index":"index","follow":"follow","max-snippet":"max-snippet:-1","max-image-preview":"max-image-preview:large","max-video-preview":"max-video-preview:-1"},"canonical":"https:\/\/refugelechaudron-champery.ch\/de\/aktivitaeten\/winteraktivitaeten\/","og_locale":"de_DE","og_type":"article","og_title":"Winteraktivit\u00e4ten - Le Chaudron","og_description":"[vc_row][vc_column][vc_empty_space height=&#8220;Domaine Skiable&#8220;][vc_empty_space height=&#8220;Domaine Skiable&#8220;][vc_column_text]Die Portes du Soleil Das Gebiet der Portes du Soleil verbindet die Schweiz und Frankreich mit mehr als 12 Skigebieten. Im Winter gibt es in den Portes du Soleil nicht weniger als 286 Pisten, davon 32 schwarze, 101 rote, 119 blaue und 34 gr\u00fcne. Das sind...","og_url":"https:\/\/refugelechaudron-champery.ch\/de\/aktivitaeten\/winteraktivitaeten\/","og_site_name":"Le Chaudron","article_modified_time":"2024-05-16T14:11:39+00:00","twitter_card":"summary_large_image","twitter_misc":{"Gesch\u00e4tzte Lesezeit":"2\u00a0Minuten"},"schema":{"@context":"https:\/\/schema.org","@graph":[{"@type":"WebPage","@id":"https:\/\/refugelechaudron-champery.ch\/de\/aktivitaeten\/winteraktivitaeten\/","url":"https:\/\/refugelechaudron-champery.ch\/de\/aktivitaeten\/winteraktivitaeten\/","name":"Winteraktivit\u00e4ten - Le Chaudron","isPartOf":{"@id":"https:\/\/refugelechaudron-champery.ch\/de\/#website"},"datePublished":"2017-12-14T14:49:09+00:00","dateModified":"2024-05-16T14:11:39+00:00","breadcrumb":{"@id":"https:\/\/refugelechaudron-champery.ch\/de\/aktivitaeten\/winteraktivitaeten\/#breadcrumb"},"inLanguage":"de","potentialAction":[{"@type":"ReadAction","target":["https:\/\/refugelechaudron-champery.ch\/de\/aktivitaeten\/winteraktivitaeten\/"]}]},{"@type":"BreadcrumbList","@id":"https:\/\/refugelechaudron-champery.ch\/de\/aktivitaeten\/winteraktivitaeten\/#breadcrumb","itemListElement":[{"@type":"ListItem","position":1,"name":"Home","item":"https:\/\/refugelechaudron-champery.ch\/de\/"},{"@type":"ListItem","position":2,"name":"Aktivit\u00e4ten","item":"https:\/\/refugelechaudron-champery.ch\/de\/aktivitaeten\/"},{"@type":"ListItem","position":3,"name":"Winteraktivit\u00e4ten"}]},{"@type":"WebSite","@id":"https:\/\/refugelechaudron-champery.ch\/de\/#website","url":"https:\/\/refugelechaudron-champery.ch\/de\/","name":"Le Chaudron","description":"Au coeur des Portes du Soleil","potentialAction":[{"@type":"SearchAction","target":{"@type":"EntryPoint","urlTemplate":"https:\/\/refugelechaudron-champery.ch\/de\/?s={search_term_string}"},"query-input":{"@type":"PropertyValueSpecification","valueRequired":true,"valueName":"search_term_string"}}],"inLanguage":"de"}]}},"_links":{"self":[{"href":"https:\/\/refugelechaudron-champery.ch\/de\/wp-json\/wp\/v2\/pages\/33408","targetHints":{"allow":["GET"]}}],"collection":[{"href":"https:\/\/refugelechaudron-champery.ch\/de\/wp-json\/wp\/v2\/pages"}],"about":[{"href":"https:\/\/refugelechaudron-champery.ch\/de\/wp-json\/wp\/v2\/types\/page"}],"author":[{"embeddable":true,"href":"https:\/\/refugelechaudron-champery.ch\/de\/wp-json\/wp\/v2\/users\/1"}],"replies":[{"embeddable":true,"href":"https:\/\/refugelechaudron-champery.ch\/de\/wp-json\/wp\/v2\/comments?post=33408"}],"version-history":[{"count":7,"href":"https:\/\/refugelechaudron-champery.ch\/de\/wp-json\/wp\/v2\/pages\/33408\/revisions"}],"predecessor-version":[{"id":33678,"href":"https:\/\/refugelechaudron-champery.ch\/de\/wp-json\/wp\/v2\/pages\/33408\/revisions\/33678"}],"up":[{"embeddable":true,"href":"https:\/\/refugelechaudron-champery.ch\/de\/wp-json\/wp\/v2\/pages\/33435"}],"wp:attachment":[{"href":"https:\/\/refugelechaudron-champery.ch\/de\/wp-json\/wp\/v2\/media?parent=33408"}],"curies":[{"name":"wp","href":"https:\/\/api.w.org\/{rel}","templated":true}]}}