{"id":33355,"date":"2021-07-16T12:58:29","date_gmt":"2021-07-16T10:58:29","guid":{"rendered":"https:\/\/test.chaletmontriond.ch\/unumgaengliche-aktivitaeten\/"},"modified":"2024-05-16T16:17:35","modified_gmt":"2024-05-16T14:17:35","slug":"unumgaengliche-aktivitaeten","status":"publish","type":"page","link":"https:\/\/refugelechaudron-champery.ch\/de\/unumgaengliche-aktivitaeten\/","title":{"rendered":"Unumg\u00e4ngliche Aktivit\u00e4ten"},"content":{"rendered":"<div class=\"wpb-content-wrapper\"><p>[vc_row][vc_column][vc_empty_space]<div class=\"thim-widget-heading template-default\"><div class=\"thim-sc-heading\" >\n\t\t<div class=\"article_heading \">\n\t\t\t\n\t\t\t<p class=\"heading_primary\"  >Die Unumg\u00e4nglichen<\/p>\n\t\t\t\n\t\t\t\n\t\t<\/div>\n\t<\/div><\/div>[vc_empty_space][vc_column_text css=&#8220;&#8220;]<\/p>\n<h5 style=\"text-align: center;\">Die Schweiz bietet wundersch\u00f6ne Landschaften und einzigartige Aktivit\u00e4ten!<\/h5>\n<h5 style=\"text-align: center;\">Weniger als eine Stunde vom Chalet Montriiond entfernt, k\u00f6nnen Sie diese unumg\u00e4nglichen Aktivit\u00e4ten der Region w\u00e4hrend eines Aufenthalts genie\u00dfen, der Ruhe und Entdeckungen miteinander verbindet.<\/h5>\n<h5 style=\"text-align: center;\">Verpassen Sie nicht die Aktivit\u00e4ten, die Sie w\u00e4hrend Ihres Aufenthalts bei uns nicht verpassen sollten.<\/h5>\n<p>[\/vc_column_text][\/vc_column][\/vc_row][vc_row][vc_column][vc_empty_space][\/vc_column][\/vc_row][vc_row][vc_column][vc_empty_space][\/vc_column][\/vc_row][vc_row][vc_column width=&#8220;1\/3&#8243;][vc_hoverbox image=&#8220;33322&#8243; primary_title=&#8220;&#8220; hover_title=&#8220;&#8220; hover_btn_title=&#8220;Weitere Informationen&#8220; hover_btn_color=&#8220;info&#8220; hover_add_button=&#8220;true&#8220; hover_btn_link=&#8220;url:https%3A%2F%2Fwww.chillon.ch%2Ffr%2F|target:%20_blank|&#8220;]<\/p>\n<h3><span style=\"color: #333399;\">SCHLOSS CHILLON<\/span><\/h3>\n<p>[\/vc_hoverbox][\/vc_column][vc_column width=&#8220;1\/3&#8243;][vc_hoverbox image=&#8220;33325&#8243; primary_title=&#8220;&#8220; hover_title=&#8220;&#8220; hover_btn_title=&#8220;Weitere Informationen&#8220; hover_btn_color=&#8220;info&#8220; hover_add_button=&#8220;true&#8220; hover_btn_link=&#8220;url:https%3A%2F%2Fwww.glacier3000.ch%2Ffr|target:%20_blank|&#8220;]<\/p>\n<h3><span style=\"color: #333399;\">GLACIER 3000<\/span><\/h3>\n<p>[\/vc_hoverbox][\/vc_column][vc_column width=&#8220;1\/3&#8243;][vc_hoverbox image=&#8220;33339&#8243; primary_title=&#8220;&#8220; hover_title=&#8220;&#8220; hover_btn_title=&#8220;Weitere Informationen&#8220; hover_btn_color=&#8220;info&#8220; hover_add_button=&#8220;true&#8220; hover_btn_link=&#8220;url:http%3A%2F%2Fwww.gianadda.ch%2F|target:%20_blank|&#8220;]<\/p>\n<h3><span style=\"color: #333399;\">MUSEE GIANNADA<\/span><\/h3>\n<p>[\/vc_hoverbox][\/vc_column][\/vc_row][vc_row][vc_column][vc_empty_space][\/vc_column][\/vc_row][vc_row][vc_column width=&#8220;1\/3&#8243;][vc_hoverbox image=&#8220;33329&#8243; primary_title=&#8220;&#8220; hover_title=&#8220;&#8220; hover_btn_title=&#8220;Weitere Informationen&#8220; hover_btn_color=&#8220;info&#8220; hover_add_button=&#8220;true&#8220; hover_btn_link=&#8220;url:https%3A%2F%2Fwww.chateau-gruyeres.ch%2F|target:%20_blank|&#8220;]<\/p>\n<h3><span style=\"color: #333399;\">SCHLOSS GRUYERE<\/span><\/h3>\n<p>[\/vc_hoverbox][\/vc_column][vc_column width=&#8220;1\/3&#8243;][vc_hoverbox image=&#8220;33332&#8243; primary_title=&#8220;&#8220; hover_title=&#8220;&#8220; hover_btn_title=&#8220;Weitere Informationen&#8220; hover_btn_color=&#8220;info&#8220; hover_add_button=&#8220;true&#8220; hover_btn_link=&#8220;url:https%3A%2F%2Fwww.lamaisondugruyere.ch%2F|target:%20_blank|&#8220;]<\/p>\n<h3><span style=\"color: #333399;\">DAS HAUS VON GRUYERE<\/span><\/h3>\n<p>[\/vc_hoverbox][\/vc_column][vc_column width=&#8220;1\/3&#8243;][vc_hoverbox image=&#8220;33335&#8243; primary_title=&#8220;&#8220; hover_title=&#8220;&#8220; hover_btn_title=&#8220;Weitere Informationen&#8220; hover_btn_color=&#8220;info&#8220; hover_add_button=&#8220;true&#8220; hover_btn_link=&#8220;url:https%3A%2F%2Fcailler.ch%2Ffr%2Fmaison-cailler|target:%20_blank|&#8220;]<\/p>\n<h3><span style=\"color: #333399;\">DAS HAUS CAILLER<\/span><\/h3>\n<p>[\/vc_hoverbox][\/vc_column][\/vc_row][vc_row][vc_column][vc_empty_space][\/vc_column][\/vc_row]<\/p>\n<\/div>","protected":false},"excerpt":{"rendered":"<p>[vc_row][vc_column][vc_empty_space][vc_empty_space][vc_column_text css=&#8220;&#8220;] Die Schweiz bietet wundersch\u00f6ne Landschaften und einzigartige Aktivit\u00e4ten! Weniger als eine Stunde vom Chalet Montriiond entfernt, k\u00f6nnen Sie diese unumg\u00e4nglichen Aktivit\u00e4ten der Region w\u00e4hrend eines Aufenthalts genie\u00dfen, der Ruhe und Entdeckungen miteinander verbindet. Verpassen Sie nicht die Aktivit\u00e4ten, die Sie w\u00e4hrend Ihres Aufenthalts bei uns nicht verpassen sollten&#8230;.<\/p>\n","protected":false},"author":1,"featured_media":0,"parent":0,"menu_order":0,"comment_status":"closed","ping_status":"closed","template":"","meta":{"footnotes":""},"class_list":["post-33355","page","type-page","status-publish","hentry"],"yoast_head":"<!-- This site is optimized with the Yoast SEO plugin v26.0 - https:\/\/yoast.com\/wordpress\/plugins\/seo\/ -->\n<title>Unumg\u00e4ngliche Aktivit\u00e4ten - Le Chaudron<\/title>\n<meta name=\"robots\" content=\"index, follow, max-snippet:-1, max-image-preview:large, max-video-preview:-1\" \/>\n<link rel=\"canonical\" href=\"https:\/\/refugelechaudron-champery.ch\/de\/unumgaengliche-aktivitaeten\/\" \/>\n<meta property=\"og:locale\" content=\"de_DE\" \/>\n<meta property=\"og:type\" content=\"article\" \/>\n<meta property=\"og:title\" content=\"Unumg\u00e4ngliche Aktivit\u00e4ten - Le Chaudron\" \/>\n<meta property=\"og:description\" content=\"[vc_row][vc_column][vc_empty_space][vc_empty_space][vc_column_text css=&#8220;&#8220;] Die Schweiz bietet wundersch\u00f6ne Landschaften und einzigartige Aktivit\u00e4ten! Weniger als eine Stunde vom Chalet Montriiond entfernt, k\u00f6nnen Sie diese unumg\u00e4nglichen Aktivit\u00e4ten der Region w\u00e4hrend eines Aufenthalts genie\u00dfen, der Ruhe und Entdeckungen miteinander verbindet. Verpassen Sie nicht die Aktivit\u00e4ten, die Sie w\u00e4hrend Ihres Aufenthalts bei uns nicht verpassen sollten....\" \/>\n<meta property=\"og:url\" content=\"https:\/\/refugelechaudron-champery.ch\/de\/unumgaengliche-aktivitaeten\/\" \/>\n<meta property=\"og:site_name\" content=\"Le Chaudron\" \/>\n<meta property=\"article:modified_time\" content=\"2024-05-16T14:17:35+00:00\" \/>\n<meta name=\"twitter:card\" content=\"summary_large_image\" \/>\n<meta name=\"twitter:label1\" content=\"Gesch\u00e4tzte Lesezeit\" \/>\n\t<meta name=\"twitter:data1\" content=\"2\u00a0Minuten\" \/>\n<script type=\"application\/ld+json\" class=\"yoast-schema-graph\">{\"@context\":\"https:\/\/schema.org\",\"@graph\":[{\"@type\":\"WebPage\",\"@id\":\"https:\/\/refugelechaudron-champery.ch\/de\/unumgaengliche-aktivitaeten\/\",\"url\":\"https:\/\/refugelechaudron-champery.ch\/de\/unumgaengliche-aktivitaeten\/\",\"name\":\"Unumg\u00e4ngliche Aktivit\u00e4ten - Le Chaudron\",\"isPartOf\":{\"@id\":\"https:\/\/refugelechaudron-champery.ch\/de\/#website\"},\"datePublished\":\"2021-07-16T10:58:29+00:00\",\"dateModified\":\"2024-05-16T14:17:35+00:00\",\"breadcrumb\":{\"@id\":\"https:\/\/refugelechaudron-champery.ch\/de\/unumgaengliche-aktivitaeten\/#breadcrumb\"},\"inLanguage\":\"de\",\"potentialAction\":[{\"@type\":\"ReadAction\",\"target\":[\"https:\/\/refugelechaudron-champery.ch\/de\/unumgaengliche-aktivitaeten\/\"]}]},{\"@type\":\"BreadcrumbList\",\"@id\":\"https:\/\/refugelechaudron-champery.ch\/de\/unumgaengliche-aktivitaeten\/#breadcrumb\",\"itemListElement\":[{\"@type\":\"ListItem\",\"position\":1,\"name\":\"Home\",\"item\":\"https:\/\/refugelechaudron-champery.ch\/de\/\"},{\"@type\":\"ListItem\",\"position\":2,\"name\":\"Unumg\u00e4ngliche Aktivit\u00e4ten\"}]},{\"@type\":\"WebSite\",\"@id\":\"https:\/\/refugelechaudron-champery.ch\/de\/#website\",\"url\":\"https:\/\/refugelechaudron-champery.ch\/de\/\",\"name\":\"Le Chaudron\",\"description\":\"Au coeur des Portes du Soleil\",\"potentialAction\":[{\"@type\":\"SearchAction\",\"target\":{\"@type\":\"EntryPoint\",\"urlTemplate\":\"https:\/\/refugelechaudron-champery.ch\/de\/?s={search_term_string}\"},\"query-input\":{\"@type\":\"PropertyValueSpecification\",\"valueRequired\":true,\"valueName\":\"search_term_string\"}}],\"inLanguage\":\"de\"}]}<\/script>\n<!-- \/ Yoast SEO plugin. -->","yoast_head_json":{"title":"Unumg\u00e4ngliche Aktivit\u00e4ten - Le Chaudron","robots":{"index":"index","follow":"follow","max-snippet":"max-snippet:-1","max-image-preview":"max-image-preview:large","max-video-preview":"max-video-preview:-1"},"canonical":"https:\/\/refugelechaudron-champery.ch\/de\/unumgaengliche-aktivitaeten\/","og_locale":"de_DE","og_type":"article","og_title":"Unumg\u00e4ngliche Aktivit\u00e4ten - Le Chaudron","og_description":"[vc_row][vc_column][vc_empty_space][vc_empty_space][vc_column_text css=&#8220;&#8220;] Die Schweiz bietet wundersch\u00f6ne Landschaften und einzigartige Aktivit\u00e4ten! Weniger als eine Stunde vom Chalet Montriiond entfernt, k\u00f6nnen Sie diese unumg\u00e4nglichen Aktivit\u00e4ten der Region w\u00e4hrend eines Aufenthalts genie\u00dfen, der Ruhe und Entdeckungen miteinander verbindet. Verpassen Sie nicht die Aktivit\u00e4ten, die Sie w\u00e4hrend Ihres Aufenthalts bei uns nicht verpassen sollten....","og_url":"https:\/\/refugelechaudron-champery.ch\/de\/unumgaengliche-aktivitaeten\/","og_site_name":"Le Chaudron","article_modified_time":"2024-05-16T14:17:35+00:00","twitter_card":"summary_large_image","twitter_misc":{"Gesch\u00e4tzte Lesezeit":"2\u00a0Minuten"},"schema":{"@context":"https:\/\/schema.org","@graph":[{"@type":"WebPage","@id":"https:\/\/refugelechaudron-champery.ch\/de\/unumgaengliche-aktivitaeten\/","url":"https:\/\/refugelechaudron-champery.ch\/de\/unumgaengliche-aktivitaeten\/","name":"Unumg\u00e4ngliche Aktivit\u00e4ten - Le Chaudron","isPartOf":{"@id":"https:\/\/refugelechaudron-champery.ch\/de\/#website"},"datePublished":"2021-07-16T10:58:29+00:00","dateModified":"2024-05-16T14:17:35+00:00","breadcrumb":{"@id":"https:\/\/refugelechaudron-champery.ch\/de\/unumgaengliche-aktivitaeten\/#breadcrumb"},"inLanguage":"de","potentialAction":[{"@type":"ReadAction","target":["https:\/\/refugelechaudron-champery.ch\/de\/unumgaengliche-aktivitaeten\/"]}]},{"@type":"BreadcrumbList","@id":"https:\/\/refugelechaudron-champery.ch\/de\/unumgaengliche-aktivitaeten\/#breadcrumb","itemListElement":[{"@type":"ListItem","position":1,"name":"Home","item":"https:\/\/refugelechaudron-champery.ch\/de\/"},{"@type":"ListItem","position":2,"name":"Unumg\u00e4ngliche Aktivit\u00e4ten"}]},{"@type":"WebSite","@id":"https:\/\/refugelechaudron-champery.ch\/de\/#website","url":"https:\/\/refugelechaudron-champery.ch\/de\/","name":"Le Chaudron","description":"Au coeur des Portes du Soleil","potentialAction":[{"@type":"SearchAction","target":{"@type":"EntryPoint","urlTemplate":"https:\/\/refugelechaudron-champery.ch\/de\/?s={search_term_string}"},"query-input":{"@type":"PropertyValueSpecification","valueRequired":true,"valueName":"search_term_string"}}],"inLanguage":"de"}]}},"_links":{"self":[{"href":"https:\/\/refugelechaudron-champery.ch\/de\/wp-json\/wp\/v2\/pages\/33355","targetHints":{"allow":["GET"]}}],"collection":[{"href":"https:\/\/refugelechaudron-champery.ch\/de\/wp-json\/wp\/v2\/pages"}],"about":[{"href":"https:\/\/refugelechaudron-champery.ch\/de\/wp-json\/wp\/v2\/types\/page"}],"author":[{"embeddable":true,"href":"https:\/\/refugelechaudron-champery.ch\/de\/wp-json\/wp\/v2\/users\/1"}],"replies":[{"embeddable":true,"href":"https:\/\/refugelechaudron-champery.ch\/de\/wp-json\/wp\/v2\/comments?post=33355"}],"version-history":[{"count":4,"href":"https:\/\/refugelechaudron-champery.ch\/de\/wp-json\/wp\/v2\/pages\/33355\/revisions"}],"predecessor-version":[{"id":33679,"href":"https:\/\/refugelechaudron-champery.ch\/de\/wp-json\/wp\/v2\/pages\/33355\/revisions\/33679"}],"wp:attachment":[{"href":"https:\/\/refugelechaudron-champery.ch\/de\/wp-json\/wp\/v2\/media?parent=33355"}],"curies":[{"name":"wp","href":"https:\/\/api.w.org\/{rel}","templated":true}]}}