{"id":33141,"date":"2018-11-10T08:14:19","date_gmt":"2018-11-10T07:14:19","guid":{"rendered":"https:\/\/test.chaletmontriond.ch\/zugang-und-nuetzliche-informationen\/"},"modified":"2025-08-28T10:32:26","modified_gmt":"2025-08-28T08:32:26","slug":"zugang-und-nuetzliche-informationen","status":"publish","type":"page","link":"https:\/\/refugelechaudron-champery.ch\/de\/zugang-und-nuetzliche-informationen\/","title":{"rendered":"Zugang und n\u00fctzliche Informationen"},"content":{"rendered":"<div class=\"wpb-content-wrapper\"><p>[vc_row][vc_column]<div class=\"thim-widget-heading template-default\"><div class=\"thim-sc-heading\" >\n\t\t<div class=\"article_heading \">\n\t\t\t\n\t\t\t<p class=\"heading_primary\" style=\"color: #dd9933;font-size: 20px;font-weight: bold;\" >Comment acc\u00e9der au Refuge du Chaudron<\/p>\n\t\t\t\n\t\t\t\n\t\t<\/div>\n\t<\/div><\/div>[vc_empty_space][\/vc_column][\/vc_row][vc_row][vc_column width=&#8220;1\/2&#8243;][vc_column_text css=&#8220;.vc_custom_1756301262048{margin-top: 32px !important;}&#8220;]<\/p>\n<h3 class=\"black_h3\"><i class=\"fa fa-car\" aria-hidden=\"true\"><\/i>  AUTO<\/h3>\n<p><span class=\"black_span\">VON DEN HAUPTACHSEN DER SCHWEIZ<\/span><\/p>\n<p>Von Genf, Lausanne, Montreux, Martigny \u00fcber die A9.<br \/>Ausfahrt 18 Saint Triphon &#8211; les Portes du Soleil<br \/>Richtung Collombey Tunnel<br \/>Im Dorf Val d&#8217;Illiez am Kreisverkehr Les Crosets folgen.<\/p>\n<p><span class=\"black_span\">SEIT DEN GROSSEN FRANZ\u00d6SISCHEN ACHSEN<\/span><\/p>\n<p>Von Thonon-les-Bains, Evian, Annemasse \u00fcber die D22.<br \/>Passieren Sie den Pas de Morgins &#8211; Grenze Schweiz\/Frankreich<br \/>Nehmen Sie die Forststra\u00dfe Richtung Champ\u00e9ry<br \/>Biegen Sie links ab Route des Bains vor Val d&#8217;Illiez Dorf<br \/>Im Dorf Val d&#8217;Illiez am Kreisverkehr folgen Sie Les Crosets.<\/p>\n<h3 class=\"black_h3\">ETE<\/h3>\n<p>Wenn Sie in Les Crosets ankommen, k\u00f6nnen Sie nach dem Free Ride Hotel rechts abbiegen und der Beschilderung Chaudron folgen.<\/p>\n<p><img loading=\"lazy\" decoding=\"async\" class=\" wp-image-35252\" src=\"https:\/\/refugelechaudron-champery.ch\/wp-content\/uploads\/2025\/08\/Carte-Acces-Chaudron-300x225.jpg\" alt=\"\" width=\"379\" height=\"284\" srcset=\"https:\/\/refugelechaudron-champery.ch\/wp-content\/uploads\/2025\/08\/Carte-Acces-Chaudron-300x225.jpg 300w, https:\/\/refugelechaudron-champery.ch\/wp-content\/uploads\/2025\/08\/Carte-Acces-Chaudron-768x576.jpg 768w, https:\/\/refugelechaudron-champery.ch\/wp-content\/uploads\/2025\/08\/Carte-Acces-Chaudron-600x450.jpg 600w, https:\/\/refugelechaudron-champery.ch\/wp-content\/uploads\/2025\/08\/Carte-Acces-Chaudron.jpg 898w\" sizes=\"auto, (max-width: 379px) 100vw, 379px\" \/><\/p>\n<p>Parkpl\u00e4tze stehen rund um das Hotel zur Verf\u00fcgung.<\/p>\n<h3>WINTER<\/h3>\n<p>Sie fahren in den Tunnel von Les Crosets und am Ende des Tunnels bis zum Chalet Montriond, das auch unser Hotel ist. An der Rezeption werden Sie begr\u00fc\u00dft und Ihnen wird erkl\u00e4rt, wie Sie \u00fcber die Skipisten oder mit dem Raupenfahrzeug nach Le Chaudron gelangen k\u00f6nnen. Wir k\u00fcmmern uns um Ihr Gep\u00e4ck.  <\/p>\n<p>Ein <strong>Parkplatz <\/strong> im Freien steht Ihnen zur Verf\u00fcgung<br \/>Neben dem Hotel<br \/>10 CHF pro Tag[\/vc_column_text][\/vc_column][vc_column width=&#8220;1\/2&#8243;][vc_column_text css=&#8220;.vc_custom_1756302410353{margin-top: 32px !important;}&#8220;]<\/p>\n<h3 class=\"black_h3\"><i class=\"fa fa-plane\" aria-hidden=\"true\"><\/i>  FLUGHAFEN<\/h3>\n<p>Der Flughafen von Genf ist 1,5 Stunden von Les Crosets entfernt<br \/>Der Flughafen von Basel ist 2,5 Stunden von Les Crosets entfernt<br \/>Der Flughafen von Z\u00fcrich ist 2,45 Stunden von Les Crosets entfernt<br \/>Der Flughafen von Mailand ist 3,15 Stunden von Les Crosets entfernt<\/p>\n<p>Wenn Sie kein Auto haben.<br \/>Wir empfehlen Ihnen, sich zum Bahnhof von Aigle zu begeben.<\/p>\n<h3 class=\"black_h3\"><i class=\"fa fa-train\" aria-hidden=\"true\"><\/i>  Zug<\/h3>\n<p>Vom Bahnhof Aigle k\u00f6nnen Sie die TPC bis zum Bahnhof Val d&#8217;Illiez und den Bus bis Les Crosets nehmen.<\/p>\n<h3 class=\"black_h3\"><i class=\"fa fa-taxi\" aria-hidden=\"true\"><\/i>  Taxi<\/h3>\n<p>Auf Wunsch k\u00f6nnen wir Ihnen ein Taxi vom Flughafen oder Bahnhof in Aigle oder Val d&#8217;Illiez bestellen.<\/p>\n<h3 class=\"black_h3\"><i class=\"vc_icon_element-icon fas fa-tram\" aria-hidden=\"true\"><\/i>  Seilbahn<\/h3>\n<p>Von Champ\u00e9ry aus nehmen Sie die Seilbahn bis zum Croix de Culay.<\/p>\n<p><strong>Sommer: <\/strong>Folgen Sie dem Fu\u00dfweg in Richtung Les Crosets.<\/p>\n<p><strong>Winter:<\/strong> Nehmen Sie die Piste nach Les Crosets.[\/vc_column_text][\/vc_column][\/vc_row][vc_row][vc_column]<div class=\"thim-widget-heading template-default\"><div class=\"thim-sc-heading\" >\n\t\t<div class=\"article_heading \">\n\t\t\t\n\t\t\t<p class=\"heading_primary\" style=\"color: #dd9933;font-size: 20px;\" >Infos pratiques<\/p>\n\t\t\t\n\t\t\t\n\t\t<\/div>\n\t<\/div><\/div>[vc_empty_space][\/vc_column][\/vc_row][vc_row][vc_column][vc_column_text css=&#8220;.vc_custom_1756302446863{margin-top: 32px !important;}&#8220;]<b>Check-In<\/b>: Wir garantieren die Schl\u00fcssel\u00fcbergabe ab <b>16.00 Uhr<\/b>. Wir empfehlen unseren G\u00e4sten jedoch, zur gew\u00fcnschten Zeit zu kommen, um die Pisten zu nutzen oder ihre Ausr\u00fcstung gleich nach der Ankunft zu mieten, bis ihr Zimmer frei ist.<br \/>Ein Gep\u00e4ckraum steht Ihnen zur Verf\u00fcgung.<\/p>\n<p><b>Check-Out<\/b>: zwischen <b>8.00 Uhr<\/b> und  <b>12h. (Late Checkout auf Anfrage m\u00f6glich, je nach Verf\u00fcgbarkeit)<br \/><\/b><\/p>\n<p>Bettw\u00e4sche, Handt\u00fccher und Reinigung sind in unseren Leistungen inbegriffen.<\/p>\n<h3 class=\"white_h3\">VERSP\u00c4TETE ANKUNFT<\/h3>\n<p class=\"white\">Sie haben Ihr Zimmer gebucht und werden voraussichtlich nach Schlie\u00dfung der Rezeption ankommen?<\/p>\n<p><span class=\"strong-white\">Bitte kontaktieren Sie uns, um uns Ihre versp\u00e4tete Ankunft mitzuteilen. Wir werden Ihnen eine L\u00f6sung anbieten, wie Sie die Chaudron-H\u00fctte erreichen k\u00f6nnen.<\/span>[\/vc_column_text][\/vc_column][\/vc_row][vc_row][vc_column][vc_separator color=&#8220;white&#8220;][\/vc_column][\/vc_row]<\/p>\n<\/div>","protected":false},"excerpt":{"rendered":"<p>[vc_row][vc_column][vc_empty_space][\/vc_column][\/vc_row][vc_row][vc_column width=&#8220;1\/2&#8243;][vc_column_text css=&#8220;.vc_custom_1756301262048{margin-top: 32px !important;}&#8220;] AUTO VON DEN HAUPTACHSEN DER SCHWEIZ Von Genf, Lausanne, Montreux, Martigny \u00fcber die A9.Ausfahrt 18 Saint Triphon &#8211; les Portes du SoleilRichtung Collombey TunnelIm Dorf Val d&#8217;Illiez am Kreisverkehr Les Crosets folgen. SEIT DEN GROSSEN FRANZ\u00d6SISCHEN ACHSEN Von Thonon-les-Bains, Evian, Annemasse \u00fcber die D22.Passieren Sie&#8230;<\/p>\n","protected":false},"author":1,"featured_media":0,"parent":0,"menu_order":0,"comment_status":"closed","ping_status":"closed","template":"","meta":{"footnotes":""},"class_list":["post-33141","page","type-page","status-publish","hentry"],"yoast_head":"<!-- This site is optimized with the Yoast SEO plugin v26.0 - https:\/\/yoast.com\/wordpress\/plugins\/seo\/ -->\n<title>Erreichen Sie Mountain River Apart mit dem Auto oder \u00f6ffentlichen Verkehrsmitteln.<\/title>\n<meta name=\"description\" content=\"Ob Sie mit \u00f6ffentlichen Verkehrsmitteln oder mit dem Auto anreisen, finden Sie hier Ihre Route.\" \/>\n<meta name=\"robots\" content=\"index, follow, max-snippet:-1, max-image-preview:large, max-video-preview:-1\" \/>\n<link rel=\"canonical\" href=\"https:\/\/refugelechaudron-champery.ch\/de\/zugang-und-nuetzliche-informationen\/\" \/>\n<meta property=\"og:locale\" content=\"de_DE\" \/>\n<meta property=\"og:type\" content=\"article\" \/>\n<meta property=\"og:title\" content=\"Erreichen Sie Mountain River Apart mit dem Auto oder \u00f6ffentlichen Verkehrsmitteln.\" \/>\n<meta property=\"og:description\" content=\"Ob Sie mit \u00f6ffentlichen Verkehrsmitteln oder mit dem Auto anreisen, finden Sie hier Ihre Route.\" \/>\n<meta property=\"og:url\" content=\"https:\/\/refugelechaudron-champery.ch\/de\/zugang-und-nuetzliche-informationen\/\" \/>\n<meta property=\"og:site_name\" content=\"Le Chaudron\" \/>\n<meta property=\"article:modified_time\" content=\"2025-08-28T08:32:26+00:00\" \/>\n<meta property=\"og:image\" content=\"https:\/\/refugelechaudron-champery.ch\/wp-content\/uploads\/2025\/08\/Carte-Acces-Chaudron.jpg\" \/>\n\t<meta property=\"og:image:width\" content=\"898\" \/>\n\t<meta property=\"og:image:height\" content=\"674\" \/>\n\t<meta property=\"og:image:type\" content=\"image\/jpeg\" \/>\n<meta name=\"twitter:card\" content=\"summary_large_image\" \/>\n<meta name=\"twitter:label1\" content=\"Gesch\u00e4tzte Lesezeit\" \/>\n\t<meta name=\"twitter:data1\" content=\"3\u00a0Minuten\" \/>\n<script type=\"application\/ld+json\" class=\"yoast-schema-graph\">{\"@context\":\"https:\/\/schema.org\",\"@graph\":[{\"@type\":\"WebPage\",\"@id\":\"https:\/\/refugelechaudron-champery.ch\/de\/zugang-und-nuetzliche-informationen\/\",\"url\":\"https:\/\/refugelechaudron-champery.ch\/de\/zugang-und-nuetzliche-informationen\/\",\"name\":\"Erreichen Sie Mountain River Apart mit dem Auto oder \u00f6ffentlichen Verkehrsmitteln.\",\"isPartOf\":{\"@id\":\"https:\/\/refugelechaudron-champery.ch\/de\/#website\"},\"primaryImageOfPage\":{\"@id\":\"https:\/\/refugelechaudron-champery.ch\/de\/zugang-und-nuetzliche-informationen\/#primaryimage\"},\"image\":{\"@id\":\"https:\/\/refugelechaudron-champery.ch\/de\/zugang-und-nuetzliche-informationen\/#primaryimage\"},\"thumbnailUrl\":\"https:\/\/refugelechaudron-champery.ch\/wp-content\/uploads\/2025\/08\/Carte-Acces-Chaudron-300x225.jpg\",\"datePublished\":\"2018-11-10T07:14:19+00:00\",\"dateModified\":\"2025-08-28T08:32:26+00:00\",\"description\":\"Ob Sie mit \u00f6ffentlichen Verkehrsmitteln oder mit dem Auto anreisen, finden Sie hier Ihre Route.\",\"breadcrumb\":{\"@id\":\"https:\/\/refugelechaudron-champery.ch\/de\/zugang-und-nuetzliche-informationen\/#breadcrumb\"},\"inLanguage\":\"de\",\"potentialAction\":[{\"@type\":\"ReadAction\",\"target\":[\"https:\/\/refugelechaudron-champery.ch\/de\/zugang-und-nuetzliche-informationen\/\"]}]},{\"@type\":\"ImageObject\",\"inLanguage\":\"de\",\"@id\":\"https:\/\/refugelechaudron-champery.ch\/de\/zugang-und-nuetzliche-informationen\/#primaryimage\",\"url\":\"https:\/\/refugelechaudron-champery.ch\/wp-content\/uploads\/2025\/08\/Carte-Acces-Chaudron-300x225.jpg\",\"contentUrl\":\"https:\/\/refugelechaudron-champery.ch\/wp-content\/uploads\/2025\/08\/Carte-Acces-Chaudron-300x225.jpg\"},{\"@type\":\"BreadcrumbList\",\"@id\":\"https:\/\/refugelechaudron-champery.ch\/de\/zugang-und-nuetzliche-informationen\/#breadcrumb\",\"itemListElement\":[{\"@type\":\"ListItem\",\"position\":1,\"name\":\"Home\",\"item\":\"https:\/\/refugelechaudron-champery.ch\/de\/\"},{\"@type\":\"ListItem\",\"position\":2,\"name\":\"Zugang und n\u00fctzliche Informationen\"}]},{\"@type\":\"WebSite\",\"@id\":\"https:\/\/refugelechaudron-champery.ch\/de\/#website\",\"url\":\"https:\/\/refugelechaudron-champery.ch\/de\/\",\"name\":\"Le Chaudron\",\"description\":\"Au coeur des Portes du Soleil\",\"potentialAction\":[{\"@type\":\"SearchAction\",\"target\":{\"@type\":\"EntryPoint\",\"urlTemplate\":\"https:\/\/refugelechaudron-champery.ch\/de\/?s={search_term_string}\"},\"query-input\":{\"@type\":\"PropertyValueSpecification\",\"valueRequired\":true,\"valueName\":\"search_term_string\"}}],\"inLanguage\":\"de\"}]}<\/script>\n<!-- \/ Yoast SEO plugin. -->","yoast_head_json":{"title":"Erreichen Sie Mountain River Apart mit dem Auto oder \u00f6ffentlichen Verkehrsmitteln.","description":"Ob Sie mit \u00f6ffentlichen Verkehrsmitteln oder mit dem Auto anreisen, finden Sie hier Ihre Route.","robots":{"index":"index","follow":"follow","max-snippet":"max-snippet:-1","max-image-preview":"max-image-preview:large","max-video-preview":"max-video-preview:-1"},"canonical":"https:\/\/refugelechaudron-champery.ch\/de\/zugang-und-nuetzliche-informationen\/","og_locale":"de_DE","og_type":"article","og_title":"Erreichen Sie Mountain River Apart mit dem Auto oder \u00f6ffentlichen Verkehrsmitteln.","og_description":"Ob Sie mit \u00f6ffentlichen Verkehrsmitteln oder mit dem Auto anreisen, finden Sie hier Ihre Route.","og_url":"https:\/\/refugelechaudron-champery.ch\/de\/zugang-und-nuetzliche-informationen\/","og_site_name":"Le Chaudron","article_modified_time":"2025-08-28T08:32:26+00:00","og_image":[{"width":898,"height":674,"url":"https:\/\/refugelechaudron-champery.ch\/wp-content\/uploads\/2025\/08\/Carte-Acces-Chaudron.jpg","type":"image\/jpeg"}],"twitter_card":"summary_large_image","twitter_misc":{"Gesch\u00e4tzte Lesezeit":"3\u00a0Minuten"},"schema":{"@context":"https:\/\/schema.org","@graph":[{"@type":"WebPage","@id":"https:\/\/refugelechaudron-champery.ch\/de\/zugang-und-nuetzliche-informationen\/","url":"https:\/\/refugelechaudron-champery.ch\/de\/zugang-und-nuetzliche-informationen\/","name":"Erreichen Sie Mountain River Apart mit dem Auto oder \u00f6ffentlichen Verkehrsmitteln.","isPartOf":{"@id":"https:\/\/refugelechaudron-champery.ch\/de\/#website"},"primaryImageOfPage":{"@id":"https:\/\/refugelechaudron-champery.ch\/de\/zugang-und-nuetzliche-informationen\/#primaryimage"},"image":{"@id":"https:\/\/refugelechaudron-champery.ch\/de\/zugang-und-nuetzliche-informationen\/#primaryimage"},"thumbnailUrl":"https:\/\/refugelechaudron-champery.ch\/wp-content\/uploads\/2025\/08\/Carte-Acces-Chaudron-300x225.jpg","datePublished":"2018-11-10T07:14:19+00:00","dateModified":"2025-08-28T08:32:26+00:00","description":"Ob Sie mit \u00f6ffentlichen Verkehrsmitteln oder mit dem Auto anreisen, finden Sie hier Ihre Route.","breadcrumb":{"@id":"https:\/\/refugelechaudron-champery.ch\/de\/zugang-und-nuetzliche-informationen\/#breadcrumb"},"inLanguage":"de","potentialAction":[{"@type":"ReadAction","target":["https:\/\/refugelechaudron-champery.ch\/de\/zugang-und-nuetzliche-informationen\/"]}]},{"@type":"ImageObject","inLanguage":"de","@id":"https:\/\/refugelechaudron-champery.ch\/de\/zugang-und-nuetzliche-informationen\/#primaryimage","url":"https:\/\/refugelechaudron-champery.ch\/wp-content\/uploads\/2025\/08\/Carte-Acces-Chaudron-300x225.jpg","contentUrl":"https:\/\/refugelechaudron-champery.ch\/wp-content\/uploads\/2025\/08\/Carte-Acces-Chaudron-300x225.jpg"},{"@type":"BreadcrumbList","@id":"https:\/\/refugelechaudron-champery.ch\/de\/zugang-und-nuetzliche-informationen\/#breadcrumb","itemListElement":[{"@type":"ListItem","position":1,"name":"Home","item":"https:\/\/refugelechaudron-champery.ch\/de\/"},{"@type":"ListItem","position":2,"name":"Zugang und n\u00fctzliche Informationen"}]},{"@type":"WebSite","@id":"https:\/\/refugelechaudron-champery.ch\/de\/#website","url":"https:\/\/refugelechaudron-champery.ch\/de\/","name":"Le Chaudron","description":"Au coeur des Portes du Soleil","potentialAction":[{"@type":"SearchAction","target":{"@type":"EntryPoint","urlTemplate":"https:\/\/refugelechaudron-champery.ch\/de\/?s={search_term_string}"},"query-input":{"@type":"PropertyValueSpecification","valueRequired":true,"valueName":"search_term_string"}}],"inLanguage":"de"}]}},"_links":{"self":[{"href":"https:\/\/refugelechaudron-champery.ch\/de\/wp-json\/wp\/v2\/pages\/33141","targetHints":{"allow":["GET"]}}],"collection":[{"href":"https:\/\/refugelechaudron-champery.ch\/de\/wp-json\/wp\/v2\/pages"}],"about":[{"href":"https:\/\/refugelechaudron-champery.ch\/de\/wp-json\/wp\/v2\/types\/page"}],"author":[{"embeddable":true,"href":"https:\/\/refugelechaudron-champery.ch\/de\/wp-json\/wp\/v2\/users\/1"}],"replies":[{"embeddable":true,"href":"https:\/\/refugelechaudron-champery.ch\/de\/wp-json\/wp\/v2\/comments?post=33141"}],"version-history":[{"count":5,"href":"https:\/\/refugelechaudron-champery.ch\/de\/wp-json\/wp\/v2\/pages\/33141\/revisions"}],"predecessor-version":[{"id":35313,"href":"https:\/\/refugelechaudron-champery.ch\/de\/wp-json\/wp\/v2\/pages\/33141\/revisions\/35313"}],"wp:attachment":[{"href":"https:\/\/refugelechaudron-champery.ch\/de\/wp-json\/wp\/v2\/media?parent=33141"}],"curies":[{"name":"wp","href":"https:\/\/api.w.org\/{rel}","templated":true}]}}