{"id":33041,"date":"2024-03-27T15:05:56","date_gmt":"2024-03-27T14:05:56","guid":{"rendered":"https:\/\/test.chaletmontriond.ch\/zimmer\/"},"modified":"2024-03-27T15:05:56","modified_gmt":"2024-03-27T14:05:56","slug":"zimmer","status":"publish","type":"page","link":"https:\/\/refugelechaudron-champery.ch\/de\/zimmer\/","title":{"rendered":"Zimmer"},"content":{"rendered":"\t\t<div class=\"container room-container\">\n\t\t\t\t<div class=\"sort-by-wrapper\">\n\t\t\t\t<div class=\"show-number\">\n\t\t\tShowing the last items of 3 results.\t\t<\/div>\n\n\t\t<div class=\"sort-by\">\n\t\t\t<span class=\"sort-by__label\">Sort By :<\/span>\n\t\t\t<div class=\"select\">\n\t\t\t\t<div class=\"toggle\">\n\t\t\t\t\tDefault (Newest)\t\t\t\t<\/div>\n\t\t\t\t<ul class=\"sort-by__list\">\n\t\t\t\t\t\t\t\t\t\t\t<li class=\"sort-by__list-item active\" data-value=\"date-desc\">\n\t\t\t\t\t\t\tDefault (Newest)\t\t\t\t\t\t<\/li>\n\t\t\t\t\t\t\t\t\t\t\t\t<li class=\"sort-by__list-item\" data-value=\"date-asc\">\n\t\t\t\t\t\t\tOldest\t\t\t\t\t\t<\/li>\n\t\t\t\t\t\t\t\t\t\t\t\t<li class=\"sort-by__list-item\" data-value=\"title-asc\">\n\t\t\t\t\t\t\tA to Z\t\t\t\t\t\t<\/li>\n\t\t\t\t\t\t\t\t\t\t\t\t<li class=\"sort-by__list-item\" data-value=\"title-desc\">\n\t\t\t\t\t\t\tZ to A\t\t\t\t\t\t<\/li>\n\t\t\t\t\t\t\t\t\t\t<\/ul>\n\t\t\t<\/div>\n\t\t<\/div>\n\t\t\t<\/div>\n\n<div class=\"rooms tp-hotel-booking hb-catalog-column-3 style-1\">\n<div id=\"room-33052\" class=\"col-sm-6 col-xs-12 col-md-4 post-33052 hb_room type-hb_room status-publish has-post-thumbnail hentry hb_room_type-mountain-view\">\n\n\t\n\t<div class=\"summary entry-summary\">\n\n\t\t<div class=\"media\">\n\t<a href=\"https:\/\/refugelechaudron-champery.ch\/de\/rooms\/familienzimmer\/\">\n\t\t<img loading=\"lazy\" decoding=\"async\" src=\"https:\/\/refugelechaudron-champery.ch\/wp-content\/uploads\/2016\/10\/LC-Chambre-Familiale-370x300.jpeg\" width=\"370\" height=\"300\" alt=\"\"\/>\t\t\n\t\n\t<\/a>\n\t<\/div>\t\t<div class=\"content\">\n\t\t\t\n<h3 class=\"title\"><a href=\"https:\/\/refugelechaudron-champery.ch\/de\/rooms\/familienzimmer\/\" title=\"Familienzimmer mit Gemeinschaftsbad (Halbpension)\">\n\t\t\t\t\t\tFamilienzimmer mit Gemeinschaftsbad (Halbpension)\t\t\t\t\t\t\t<\/a><\/h3>\n\n\t\t<div class=\"room-extra\">\n\n\t\t\t\t\t\t\t<div class=\"service-item number-room\">\n\t\t\t\t\t<i class=\"las la-bed\"><\/i>\n\t\t\t\t\t1 Zimmer\t\t\t\t<\/div>\n\t\t\t\t\t\t\t\t\t\t<div class=\"service-item number-bath\">\n\t\t\t\t<i class=\"las la-bath\"><\/i>\n\t\t\t\t\t1 Dusche\t\t\t\t<\/div>\n\t\t\t\t\t\t\t\t\t\t<div class=\"service-item room-size\">\n\t\t\t\t<i class=\"las la-ruler-combined\"><\/i>\n\t\t\t\t\t40 m2\t\t\t\t<\/div>\n\t\t\t\t\t<\/div>\n\t<div class=\"description\"><p>Dieses ger\u00e4umige Familienzimmer ist f\u00fcr drei oder vier Personen vorgesehen. Es bietet...<\/p><\/div>\t\t<div class=\"price\">\n\t\t<span class=\"title-price\">Ab:<\/span>\n\t\t\n\t\t\t<span class=\"price_value price_min\">230.0 &#67;&#72;&#70;<\/span>\n\n\t\t\t\t<span class=\"unit\">Nacht<\/span>\n\t<\/div>\n\t\t<\/div>\n\n\t<\/div><!-- .summary -->\n\n\t\n<\/div>\n\n\n<div id=\"room-33053\" class=\"col-sm-6 col-xs-12 col-md-4 post-33053 hb_room type-hb_room status-publish has-post-thumbnail hentry hb_room_type-mountain-view\">\n\n\t\n\t<div class=\"summary entry-summary\">\n\n\t\t<div class=\"media\">\n\t<a href=\"https:\/\/refugelechaudron-champery.ch\/de\/rooms\/deluxe-doppelzimmer\/\">\n\t\t<img loading=\"lazy\" decoding=\"async\" src=\"https:\/\/refugelechaudron-champery.ch\/wp-content\/uploads\/2016\/10\/LC-Chambre-Double-370x300.png\" width=\"370\" height=\"300\" alt=\"\"\/>\t\t\n\t\n\t<\/a>\n\t<\/div>\t\t<div class=\"content\">\n\t\t\t\n<h3 class=\"title\"><a href=\"https:\/\/refugelechaudron-champery.ch\/de\/rooms\/deluxe-doppelzimmer\/\" title=\"Doppelzimmer\">\n\t\t\t\t\t\tDoppelzimmer\t\t\t\t\t\t\t<\/a><\/h3>\n\n\t\t<div class=\"room-extra\">\n\n\t\t\t\t\t\t\t<div class=\"service-item number-room\">\n\t\t\t\t\t<i class=\"las la-bed\"><\/i>\n\t\t\t\t\t1 Zimmer\t\t\t\t<\/div>\n\t\t\t\t\t\t\t\t\t\t<div class=\"service-item number-bath\">\n\t\t\t\t<i class=\"las la-bath\"><\/i>\n\t\t\t\t\t1 Dusche\t\t\t\t<\/div>\n\t\t\t\t\t\t\t\t\t\t<div class=\"service-item room-size\">\n\t\t\t\t<i class=\"las la-ruler-combined\"><\/i>\n\t\t\t\t\t20 m2\t\t\t\t<\/div>\n\t\t\t\t\t<\/div>\n\t<div class=\"description\"><p>Dieses gem\u00fctliche Doppelzimmer ist mit einer eigenen Dusche und einem Badezimmer ausgestattet....<\/p><\/div>\t\t<div class=\"price\">\n\t\t<span class=\"title-price\">Ab:<\/span>\n\t\t\n\t\t\t<span class=\"price_value price_min\">200.0 &#67;&#72;&#70;<\/span>\n\n\t\t\t\t<span class=\"unit\">Nacht<\/span>\n\t<\/div>\n\t\t<\/div>\n\n\t<\/div><!-- .summary -->\n\n\t\n<\/div>\n\n\n<div id=\"room-33054\" class=\"col-sm-6 col-xs-12 col-md-4 post-33054 hb_room type-hb_room status-publish has-post-thumbnail hentry hb_room_type-mountain-view\">\n\n\t\n\t<div class=\"summary entry-summary\">\n\n\t\t<div class=\"media\">\n\t<a href=\"https:\/\/refugelechaudron-champery.ch\/de\/rooms\/doppelzimmer-standard\/\">\n\t\t<img loading=\"lazy\" decoding=\"async\" src=\"https:\/\/refugelechaudron-champery.ch\/wp-content\/uploads\/2024\/12\/Le-Chaudron-Chambres-1-370x300.png\" width=\"370\" height=\"300\" alt=\"\"\/>\t\t\n\t\n\t<\/a>\n\t<\/div>\t\t<div class=\"content\">\n\t\t\t\n<h3 class=\"title\"><a href=\"https:\/\/refugelechaudron-champery.ch\/de\/rooms\/doppelzimmer-standard\/\" title=\"Doppelzimmer mit Gemeinschaftsbad (Halbpension)\">\n\t\t\t\t\t\tDoppelzimmer mit Gemeinschaftsbad (Halbpension)\t\t\t\t\t\t\t<\/a><\/h3>\n\n\t\t<div class=\"room-extra\">\n\n\t\t\t\t\t\t\t<div class=\"service-item number-room\">\n\t\t\t\t\t<i class=\"las la-bed\"><\/i>\n\t\t\t\t\t1 Zimmer\t\t\t\t<\/div>\n\t\t\t\t\t\t\t\t\t\t<div class=\"service-item number-bath\">\n\t\t\t\t<i class=\"las la-bath\"><\/i>\n\t\t\t\t\t1 Dusche\t\t\t\t<\/div>\n\t\t\t\t\t\t\t\t\t\t<div class=\"service-item room-size\">\n\t\t\t\t<i class=\"las la-ruler-combined\"><\/i>\n\t\t\t\t\t20 m2\t\t\t\t<\/div>\n\t\t\t\t\t<\/div>\n\t<div class=\"description\"><p>Dieses komfortable Doppelzimmer bietet einen atemberaubenden Blick auf die Berge und verf\u00fcgt...<\/p><\/div>\t\t<div class=\"price\">\n\t\t<span class=\"title-price\">Ab:<\/span>\n\t\t\n\t\t\t<span class=\"price_value price_min\">180.0 &#67;&#72;&#70;<\/span>\n\n\t\t\t\t<span class=\"unit\">Nacht<\/span>\n\t<\/div>\n\t\t<\/div>\n\n\t<\/div><!-- .summary -->\n\n\t\n<\/div>\n\n\n\t<\/div>\n\t\t<\/div>\n\t\t\n","protected":false},"excerpt":{"rendered":"Dieses komfortable Doppelzimmer bietet einen atemberaubenden Blick auf die Berge und verf\u00fcgt \u00fcber ein Gemeinschaftsbad im Obergeschoss. Es ist ideal f\u00fcr Reisende, die eine einfache Unterkunft und ein spektakul\u00e4res Panorama suchen.","protected":false},"author":1,"featured_media":0,"parent":0,"menu_order":0,"comment_status":"closed","ping_status":"closed","template":"","meta":{"rs_blank_template":"","rs_page_bg_color":"","slide_template_v7":"","footnotes":""},"class_list":["post-33041","page","type-page","status-publish","hentry"],"yoast_head":"<!-- This site is optimized with the Yoast SEO plugin v27.4 - https:\/\/yoast.com\/product\/yoast-seo-wordpress\/ -->\n<title>Zimmer - Le Chaudron<\/title>\n<meta name=\"robots\" content=\"index, follow, max-snippet:-1, max-image-preview:large, max-video-preview:-1\" \/>\n<link rel=\"canonical\" href=\"https:\/\/refugelechaudron-champery.ch\/de\/zimmer\/\" \/>\n<meta property=\"og:locale\" content=\"de_DE\" \/>\n<meta property=\"og:type\" content=\"article\" \/>\n<meta property=\"og:title\" content=\"Zimmer - Le Chaudron\" \/>\n<meta property=\"og:url\" content=\"https:\/\/refugelechaudron-champery.ch\/de\/zimmer\/\" \/>\n<meta property=\"og:site_name\" content=\"Le Chaudron\" \/>\n<meta name=\"twitter:card\" content=\"summary_large_image\" \/>\n<script type=\"application\/ld+json\" class=\"yoast-schema-graph\">{\"@context\":\"https:\\\/\\\/schema.org\",\"@graph\":[{\"@type\":\"WebPage\",\"@id\":\"https:\\\/\\\/refugelechaudron-champery.ch\\\/de\\\/zimmer\\\/\",\"url\":\"https:\\\/\\\/refugelechaudron-champery.ch\\\/de\\\/zimmer\\\/\",\"name\":\"Zimmer - Le Chaudron\",\"isPartOf\":{\"@id\":\"https:\\\/\\\/refugelechaudron-champery.ch\\\/de\\\/#website\"},\"datePublished\":\"2024-03-27T14:05:56+00:00\",\"breadcrumb\":{\"@id\":\"https:\\\/\\\/refugelechaudron-champery.ch\\\/de\\\/zimmer\\\/#breadcrumb\"},\"inLanguage\":\"de\",\"potentialAction\":[{\"@type\":\"ReadAction\",\"target\":[\"https:\\\/\\\/refugelechaudron-champery.ch\\\/de\\\/zimmer\\\/\"]}]},{\"@type\":\"BreadcrumbList\",\"@id\":\"https:\\\/\\\/refugelechaudron-champery.ch\\\/de\\\/zimmer\\\/#breadcrumb\",\"itemListElement\":[{\"@type\":\"ListItem\",\"position\":1,\"name\":\"Home\",\"item\":\"https:\\\/\\\/refugelechaudron-champery.ch\\\/de\\\/\"},{\"@type\":\"ListItem\",\"position\":2,\"name\":\"Zimmer\"}]},{\"@type\":\"WebSite\",\"@id\":\"https:\\\/\\\/refugelechaudron-champery.ch\\\/de\\\/#website\",\"url\":\"https:\\\/\\\/refugelechaudron-champery.ch\\\/de\\\/\",\"name\":\"Le Chaudron\",\"description\":\"Au coeur des Portes du Soleil\",\"potentialAction\":[{\"@type\":\"SearchAction\",\"target\":{\"@type\":\"EntryPoint\",\"urlTemplate\":\"https:\\\/\\\/refugelechaudron-champery.ch\\\/de\\\/?s={search_term_string}\"},\"query-input\":{\"@type\":\"PropertyValueSpecification\",\"valueRequired\":true,\"valueName\":\"search_term_string\"}}],\"inLanguage\":\"de\"}]}<\/script>\n<!-- \/ Yoast SEO plugin. -->","yoast_head_json":{"title":"Zimmer - Le Chaudron","robots":{"index":"index","follow":"follow","max-snippet":"max-snippet:-1","max-image-preview":"max-image-preview:large","max-video-preview":"max-video-preview:-1"},"canonical":"https:\/\/refugelechaudron-champery.ch\/de\/zimmer\/","og_locale":"de_DE","og_type":"article","og_title":"Zimmer - Le Chaudron","og_url":"https:\/\/refugelechaudron-champery.ch\/de\/zimmer\/","og_site_name":"Le Chaudron","twitter_card":"summary_large_image","schema":{"@context":"https:\/\/schema.org","@graph":[{"@type":"WebPage","@id":"https:\/\/refugelechaudron-champery.ch\/de\/zimmer\/","url":"https:\/\/refugelechaudron-champery.ch\/de\/zimmer\/","name":"Zimmer - Le Chaudron","isPartOf":{"@id":"https:\/\/refugelechaudron-champery.ch\/de\/#website"},"datePublished":"2024-03-27T14:05:56+00:00","breadcrumb":{"@id":"https:\/\/refugelechaudron-champery.ch\/de\/zimmer\/#breadcrumb"},"inLanguage":"de","potentialAction":[{"@type":"ReadAction","target":["https:\/\/refugelechaudron-champery.ch\/de\/zimmer\/"]}]},{"@type":"BreadcrumbList","@id":"https:\/\/refugelechaudron-champery.ch\/de\/zimmer\/#breadcrumb","itemListElement":[{"@type":"ListItem","position":1,"name":"Home","item":"https:\/\/refugelechaudron-champery.ch\/de\/"},{"@type":"ListItem","position":2,"name":"Zimmer"}]},{"@type":"WebSite","@id":"https:\/\/refugelechaudron-champery.ch\/de\/#website","url":"https:\/\/refugelechaudron-champery.ch\/de\/","name":"Le Chaudron","description":"Au coeur des Portes du Soleil","potentialAction":[{"@type":"SearchAction","target":{"@type":"EntryPoint","urlTemplate":"https:\/\/refugelechaudron-champery.ch\/de\/?s={search_term_string}"},"query-input":{"@type":"PropertyValueSpecification","valueRequired":true,"valueName":"search_term_string"}}],"inLanguage":"de"}]}},"_links":{"self":[{"href":"https:\/\/refugelechaudron-champery.ch\/de\/wp-json\/wp\/v2\/pages\/33041","targetHints":{"allow":["GET"]}}],"collection":[{"href":"https:\/\/refugelechaudron-champery.ch\/de\/wp-json\/wp\/v2\/pages"}],"about":[{"href":"https:\/\/refugelechaudron-champery.ch\/de\/wp-json\/wp\/v2\/types\/page"}],"author":[{"embeddable":true,"href":"https:\/\/refugelechaudron-champery.ch\/de\/wp-json\/wp\/v2\/users\/1"}],"replies":[{"embeddable":true,"href":"https:\/\/refugelechaudron-champery.ch\/de\/wp-json\/wp\/v2\/comments?post=33041"}],"version-history":[{"count":0,"href":"https:\/\/refugelechaudron-champery.ch\/de\/wp-json\/wp\/v2\/pages\/33041\/revisions"}],"wp:attachment":[{"href":"https:\/\/refugelechaudron-champery.ch\/de\/wp-json\/wp\/v2\/media?parent=33041"}],"curies":[{"name":"wp","href":"https:\/\/api.w.org\/{rel}","templated":true}]}}